{"id":7560,"date":"2019-02-13T15:31:30","date_gmt":"2019-02-13T14:31:30","guid":{"rendered":"https:\/\/kinderopvanglittlepeople.nl\/?page_id=7560"},"modified":"2025-10-21T13:56:23","modified_gmt":"2025-10-21T12:56:23","slug":"vacatures","status":"publish","type":"page","link":"https:\/\/www.kinderopvanglittlepeople.nl\/pl\/vacatures\/","title":{"rendered":"Wakaty"},"content":{"rendered":"<p>Little People szuka w\u0142a\u015bnie Ciebie!<\/p>\n\t\t\t<a href=\"https:\/\/www.kinderopvanglittlepeople.nl\/pl\/sollicitatieformulier\/\" target=\"_self\">\n\t\t\t\t\t\tZastosuj\n\t\t\t\t\t<\/a>\n\t\t\t\t<img decoding=\"async\" src=\"https:\/\/www.kinderopvanglittlepeople.nl\/wp-content\/uploads\/logo-klp.svg\" alt=\"logo klp\" itemprop=\"image\" height=\"\" width=\"\" title=\"logo klp\" onerror=\"this.style.display='none'\" loading=\"lazy\" \/>\n<h2>\n\t\t\tNajnowsze wiadomo\u015bci\t<\/h2>\n        \t<meta itemscope itemprop=\"mainEntityOfPage\" itemtype=\"https:\/\/schema.org\/WebPage\" itemid=\"http:\/\/10915\" content=\"Namen of nummers?\" \/><meta itemprop=\"datePublished\" content=\"2021-11-25\" \/><meta itemprop=\"dateModified\" content=\"2021-11-25\" \/><meta itemprop=\"name\" content=\"Kinderopvang Little People\"\/><meta itemprop=\"url\" content=\"https:\/\/www.kinderopvanglittlepeople.nl\/author\/bestpoint\/\" \/><meta itemprop=\"name\" content=\"bestpoint\" \/><meta itemprop=\"url\" content=\"https:\/\/www.kinderopvanglittlepeople.nl\/wp-content\/uploads\/2021\/11\/namen-of-nummers.jpg\" \/><meta itemprop=\"width\" content=\"800\" \/><meta itemprop=\"height\" content=\"534\" \/><meta itemprop=\"interactionType\" content=\"https:\/\/schema.org\/CommentAction\" \/><meta itemprop=\"userInteractionCount\" content=\"0\" \/>\n\t<a href='https:\/\/www.kinderopvanglittlepeople.nl\/pl\/namen-of-nummers\/' title='Imiona czy liczby?'><img width=\"1024\" height=\"1024\" src=\"https:\/\/www.kinderopvanglittlepeople.nl\/wp-content\/uploads\/2021\/11\/namen-of-nummers-1024x1024.jpg\" alt=\"\" itemprop=\"image\" decoding=\"async\" loading=\"lazy\" srcset=\"https:\/\/www.kinderopvanglittlepeople.nl\/wp-content\/uploads\/2021\/11\/namen-of-nummers-1024x1024.jpg 1024w, https:\/\/www.kinderopvanglittlepeople.nl\/wp-content\/uploads\/2021\/11\/namen-of-nummers-150x150.jpg 150w, https:\/\/www.kinderopvanglittlepeople.nl\/wp-content\/uploads\/2021\/11\/namen-of-nummers-266x266.jpg 266w\" sizes=\"auto, (max-width: 1024px) 100vw, 1024px\" \/><\/a>\n    <h2><a href='https:\/\/www.kinderopvanglittlepeople.nl\/pl\/namen-of-nummers\/' title='Imiona czy liczby?'>Imiona czy liczby?<\/a><\/h2>\n    \t<p>Znasz to: dzwonisz gdzie\u015b i jeste\u015b proszony o podanie numeru klienta? ....<\/p>\n    \t<a href=\"https:\/\/www.kinderopvanglittlepeople.nl\/pl\/namen-of-nummers\/\"> Czytaj wi\u0119cej<\/a>\n        \t<meta itemscope itemprop=\"mainEntityOfPage\" itemtype=\"https:\/\/schema.org\/WebPage\" itemid=\"http:\/\/10912\" content=\"Hoe tevreden ben jij met je baan?\" \/><meta itemprop=\"datePublished\" content=\"2021-11-25\" \/><meta itemprop=\"dateModified\" content=\"2021-11-25\" \/><meta itemprop=\"name\" content=\"Kinderopvang Little People\"\/><meta itemprop=\"url\" content=\"https:\/\/www.kinderopvanglittlepeople.nl\/author\/bestpoint\/\" \/><meta itemprop=\"name\" content=\"bestpoint\" \/><meta itemprop=\"url\" content=\"https:\/\/www.kinderopvanglittlepeople.nl\/wp-content\/uploads\/2021\/11\/hoe-tevreden-ben-jij-met-je-baan.jpg\" \/><meta itemprop=\"width\" content=\"800\" \/><meta itemprop=\"height\" content=\"534\" \/><meta itemprop=\"interactionType\" content=\"https:\/\/schema.org\/CommentAction\" \/><meta itemprop=\"userInteractionCount\" content=\"0\" \/>\n\t<a href='https:\/\/www.kinderopvanglittlepeople.nl\/pl\/hoe-tevreden-ben-jij-met-je-baan\/' title='Jak bardzo jeste\u015b zadowolony ze swojej pracy?'><img width=\"1024\" height=\"1024\" src=\"https:\/\/www.kinderopvanglittlepeople.nl\/wp-content\/uploads\/2021\/11\/hoe-tevreden-ben-jij-met-je-baan-1024x1024.jpg\" alt=\"Hoe tevreden ben jij met je baan\" itemprop=\"image\" decoding=\"async\" loading=\"lazy\" srcset=\"https:\/\/www.kinderopvanglittlepeople.nl\/wp-content\/uploads\/2021\/11\/hoe-tevreden-ben-jij-met-je-baan-1024x1024.jpg 1024w, https:\/\/www.kinderopvanglittlepeople.nl\/wp-content\/uploads\/2021\/11\/hoe-tevreden-ben-jij-met-je-baan-150x150.jpg 150w, https:\/\/www.kinderopvanglittlepeople.nl\/wp-content\/uploads\/2021\/11\/hoe-tevreden-ben-jij-met-je-baan-266x266.jpg 266w\" sizes=\"auto, (max-width: 1024px) 100vw, 1024px\" \/><\/a>\n    <h2><a href='https:\/\/www.kinderopvanglittlepeople.nl\/pl\/hoe-tevreden-ben-jij-met-je-baan\/' title='Jak bardzo jeste\u015b zadowolony ze swojej pracy?'>Jak bardzo jeste\u015b zadowolony ze swojej pracy?<\/a><\/h2>\n    \t<p>Czy kiedykolwiek zadajesz sobie to pytanie? A potem czy odpowiadasz na nie szczerze? Je\u015bli jeste\u015b mniej...<\/p>\n    \t<a href=\"https:\/\/www.kinderopvanglittlepeople.nl\/pl\/hoe-tevreden-ben-jij-met-je-baan\/\"> Czytaj wi\u0119cej<\/a>\n        \t<meta itemscope itemprop=\"mainEntityOfPage\" itemtype=\"https:\/\/schema.org\/WebPage\" itemid=\"http:\/\/10909\" content=\"Ontdek het kind in jezelf!\" \/><meta itemprop=\"datePublished\" content=\"2021-11-25\" \/><meta itemprop=\"dateModified\" content=\"2021-11-25\" \/><meta itemprop=\"name\" content=\"Kinderopvang Little People\"\/><meta itemprop=\"url\" content=\"https:\/\/www.kinderopvanglittlepeople.nl\/author\/bestpoint\/\" \/><meta itemprop=\"name\" content=\"bestpoint\" \/><meta itemprop=\"url\" content=\"https:\/\/www.kinderopvanglittlepeople.nl\/wp-content\/uploads\/2021\/11\/ontdek-het-kind-in-jezelf.jpg\" \/><meta itemprop=\"width\" content=\"800\" \/><meta itemprop=\"height\" content=\"534\" \/><meta itemprop=\"interactionType\" content=\"https:\/\/schema.org\/CommentAction\" \/><meta itemprop=\"userInteractionCount\" content=\"0\" \/>\n\t<a href='https:\/\/www.kinderopvanglittlepeople.nl\/pl\/ontdek-het-kind-in-jezelf\/' title='Odkryj w sobie dziecko!'><img width=\"1024\" height=\"1024\" src=\"https:\/\/www.kinderopvanglittlepeople.nl\/wp-content\/uploads\/2021\/11\/ontdek-het-kind-in-jezelf-1024x1024.jpg\" alt=\"\" itemprop=\"image\" decoding=\"async\" loading=\"lazy\" srcset=\"https:\/\/www.kinderopvanglittlepeople.nl\/wp-content\/uploads\/2021\/11\/ontdek-het-kind-in-jezelf-1024x1024.jpg 1024w, https:\/\/www.kinderopvanglittlepeople.nl\/wp-content\/uploads\/2021\/11\/ontdek-het-kind-in-jezelf-150x150.jpg 150w, https:\/\/www.kinderopvanglittlepeople.nl\/wp-content\/uploads\/2021\/11\/ontdek-het-kind-in-jezelf-266x266.jpg 266w\" sizes=\"auto, (max-width: 1024px) 100vw, 1024px\" \/><\/a>\n    <h2><a href='https:\/\/www.kinderopvanglittlepeople.nl\/pl\/ontdek-het-kind-in-jezelf\/' title='Odkryj w sobie dziecko!'>Odkryj w sobie dziecko!<\/a><\/h2>\n    \t<p>Czy pami\u0119tasz, jak to by\u0142o by\u0107 dzieckiem? I co by\u015b zrobi\u0142 inaczej lub...<\/p>\n    \t<a href=\"https:\/\/www.kinderopvanglittlepeople.nl\/pl\/ontdek-het-kind-in-jezelf\/\"> Czytaj wi\u0119cej<\/a>\n        \t<meta itemscope itemprop=\"mainEntityOfPage\" itemtype=\"https:\/\/schema.org\/WebPage\" itemid=\"http:\/\/10906\" content=\"Welk diploma neem jij mee naar onze opvang?\" \/><meta itemprop=\"datePublished\" content=\"2021-11-25\" \/><meta itemprop=\"dateModified\" content=\"2021-11-25\" \/><meta itemprop=\"name\" content=\"Kinderopvang Little People\"\/><meta itemprop=\"url\" content=\"https:\/\/www.kinderopvanglittlepeople.nl\/author\/bestpoint\/\" \/><meta itemprop=\"name\" content=\"bestpoint\" \/><meta itemprop=\"url\" content=\"https:\/\/www.kinderopvanglittlepeople.nl\/wp-content\/uploads\/2021\/11\/welk-diploma.-kinderopvangjpg.jpg\" \/><meta itemprop=\"width\" content=\"800\" \/><meta itemprop=\"height\" content=\"534\" \/><meta itemprop=\"interactionType\" content=\"https:\/\/schema.org\/CommentAction\" \/><meta itemprop=\"userInteractionCount\" content=\"0\" \/>\n\t<a href='https:\/\/www.kinderopvanglittlepeople.nl\/pl\/welk-diploma-jij-mee-naar-onze-opvang\/' title='Jaki dyplom przynosisz do naszego schroniska?'><img width=\"1024\" height=\"1024\" src=\"https:\/\/www.kinderopvanglittlepeople.nl\/wp-content\/uploads\/2021\/11\/welk-diploma.-kinderopvangjpg-1024x1024.jpg\" alt=\"\" itemprop=\"image\" decoding=\"async\" loading=\"lazy\" srcset=\"https:\/\/www.kinderopvanglittlepeople.nl\/wp-content\/uploads\/2021\/11\/welk-diploma.-kinderopvangjpg-1024x1024.jpg 1024w, https:\/\/www.kinderopvanglittlepeople.nl\/wp-content\/uploads\/2021\/11\/welk-diploma.-kinderopvangjpg-150x150.jpg 150w, https:\/\/www.kinderopvanglittlepeople.nl\/wp-content\/uploads\/2021\/11\/welk-diploma.-kinderopvangjpg-266x266.jpg 266w\" sizes=\"auto, (max-width: 1024px) 100vw, 1024px\" \/><\/a>\n    <h2><a href='https:\/\/www.kinderopvanglittlepeople.nl\/pl\/welk-diploma-jij-mee-naar-onze-opvang\/' title='Jaki dyplom przynosisz do naszego schroniska?'>Jaki dyplom przynosisz do naszego schroniska?<\/a><\/h2>\n    \t<p>Czy posiadasz dyplom MBO, na przyk\u0142ad w zakresie pracy pedagogicznej, pracy w instytucie, koordynatora sportu, \u0107wicze\u0144 i zdrowia, asystenta nauczyciela, opiekuna opieki nad osobami niepe\u0142nosprawnymi ...<\/p>\n    \t<a href=\"https:\/\/www.kinderopvanglittlepeople.nl\/pl\/welk-diploma-jij-mee-naar-onze-opvang\/\"> Czytaj wi\u0119cej<\/a>\n        \t<meta itemscope itemprop=\"mainEntityOfPage\" itemtype=\"https:\/\/schema.org\/WebPage\" itemid=\"http:\/\/10903\" content=\"Is opvoeden kinderspel?\" \/><meta itemprop=\"datePublished\" content=\"2021-11-25\" \/><meta itemprop=\"dateModified\" content=\"2022-08-18\" \/><meta itemprop=\"name\" content=\"Kinderopvang Little People\"\/><meta itemprop=\"url\" content=\"https:\/\/www.kinderopvanglittlepeople.nl\/author\/bestpoint\/\" \/><meta itemprop=\"name\" content=\"bestpoint\" \/><meta itemprop=\"url\" content=\"https:\/\/www.kinderopvanglittlepeople.nl\/wp-content\/uploads\/2021\/11\/spelend-leren.jpg\" \/><meta itemprop=\"width\" content=\"800\" \/><meta itemprop=\"height\" content=\"534\" \/><meta itemprop=\"interactionType\" content=\"https:\/\/schema.org\/CommentAction\" \/><meta itemprop=\"userInteractionCount\" content=\"0\" \/>\n\t<a href='https:\/\/www.kinderopvanglittlepeople.nl\/pl\/is-opvoeden-kinderspel\/' title='Czy rodzicielstwo jest dziecinnie proste?'><img width=\"1024\" height=\"1024\" src=\"https:\/\/www.kinderopvanglittlepeople.nl\/wp-content\/uploads\/2021\/11\/spelend-leren-1024x1024.jpg\" alt=\"spelend-leren kinderspel\" itemprop=\"image\" decoding=\"async\" loading=\"lazy\" srcset=\"https:\/\/www.kinderopvanglittlepeople.nl\/wp-content\/uploads\/2021\/11\/spelend-leren-1024x1024.jpg 1024w, https:\/\/www.kinderopvanglittlepeople.nl\/wp-content\/uploads\/2021\/11\/spelend-leren-150x150.jpg 150w, https:\/\/www.kinderopvanglittlepeople.nl\/wp-content\/uploads\/2021\/11\/spelend-leren-266x266.jpg 266w\" sizes=\"auto, (max-width: 1024px) 100vw, 1024px\" \/><\/a>\n    <h2><a href='https:\/\/www.kinderopvanglittlepeople.nl\/pl\/is-opvoeden-kinderspel\/' title='Czy rodzicielstwo jest dziecinnie proste?'>Czy rodzicielstwo jest dziecinnie proste?<\/a><\/h2>\n    \t<p>Tak i nie! W przedszkolu Little People codziennie pracujemy nad rozwojem ma\u0142ych dzieci....<\/p>\n    \t<a href=\"https:\/\/www.kinderopvanglittlepeople.nl\/pl\/is-opvoeden-kinderspel\/\"> Czytaj wi\u0119cej<\/a>\n        \t<meta itemscope itemprop=\"mainEntityOfPage\" itemtype=\"https:\/\/schema.org\/WebPage\" itemid=\"http:\/\/10874\" content=\"Kan ik werken in de kinderopvang met een HBO diploma?\" \/><meta itemprop=\"datePublished\" content=\"2021-10-12\" \/><meta itemprop=\"dateModified\" content=\"2021-10-12\" \/><meta itemprop=\"name\" content=\"Kinderopvang Little People\"\/><meta itemprop=\"url\" content=\"https:\/\/www.kinderopvanglittlepeople.nl\/author\/bestpoint\/\" \/><meta itemprop=\"name\" content=\"bestpoint\" \/><meta itemprop=\"url\" content=\"https:\/\/www.kinderopvanglittlepeople.nl\/wp-content\/uploads\/2021\/10\/diploma-voor-kinderopvang.jpg\" \/><meta itemprop=\"width\" content=\"1036\" \/><meta itemprop=\"height\" content=\"737\" \/><meta itemprop=\"interactionType\" content=\"https:\/\/schema.org\/CommentAction\" \/><meta itemprop=\"userInteractionCount\" content=\"0\" \/>\n\t<a href='https:\/\/www.kinderopvanglittlepeople.nl\/pl\/kan-ik-werken-in-de-kinderopvang-met-een-hbo-diploma\/' title='Czy mog\u0119 pracowa\u0107 w opiece nad dzie\u0107mi z dyplomem HBO?'><img width=\"1024\" height=\"728\" src=\"https:\/\/www.kinderopvanglittlepeople.nl\/wp-content\/uploads\/2021\/10\/diploma-voor-kinderopvang-1024x728.jpg\" alt=\"\" itemprop=\"image\" decoding=\"async\" loading=\"lazy\" srcset=\"https:\/\/www.kinderopvanglittlepeople.nl\/wp-content\/uploads\/2021\/10\/diploma-voor-kinderopvang-1024x728.jpg 1024w, https:\/\/www.kinderopvanglittlepeople.nl\/wp-content\/uploads\/2021\/10\/diploma-voor-kinderopvang-300x213.jpg 300w, https:\/\/www.kinderopvanglittlepeople.nl\/wp-content\/uploads\/2021\/10\/diploma-voor-kinderopvang-768x546.jpg 768w, https:\/\/www.kinderopvanglittlepeople.nl\/wp-content\/uploads\/2021\/10\/diploma-voor-kinderopvang.jpg 1036w\" sizes=\"auto, (max-width: 1024px) 100vw, 1024px\" \/><\/a>\n    <h2><a href='https:\/\/www.kinderopvanglittlepeople.nl\/pl\/kan-ik-werken-in-de-kinderopvang-met-een-hbo-diploma\/' title='Czy mog\u0119 pracowa\u0107 w opiece nad dzie\u0107mi z dyplomem HBO?'>Czy mog\u0119 pracowa\u0107 w opiece nad dzie\u0107mi z dyplomem HBO?<\/a><\/h2>\n    \t<p>Wiele os\u00f3b nie wie, \u017ce du\u017ca liczba kurs\u00f3w HBO daje mo\u017cliwo\u015b\u0107...<\/p>\n    \t<a href=\"https:\/\/www.kinderopvanglittlepeople.nl\/pl\/kan-ik-werken-in-de-kinderopvang-met-een-hbo-diploma\/\"> Czytaj wi\u0119cej<\/a>\n\t<ul class='page-numbers'>\n\t<li>1<\/li>\n\t<li><a href=\"https:\/\/www.kinderopvanglittlepeople.nl\/pl\/page\/2\/?page_id=7560&#038;fl_builder\">2<\/a><\/li>\n\t<li><a href=\"https:\/\/www.kinderopvanglittlepeople.nl\/pl\/page\/2\/?page_id=7560&#038;fl_builder\">Volgende &raquo;<\/a><\/li>\n<\/ul>","protected":false},"excerpt":{"rendered":"<p>Little People is op zoek naar jou! Soliciteer Laatste nieuws Namen of nummers? Ken je dat: dat je ergens naar toe belt en dat er om je klantnummer gevraagd wordt?&#8230; Lees meer Hoe tevreden ben jij met je baan? Stel jij jezelf die vraag wel eens? En geef je dan ook eerlijk antwoord? Als je&hellip;<\/p>","protected":false},"author":62,"featured_media":11443,"parent":0,"menu_order":0,"comment_status":"closed","ping_status":"closed","template":"","meta":{"footnotes":""},"class_list":["post-7560","page","type-page","status-publish","has-post-thumbnail","hentry"],"yoast_head":"<!-- This site is optimized with the Yoast SEO plugin v27.4 - https:\/\/yoast.com\/product\/yoast-seo-wordpress\/ -->\n<title>Vacatures - Kinderopvang Little People<\/title>\n<meta name=\"robots\" content=\"index, follow, max-snippet:-1, max-image-preview:large, max-video-preview:-1\" \/>\n<link rel=\"canonical\" href=\"https:\/\/www.kinderopvanglittlepeople.nl\/pl\/vacatures\/\" \/>\n<meta property=\"og:locale\" content=\"pl_PL\" \/>\n<meta property=\"og:type\" content=\"article\" \/>\n<meta property=\"og:title\" content=\"Vacatures - Kinderopvang Little People\" \/>\n<meta property=\"og:description\" content=\"Little People is op zoek naar jou! Soliciteer Laatste nieuws Namen of nummers? Ken je dat: dat je ergens naar toe belt en dat er om je klantnummer gevraagd wordt?&#8230; Lees meer Hoe tevreden ben jij met je baan? Stel jij jezelf die vraag wel eens? En geef je dan ook eerlijk antwoord? Als je&hellip;\" \/>\n<meta property=\"og:url\" content=\"https:\/\/www.kinderopvanglittlepeople.nl\/pl\/vacatures\/\" \/>\n<meta property=\"og:site_name\" content=\"Kinderopvang Little People\" \/>\n<meta property=\"article:publisher\" content=\"https:\/\/www.facebook.com\/KinderopvangLittlePeople\" \/>\n<meta property=\"article:modified_time\" content=\"2025-10-21T12:56:23+00:00\" \/>\n<meta property=\"og:image\" content=\"https:\/\/www.kinderopvanglittlepeople.nl\/wp-content\/uploads\/1_resultaat.webp\" \/>\n\t<meta property=\"og:image:width\" content=\"664\" \/>\n\t<meta property=\"og:image:height\" content=\"384\" \/>\n\t<meta property=\"og:image:type\" content=\"image\/webp\" \/>\n<meta name=\"twitter:label1\" content=\"Szacowany czas czytania\" \/>\n\t<meta name=\"twitter:data1\" content=\"3 minuty\" \/>\n<script type=\"application\/ld+json\" class=\"yoast-schema-graph\">{\"@context\":\"https:\\\/\\\/schema.org\",\"@graph\":[{\"@type\":\"WebPage\",\"@id\":\"https:\\\/\\\/www.kinderopvanglittlepeople.nl\\\/vacatures\\\/\",\"url\":\"https:\\\/\\\/www.kinderopvanglittlepeople.nl\\\/vacatures\\\/\",\"name\":\"Vacatures - Kinderopvang Little People\",\"isPartOf\":{\"@id\":\"https:\\\/\\\/www.kinderopvanglittlepeople.nl\\\/#website\"},\"primaryImageOfPage\":{\"@id\":\"https:\\\/\\\/www.kinderopvanglittlepeople.nl\\\/vacatures\\\/#primaryimage\"},\"image\":{\"@id\":\"https:\\\/\\\/www.kinderopvanglittlepeople.nl\\\/vacatures\\\/#primaryimage\"},\"thumbnailUrl\":\"https:\\\/\\\/www.kinderopvanglittlepeople.nl\\\/wp-content\\\/uploads\\\/1_resultaat.webp\",\"datePublished\":\"2019-02-13T14:31:30+00:00\",\"dateModified\":\"2025-10-21T12:56:23+00:00\",\"breadcrumb\":{\"@id\":\"https:\\\/\\\/www.kinderopvanglittlepeople.nl\\\/vacatures\\\/#breadcrumb\"},\"inLanguage\":\"pl-PL\",\"potentialAction\":[{\"@type\":\"ReadAction\",\"target\":[\"https:\\\/\\\/www.kinderopvanglittlepeople.nl\\\/vacatures\\\/\"]}]},{\"@type\":\"ImageObject\",\"inLanguage\":\"pl-PL\",\"@id\":\"https:\\\/\\\/www.kinderopvanglittlepeople.nl\\\/vacatures\\\/#primaryimage\",\"url\":\"https:\\\/\\\/www.kinderopvanglittlepeople.nl\\\/wp-content\\\/uploads\\\/1_resultaat.webp\",\"contentUrl\":\"https:\\\/\\\/www.kinderopvanglittlepeople.nl\\\/wp-content\\\/uploads\\\/1_resultaat.webp\",\"width\":664,\"height\":384},{\"@type\":\"BreadcrumbList\",\"@id\":\"https:\\\/\\\/www.kinderopvanglittlepeople.nl\\\/vacatures\\\/#breadcrumb\",\"itemListElement\":[{\"@type\":\"ListItem\",\"position\":1,\"name\":\"Home\",\"item\":\"https:\\\/\\\/www.kinderopvanglittlepeople.nl\\\/\"},{\"@type\":\"ListItem\",\"position\":2,\"name\":\"Vacatures\"}]},{\"@type\":\"WebSite\",\"@id\":\"https:\\\/\\\/www.kinderopvanglittlepeople.nl\\\/#website\",\"url\":\"https:\\\/\\\/www.kinderopvanglittlepeople.nl\\\/\",\"name\":\"Kinderopvang Little People\",\"description\":\"Een huiselijke sfeer, kleinschalig en v\u00e9\u00e9l persoonlijke aandacht voor ieder kind.\",\"publisher\":{\"@id\":\"https:\\\/\\\/www.kinderopvanglittlepeople.nl\\\/#organization\"},\"alternateName\":\"Een huiselijke sfeer, kleinschalig en v\u00e9\u00e9l persoonlijke aandacht voor ieder kind.\",\"potentialAction\":[{\"@type\":\"SearchAction\",\"target\":{\"@type\":\"EntryPoint\",\"urlTemplate\":\"https:\\\/\\\/www.kinderopvanglittlepeople.nl\\\/?s={search_term_string}\"},\"query-input\":{\"@type\":\"PropertyValueSpecification\",\"valueRequired\":true,\"valueName\":\"search_term_string\"}}],\"inLanguage\":\"pl-PL\"},{\"@type\":\"Organization\",\"@id\":\"https:\\\/\\\/www.kinderopvanglittlepeople.nl\\\/#organization\",\"name\":\"Kinderopvang Little People\",\"alternateName\":\"Een huiselijke sfeer, kleinschalig en v\u00e9\u00e9l persoonlijke aandacht voor ieder kind.\",\"url\":\"https:\\\/\\\/www.kinderopvanglittlepeople.nl\\\/\",\"logo\":{\"@type\":\"ImageObject\",\"inLanguage\":\"pl-PL\",\"@id\":\"https:\\\/\\\/www.kinderopvanglittlepeople.nl\\\/#\\\/schema\\\/logo\\\/image\\\/\",\"url\":\"https:\\\/\\\/www.kinderopvanglittlepeople.nl\\\/wp-content\\\/uploads\\\/logo-klp.svg\",\"contentUrl\":\"https:\\\/\\\/www.kinderopvanglittlepeople.nl\\\/wp-content\\\/uploads\\\/logo-klp.svg\",\"width\":1,\"height\":1,\"caption\":\"Kinderopvang Little People\"},\"image\":{\"@id\":\"https:\\\/\\\/www.kinderopvanglittlepeople.nl\\\/#\\\/schema\\\/logo\\\/image\\\/\"},\"sameAs\":[\"https:\\\/\\\/www.facebook.com\\\/KinderopvangLittlePeople\"]}]}<\/script>\n<!-- \/ Yoast SEO plugin. -->","yoast_head_json":{"title":"Vacatures - Kinderopvang Little People","robots":{"index":"index","follow":"follow","max-snippet":"max-snippet:-1","max-image-preview":"max-image-preview:large","max-video-preview":"max-video-preview:-1"},"canonical":"https:\/\/www.kinderopvanglittlepeople.nl\/pl\/vacatures\/","og_locale":"pl_PL","og_type":"article","og_title":"Vacatures - Kinderopvang Little People","og_description":"Little People is op zoek naar jou! Soliciteer Laatste nieuws Namen of nummers? Ken je dat: dat je ergens naar toe belt en dat er om je klantnummer gevraagd wordt?&#8230; Lees meer Hoe tevreden ben jij met je baan? Stel jij jezelf die vraag wel eens? En geef je dan ook eerlijk antwoord? Als je&hellip;","og_url":"https:\/\/www.kinderopvanglittlepeople.nl\/pl\/vacatures\/","og_site_name":"Kinderopvang Little People","article_publisher":"https:\/\/www.facebook.com\/KinderopvangLittlePeople","article_modified_time":"2025-10-21T12:56:23+00:00","og_image":[{"width":664,"height":384,"url":"https:\/\/www.kinderopvanglittlepeople.nl\/wp-content\/uploads\/1_resultaat.webp","type":"image\/webp"}],"twitter_misc":{"Szacowany czas czytania":"3 minuty"},"schema":{"@context":"https:\/\/schema.org","@graph":[{"@type":"WebPage","@id":"https:\/\/www.kinderopvanglittlepeople.nl\/vacatures\/","url":"https:\/\/www.kinderopvanglittlepeople.nl\/vacatures\/","name":"Vacatures - Kinderopvang Little People","isPartOf":{"@id":"https:\/\/www.kinderopvanglittlepeople.nl\/#website"},"primaryImageOfPage":{"@id":"https:\/\/www.kinderopvanglittlepeople.nl\/vacatures\/#primaryimage"},"image":{"@id":"https:\/\/www.kinderopvanglittlepeople.nl\/vacatures\/#primaryimage"},"thumbnailUrl":"https:\/\/www.kinderopvanglittlepeople.nl\/wp-content\/uploads\/1_resultaat.webp","datePublished":"2019-02-13T14:31:30+00:00","dateModified":"2025-10-21T12:56:23+00:00","breadcrumb":{"@id":"https:\/\/www.kinderopvanglittlepeople.nl\/vacatures\/#breadcrumb"},"inLanguage":"pl-PL","potentialAction":[{"@type":"ReadAction","target":["https:\/\/www.kinderopvanglittlepeople.nl\/vacatures\/"]}]},{"@type":"ImageObject","inLanguage":"pl-PL","@id":"https:\/\/www.kinderopvanglittlepeople.nl\/vacatures\/#primaryimage","url":"https:\/\/www.kinderopvanglittlepeople.nl\/wp-content\/uploads\/1_resultaat.webp","contentUrl":"https:\/\/www.kinderopvanglittlepeople.nl\/wp-content\/uploads\/1_resultaat.webp","width":664,"height":384},{"@type":"BreadcrumbList","@id":"https:\/\/www.kinderopvanglittlepeople.nl\/vacatures\/#breadcrumb","itemListElement":[{"@type":"ListItem","position":1,"name":"Home","item":"https:\/\/www.kinderopvanglittlepeople.nl\/"},{"@type":"ListItem","position":2,"name":"Vacatures"}]},{"@type":"WebSite","@id":"https:\/\/www.kinderopvanglittlepeople.nl\/#website","url":"https:\/\/www.kinderopvanglittlepeople.nl\/","name":"Opieka nad dzie\u0107mi Little People","description":"Domowa atmosfera, ma\u0142a skala i du\u017co osobistej uwagi dla ka\u017cdego dziecka.","publisher":{"@id":"https:\/\/www.kinderopvanglittlepeople.nl\/#organization"},"alternateName":"Een huiselijke sfeer, kleinschalig en v\u00e9\u00e9l persoonlijke aandacht voor ieder kind.","potentialAction":[{"@type":"SearchAction","target":{"@type":"EntryPoint","urlTemplate":"https:\/\/www.kinderopvanglittlepeople.nl\/?s={search_term_string}"},"query-input":{"@type":"PropertyValueSpecification","valueRequired":true,"valueName":"search_term_string"}}],"inLanguage":"pl-PL"},{"@type":"Organization","@id":"https:\/\/www.kinderopvanglittlepeople.nl\/#organization","name":"Opieka nad dzie\u0107mi Little People","alternateName":"Een huiselijke sfeer, kleinschalig en v\u00e9\u00e9l persoonlijke aandacht voor ieder kind.","url":"https:\/\/www.kinderopvanglittlepeople.nl\/","logo":{"@type":"ImageObject","inLanguage":"pl-PL","@id":"https:\/\/www.kinderopvanglittlepeople.nl\/#\/schema\/logo\/image\/","url":"https:\/\/www.kinderopvanglittlepeople.nl\/wp-content\/uploads\/logo-klp.svg","contentUrl":"https:\/\/www.kinderopvanglittlepeople.nl\/wp-content\/uploads\/logo-klp.svg","width":1,"height":1,"caption":"Kinderopvang Little People"},"image":{"@id":"https:\/\/www.kinderopvanglittlepeople.nl\/#\/schema\/logo\/image\/"},"sameAs":["https:\/\/www.facebook.com\/KinderopvangLittlePeople"]}]}},"_links":{"self":[{"href":"https:\/\/www.kinderopvanglittlepeople.nl\/pl\/wp-json\/wp\/v2\/pages\/7560","targetHints":{"allow":["GET"]}}],"collection":[{"href":"https:\/\/www.kinderopvanglittlepeople.nl\/pl\/wp-json\/wp\/v2\/pages"}],"about":[{"href":"https:\/\/www.kinderopvanglittlepeople.nl\/pl\/wp-json\/wp\/v2\/types\/page"}],"author":[{"embeddable":true,"href":"https:\/\/www.kinderopvanglittlepeople.nl\/pl\/wp-json\/wp\/v2\/users\/62"}],"replies":[{"embeddable":true,"href":"https:\/\/www.kinderopvanglittlepeople.nl\/pl\/wp-json\/wp\/v2\/comments?post=7560"}],"version-history":[{"count":0,"href":"https:\/\/www.kinderopvanglittlepeople.nl\/pl\/wp-json\/wp\/v2\/pages\/7560\/revisions"}],"wp:featuredmedia":[{"embeddable":true,"href":"https:\/\/www.kinderopvanglittlepeople.nl\/pl\/wp-json\/wp\/v2\/media\/11443"}],"wp:attachment":[{"href":"https:\/\/www.kinderopvanglittlepeople.nl\/pl\/wp-json\/wp\/v2\/media?parent=7560"}],"curies":[{"name":"wp","href":"https:\/\/api.w.org\/{rel}","templated":true}]}}