{"id":6502,"date":"2018-07-12T11:10:46","date_gmt":"2018-07-12T10:10:46","guid":{"rendered":"https:\/\/kinderopvanglittlepeople.nl\/?page_id=6502"},"modified":"2024-09-11T14:28:17","modified_gmt":"2024-09-11T13:28:17","slug":"werkwijze","status":"publish","type":"page","link":"https:\/\/www.kinderopvanglittlepeople.nl\/pl\/werkwijze\/","title":{"rendered":"Metodologia"},"content":{"rendered":"<p>Opieka nad dzie\u0107mi Little People ma na celu wyr\u00f3\u017cnienie si\u0119 na tle konkurencji poprzez oferowanie opieki nad dzie\u0107mi na ma\u0142\u0105 skal\u0119 i opieki pozaszkolnej. Daje to wi\u0119cej miejsca na osobist\u0105 i pe\u0142n\u0105 mi\u0142o\u015bci uwag\u0119 dla ka\u017cdego dziecka.<\/p>\n<p>Dlatego te\u017c dzia\u0142amy w oparciu o nast\u0119puj\u0105ce zasady:<\/p>\n<h3><strong>Drugi dom dla Twojego dziecka<\/strong><\/h3>\n<p>Ka\u017cde dziecko jest wyj\u0105tkowe i potrzebuje wsparcia w odkrywaniu siebie i otoczenia. Podstaw\u0105 do tego jest ma\u0142e, znajome \u015brodowisko. Jasne granice i wystarczaj\u0105ca uwaga, aby krok po kroku rozwija\u0107 si\u0119 w niezale\u017cn\u0105 jednostk\u0119. Taka jest nasza wizja opieki nad dzie\u0107mi. We wszystkim, co robimy, stosujemy nast\u0119puj\u0105ce podstawowe warto\u015bci:<\/p>\n<h3><strong>\u00a0 \u00a0Homeliness<\/strong><\/h3>\n<p>Najwa\u017cniejsze jest dla nas, aby Twoje dziecko czu\u0142o si\u0119 w Little People Childcare jak w domu. Dlatego nasze lokalizacje s\u0105 przytulne. Mamy przytuln\u0105 kuchni\u0119, pok\u00f3j zabaw i przytuln\u0105 cz\u0119\u015b\u0107 wypoczynkow\u0105. Przy wyposa\u017caniu i zakupie wszystkich mebli, zabawek i urz\u0105dze\u0144 bierzemy pod uwag\u0119, \u017ce produkty zosta\u0142y przetestowane pod k\u0105tem bezpiecze\u0144stwa.<\/p>\n<h3><strong>\u00a0 \u00a0Kochaj\u0105cy<\/strong><\/h3>\n<p>Liderzy maj\u0105 ciep\u0142e serce dla dzieci. Lubi\u0105 pracowa\u0107 w Little People, poniewa\u017c dajemy im czas na po\u015bwi\u0119cenie indywidualnej uwagi ka\u017cdemu dziecku. Dlatego nie pracujemy z du\u017cymi grupami i dlatego w programach opieki dziennej i BSO jest wi\u0119cej ni\u017c wystarczaj\u0105ca liczba lider\u00f3w. Kinderopvang Little People szkoli r\u00f3wnie\u017c pracownik\u00f3w z pasj\u0105 do dzieci, kt\u00f3rych zatrudniamy tymczasowo.<\/p>\n<h3><strong>\u00a0 \u00a0Z powa\u017caniem<\/strong><\/h3>\n<p>Ka\u017cde dziecko ma wyj\u0105tkowy charakter. Nasi liderzy s\u0105 przeszkoleni, aby po\u015bwi\u0119ca\u0107 ka\u017cdemu dziecku indywidualn\u0105, szczeg\u00f3ln\u0105 uwag\u0119 i traktowa\u0107 je z szacunkiem.<\/p>\n<h3><strong>\u00a0 \u00a0Struktura<\/strong><\/h3>\n<p>Wierzymy, \u017ce dla dzieci najprzyjemniej jest, gdy dzie\u0144 ma okre\u015blon\u0105 struktur\u0119. Regularno\u015b\u0107 daje jasno\u015b\u0107 i zapobiega rozczarowaniom. O ustalonych porach bawi\u0105 si\u0119, jedz\u0105 i odpoczywaj\u0105. Nawiasem m\u00f3wi\u0105c, nie dotyczy to jeszcze ma\u0142ych niemowl\u0105t.<\/p>\n<h3><strong>\u00a0 \u00a0Wsp\u00f3\u0142praca z rodzicami<\/strong><\/h3>\n<p>Rodzicielstwo to co\u015b, co robimy razem! W\u0142a\u015bnie dlatego centrum opieki nad dzie\u0107mi Little People ceni sobie opini\u0119 i wk\u0142ad rodzic\u00f3w. Staramy si\u0119 wsp\u00f3\u0142pracowa\u0107 z rodzicami na r\u00f3\u017cne sposoby. Jednocze\u015bnie wcze\u015bnie identyfikujemy problemy rozwojowe i omawiamy je z rodzicami. W razie potrzeby oferujemy dodatkowe wsparcie podczas konsultacji.<\/p>\n<p>Podczas codziennej rozmowy mo\u017cna zadawa\u0107 kr\u00f3tkie pytania, a my udzielamy informacji na temat post\u0119p\u00f3w w danym dniu. Je\u015bli masz pytania dotycz\u0105ce samopoczucia Twojego dziecka, ch\u0119tnie om\u00f3wimy je w spokojnej chwili. Zawsze mo\u017cesz um\u00f3wi\u0107 si\u0119 na spotkanie z jednym z naszych pracownik\u00f3w. Podczas corocznego spotkania oceniamy miniony rok i uzgadniamy z Tob\u0105, jaki rozw\u00f3j i talenty b\u0119dziemy stymulowa\u0107 w nadchodz\u0105cym roku.<\/p>","protected":false},"excerpt":{"rendered":"<p>Kinderopvang Little People wil zich onderscheiden van de concurrentie door het bieden van kleinschalige kinderopvang en buitenschoolse opvang. Hierdoor is er meer ruimte voor persoonlijke en liefdevolle aandacht voor elk kind. Daarom werken wij op basis van de volgende uitgangspunten: Een tweede thuis voor uw kind Elk kind is uniek en heeft ondersteuning nodig om&hellip;<\/p>","protected":false},"author":62,"featured_media":11446,"parent":0,"menu_order":0,"comment_status":"closed","ping_status":"closed","template":"","meta":{"footnotes":""},"class_list":["post-6502","page","type-page","status-publish","has-post-thumbnail","hentry"],"yoast_head":"<!-- This site is optimized with the Yoast SEO plugin v27.4 - https:\/\/yoast.com\/product\/yoast-seo-wordpress\/ -->\n<title>Werkwijze - Kinderopvang Little People<\/title>\n<meta name=\"description\" content=\"Elk kind is uniek en heeft ondersteuning nodig om zichzelf en de omgeving te ontdekken. De basis hiervoor is een kleinschalige, vertrouwde omgeving.\" \/>\n<meta name=\"robots\" content=\"index, follow, max-snippet:-1, max-image-preview:large, max-video-preview:-1\" \/>\n<link rel=\"canonical\" href=\"https:\/\/www.kinderopvanglittlepeople.nl\/pl\/werkwijze\/\" \/>\n<meta property=\"og:locale\" content=\"pl_PL\" \/>\n<meta property=\"og:type\" content=\"article\" \/>\n<meta property=\"og:title\" content=\"Werkwijze - Kinderopvang Little People\" \/>\n<meta property=\"og:description\" content=\"Elk kind is uniek en heeft ondersteuning nodig om zichzelf en de omgeving te ontdekken. De basis hiervoor is een kleinschalige, vertrouwde omgeving.\" \/>\n<meta property=\"og:url\" content=\"https:\/\/www.kinderopvanglittlepeople.nl\/pl\/werkwijze\/\" \/>\n<meta property=\"og:site_name\" content=\"Kinderopvang Little People\" \/>\n<meta property=\"article:publisher\" content=\"https:\/\/www.facebook.com\/KinderopvangLittlePeople\" \/>\n<meta property=\"article:modified_time\" content=\"2024-09-11T13:28:17+00:00\" \/>\n<meta property=\"og:image\" content=\"https:\/\/www.kinderopvanglittlepeople.nl\/wp-content\/uploads\/4_resultaat.webp\" \/>\n\t<meta property=\"og:image:width\" content=\"664\" \/>\n\t<meta property=\"og:image:height\" content=\"384\" \/>\n\t<meta property=\"og:image:type\" content=\"image\/webp\" \/>\n<meta name=\"twitter:label1\" content=\"Szacowany czas czytania\" \/>\n\t<meta name=\"twitter:data1\" content=\"2 minuty\" \/>\n<script type=\"application\/ld+json\" class=\"yoast-schema-graph\">{\"@context\":\"https:\\\/\\\/schema.org\",\"@graph\":[{\"@type\":\"WebPage\",\"@id\":\"https:\\\/\\\/www.kinderopvanglittlepeople.nl\\\/de\\\/werkwijze\\\/\",\"url\":\"https:\\\/\\\/www.kinderopvanglittlepeople.nl\\\/de\\\/werkwijze\\\/\",\"name\":\"Werkwijze - Kinderopvang Little People\",\"isPartOf\":{\"@id\":\"https:\\\/\\\/www.kinderopvanglittlepeople.nl\\\/#website\"},\"primaryImageOfPage\":{\"@id\":\"https:\\\/\\\/www.kinderopvanglittlepeople.nl\\\/de\\\/werkwijze\\\/#primaryimage\"},\"image\":{\"@id\":\"https:\\\/\\\/www.kinderopvanglittlepeople.nl\\\/de\\\/werkwijze\\\/#primaryimage\"},\"thumbnailUrl\":\"https:\\\/\\\/www.kinderopvanglittlepeople.nl\\\/wp-content\\\/uploads\\\/4_resultaat.webp\",\"datePublished\":\"2018-07-12T10:10:46+00:00\",\"dateModified\":\"2024-09-11T13:28:17+00:00\",\"description\":\"Elk kind is uniek en heeft ondersteuning nodig om zichzelf en de omgeving te ontdekken. De basis hiervoor is een kleinschalige, vertrouwde omgeving.\",\"breadcrumb\":{\"@id\":\"https:\\\/\\\/www.kinderopvanglittlepeople.nl\\\/de\\\/werkwijze\\\/#breadcrumb\"},\"inLanguage\":\"pl-PL\",\"potentialAction\":[{\"@type\":\"ReadAction\",\"target\":[\"https:\\\/\\\/www.kinderopvanglittlepeople.nl\\\/de\\\/werkwijze\\\/\"]}]},{\"@type\":\"ImageObject\",\"inLanguage\":\"pl-PL\",\"@id\":\"https:\\\/\\\/www.kinderopvanglittlepeople.nl\\\/de\\\/werkwijze\\\/#primaryimage\",\"url\":\"https:\\\/\\\/www.kinderopvanglittlepeople.nl\\\/wp-content\\\/uploads\\\/4_resultaat.webp\",\"contentUrl\":\"https:\\\/\\\/www.kinderopvanglittlepeople.nl\\\/wp-content\\\/uploads\\\/4_resultaat.webp\",\"width\":664,\"height\":384},{\"@type\":\"BreadcrumbList\",\"@id\":\"https:\\\/\\\/www.kinderopvanglittlepeople.nl\\\/de\\\/werkwijze\\\/#breadcrumb\",\"itemListElement\":[{\"@type\":\"ListItem\",\"position\":1,\"name\":\"Home\",\"item\":\"https:\\\/\\\/www.kinderopvanglittlepeople.nl\\\/\"},{\"@type\":\"ListItem\",\"position\":2,\"name\":\"Werkwijze\"}]},{\"@type\":\"WebSite\",\"@id\":\"https:\\\/\\\/www.kinderopvanglittlepeople.nl\\\/#website\",\"url\":\"https:\\\/\\\/www.kinderopvanglittlepeople.nl\\\/\",\"name\":\"Kinderopvang Little People\",\"description\":\"Een huiselijke sfeer, kleinschalig en v\u00e9\u00e9l persoonlijke aandacht voor ieder kind.\",\"publisher\":{\"@id\":\"https:\\\/\\\/www.kinderopvanglittlepeople.nl\\\/#organization\"},\"alternateName\":\"Een huiselijke sfeer, kleinschalig en v\u00e9\u00e9l persoonlijke aandacht voor ieder kind.\",\"potentialAction\":[{\"@type\":\"SearchAction\",\"target\":{\"@type\":\"EntryPoint\",\"urlTemplate\":\"https:\\\/\\\/www.kinderopvanglittlepeople.nl\\\/?s={search_term_string}\"},\"query-input\":{\"@type\":\"PropertyValueSpecification\",\"valueRequired\":true,\"valueName\":\"search_term_string\"}}],\"inLanguage\":\"pl-PL\"},{\"@type\":\"Organization\",\"@id\":\"https:\\\/\\\/www.kinderopvanglittlepeople.nl\\\/#organization\",\"name\":\"Kinderopvang Little People\",\"alternateName\":\"Een huiselijke sfeer, kleinschalig en v\u00e9\u00e9l persoonlijke aandacht voor ieder kind.\",\"url\":\"https:\\\/\\\/www.kinderopvanglittlepeople.nl\\\/\",\"logo\":{\"@type\":\"ImageObject\",\"inLanguage\":\"pl-PL\",\"@id\":\"https:\\\/\\\/www.kinderopvanglittlepeople.nl\\\/#\\\/schema\\\/logo\\\/image\\\/\",\"url\":\"https:\\\/\\\/www.kinderopvanglittlepeople.nl\\\/wp-content\\\/uploads\\\/logo-klp.svg\",\"contentUrl\":\"https:\\\/\\\/www.kinderopvanglittlepeople.nl\\\/wp-content\\\/uploads\\\/logo-klp.svg\",\"width\":1,\"height\":1,\"caption\":\"Kinderopvang Little People\"},\"image\":{\"@id\":\"https:\\\/\\\/www.kinderopvanglittlepeople.nl\\\/#\\\/schema\\\/logo\\\/image\\\/\"},\"sameAs\":[\"https:\\\/\\\/www.facebook.com\\\/KinderopvangLittlePeople\"]}]}<\/script>\n<!-- \/ Yoast SEO plugin. -->","yoast_head_json":{"title":"Werkwijze - Kinderopvang Little People","description":"Elk kind is uniek en heeft ondersteuning nodig om zichzelf en de omgeving te ontdekken. De basis hiervoor is een kleinschalige, vertrouwde omgeving.","robots":{"index":"index","follow":"follow","max-snippet":"max-snippet:-1","max-image-preview":"max-image-preview:large","max-video-preview":"max-video-preview:-1"},"canonical":"https:\/\/www.kinderopvanglittlepeople.nl\/pl\/werkwijze\/","og_locale":"pl_PL","og_type":"article","og_title":"Werkwijze - Kinderopvang Little People","og_description":"Elk kind is uniek en heeft ondersteuning nodig om zichzelf en de omgeving te ontdekken. De basis hiervoor is een kleinschalige, vertrouwde omgeving.","og_url":"https:\/\/www.kinderopvanglittlepeople.nl\/pl\/werkwijze\/","og_site_name":"Kinderopvang Little People","article_publisher":"https:\/\/www.facebook.com\/KinderopvangLittlePeople","article_modified_time":"2024-09-11T13:28:17+00:00","og_image":[{"width":664,"height":384,"url":"https:\/\/www.kinderopvanglittlepeople.nl\/wp-content\/uploads\/4_resultaat.webp","type":"image\/webp"}],"twitter_misc":{"Szacowany czas czytania":"2 minuty"},"schema":{"@context":"https:\/\/schema.org","@graph":[{"@type":"WebPage","@id":"https:\/\/www.kinderopvanglittlepeople.nl\/de\/werkwijze\/","url":"https:\/\/www.kinderopvanglittlepeople.nl\/de\/werkwijze\/","name":"Werkwijze - Kinderopvang Little People","isPartOf":{"@id":"https:\/\/www.kinderopvanglittlepeople.nl\/#website"},"primaryImageOfPage":{"@id":"https:\/\/www.kinderopvanglittlepeople.nl\/de\/werkwijze\/#primaryimage"},"image":{"@id":"https:\/\/www.kinderopvanglittlepeople.nl\/de\/werkwijze\/#primaryimage"},"thumbnailUrl":"https:\/\/www.kinderopvanglittlepeople.nl\/wp-content\/uploads\/4_resultaat.webp","datePublished":"2018-07-12T10:10:46+00:00","dateModified":"2024-09-11T13:28:17+00:00","description":"Elk kind is uniek en heeft ondersteuning nodig om zichzelf en de omgeving te ontdekken. De basis hiervoor is een kleinschalige, vertrouwde omgeving.","breadcrumb":{"@id":"https:\/\/www.kinderopvanglittlepeople.nl\/de\/werkwijze\/#breadcrumb"},"inLanguage":"pl-PL","potentialAction":[{"@type":"ReadAction","target":["https:\/\/www.kinderopvanglittlepeople.nl\/de\/werkwijze\/"]}]},{"@type":"ImageObject","inLanguage":"pl-PL","@id":"https:\/\/www.kinderopvanglittlepeople.nl\/de\/werkwijze\/#primaryimage","url":"https:\/\/www.kinderopvanglittlepeople.nl\/wp-content\/uploads\/4_resultaat.webp","contentUrl":"https:\/\/www.kinderopvanglittlepeople.nl\/wp-content\/uploads\/4_resultaat.webp","width":664,"height":384},{"@type":"BreadcrumbList","@id":"https:\/\/www.kinderopvanglittlepeople.nl\/de\/werkwijze\/#breadcrumb","itemListElement":[{"@type":"ListItem","position":1,"name":"Home","item":"https:\/\/www.kinderopvanglittlepeople.nl\/"},{"@type":"ListItem","position":2,"name":"Werkwijze"}]},{"@type":"WebSite","@id":"https:\/\/www.kinderopvanglittlepeople.nl\/#website","url":"https:\/\/www.kinderopvanglittlepeople.nl\/","name":"Opieka nad dzie\u0107mi Little People","description":"Domowa atmosfera, ma\u0142a skala i du\u017co osobistej uwagi dla ka\u017cdego dziecka.","publisher":{"@id":"https:\/\/www.kinderopvanglittlepeople.nl\/#organization"},"alternateName":"Een huiselijke sfeer, kleinschalig en v\u00e9\u00e9l persoonlijke aandacht voor ieder kind.","potentialAction":[{"@type":"SearchAction","target":{"@type":"EntryPoint","urlTemplate":"https:\/\/www.kinderopvanglittlepeople.nl\/?s={search_term_string}"},"query-input":{"@type":"PropertyValueSpecification","valueRequired":true,"valueName":"search_term_string"}}],"inLanguage":"pl-PL"},{"@type":"Organization","@id":"https:\/\/www.kinderopvanglittlepeople.nl\/#organization","name":"Opieka nad dzie\u0107mi Little People","alternateName":"Een huiselijke sfeer, kleinschalig en v\u00e9\u00e9l persoonlijke aandacht voor ieder kind.","url":"https:\/\/www.kinderopvanglittlepeople.nl\/","logo":{"@type":"ImageObject","inLanguage":"pl-PL","@id":"https:\/\/www.kinderopvanglittlepeople.nl\/#\/schema\/logo\/image\/","url":"https:\/\/www.kinderopvanglittlepeople.nl\/wp-content\/uploads\/logo-klp.svg","contentUrl":"https:\/\/www.kinderopvanglittlepeople.nl\/wp-content\/uploads\/logo-klp.svg","width":1,"height":1,"caption":"Kinderopvang Little People"},"image":{"@id":"https:\/\/www.kinderopvanglittlepeople.nl\/#\/schema\/logo\/image\/"},"sameAs":["https:\/\/www.facebook.com\/KinderopvangLittlePeople"]}]}},"_links":{"self":[{"href":"https:\/\/www.kinderopvanglittlepeople.nl\/pl\/wp-json\/wp\/v2\/pages\/6502","targetHints":{"allow":["GET"]}}],"collection":[{"href":"https:\/\/www.kinderopvanglittlepeople.nl\/pl\/wp-json\/wp\/v2\/pages"}],"about":[{"href":"https:\/\/www.kinderopvanglittlepeople.nl\/pl\/wp-json\/wp\/v2\/types\/page"}],"author":[{"embeddable":true,"href":"https:\/\/www.kinderopvanglittlepeople.nl\/pl\/wp-json\/wp\/v2\/users\/62"}],"replies":[{"embeddable":true,"href":"https:\/\/www.kinderopvanglittlepeople.nl\/pl\/wp-json\/wp\/v2\/comments?post=6502"}],"version-history":[{"count":0,"href":"https:\/\/www.kinderopvanglittlepeople.nl\/pl\/wp-json\/wp\/v2\/pages\/6502\/revisions"}],"wp:featuredmedia":[{"embeddable":true,"href":"https:\/\/www.kinderopvanglittlepeople.nl\/pl\/wp-json\/wp\/v2\/media\/11446"}],"wp:attachment":[{"href":"https:\/\/www.kinderopvanglittlepeople.nl\/pl\/wp-json\/wp\/v2\/media?parent=6502"}],"curies":[{"name":"wp","href":"https:\/\/api.w.org\/{rel}","templated":true}]}}