{"id":6446,"date":"2018-07-05T10:37:07","date_gmt":"2018-07-05T09:37:07","guid":{"rendered":"https:\/\/kinderopvanglittlepeople.nl\/?page_id=6446"},"modified":"2024-09-03T15:29:02","modified_gmt":"2024-09-03T14:29:02","slug":"historie","status":"publish","type":"page","link":"https:\/\/www.kinderopvanglittlepeople.nl\/pl\/historie\/","title":{"rendered":"Historia"},"content":{"rendered":"<p>Firma Childcare Little People zosta\u0142a za\u0142o\u017cona przez Debbie Beunis. Debbie pochodzi z Anglii, gdzie przez ponad 15 lat by\u0142a dyrektorem w opiece nad dzie\u0107mi. Kiedy pozna\u0142a swojego m\u0119\u017ca Arie, przenios\u0142a si\u0119 do Holandii i za\u0142o\u017cy\u0142a Childcare Little People w Best w 2000 roku. Nast\u0119pnie zajmuje si\u0119 dzie\u0107mi w wieku 0-13 lat u siebie w domu.<\/p>\n<p>Claire jest c\u00f3rk\u0105 Debbie. Odziedziczy\u0142a po matce pasj\u0119 do dzieci. Kiedy Debbie otworzy\u0142a ma\u0142e BSO w 2010 roku, Claire r\u00f3wnie\u017c zacz\u0119\u0142a tam pracowa\u0107. Podobnie jak jej matka, Claire uwa\u017ca, \u017ce wa\u017cne jest, aby dzieci mog\u0142y rozwija\u0107 si\u0119 we w\u0142asnym tempie w znanym im \u015brodowisku. Aby stymulowa\u0107 ten rozw\u00f3j, Claire \u015bwiadomie wybra\u0142a elastyczny i przestronny program BSO. Dzieci maj\u0105 swobod\u0119 wyboru tego, co chc\u0105 robi\u0107 w jasnych ramach. Ucz\u0105 si\u0119 bra\u0107 odpowiedzialno\u015b\u0107 za siebie nawzajem.<\/p>\n<p>Tak du\u017ce jest zapotrzebowanie na opiek\u0119 na ma\u0142\u0105 skal\u0119 w znanym \u015brodowisku, \u017ce Debbie otworzy\u0142a swoj\u0105 lokalizacj\u0119 przy Johannes Verleunstraat w 2013 roku. W ci\u0105gu kilku lat lokalizacja rozros\u0142a si\u0119 do trzech grup opieki dziennej, BSO i grupy zabaw.<\/p>\n<p>Chc\u0105c utrzyma\u0107 swoj\u0105 lokalizacj\u0119 na ma\u0142\u0105 skal\u0119, ale nie chc\u0105c te\u017c sprzedawa\u0107 nowych rodzin, Debbie otworzy\u0142a lokalizacj\u0119 na Wildheuvel w 2015 roku. Tutaj r\u00f3wnie\u017c dzia\u0142aj\u0105 obecnie dwie grupy opieki dziennej, BSO i grupa zabaw.<\/p>\n<p>W mi\u0119dzyczasie grupy na Verleunstraat zape\u0142niaj\u0105 si\u0119 tak bardzo, \u017ce Debbie decyduje si\u0119 otworzy\u0107 kolejn\u0105 now\u0105 lokalizacj\u0119. Tym razem na Emmalaan, gdzie znajduj\u0105 si\u0119 dwie grupy opieki dziennej.<\/p>\n<p>Mimo \u017ce Kinderopvang Little People rozrasta si\u0119 jako organizacja, poszczeg\u00f3lne lokalizacje pozostaj\u0105 niewielkie. Dlatego te\u017c wsz\u0119dzie wida\u0107 przytulne przestrzenie, indywidualne podej\u015bcie i profesjonalizm.<\/p>\n<p>&nbsp;<\/p>\n\t\t\t\t<img decoding=\"async\" src=\"https:\/\/www.kinderopvanglittlepeople.nl\/wp-content\/uploads\/2016\/02\/Profielfoto-Debbie-Beunis.png\" alt=\"Profielfoto Debbie Beunis\" itemprop=\"image\" title=\"Zdj\u0119cie profilowe Debbie Beunis\" onerror=\"this.style.display='none'\"  \/>","protected":false},"excerpt":{"rendered":"<p>Kinderopvang Little People is opgericht door Debbie Beunis. Debbie komt uit Engeland, waar zij ruim vijftien jaar directeur was in de kinderopvang. Als ze haar man Arie ontmoet, verhuist ze naar Nederland en richt in 2000 in Best Kinderopvang Little People op. Ze vangt dan kinderen op aan huis van 0-13 jaar. Claire is de&hellip;<\/p>","protected":false},"author":62,"featured_media":11444,"parent":0,"menu_order":0,"comment_status":"closed","ping_status":"closed","template":"","meta":{"footnotes":""},"class_list":["post-6446","page","type-page","status-publish","has-post-thumbnail","hentry"],"yoast_head":"<!-- This site is optimized with the Yoast SEO plugin v27.4 - https:\/\/yoast.com\/product\/yoast-seo-wordpress\/ -->\n<title>Historie - Kinderopvang Little People<\/title>\n<meta name=\"description\" content=\"Kinderopvang Little People is opgericht door Debbie Beunis. Debbie komt uit Engeland, waar zij ruim vijftien jaar directeur was in de kinderopvang. Als ze haar man ontmoet, verhuist ze naar Nederland en richt in 2000 in Best Kinderopvang Little People op.\" \/>\n<meta name=\"robots\" content=\"index, follow, max-snippet:-1, max-image-preview:large, max-video-preview:-1\" \/>\n<link rel=\"canonical\" href=\"https:\/\/www.kinderopvanglittlepeople.nl\/pl\/historie\/\" \/>\n<meta property=\"og:locale\" content=\"pl_PL\" \/>\n<meta property=\"og:type\" content=\"article\" \/>\n<meta property=\"og:title\" content=\"Historie - Kinderopvang Little People\" \/>\n<meta property=\"og:description\" content=\"Kinderopvang Little People is opgericht door Debbie Beunis. Debbie komt uit Engeland, waar zij ruim vijftien jaar directeur was in de kinderopvang. Als ze haar man ontmoet, verhuist ze naar Nederland en richt in 2000 in Best Kinderopvang Little People op.\" \/>\n<meta property=\"og:url\" content=\"https:\/\/www.kinderopvanglittlepeople.nl\/pl\/historie\/\" \/>\n<meta property=\"og:site_name\" content=\"Kinderopvang Little People\" \/>\n<meta property=\"article:publisher\" content=\"https:\/\/www.facebook.com\/KinderopvangLittlePeople\" \/>\n<meta property=\"article:modified_time\" content=\"2024-09-03T14:29:02+00:00\" \/>\n<meta property=\"og:image\" content=\"https:\/\/www.kinderopvanglittlepeople.nl\/wp-content\/uploads\/2_resultaat.webp\" \/>\n\t<meta property=\"og:image:width\" content=\"664\" \/>\n\t<meta property=\"og:image:height\" content=\"384\" \/>\n\t<meta property=\"og:image:type\" content=\"image\/webp\" \/>\n<meta name=\"twitter:label1\" content=\"Szacowany czas czytania\" \/>\n\t<meta name=\"twitter:data1\" content=\"1 minuta\" \/>\n<script type=\"application\/ld+json\" class=\"yoast-schema-graph\">{\"@context\":\"https:\\\/\\\/schema.org\",\"@graph\":[{\"@type\":\"WebPage\",\"@id\":\"https:\\\/\\\/www.kinderopvanglittlepeople.nl\\\/pl\\\/historie\\\/\",\"url\":\"https:\\\/\\\/www.kinderopvanglittlepeople.nl\\\/pl\\\/historie\\\/\",\"name\":\"Historie - Kinderopvang Little People\",\"isPartOf\":{\"@id\":\"https:\\\/\\\/www.kinderopvanglittlepeople.nl\\\/#website\"},\"primaryImageOfPage\":{\"@id\":\"https:\\\/\\\/www.kinderopvanglittlepeople.nl\\\/pl\\\/historie\\\/#primaryimage\"},\"image\":{\"@id\":\"https:\\\/\\\/www.kinderopvanglittlepeople.nl\\\/pl\\\/historie\\\/#primaryimage\"},\"thumbnailUrl\":\"https:\\\/\\\/www.kinderopvanglittlepeople.nl\\\/wp-content\\\/uploads\\\/2_resultaat.webp\",\"datePublished\":\"2018-07-05T09:37:07+00:00\",\"dateModified\":\"2024-09-03T14:29:02+00:00\",\"description\":\"Kinderopvang Little People is opgericht door Debbie Beunis. Debbie komt uit Engeland, waar zij ruim vijftien jaar directeur was in de kinderopvang. Als ze haar man ontmoet, verhuist ze naar Nederland en richt in 2000 in Best Kinderopvang Little People op.\",\"breadcrumb\":{\"@id\":\"https:\\\/\\\/www.kinderopvanglittlepeople.nl\\\/pl\\\/historie\\\/#breadcrumb\"},\"inLanguage\":\"pl-PL\",\"potentialAction\":[{\"@type\":\"ReadAction\",\"target\":[\"https:\\\/\\\/www.kinderopvanglittlepeople.nl\\\/pl\\\/historie\\\/\"]}]},{\"@type\":\"ImageObject\",\"inLanguage\":\"pl-PL\",\"@id\":\"https:\\\/\\\/www.kinderopvanglittlepeople.nl\\\/pl\\\/historie\\\/#primaryimage\",\"url\":\"https:\\\/\\\/www.kinderopvanglittlepeople.nl\\\/wp-content\\\/uploads\\\/2_resultaat.webp\",\"contentUrl\":\"https:\\\/\\\/www.kinderopvanglittlepeople.nl\\\/wp-content\\\/uploads\\\/2_resultaat.webp\",\"width\":664,\"height\":384},{\"@type\":\"BreadcrumbList\",\"@id\":\"https:\\\/\\\/www.kinderopvanglittlepeople.nl\\\/pl\\\/historie\\\/#breadcrumb\",\"itemListElement\":[{\"@type\":\"ListItem\",\"position\":1,\"name\":\"Home\",\"item\":\"https:\\\/\\\/www.kinderopvanglittlepeople.nl\\\/\"},{\"@type\":\"ListItem\",\"position\":2,\"name\":\"Historie\"}]},{\"@type\":\"WebSite\",\"@id\":\"https:\\\/\\\/www.kinderopvanglittlepeople.nl\\\/#website\",\"url\":\"https:\\\/\\\/www.kinderopvanglittlepeople.nl\\\/\",\"name\":\"Kinderopvang Little People\",\"description\":\"Een huiselijke sfeer, kleinschalig en v\u00e9\u00e9l persoonlijke aandacht voor ieder kind.\",\"publisher\":{\"@id\":\"https:\\\/\\\/www.kinderopvanglittlepeople.nl\\\/#organization\"},\"alternateName\":\"Een huiselijke sfeer, kleinschalig en v\u00e9\u00e9l persoonlijke aandacht voor ieder kind.\",\"potentialAction\":[{\"@type\":\"SearchAction\",\"target\":{\"@type\":\"EntryPoint\",\"urlTemplate\":\"https:\\\/\\\/www.kinderopvanglittlepeople.nl\\\/?s={search_term_string}\"},\"query-input\":{\"@type\":\"PropertyValueSpecification\",\"valueRequired\":true,\"valueName\":\"search_term_string\"}}],\"inLanguage\":\"pl-PL\"},{\"@type\":\"Organization\",\"@id\":\"https:\\\/\\\/www.kinderopvanglittlepeople.nl\\\/#organization\",\"name\":\"Kinderopvang Little People\",\"alternateName\":\"Een huiselijke sfeer, kleinschalig en v\u00e9\u00e9l persoonlijke aandacht voor ieder kind.\",\"url\":\"https:\\\/\\\/www.kinderopvanglittlepeople.nl\\\/\",\"logo\":{\"@type\":\"ImageObject\",\"inLanguage\":\"pl-PL\",\"@id\":\"https:\\\/\\\/www.kinderopvanglittlepeople.nl\\\/#\\\/schema\\\/logo\\\/image\\\/\",\"url\":\"https:\\\/\\\/www.kinderopvanglittlepeople.nl\\\/wp-content\\\/uploads\\\/logo-klp.svg\",\"contentUrl\":\"https:\\\/\\\/www.kinderopvanglittlepeople.nl\\\/wp-content\\\/uploads\\\/logo-klp.svg\",\"width\":1,\"height\":1,\"caption\":\"Kinderopvang Little People\"},\"image\":{\"@id\":\"https:\\\/\\\/www.kinderopvanglittlepeople.nl\\\/#\\\/schema\\\/logo\\\/image\\\/\"},\"sameAs\":[\"https:\\\/\\\/www.facebook.com\\\/KinderopvangLittlePeople\"]}]}<\/script>\n<!-- \/ Yoast SEO plugin. -->","yoast_head_json":{"title":"Historie - Kinderopvang Little People","description":"Kinderopvang Little People is opgericht door Debbie Beunis. Debbie komt uit Engeland, waar zij ruim vijftien jaar directeur was in de kinderopvang. Als ze haar man ontmoet, verhuist ze naar Nederland en richt in 2000 in Best Kinderopvang Little People op.","robots":{"index":"index","follow":"follow","max-snippet":"max-snippet:-1","max-image-preview":"max-image-preview:large","max-video-preview":"max-video-preview:-1"},"canonical":"https:\/\/www.kinderopvanglittlepeople.nl\/pl\/historie\/","og_locale":"pl_PL","og_type":"article","og_title":"Historie - Kinderopvang Little People","og_description":"Kinderopvang Little People is opgericht door Debbie Beunis. Debbie komt uit Engeland, waar zij ruim vijftien jaar directeur was in de kinderopvang. Als ze haar man ontmoet, verhuist ze naar Nederland en richt in 2000 in Best Kinderopvang Little People op.","og_url":"https:\/\/www.kinderopvanglittlepeople.nl\/pl\/historie\/","og_site_name":"Kinderopvang Little People","article_publisher":"https:\/\/www.facebook.com\/KinderopvangLittlePeople","article_modified_time":"2024-09-03T14:29:02+00:00","og_image":[{"width":664,"height":384,"url":"https:\/\/www.kinderopvanglittlepeople.nl\/wp-content\/uploads\/2_resultaat.webp","type":"image\/webp"}],"twitter_misc":{"Szacowany czas czytania":"1 minuta"},"schema":{"@context":"https:\/\/schema.org","@graph":[{"@type":"WebPage","@id":"https:\/\/www.kinderopvanglittlepeople.nl\/pl\/historie\/","url":"https:\/\/www.kinderopvanglittlepeople.nl\/pl\/historie\/","name":"Historie - Kinderopvang Little People","isPartOf":{"@id":"https:\/\/www.kinderopvanglittlepeople.nl\/#website"},"primaryImageOfPage":{"@id":"https:\/\/www.kinderopvanglittlepeople.nl\/pl\/historie\/#primaryimage"},"image":{"@id":"https:\/\/www.kinderopvanglittlepeople.nl\/pl\/historie\/#primaryimage"},"thumbnailUrl":"https:\/\/www.kinderopvanglittlepeople.nl\/wp-content\/uploads\/2_resultaat.webp","datePublished":"2018-07-05T09:37:07+00:00","dateModified":"2024-09-03T14:29:02+00:00","description":"Kinderopvang Little People is opgericht door Debbie Beunis. Debbie komt uit Engeland, waar zij ruim vijftien jaar directeur was in de kinderopvang. Als ze haar man ontmoet, verhuist ze naar Nederland en richt in 2000 in Best Kinderopvang Little People op.","breadcrumb":{"@id":"https:\/\/www.kinderopvanglittlepeople.nl\/pl\/historie\/#breadcrumb"},"inLanguage":"pl-PL","potentialAction":[{"@type":"ReadAction","target":["https:\/\/www.kinderopvanglittlepeople.nl\/pl\/historie\/"]}]},{"@type":"ImageObject","inLanguage":"pl-PL","@id":"https:\/\/www.kinderopvanglittlepeople.nl\/pl\/historie\/#primaryimage","url":"https:\/\/www.kinderopvanglittlepeople.nl\/wp-content\/uploads\/2_resultaat.webp","contentUrl":"https:\/\/www.kinderopvanglittlepeople.nl\/wp-content\/uploads\/2_resultaat.webp","width":664,"height":384},{"@type":"BreadcrumbList","@id":"https:\/\/www.kinderopvanglittlepeople.nl\/pl\/historie\/#breadcrumb","itemListElement":[{"@type":"ListItem","position":1,"name":"Home","item":"https:\/\/www.kinderopvanglittlepeople.nl\/"},{"@type":"ListItem","position":2,"name":"Historie"}]},{"@type":"WebSite","@id":"https:\/\/www.kinderopvanglittlepeople.nl\/#website","url":"https:\/\/www.kinderopvanglittlepeople.nl\/","name":"Opieka nad dzie\u0107mi Little People","description":"Domowa atmosfera, ma\u0142a skala i du\u017co osobistej uwagi dla ka\u017cdego dziecka.","publisher":{"@id":"https:\/\/www.kinderopvanglittlepeople.nl\/#organization"},"alternateName":"Een huiselijke sfeer, kleinschalig en v\u00e9\u00e9l persoonlijke aandacht voor ieder kind.","potentialAction":[{"@type":"SearchAction","target":{"@type":"EntryPoint","urlTemplate":"https:\/\/www.kinderopvanglittlepeople.nl\/?s={search_term_string}"},"query-input":{"@type":"PropertyValueSpecification","valueRequired":true,"valueName":"search_term_string"}}],"inLanguage":"pl-PL"},{"@type":"Organization","@id":"https:\/\/www.kinderopvanglittlepeople.nl\/#organization","name":"Opieka nad dzie\u0107mi Little People","alternateName":"Een huiselijke sfeer, kleinschalig en v\u00e9\u00e9l persoonlijke aandacht voor ieder kind.","url":"https:\/\/www.kinderopvanglittlepeople.nl\/","logo":{"@type":"ImageObject","inLanguage":"pl-PL","@id":"https:\/\/www.kinderopvanglittlepeople.nl\/#\/schema\/logo\/image\/","url":"https:\/\/www.kinderopvanglittlepeople.nl\/wp-content\/uploads\/logo-klp.svg","contentUrl":"https:\/\/www.kinderopvanglittlepeople.nl\/wp-content\/uploads\/logo-klp.svg","width":1,"height":1,"caption":"Kinderopvang Little People"},"image":{"@id":"https:\/\/www.kinderopvanglittlepeople.nl\/#\/schema\/logo\/image\/"},"sameAs":["https:\/\/www.facebook.com\/KinderopvangLittlePeople"]}]}},"_links":{"self":[{"href":"https:\/\/www.kinderopvanglittlepeople.nl\/pl\/wp-json\/wp\/v2\/pages\/6446","targetHints":{"allow":["GET"]}}],"collection":[{"href":"https:\/\/www.kinderopvanglittlepeople.nl\/pl\/wp-json\/wp\/v2\/pages"}],"about":[{"href":"https:\/\/www.kinderopvanglittlepeople.nl\/pl\/wp-json\/wp\/v2\/types\/page"}],"author":[{"embeddable":true,"href":"https:\/\/www.kinderopvanglittlepeople.nl\/pl\/wp-json\/wp\/v2\/users\/62"}],"replies":[{"embeddable":true,"href":"https:\/\/www.kinderopvanglittlepeople.nl\/pl\/wp-json\/wp\/v2\/comments?post=6446"}],"version-history":[{"count":0,"href":"https:\/\/www.kinderopvanglittlepeople.nl\/pl\/wp-json\/wp\/v2\/pages\/6446\/revisions"}],"wp:featuredmedia":[{"embeddable":true,"href":"https:\/\/www.kinderopvanglittlepeople.nl\/pl\/wp-json\/wp\/v2\/media\/11444"}],"wp:attachment":[{"href":"https:\/\/www.kinderopvanglittlepeople.nl\/pl\/wp-json\/wp\/v2\/media?parent=6446"}],"curies":[{"name":"wp","href":"https:\/\/api.w.org\/{rel}","templated":true}]}}