{"id":6117,"date":"2018-05-07T15:07:40","date_gmt":"2018-05-07T14:07:40","guid":{"rendered":"https:\/\/kinderopvanglittlepeople.nl\/?page_id=6117"},"modified":"2024-12-11T15:03:49","modified_gmt":"2024-12-11T14:03:49","slug":"veel-gestelde-vragen","status":"publish","type":"page","link":"https:\/\/www.kinderopvanglittlepeople.nl\/pl\/veel-gestelde-vragen\/","title":{"rendered":"Cz\u0119sto zadawane pytania"},"content":{"rendered":"Czy obecnie istnieje lista oczekuj\u0105cych?\n\t\t\t\t\t<p>Najlepiej skontaktowa\u0107 si\u0119 z nami i zapyta\u0107 o najbardziej aktualne szczeg\u00f3\u0142y. Niekt\u00f3re grupy w niekt\u00f3re dni s\u0105 zaj\u0119te, podczas gdy mog\u0105 by\u0107 mo\u017cliwo\u015bci w innych grupach lub dniach. S\u0105 to zawsze informacje pogl\u0105dowe. Dlatego ch\u0119tnie pomo\u017cemy i om\u00f3wimy z Tob\u0105 mo\u017cliwo\u015bci podczas spotkania wprowadzaj\u0105cego!<\/p>\n\t\t\t\tCzy mam prawo do zwrotu podatku z Urz\u0119du Skarbowego?\n\t\t\t\t\t<p>Little People znajduje si\u0119 na li\u015bcie LRK. Mo\u017cesz ubiega\u0107 si\u0119 o zasi\u0142ek na opiek\u0119 nad dzieckiem za po\u015brednictwem urz\u0119du skarbowego. Jego wysoko\u015b\u0107 zale\u017cy od dochod\u00f3w i sytuacji rodzinnej. Wi\u0119cej informacji mo\u017cna znale\u017a\u0107 na stronie internetowej <a href=\"https:\/\/www.belastingdienst.nl\/wps\/wcm\/connect\/bldcontentnl\/belastingdienst\/prive\/toeslagen\/kinderopvangtoeslag\/kinderopvangtoeslag\" target=\"_blank\" rel=\"noopener noreferrer\">organy podatkowe.<\/a><br \/>Nasze numery LRK mo\u017cna znale\u017a\u0107 tutaj\u00a0<\/p>\n\n<table id=\"tablepress-11\" class=\"tablepress tablepress-id-11\">\n<tbody>\n<tr class=\"row-1\">\n\t<td class=\"column-1\">Wilhelminadorp<\/td><td class=\"column-2\">Opieka dzienna<\/td><td class=\"column-3\">Verleunstraat 27, 5684 TT Best<\/td><td class=\"column-4\">937917746<\/td>\n<\/tr>\n<tr class=\"row-2\">\n\t<td class=\"column-1\"><\/td><td class=\"column-2\">Grupa zabaw 'T Hummeltje<\/td><td class=\"column-3\">Verleunstraat 29, 5684 TT Best<\/td><td class=\"column-4\">191591294<\/td>\n<\/tr>\n<tr class=\"row-3\">\n\t<td class=\"column-1\"><\/td><td class=\"column-2\">BSO<\/td><td class=\"column-3\">Verleunstraat 29, 5684 TT Best<\/td><td class=\"column-4\">173444398<\/td>\n<\/tr>\n<tr class=\"row-4\">\n\t<td class=\"column-1\">Wildhill<\/td><td class=\"column-2\">Opieka dzienna <\/td><td class=\"column-3\">Wildheuvel 17-19, 5685 CD Best<\/td><td class=\"column-4\">158472263<\/td>\n<\/tr>\n<tr class=\"row-5\">\n\t<td class=\"column-1\"><\/td><td class=\"column-2\">Grupa zabaw Wildheuvel<\/td><td class=\"column-3\">Wildheuvel 17-19, 5685 CD Best<\/td><td class=\"column-4\">177691153<\/td>\n<\/tr>\n<tr class=\"row-6\">\n\t<td class=\"column-1\"><\/td><td class=\"column-2\">BSO<\/td><td class=\"column-3\">Wildheuvel 17-19, 5685 CD Best<\/td><td class=\"column-4\">100657084<\/td>\n<\/tr>\n<tr class=\"row-7\">\n\t<td class=\"column-1\">Naastbest<\/td><td class=\"column-2\">Opieka dzienna<\/td><td class=\"column-3\">Koningin Emmalaan 27, 5684 BA Best<\/td><td class=\"column-4\">283589942<\/td>\n<\/tr>\n<\/tbody>\n<\/table>\n<!-- #tablepress-11 from cache -->\n\t\t\t\tCzy Little People jest zatwierdzonym centrum opieki nad dzie\u0107mi?\n\t\t\t\t\t<p>Tak, Little People to akredytowane centrum opieki nad dzie\u0107mi, kt\u00f3re spe\u0142nia wszystkie kryteria jako\u015bci. Oznacza to, \u017ce jeste\u015bmy wpisani do krajowego rejestru plac\u00f3wek opieki nad dzie\u0107mi (LRK). W rezultacie mo\u017cesz by\u0107 r\u00f3wnie\u017c uprawniony do zasi\u0142ku na opiek\u0119 nad dzieckiem od organ\u00f3w podatkowych. Poni\u017cej znajduje si\u0119 przegl\u0105d numer\u00f3w LRK dla poszczeg\u00f3lnych lokalizacji:\u00a0<\/p>\n\n<table id=\"tablepress-11-no-2\" class=\"tablepress tablepress-id-11\">\n<tbody>\n<tr class=\"row-1\">\n\t<td class=\"column-1\">Wilhelminadorp<\/td><td class=\"column-2\">Opieka dzienna<\/td><td class=\"column-3\">Verleunstraat 27, 5684 TT Best<\/td><td class=\"column-4\">937917746<\/td>\n<\/tr>\n<tr class=\"row-2\">\n\t<td class=\"column-1\"><\/td><td class=\"column-2\">Grupa zabaw 'T Hummeltje<\/td><td class=\"column-3\">Verleunstraat 29, 5684 TT Best<\/td><td class=\"column-4\">191591294<\/td>\n<\/tr>\n<tr class=\"row-3\">\n\t<td class=\"column-1\"><\/td><td class=\"column-2\">BSO<\/td><td class=\"column-3\">Verleunstraat 29, 5684 TT Best<\/td><td class=\"column-4\">173444398<\/td>\n<\/tr>\n<tr class=\"row-4\">\n\t<td class=\"column-1\">Wildhill<\/td><td class=\"column-2\">Opieka dzienna <\/td><td class=\"column-3\">Wildheuvel 17-19, 5685 CD Best<\/td><td class=\"column-4\">158472263<\/td>\n<\/tr>\n<tr class=\"row-5\">\n\t<td class=\"column-1\"><\/td><td class=\"column-2\">Grupa zabaw Wildheuvel<\/td><td class=\"column-3\">Wildheuvel 17-19, 5685 CD Best<\/td><td class=\"column-4\">177691153<\/td>\n<\/tr>\n<tr class=\"row-6\">\n\t<td class=\"column-1\"><\/td><td class=\"column-2\">BSO<\/td><td class=\"column-3\">Wildheuvel 17-19, 5685 CD Best<\/td><td class=\"column-4\">100657084<\/td>\n<\/tr>\n<tr class=\"row-7\">\n\t<td class=\"column-1\">Naastbest<\/td><td class=\"column-2\">Opieka dzienna<\/td><td class=\"column-3\">Koningin Emmalaan 27, 5684 BA Best<\/td><td class=\"column-4\">283589942<\/td>\n<\/tr>\n<\/tbody>\n<\/table>\n<!-- #tablepress-11-no-2 from cache -->\n\t\t\t\tJak mog\u0119 otrzyma\u0107 roczne zestawienie?\n\t\t\t\t\t<p>Little People automatycznie wysy\u0142a roczne rozliczenie za poprzedni rok kalendarzowy w styczniu. To roczne rozliczenie jest wydawane jednorazowo. B\u0119dzie ono potrzebne do z\u0142o\u017cenia rocznego zeznania podatkowego. Dlatego nale\u017cy je dobrze przechowywa\u0107!<\/p>\n\t\t\t\tJak anulowa\u0107 subskrypcj\u0119?\n\t\t\t\t\t<p>Wypowiedzenie w formie pisemnej: listownie lub poczt\u0105 elektroniczn\u0105 na adres info@kinderopvanglittlepeople.nl. Okres wypowiedzenia wynosi 1 miesi\u0105c.<\/p>\n\t\t\t\tCzy Childcare Little People zapewnia r\u00f3wnie\u017c opiek\u0119 mi\u0119dzyszkoln\u0105?\n\t\t\t\t\t<p>Nie. Za opiek\u0119 pozaszkoln\u0105 odpowiada szko\u0142a podstawowa, do kt\u00f3rej ucz\u0119szcza dziecko. Nasz g\u0142\u00f3wny partner, Kindcentrum Br!cks, ma sta\u0142y harmonogram zaj\u0119\u0107. Dzieci jedz\u0105 tam lunch w szkole.<\/p>\n\t\t\t\tJak zorganizowa\u0107 przej\u015bcie z przedszkola lub grupy zabawowej do BSO?\n\t\t\t\t\t<p>Dziecko nale\u017cy zarejestrowa\u0107 w BSO w odpowiednim czasie. Umowa nie jest kontynuowana automatycznie, ale ko\u0144czy si\u0119, gdy dziecko ko\u0144czy 4 lata.<br \/>Czy Twoje dziecko sko\u0144czy 4 lata w wakacje lub tu\u017c przed wakacjami i czy chcia\u0142by\u015b kontynuowa\u0107 opiek\u0119 nad dzieckiem podczas tych wakacji? Prosimy o jak najszybsze poinformowanie naszej administracji, najlepiej z ponad rocznym wyprzedzeniem ze wzgl\u0119du na list\u0119 oczekuj\u0105cych. Mo\u017cesz wys\u0142a\u0107 wiadomo\u015b\u0107 e-mail na adres: info@kinderopvanglittlepeople.nl<\/p>\n\t\t\t\tKiedy powinienem poinformowa\u0107, \u017ce moje dziecko wyje\u017cd\u017ca na wakacje?\n\t\t\t\t\t<p>Mimo \u017ce jeste\u015bmy elastyczni, chcieliby\u015bmy wiedzie\u0107 z miesi\u0119cznym wyprzedzeniem, czy wyje\u017cd\u017casz na wakacje. W\u00f3wczas mo\u017cemy wzi\u0105\u0107 to pod uwag\u0119 przy planowaniu\/rozmieszczaniu pracownik\u00f3w.<\/p>\n\t\t\t\tCo powinienem zrobi\u0107, je\u015bli kto\u015b inny przyjdzie odebra\u0107 moje dziecko?\n\t\t\t\t\t<p>Wij hechten uitermate grote waarde aan de veiligheid van uw kinderen. Daarom gelden strenge regels bij het brengen of ophalen door andere personen dan de ouders. Uit veiligheidsoverwegingen moet u dit tijdig (minimaal 1 dag van te voren) en persoonlijk doorgeven aan onze medewerkers. Bij voorkeur komt uw vervanger dan mee om even persoonlijk kennis te maken bij onze opvang, of toont een foto zodat we een &#8216;gezicht bij een naam&#8217; kennen. Bij calamiteiten kunt u telefonisch doorgeven wie uw kind komt brengen of halen. U geeft altijd de naam op van degene die uw kind ophaalt. Ook geeft u aan wat de relatie tot het kind is (opa, oma, oom, tante, vriend of kennis van ouder). U geeft ook een (mobiel) telefoonnummer op van degene die uw kind komt ophalen. Degene die uw kind brengt of ophaalt moet zich verplicht legitimeren, zodat we kunnen controleren of we uw kind aan de juiste persoon overdragen. Bij twijfel of onduidelijkheid neemt de medewerker telefonisch contact met u op om na te vragen of uw kind overgedragen mag worden aan uw vervanger.<\/p>\n\t\t\t\tCo powinienem zrobi\u0107, je\u015bli moje dziecko potrzebuje lek\u00f3w podczas opieki nad dzieckiem?\n\t\t\t\t\t<p>Nale\u017cy to om\u00f3wi\u0107 podczas rekrutacji. Oczywi\u015bcie we\u017amiemy to pod uwag\u0119 podczas opieki nad dzieckiem. Je\u015bli Twoje dziecko potrzebuje lek\u00f3w na alergie, przy przyj\u0119ciu otrzymasz formularz dotycz\u0105cy lek\u00f3w, na kt\u00f3rym musisz podpisa\u0107, \u017ce personel mo\u017ce podawa\u0107 leki. Nale\u017cy zawsze pokaza\u0107 personelowi, jak podawa\u0107 leki.<\/p>\n\t\t\t\tCo powinienem zrobi\u0107, je\u015bli moje dziecko jest chore?\n\t\t\t\t\t<p>Chorob\u0119 dziecka mo\u017cna zg\u0142osi\u0107 telefonicznie mi\u0119dzy 7.00 a 9.00 rano. Chorob\u0119 mo\u017cna zg\u0142osi\u0107 telefonicznie do godziny 14.30 w BSO. Uwaga: wa\u017cne jest, aby zg\u0142osi\u0107 dziecko z powrotem do recepcji po okresie choroby! Mo\u017cna to zrobi\u0107 telefonicznie mi\u0119dzy 7.00 a 9.00 lub mi\u0119dzy 17.00 a 18.30. W razie potrzeby mo\u017cna to r\u00f3wnie\u017c przekaza\u0107 jednemu z naszych pracownik\u00f3w podczas odbierania rodze\u0144stwa.<\/p>\n\t\t\t\tKiedy moje dziecko nie mo\u017ce ucz\u0119szcza\u0107 do przedszkola?\n\t\t\t\t\t<p>Dzieci z gor\u0105czk\u0105 (powy\u017cej 38\u00b0C) nie powinny przychodzi\u0107 do przedszkola.<\/p>\n<p>Je\u015bli dziecko ma chorob\u0119 zaka\u017an\u0105, ale nie ma gor\u0105czki, nale\u017cy zadzwoni\u0107 do recepcji. Mo\u017cesz om\u00f3wi\u0107 z jednym z naszych pracownik\u00f3w, czy Twoje dziecko mo\u017ce przyj\u015b\u0107 do recepcji. W niekt\u00f3rych przypadkach musimy skontaktowa\u0107 si\u0119 z GGD.\u00a0<\/p>\n<p>Czy Twoje dziecko ma chorob\u0119 zaka\u017an\u0105 i mo\u017ce przyj\u015b\u0107? Prosimy o wyra\u017ane poinformowanie nas, aby\u015bmy mogli poinformowa\u0107 rodzic\u00f3w. Czasami mamy do czynienia z grupami ryzyka, takimi jak kobiety w ci\u0105\u017cy. Dlatego dobrze jest by\u0107 poinformowanym na czas.<\/p>\n\t\t\t\tCo si\u0119 dzieje, gdy pracownik jest chory?\n\t\t\t\t\t<p>Little People b\u0119dzie w\u00f3wczas odpowiedzialna za zast\u0105pienie tego pracownika.<\/p>\n\t\t\t\tCo powinienem zrobi\u0107, je\u015bli mam skarg\u0119?\n\t\t\t\t\t<p>Oczywi\u015bcie dok\u0142adamy wszelkich stara\u0144, aby zapobiega\u0107 reklamacjom. W ma\u0142o prawdopodobnym przypadku niezadowolenia z naszej opieki prosimy o natychmiastowe om\u00f3wienie tego z jednym z naszych pracownik\u00f3w. Zapobiegnie to niepotrzebnej eskalacji irytacji i niezadowolenia. Pracownik zawsze potraktuje skarg\u0119 powa\u017cnie i om\u00f3wi j\u0105 z kierownictwem. Kierownictwo skontaktuje si\u0119 z Tob\u0105 tak szybko, jak to mo\u017cliwe, aby om\u00f3wi\u0107 skarg\u0119 i zaproponowa\u0107 akceptowalne rozwi\u0105zanie. Wytyczne dotycz\u0105ce rozpatrywania skarg s\u0105 szczeg\u00f3\u0142owo opisane w naszym <a href=\"https:\/\/www.kinderopvanglittlepeople.nl\/pl\/beleidsinformatie\/klachtenprocedure\/\">mechanizm sk\u0142adania skarg<\/a>.<\/p>\n\t\t\t\tJak firma Childcare Little People radzi sobie z korzystaniem z ekranu?\n\t\t\t\t\t<p>Telewizja i tablety s\u0105 od czasu do czasu u\u017cywane jako \u015brodek uspokajaj\u0105cy. Program edukacyjny jest wy\u015bwietlany na przyk\u0142ad wtedy, gdy dzieci ju\u017c nie \u015bpi\u0105. Nast\u0119pnie sp\u0119dzaj\u0105 maksymalnie 30 minut ogl\u0105daj\u0105c ekran w porze lunchu. Korzystanie z ekran\u00f3w nie jest dozwolone w grupach dzieci\u0119cych (0-2 lata).\u00a0<\/p>","protected":false},"excerpt":{"rendered":"<p>Is er momenteel een wachtlijst? Het beste is contact met ons op te nemen en te vragen naar de meest actuele gegevens. Sommige groepen op sommige dagen zijn goed bezet terwijl er op andere groepen of dagen wellicht wel mogelijkheden zijn. Het zijn altijd momentopnames. Wij helpen u dus graag en bespreken de mogelijkheden tijdens&hellip;<\/p>","protected":false},"author":62,"featured_media":11425,"parent":0,"menu_order":0,"comment_status":"closed","ping_status":"closed","template":"","meta":{"footnotes":""},"class_list":["post-6117","page","type-page","status-publish","has-post-thumbnail","hentry"],"yoast_head":"<!-- This site is optimized with the Yoast SEO plugin v27.4 - https:\/\/yoast.com\/product\/yoast-seo-wordpress\/ -->\n<title>Veel gestelde vragen - Kinderopvang Little People<\/title>\n<meta name=\"description\" content=\"Heeft u al gekeken bij de veel gestelde vragen? Voor andere vragen of een afspraak voor een rondleiding, kunt u onderstaand contactformulier invullen.\" \/>\n<meta name=\"robots\" content=\"index, follow, max-snippet:-1, max-image-preview:large, max-video-preview:-1\" \/>\n<link rel=\"canonical\" href=\"https:\/\/www.kinderopvanglittlepeople.nl\/pl\/veel-gestelde-vragen\/\" \/>\n<meta property=\"og:locale\" content=\"pl_PL\" \/>\n<meta property=\"og:type\" content=\"article\" \/>\n<meta property=\"og:title\" content=\"Veel gestelde vragen - Kinderopvang Little People\" \/>\n<meta property=\"og:description\" content=\"Heeft u al gekeken bij de veel gestelde vragen? Voor andere vragen of een afspraak voor een rondleiding, kunt u onderstaand contactformulier invullen.\" \/>\n<meta property=\"og:url\" content=\"https:\/\/www.kinderopvanglittlepeople.nl\/pl\/veel-gestelde-vragen\/\" \/>\n<meta property=\"og:site_name\" content=\"Kinderopvang Little People\" \/>\n<meta property=\"article:publisher\" content=\"https:\/\/www.facebook.com\/KinderopvangLittlePeople\" \/>\n<meta property=\"article:modified_time\" content=\"2024-12-11T14:03:49+00:00\" \/>\n<meta property=\"og:image\" content=\"https:\/\/www.kinderopvanglittlepeople.nl\/wp-content\/uploads\/home_resultaat.webp\" \/>\n\t<meta property=\"og:image:width\" content=\"664\" \/>\n\t<meta property=\"og:image:height\" content=\"384\" \/>\n\t<meta property=\"og:image:type\" content=\"image\/webp\" \/>\n<meta name=\"twitter:label1\" content=\"Szacowany czas czytania\" \/>\n\t<meta name=\"twitter:data1\" content=\"6 minut\" \/>\n<script type=\"application\/ld+json\" class=\"yoast-schema-graph\">{\"@context\":\"https:\\\/\\\/schema.org\",\"@graph\":[{\"@type\":\"WebPage\",\"@id\":\"https:\\\/\\\/www.kinderopvanglittlepeople.nl\\\/veel-gestelde-vragen\\\/\",\"url\":\"https:\\\/\\\/www.kinderopvanglittlepeople.nl\\\/veel-gestelde-vragen\\\/\",\"name\":\"Veel gestelde vragen - Kinderopvang Little People\",\"isPartOf\":{\"@id\":\"https:\\\/\\\/www.kinderopvanglittlepeople.nl\\\/#website\"},\"primaryImageOfPage\":{\"@id\":\"https:\\\/\\\/www.kinderopvanglittlepeople.nl\\\/veel-gestelde-vragen\\\/#primaryimage\"},\"image\":{\"@id\":\"https:\\\/\\\/www.kinderopvanglittlepeople.nl\\\/veel-gestelde-vragen\\\/#primaryimage\"},\"thumbnailUrl\":\"https:\\\/\\\/www.kinderopvanglittlepeople.nl\\\/wp-content\\\/uploads\\\/home_resultaat.webp\",\"datePublished\":\"2018-05-07T14:07:40+00:00\",\"dateModified\":\"2024-12-11T14:03:49+00:00\",\"description\":\"Heeft u al gekeken bij de veel gestelde vragen? Voor andere vragen of een afspraak voor een rondleiding, kunt u onderstaand contactformulier invullen.\",\"breadcrumb\":{\"@id\":\"https:\\\/\\\/www.kinderopvanglittlepeople.nl\\\/veel-gestelde-vragen\\\/#breadcrumb\"},\"inLanguage\":\"pl-PL\",\"potentialAction\":[{\"@type\":\"ReadAction\",\"target\":[\"https:\\\/\\\/www.kinderopvanglittlepeople.nl\\\/veel-gestelde-vragen\\\/\"]}]},{\"@type\":\"ImageObject\",\"inLanguage\":\"pl-PL\",\"@id\":\"https:\\\/\\\/www.kinderopvanglittlepeople.nl\\\/veel-gestelde-vragen\\\/#primaryimage\",\"url\":\"https:\\\/\\\/www.kinderopvanglittlepeople.nl\\\/wp-content\\\/uploads\\\/home_resultaat.webp\",\"contentUrl\":\"https:\\\/\\\/www.kinderopvanglittlepeople.nl\\\/wp-content\\\/uploads\\\/home_resultaat.webp\",\"width\":664,\"height\":384},{\"@type\":\"BreadcrumbList\",\"@id\":\"https:\\\/\\\/www.kinderopvanglittlepeople.nl\\\/veel-gestelde-vragen\\\/#breadcrumb\",\"itemListElement\":[{\"@type\":\"ListItem\",\"position\":1,\"name\":\"Home\",\"item\":\"https:\\\/\\\/www.kinderopvanglittlepeople.nl\\\/\"},{\"@type\":\"ListItem\",\"position\":2,\"name\":\"Veel gestelde vragen\"}]},{\"@type\":\"WebSite\",\"@id\":\"https:\\\/\\\/www.kinderopvanglittlepeople.nl\\\/#website\",\"url\":\"https:\\\/\\\/www.kinderopvanglittlepeople.nl\\\/\",\"name\":\"Kinderopvang Little People\",\"description\":\"Een huiselijke sfeer, kleinschalig en v\u00e9\u00e9l persoonlijke aandacht voor ieder kind.\",\"publisher\":{\"@id\":\"https:\\\/\\\/www.kinderopvanglittlepeople.nl\\\/#organization\"},\"alternateName\":\"Een huiselijke sfeer, kleinschalig en v\u00e9\u00e9l persoonlijke aandacht voor ieder kind.\",\"potentialAction\":[{\"@type\":\"SearchAction\",\"target\":{\"@type\":\"EntryPoint\",\"urlTemplate\":\"https:\\\/\\\/www.kinderopvanglittlepeople.nl\\\/?s={search_term_string}\"},\"query-input\":{\"@type\":\"PropertyValueSpecification\",\"valueRequired\":true,\"valueName\":\"search_term_string\"}}],\"inLanguage\":\"pl-PL\"},{\"@type\":\"Organization\",\"@id\":\"https:\\\/\\\/www.kinderopvanglittlepeople.nl\\\/#organization\",\"name\":\"Kinderopvang Little People\",\"alternateName\":\"Een huiselijke sfeer, kleinschalig en v\u00e9\u00e9l persoonlijke aandacht voor ieder kind.\",\"url\":\"https:\\\/\\\/www.kinderopvanglittlepeople.nl\\\/\",\"logo\":{\"@type\":\"ImageObject\",\"inLanguage\":\"pl-PL\",\"@id\":\"https:\\\/\\\/www.kinderopvanglittlepeople.nl\\\/#\\\/schema\\\/logo\\\/image\\\/\",\"url\":\"https:\\\/\\\/www.kinderopvanglittlepeople.nl\\\/wp-content\\\/uploads\\\/logo-klp.svg\",\"contentUrl\":\"https:\\\/\\\/www.kinderopvanglittlepeople.nl\\\/wp-content\\\/uploads\\\/logo-klp.svg\",\"width\":1,\"height\":1,\"caption\":\"Kinderopvang Little People\"},\"image\":{\"@id\":\"https:\\\/\\\/www.kinderopvanglittlepeople.nl\\\/#\\\/schema\\\/logo\\\/image\\\/\"},\"sameAs\":[\"https:\\\/\\\/www.facebook.com\\\/KinderopvangLittlePeople\"]}]}<\/script>\n<!-- \/ Yoast SEO plugin. -->","yoast_head_json":{"title":"Veel gestelde vragen - Kinderopvang Little People","description":"Heeft u al gekeken bij de veel gestelde vragen? Voor andere vragen of een afspraak voor een rondleiding, kunt u onderstaand contactformulier invullen.","robots":{"index":"index","follow":"follow","max-snippet":"max-snippet:-1","max-image-preview":"max-image-preview:large","max-video-preview":"max-video-preview:-1"},"canonical":"https:\/\/www.kinderopvanglittlepeople.nl\/pl\/veel-gestelde-vragen\/","og_locale":"pl_PL","og_type":"article","og_title":"Veel gestelde vragen - Kinderopvang Little People","og_description":"Heeft u al gekeken bij de veel gestelde vragen? Voor andere vragen of een afspraak voor een rondleiding, kunt u onderstaand contactformulier invullen.","og_url":"https:\/\/www.kinderopvanglittlepeople.nl\/pl\/veel-gestelde-vragen\/","og_site_name":"Kinderopvang Little People","article_publisher":"https:\/\/www.facebook.com\/KinderopvangLittlePeople","article_modified_time":"2024-12-11T14:03:49+00:00","og_image":[{"width":664,"height":384,"url":"https:\/\/www.kinderopvanglittlepeople.nl\/wp-content\/uploads\/home_resultaat.webp","type":"image\/webp"}],"twitter_misc":{"Szacowany czas czytania":"6 minut"},"schema":{"@context":"https:\/\/schema.org","@graph":[{"@type":"WebPage","@id":"https:\/\/www.kinderopvanglittlepeople.nl\/veel-gestelde-vragen\/","url":"https:\/\/www.kinderopvanglittlepeople.nl\/veel-gestelde-vragen\/","name":"Veel gestelde vragen - Kinderopvang Little People","isPartOf":{"@id":"https:\/\/www.kinderopvanglittlepeople.nl\/#website"},"primaryImageOfPage":{"@id":"https:\/\/www.kinderopvanglittlepeople.nl\/veel-gestelde-vragen\/#primaryimage"},"image":{"@id":"https:\/\/www.kinderopvanglittlepeople.nl\/veel-gestelde-vragen\/#primaryimage"},"thumbnailUrl":"https:\/\/www.kinderopvanglittlepeople.nl\/wp-content\/uploads\/home_resultaat.webp","datePublished":"2018-05-07T14:07:40+00:00","dateModified":"2024-12-11T14:03:49+00:00","description":"Heeft u al gekeken bij de veel gestelde vragen? Voor andere vragen of een afspraak voor een rondleiding, kunt u onderstaand contactformulier invullen.","breadcrumb":{"@id":"https:\/\/www.kinderopvanglittlepeople.nl\/veel-gestelde-vragen\/#breadcrumb"},"inLanguage":"pl-PL","potentialAction":[{"@type":"ReadAction","target":["https:\/\/www.kinderopvanglittlepeople.nl\/veel-gestelde-vragen\/"]}]},{"@type":"ImageObject","inLanguage":"pl-PL","@id":"https:\/\/www.kinderopvanglittlepeople.nl\/veel-gestelde-vragen\/#primaryimage","url":"https:\/\/www.kinderopvanglittlepeople.nl\/wp-content\/uploads\/home_resultaat.webp","contentUrl":"https:\/\/www.kinderopvanglittlepeople.nl\/wp-content\/uploads\/home_resultaat.webp","width":664,"height":384},{"@type":"BreadcrumbList","@id":"https:\/\/www.kinderopvanglittlepeople.nl\/veel-gestelde-vragen\/#breadcrumb","itemListElement":[{"@type":"ListItem","position":1,"name":"Home","item":"https:\/\/www.kinderopvanglittlepeople.nl\/"},{"@type":"ListItem","position":2,"name":"Veel gestelde vragen"}]},{"@type":"WebSite","@id":"https:\/\/www.kinderopvanglittlepeople.nl\/#website","url":"https:\/\/www.kinderopvanglittlepeople.nl\/","name":"Opieka nad dzie\u0107mi Little People","description":"Domowa atmosfera, ma\u0142a skala i du\u017co osobistej uwagi dla ka\u017cdego dziecka.","publisher":{"@id":"https:\/\/www.kinderopvanglittlepeople.nl\/#organization"},"alternateName":"Een huiselijke sfeer, kleinschalig en v\u00e9\u00e9l persoonlijke aandacht voor ieder kind.","potentialAction":[{"@type":"SearchAction","target":{"@type":"EntryPoint","urlTemplate":"https:\/\/www.kinderopvanglittlepeople.nl\/?s={search_term_string}"},"query-input":{"@type":"PropertyValueSpecification","valueRequired":true,"valueName":"search_term_string"}}],"inLanguage":"pl-PL"},{"@type":"Organization","@id":"https:\/\/www.kinderopvanglittlepeople.nl\/#organization","name":"Opieka nad dzie\u0107mi Little People","alternateName":"Een huiselijke sfeer, kleinschalig en v\u00e9\u00e9l persoonlijke aandacht voor ieder kind.","url":"https:\/\/www.kinderopvanglittlepeople.nl\/","logo":{"@type":"ImageObject","inLanguage":"pl-PL","@id":"https:\/\/www.kinderopvanglittlepeople.nl\/#\/schema\/logo\/image\/","url":"https:\/\/www.kinderopvanglittlepeople.nl\/wp-content\/uploads\/logo-klp.svg","contentUrl":"https:\/\/www.kinderopvanglittlepeople.nl\/wp-content\/uploads\/logo-klp.svg","width":1,"height":1,"caption":"Kinderopvang Little People"},"image":{"@id":"https:\/\/www.kinderopvanglittlepeople.nl\/#\/schema\/logo\/image\/"},"sameAs":["https:\/\/www.facebook.com\/KinderopvangLittlePeople"]}]}},"_links":{"self":[{"href":"https:\/\/www.kinderopvanglittlepeople.nl\/pl\/wp-json\/wp\/v2\/pages\/6117","targetHints":{"allow":["GET"]}}],"collection":[{"href":"https:\/\/www.kinderopvanglittlepeople.nl\/pl\/wp-json\/wp\/v2\/pages"}],"about":[{"href":"https:\/\/www.kinderopvanglittlepeople.nl\/pl\/wp-json\/wp\/v2\/types\/page"}],"author":[{"embeddable":true,"href":"https:\/\/www.kinderopvanglittlepeople.nl\/pl\/wp-json\/wp\/v2\/users\/62"}],"replies":[{"embeddable":true,"href":"https:\/\/www.kinderopvanglittlepeople.nl\/pl\/wp-json\/wp\/v2\/comments?post=6117"}],"version-history":[{"count":0,"href":"https:\/\/www.kinderopvanglittlepeople.nl\/pl\/wp-json\/wp\/v2\/pages\/6117\/revisions"}],"wp:featuredmedia":[{"embeddable":true,"href":"https:\/\/www.kinderopvanglittlepeople.nl\/pl\/wp-json\/wp\/v2\/media\/11425"}],"wp:attachment":[{"href":"https:\/\/www.kinderopvanglittlepeople.nl\/pl\/wp-json\/wp\/v2\/media?parent=6117"}],"curies":[{"name":"wp","href":"https:\/\/api.w.org\/{rel}","templated":true}]}}