{"id":568,"date":"2015-10-06T12:36:50","date_gmt":"2015-10-06T11:36:50","guid":{"rendered":"https:\/\/kinderopvanglittlepeople.nl\/?page_id=568"},"modified":"2024-10-23T17:00:00","modified_gmt":"2024-10-23T16:00:00","slug":"kinderopvang","status":"publish","type":"page","link":"https:\/\/www.kinderopvanglittlepeople.nl\/pl\/kinderopvang\/","title":{"rendered":"Odbi\u00f3r"},"content":{"rendered":"<a href=\"https:\/\/www.bestkinderopvang.nl\/dagopvang\/\" target=\"_self\" rel=\"noopener\">\n\t\t\t\t\t\t\t<img decoding=\"async\" src=\"https:\/\/www.kinderopvanglittlepeople.nl\/wp-content\/uploads\/dagopvang.jpg\" alt=\"dagopvang\" \/>\n\t\t<h3>Opieka dzienna<br \/>0-4 jaar<\/h3>\n\t\t\t<ul><li>Na ma\u0142\u0105 skal\u0119<\/li><li>Indywidualne podej\u015bcie<\/li><\/ul>\t\t\n\t\t<\/a>\n\t\t\t<a href=\"https:\/\/www.bestkinderopvang.nl\/kinderopvang\/peuterspeelzaal\/\" target=\"_self\" rel=\"noopener\">\n\t\t\t\t\t\t\t<img decoding=\"async\" src=\"https:\/\/www.kinderopvanglittlepeople.nl\/wp-content\/uploads\/2016\/03\/Peuterspeelzaal-t-Hummeltje_web.jpg\" alt=\"Peuterspeelzaal &#039;t Hummeltje_web\" \/>\n\t\t<h3>Przedszkole<br \/>2-4 lata<\/h3>\n\t\t\t<ul><li>Nauka przez zabaw\u0119<\/li><li>Spersonalizowane aran\u017cacje<\/li><\/ul>\t\t\n\t\t<\/a>\n\t\t\t<a href=\"https:\/\/www.bestkinderopvang.nl\/4-13-jaar-bso\/\" target=\"_self\" rel=\"noopener\">\n\t\t\t\t\t\t\t<img decoding=\"async\" src=\"https:\/\/www.kinderopvanglittlepeople.nl\/wp-content\/uploads\/2016\/03\/BSO.Wilhelmindorp.10.jpg\" alt=\"BSO.Wilhelmindorp.10\" \/>\n\t\t<h3>kolejny krok BSO<br \/>4-13 lat<\/h3>\n\t\t\t<ul><li>Schron na ma\u0142\u0105 skal\u0119<\/li><li>R\u00f3\u017cne lokalizacje<\/li><li>Ceg\u0142y wsp\u00f3\u0142pracy<\/li><\/ul>\t\t\n\t\t<\/a>\n\t\t\t<a href=\"https:\/\/www.bestkinderopvang.nl\/rondleiding\/\" target=\"_self\" rel=\"noopener\">\n\t\t\t\t\t\tZam\u00f3w wycieczk\u0119 z przewodnikiem\n\t\t\t\t\t<\/a>","protected":false},"excerpt":{"rendered":"<p>Dagopvang0-4 jaar Kleinschalig Persoonlijke aandacht Peuterspeelzaal2-4 jaar Spelenderwijs leren Persoonlijke arrangementen BSO NEXT step4-13 jaar Kleinschalige opvang Diverse locaties Samenwerking Bricks Rondleiding aanvragen<\/p>","protected":false},"author":1,"featured_media":11426,"parent":0,"menu_order":0,"comment_status":"closed","ping_status":"closed","template":"","meta":{"footnotes":""},"class_list":["post-568","page","type-page","status-publish","has-post-thumbnail","hentry"],"yoast_head":"<!-- This site is optimized with the Yoast SEO plugin v27.4 - https:\/\/yoast.com\/product\/yoast-seo-wordpress\/ -->\n<title>Opvang - Kinderopvang Little People<\/title>\n<meta name=\"description\" content=\"Kinderopvang Little People biedt kleinschalige, huiselijke kinderopvang in de Gemeente Best met veel persoonlijke aandacht. Een tweede thuis voor uw kind!\" \/>\n<meta name=\"robots\" content=\"index, follow, max-snippet:-1, max-image-preview:large, max-video-preview:-1\" \/>\n<link rel=\"canonical\" href=\"https:\/\/www.kinderopvanglittlepeople.nl\/pl\/kinderopvang\/\" \/>\n<meta property=\"og:locale\" content=\"pl_PL\" \/>\n<meta property=\"og:type\" content=\"article\" \/>\n<meta property=\"og:title\" content=\"Opvang - Kinderopvang Little People\" \/>\n<meta property=\"og:description\" content=\"Kinderopvang Little People biedt kleinschalige, huiselijke kinderopvang in de Gemeente Best met veel persoonlijke aandacht. Een tweede thuis voor uw kind!\" \/>\n<meta property=\"og:url\" content=\"https:\/\/www.kinderopvanglittlepeople.nl\/pl\/kinderopvang\/\" \/>\n<meta property=\"og:site_name\" content=\"Kinderopvang Little People\" \/>\n<meta property=\"article:publisher\" content=\"https:\/\/www.facebook.com\/KinderopvangLittlePeople\" \/>\n<meta property=\"article:modified_time\" content=\"2024-10-23T16:00:00+00:00\" \/>\n<meta property=\"og:image\" content=\"https:\/\/www.kinderopvanglittlepeople.nl\/wp-content\/uploads\/opvang_resultaat.webp\" \/>\n\t<meta property=\"og:image:width\" content=\"664\" \/>\n\t<meta property=\"og:image:height\" content=\"384\" \/>\n\t<meta property=\"og:image:type\" content=\"image\/webp\" \/>\n<script type=\"application\/ld+json\" class=\"yoast-schema-graph\">{\"@context\":\"https:\\\/\\\/schema.org\",\"@graph\":[{\"@type\":\"WebPage\",\"@id\":\"https:\\\/\\\/www.kinderopvanglittlepeople.nl\\\/kinderopvang\\\/\",\"url\":\"https:\\\/\\\/www.kinderopvanglittlepeople.nl\\\/kinderopvang\\\/\",\"name\":\"Opvang - Kinderopvang Little People\",\"isPartOf\":{\"@id\":\"https:\\\/\\\/www.kinderopvanglittlepeople.nl\\\/#website\"},\"primaryImageOfPage\":{\"@id\":\"https:\\\/\\\/www.kinderopvanglittlepeople.nl\\\/kinderopvang\\\/#primaryimage\"},\"image\":{\"@id\":\"https:\\\/\\\/www.kinderopvanglittlepeople.nl\\\/kinderopvang\\\/#primaryimage\"},\"thumbnailUrl\":\"https:\\\/\\\/www.kinderopvanglittlepeople.nl\\\/wp-content\\\/uploads\\\/opvang_resultaat.webp\",\"datePublished\":\"2015-10-06T11:36:50+00:00\",\"dateModified\":\"2024-10-23T16:00:00+00:00\",\"description\":\"Kinderopvang Little People biedt kleinschalige, huiselijke kinderopvang in de Gemeente Best met veel persoonlijke aandacht. Een tweede thuis voor uw kind!\",\"breadcrumb\":{\"@id\":\"https:\\\/\\\/www.kinderopvanglittlepeople.nl\\\/kinderopvang\\\/#breadcrumb\"},\"inLanguage\":\"pl-PL\",\"potentialAction\":[{\"@type\":\"ReadAction\",\"target\":[\"https:\\\/\\\/www.kinderopvanglittlepeople.nl\\\/kinderopvang\\\/\"]}]},{\"@type\":\"ImageObject\",\"inLanguage\":\"pl-PL\",\"@id\":\"https:\\\/\\\/www.kinderopvanglittlepeople.nl\\\/kinderopvang\\\/#primaryimage\",\"url\":\"https:\\\/\\\/www.kinderopvanglittlepeople.nl\\\/wp-content\\\/uploads\\\/opvang_resultaat.webp\",\"contentUrl\":\"https:\\\/\\\/www.kinderopvanglittlepeople.nl\\\/wp-content\\\/uploads\\\/opvang_resultaat.webp\",\"width\":664,\"height\":384},{\"@type\":\"BreadcrumbList\",\"@id\":\"https:\\\/\\\/www.kinderopvanglittlepeople.nl\\\/kinderopvang\\\/#breadcrumb\",\"itemListElement\":[{\"@type\":\"ListItem\",\"position\":1,\"name\":\"Home\",\"item\":\"https:\\\/\\\/www.kinderopvanglittlepeople.nl\\\/\"},{\"@type\":\"ListItem\",\"position\":2,\"name\":\"Opvang\"}]},{\"@type\":\"WebSite\",\"@id\":\"https:\\\/\\\/www.kinderopvanglittlepeople.nl\\\/#website\",\"url\":\"https:\\\/\\\/www.kinderopvanglittlepeople.nl\\\/\",\"name\":\"Kinderopvang Little People\",\"description\":\"Een huiselijke sfeer, kleinschalig en v\u00e9\u00e9l persoonlijke aandacht voor ieder kind.\",\"publisher\":{\"@id\":\"https:\\\/\\\/www.kinderopvanglittlepeople.nl\\\/#organization\"},\"alternateName\":\"Een huiselijke sfeer, kleinschalig en v\u00e9\u00e9l persoonlijke aandacht voor ieder kind.\",\"potentialAction\":[{\"@type\":\"SearchAction\",\"target\":{\"@type\":\"EntryPoint\",\"urlTemplate\":\"https:\\\/\\\/www.kinderopvanglittlepeople.nl\\\/?s={search_term_string}\"},\"query-input\":{\"@type\":\"PropertyValueSpecification\",\"valueRequired\":true,\"valueName\":\"search_term_string\"}}],\"inLanguage\":\"pl-PL\"},{\"@type\":\"Organization\",\"@id\":\"https:\\\/\\\/www.kinderopvanglittlepeople.nl\\\/#organization\",\"name\":\"Kinderopvang Little People\",\"alternateName\":\"Een huiselijke sfeer, kleinschalig en v\u00e9\u00e9l persoonlijke aandacht voor ieder kind.\",\"url\":\"https:\\\/\\\/www.kinderopvanglittlepeople.nl\\\/\",\"logo\":{\"@type\":\"ImageObject\",\"inLanguage\":\"pl-PL\",\"@id\":\"https:\\\/\\\/www.kinderopvanglittlepeople.nl\\\/#\\\/schema\\\/logo\\\/image\\\/\",\"url\":\"https:\\\/\\\/www.kinderopvanglittlepeople.nl\\\/wp-content\\\/uploads\\\/logo-klp.svg\",\"contentUrl\":\"https:\\\/\\\/www.kinderopvanglittlepeople.nl\\\/wp-content\\\/uploads\\\/logo-klp.svg\",\"width\":1,\"height\":1,\"caption\":\"Kinderopvang Little People\"},\"image\":{\"@id\":\"https:\\\/\\\/www.kinderopvanglittlepeople.nl\\\/#\\\/schema\\\/logo\\\/image\\\/\"},\"sameAs\":[\"https:\\\/\\\/www.facebook.com\\\/KinderopvangLittlePeople\"]}]}<\/script>\n<!-- \/ Yoast SEO plugin. -->","yoast_head_json":{"title":"Opvang - Kinderopvang Little People","description":"Kinderopvang Little People biedt kleinschalige, huiselijke kinderopvang in de Gemeente Best met veel persoonlijke aandacht. Een tweede thuis voor uw kind!","robots":{"index":"index","follow":"follow","max-snippet":"max-snippet:-1","max-image-preview":"max-image-preview:large","max-video-preview":"max-video-preview:-1"},"canonical":"https:\/\/www.kinderopvanglittlepeople.nl\/pl\/kinderopvang\/","og_locale":"pl_PL","og_type":"article","og_title":"Opvang - Kinderopvang Little People","og_description":"Kinderopvang Little People biedt kleinschalige, huiselijke kinderopvang in de Gemeente Best met veel persoonlijke aandacht. Een tweede thuis voor uw kind!","og_url":"https:\/\/www.kinderopvanglittlepeople.nl\/pl\/kinderopvang\/","og_site_name":"Kinderopvang Little People","article_publisher":"https:\/\/www.facebook.com\/KinderopvangLittlePeople","article_modified_time":"2024-10-23T16:00:00+00:00","og_image":[{"width":664,"height":384,"url":"https:\/\/www.kinderopvanglittlepeople.nl\/wp-content\/uploads\/opvang_resultaat.webp","type":"image\/webp"}],"schema":{"@context":"https:\/\/schema.org","@graph":[{"@type":"WebPage","@id":"https:\/\/www.kinderopvanglittlepeople.nl\/kinderopvang\/","url":"https:\/\/www.kinderopvanglittlepeople.nl\/kinderopvang\/","name":"Opvang - Kinderopvang Little People","isPartOf":{"@id":"https:\/\/www.kinderopvanglittlepeople.nl\/#website"},"primaryImageOfPage":{"@id":"https:\/\/www.kinderopvanglittlepeople.nl\/kinderopvang\/#primaryimage"},"image":{"@id":"https:\/\/www.kinderopvanglittlepeople.nl\/kinderopvang\/#primaryimage"},"thumbnailUrl":"https:\/\/www.kinderopvanglittlepeople.nl\/wp-content\/uploads\/opvang_resultaat.webp","datePublished":"2015-10-06T11:36:50+00:00","dateModified":"2024-10-23T16:00:00+00:00","description":"Kinderopvang Little People biedt kleinschalige, huiselijke kinderopvang in de Gemeente Best met veel persoonlijke aandacht. Een tweede thuis voor uw kind!","breadcrumb":{"@id":"https:\/\/www.kinderopvanglittlepeople.nl\/kinderopvang\/#breadcrumb"},"inLanguage":"pl-PL","potentialAction":[{"@type":"ReadAction","target":["https:\/\/www.kinderopvanglittlepeople.nl\/kinderopvang\/"]}]},{"@type":"ImageObject","inLanguage":"pl-PL","@id":"https:\/\/www.kinderopvanglittlepeople.nl\/kinderopvang\/#primaryimage","url":"https:\/\/www.kinderopvanglittlepeople.nl\/wp-content\/uploads\/opvang_resultaat.webp","contentUrl":"https:\/\/www.kinderopvanglittlepeople.nl\/wp-content\/uploads\/opvang_resultaat.webp","width":664,"height":384},{"@type":"BreadcrumbList","@id":"https:\/\/www.kinderopvanglittlepeople.nl\/kinderopvang\/#breadcrumb","itemListElement":[{"@type":"ListItem","position":1,"name":"Home","item":"https:\/\/www.kinderopvanglittlepeople.nl\/"},{"@type":"ListItem","position":2,"name":"Opvang"}]},{"@type":"WebSite","@id":"https:\/\/www.kinderopvanglittlepeople.nl\/#website","url":"https:\/\/www.kinderopvanglittlepeople.nl\/","name":"Opieka nad dzie\u0107mi Little People","description":"Domowa atmosfera, ma\u0142a skala i du\u017co osobistej uwagi dla ka\u017cdego dziecka.","publisher":{"@id":"https:\/\/www.kinderopvanglittlepeople.nl\/#organization"},"alternateName":"Een huiselijke sfeer, kleinschalig en v\u00e9\u00e9l persoonlijke aandacht voor ieder kind.","potentialAction":[{"@type":"SearchAction","target":{"@type":"EntryPoint","urlTemplate":"https:\/\/www.kinderopvanglittlepeople.nl\/?s={search_term_string}"},"query-input":{"@type":"PropertyValueSpecification","valueRequired":true,"valueName":"search_term_string"}}],"inLanguage":"pl-PL"},{"@type":"Organization","@id":"https:\/\/www.kinderopvanglittlepeople.nl\/#organization","name":"Opieka nad dzie\u0107mi Little People","alternateName":"Een huiselijke sfeer, kleinschalig en v\u00e9\u00e9l persoonlijke aandacht voor ieder kind.","url":"https:\/\/www.kinderopvanglittlepeople.nl\/","logo":{"@type":"ImageObject","inLanguage":"pl-PL","@id":"https:\/\/www.kinderopvanglittlepeople.nl\/#\/schema\/logo\/image\/","url":"https:\/\/www.kinderopvanglittlepeople.nl\/wp-content\/uploads\/logo-klp.svg","contentUrl":"https:\/\/www.kinderopvanglittlepeople.nl\/wp-content\/uploads\/logo-klp.svg","width":1,"height":1,"caption":"Kinderopvang Little People"},"image":{"@id":"https:\/\/www.kinderopvanglittlepeople.nl\/#\/schema\/logo\/image\/"},"sameAs":["https:\/\/www.facebook.com\/KinderopvangLittlePeople"]}]}},"_links":{"self":[{"href":"https:\/\/www.kinderopvanglittlepeople.nl\/pl\/wp-json\/wp\/v2\/pages\/568","targetHints":{"allow":["GET"]}}],"collection":[{"href":"https:\/\/www.kinderopvanglittlepeople.nl\/pl\/wp-json\/wp\/v2\/pages"}],"about":[{"href":"https:\/\/www.kinderopvanglittlepeople.nl\/pl\/wp-json\/wp\/v2\/types\/page"}],"author":[{"embeddable":true,"href":"https:\/\/www.kinderopvanglittlepeople.nl\/pl\/wp-json\/wp\/v2\/users\/1"}],"replies":[{"embeddable":true,"href":"https:\/\/www.kinderopvanglittlepeople.nl\/pl\/wp-json\/wp\/v2\/comments?post=568"}],"version-history":[{"count":0,"href":"https:\/\/www.kinderopvanglittlepeople.nl\/pl\/wp-json\/wp\/v2\/pages\/568\/revisions"}],"wp:featuredmedia":[{"embeddable":true,"href":"https:\/\/www.kinderopvanglittlepeople.nl\/pl\/wp-json\/wp\/v2\/media\/11426"}],"wp:attachment":[{"href":"https:\/\/www.kinderopvanglittlepeople.nl\/pl\/wp-json\/wp\/v2\/media?parent=568"}],"curies":[{"name":"wp","href":"https:\/\/api.w.org\/{rel}","templated":true}]}}