{"id":360,"date":"2015-09-21T13:05:20","date_gmt":"2015-09-21T12:05:20","guid":{"rendered":"https:\/\/kinderopvanglittlepeople.nl\/?page_id=360"},"modified":"2024-10-23T17:00:48","modified_gmt":"2024-10-23T16:00:48","slug":"dagopvang","status":"publish","type":"page","link":"https:\/\/www.kinderopvanglittlepeople.nl\/pl\/dagopvang\/","title":{"rendered":"Opieka dzienna | 0-4 lat"},"content":{"rendered":"<p><strong>Little People ma by\u0107 drugim domem dla Twojego dziecka. Aby\u015b m\u00f3g\u0142 spokojnie i\u015b\u0107 do pracy lub innej aktywno\u015bci.<\/strong><\/p>\n<p><strong>Naszym celem jest, aby dziecko czu\u0142o si\u0119 u nas tak komfortowo, jak w domu. Wa\u017cne jest dla nas, aby dziecko dorasta\u0142o w niezawodnym, bezpiecznym \u015brodowisku i mog\u0142o si\u0119 pozytywnie rozwija\u0107. We w\u0142asnym tempie, dostosowanym do wieku dziecka.<\/strong><\/p>\n<h3>Dla dzieci regularno\u015b\u0107 jest bardzo wa\u017cna.<\/h3>\nPracujemy wed\u0142ug ustalonego harmonogramu dziennego, na przemian z aktywnymi chwilami i chwilami odpoczynku. W ramach tego codziennego harmonogramu wa\u017cne jest, aby dziecko mia\u0142o swobod\u0119 rozwoju. Dziecko ma du\u017co miejsca na zabaw\u0119 i nauk\u0119 poprzez zabaw\u0119. Uwa\u017camy, \u017ce wa\u017cne jest, aby dobrze to obserwowa\u0107. W ten spos\u00f3b odkrywamy, czego potrzebuje Twoje dziecko i jak mo\u017cemy stymulowa\u0107 jego rozw\u00f3j krok po kroku. Pomaga w tym dobry plan dnia. Nie jest to obowi\u0105zkowy format, poniewa\u017c zawsze zaczynamy od potrzeb dziecka i interakcji w grupie.<br \/>\nDajemy Ci r\u00f3wnie\u017c miejsce na Tw\u00f3j w\u0142asny wk\u0142ad w codzienn\u0105 rutyn\u0119 Twojego dziecka. W ko\u0144cu to Ty znasz swoje dziecko najlepiej!\n<h3>Inne dzia\u0142ania<\/h3>\n<p>Gedurende het jaar organiseren we allerlei activiteiten, gebaseerd op de thema&#8217;s die dan plaatsvinden. Carnaval, Sinterklaas, Pasen, Kerstmis, Lente, Zomer, Herfst, Winter. We doen uitstapjes of maken knutselwerken, lezen boeken voor, etc. Via nieuwsberichten en onze facebookpagina houden we u altijd op de hoogte.<\/p>\n<p>Aby uzyska\u0107 dobre wra\u017cenie na temat naszych us\u0142ug opieki nad dzie\u0107mi na ma\u0142\u0105 skal\u0119, zapraszamy do osobistego wprowadzenia. Zapraszamy do um\u00f3wienia si\u0119 na niezobowi\u0105zuj\u0105ce spotkanie, dzwoni\u0105c pod numer 0499-850352 lub korzystaj\u0105c z formularza kontaktowego.<\/p>\n\t<h2>Dzienny harmonogram Opieka dzienna<\/h2>\n\t<p>Poni\u017csza tabela przedstawia przybli\u017cony rozk\u0142ad dnia w przedszkolu. Godziny otwarcia poszczeg\u00f3lnych lokalizacji mo\u017cna sprawdzi\u0107 na stronie danej lokalizacji.<\/p>\n\t<h2 id=\"tablepress-18-name\" class=\"tablepress-table-name tablepress-table-name-id-18\">Dzienny harmonogram Opieka dzienna<\/h2>\n\n<table id=\"tablepress-18\" class=\"tablepress tablepress-id-18\" aria-labelledby=\"tablepress-18-name\">\n<tbody>\n<tr class=\"row-1\">\n\t<td class=\"column-1\">06:00<\/td><td class=\"column-2\">-<\/td><td class=\"column-3\">08.30<\/td><td class=\"column-4\">dzieci w wieku przedszkolnym, kr\u00f3tkie przekazanie rodzicom<\/td>\n<\/tr>\n<tr class=\"row-2\">\n\t<td class=\"column-1\">08:30<\/td><td class=\"column-2\">-<\/td><td class=\"column-3\">09:30<\/td><td class=\"column-4\">wsp\u00f3lna aktywno\u015b\u0107 lub zabawa indywidualna<\/td>\n<\/tr>\n<tr class=\"row-3\">\n\t<td class=\"column-1\">09.30<\/td><td class=\"column-2\"><\/td><td class=\"column-3\">10:00<\/td><td class=\"column-4\">wsp\u00f3lne jedzenie owoc\u00f3w i picie napoj\u00f3w<\/td>\n<\/tr>\n<tr class=\"row-4\">\n\t<td class=\"column-1\">10:00<\/td><td class=\"column-2\">-<\/td><td class=\"column-3\">11:30<\/td><td class=\"column-4\">zabawa na \u015bwie\u017cym powietrzu, wsp\u00f3lna aktywno\u015b\u0107 lub zabawa indywidualna<\/td>\n<\/tr>\n<tr class=\"row-5\">\n\t<td class=\"column-1\">11:30<\/td><td class=\"column-2\">-<\/td><td class=\"column-3\">12:30<\/td><td class=\"column-4\">Wsp\u00f3lne nakrywanie do sto\u0142u, ciep\u0142y posi\u0142ek lub chleb i sprz\u0105tanie.<\/td>\n<\/tr>\n<tr class=\"row-6\">\n\t<td class=\"column-1\">12:30<\/td><td class=\"column-2\">-<\/td><td class=\"column-3\">15:00<\/td><td class=\"column-4\">popo\u0142udniowa drzemka i\/lub zabawa indywidualna<\/td>\n<\/tr>\n<tr class=\"row-7\">\n\t<td class=\"column-1\">15:00<\/td><td class=\"column-2\">-<\/td><td class=\"column-3\">15:30<\/td><td class=\"column-4\">wsp\u00f3lne jedzenie owoc\u00f3w i picie napoj\u00f3w<\/td>\n<\/tr>\n<tr class=\"row-8\">\n\t<td class=\"column-1\">15:30<\/td><td class=\"column-2\">-<\/td><td class=\"column-3\">16:00<\/td><td class=\"column-4\">zabawa na \u015bwie\u017cym powietrzu, wsp\u00f3lna aktywno\u015b\u0107 lub zabawa indywidualna<\/td>\n<\/tr>\n<tr class=\"row-9\">\n\t<td class=\"column-1\">16:30<\/td><td class=\"column-2\">-<\/td><td class=\"column-3\">17:00<\/td><td class=\"column-4\">jedzenie kanapki lub paluszka chlebowego<\/td>\n<\/tr>\n<tr class=\"row-10\">\n\t<td class=\"column-1\">17:30<\/td><td class=\"column-2\">-<\/td><td class=\"column-3\">18:30<\/td><td class=\"column-4\">odbi\u00f3r dzieci, przekazanie rodzicom i po\u017cegnanie<\/td>\n<\/tr>\n<\/tbody>\n<\/table>\n<!-- #tablepress-18 from cache -->\n<h2>\n\t\tGodziny otwarcia\n\t<\/h2>\n\t<p>Aby uzyska\u0107 dobre wra\u017cenie na temat naszych us\u0142ug opieki nad dzie\u0107mi na ma\u0142\u0105 skal\u0119, zapraszamy do osobistego wprowadzenia. Zapraszamy do um\u00f3wienia si\u0119 na niezobowi\u0105zuj\u0105ce spotkanie, dzwoni\u0105c pod numer 0499-850352 lub korzystaj\u0105c z formularza kontaktowego.<\/p>\n\n<table id=\"tablepress-20\" class=\"tablepress tablepress-id-20\">\n<thead>\n<tr class=\"row-1\">\n\t<th colspan=\"2\" class=\"column-1\"><b>Wilhelminadorp<\/b><\/th><th colspan=\"2\" class=\"column-3\"><b>Naastbest<\/b><\/th><th colspan=\"2\" class=\"column-5\"><b>Wildhill<\/b><\/th>\n<\/tr>\n<\/thead>\n<tbody>\n<tr class=\"row-2\">\n\t<td class=\"column-1\"><b>Ma<\/b><\/td><td class=\"column-2\">05.45 - 18.30<\/td><td class=\"column-3\"><b>Ma<\/b><\/td><td class=\"column-4\">07.00 - 18.30<\/td><td class=\"column-5\"><b>Ma<\/b><\/td><td class=\"column-6\">07.00 - 18.30<\/td>\n<\/tr>\n<tr class=\"row-3\">\n\t<td class=\"column-1\"><b>Di<\/b><\/td><td class=\"column-2\">05.45 - 18.30<\/td><td class=\"column-3\"><b>Di<\/b><\/td><td class=\"column-4\">07.00 - 18.30<\/td><td class=\"column-5\"><b>Di<\/b><\/td><td class=\"column-6\">07.00 - 18.30<\/td>\n<\/tr>\n<tr class=\"row-4\">\n\t<td class=\"column-1\"><b>\u015broda<\/b><\/td><td class=\"column-2\">05.45 - 18.30<\/td><td class=\"column-3\"><b>\u015broda<\/b><\/td><td class=\"column-4\">07.00 - 18.30<\/td><td class=\"column-5\"><b>\u015broda<\/b><\/td><td class=\"column-6\">07.00 - 18.30<\/td>\n<\/tr>\n<tr class=\"row-5\">\n\t<td class=\"column-1\"><b>Do<\/b><\/td><td class=\"column-2\">05.45 - 18.30<\/td><td class=\"column-3\"><b>Do<\/b><\/td><td class=\"column-4\">07.00 - 18.30<\/td><td class=\"column-5\"><b>Do<\/b><\/td><td class=\"column-6\">07.00 - 18.30<\/td>\n<\/tr>\n<tr class=\"row-6\">\n\t<td class=\"column-1\"><b>Darmowy<\/b><\/td><td class=\"column-2\">05.45 - 18.30<\/td><td class=\"column-3\"><b>Darmowy<\/b><\/td><td class=\"column-4\">07.00 - 18.30<\/td><td class=\"column-5\"><b>Darmowy<\/b><\/td><td class=\"column-6\">07.00 - 18.30<\/td>\n<\/tr>\n<tr class=\"row-7\">\n\t<td class=\"column-1\"><b>Za<\/b><\/td><td class=\"column-2\">Na \u017c\u0105danie<\/td><td class=\"column-3\"><b>Za<\/b><\/td><td class=\"column-4\">Na \u017c\u0105danie<\/td><td class=\"column-5\"><b>Za<\/b><\/td><td class=\"column-6\">Na \u017c\u0105danie<\/td>\n<\/tr>\n<tr class=\"row-8\">\n\t<td class=\"column-1\"><b>Wi\u0119c<\/b><\/td><td class=\"column-2\">Na \u017c\u0105danie<\/td><td class=\"column-3\"><b>Wi\u0119c<\/b><\/td><td class=\"column-4\">Na \u017c\u0105danie<\/td><td class=\"column-5\"><b>Wi\u0119c<\/b><\/td><td class=\"column-6\">Na \u017c\u0105danie<\/td>\n<\/tr>\n<\/tbody>\n<\/table>\n<!-- #tablepress-20 from cache -->","protected":false},"excerpt":{"rendered":"<p>Little People wil een tweede thuis zijn voor uw kind. Zodat u met een gerust hart kunt gaan werken of een andere activiteit kunt gaan doen. Ons doel is dat uw kind zich bij ons net zo prettig voelt als bij u thuis. We vinden het belangrijk dat uw kind opgroeit in een betrouwbare, veilige&hellip;<\/p>","protected":false},"author":4,"featured_media":11513,"parent":0,"menu_order":0,"comment_status":"closed","ping_status":"closed","template":"","meta":{"footnotes":""},"class_list":["post-360","page","type-page","status-publish","has-post-thumbnail","hentry"],"yoast_head":"<!-- This site is optimized with the Yoast SEO plugin v27.4 - https:\/\/yoast.com\/product\/yoast-seo-wordpress\/ -->\n<title>Dagopvang | 0-4 jaar - Kinderopvang Little People<\/title>\n<meta name=\"robots\" content=\"index, follow, max-snippet:-1, max-image-preview:large, max-video-preview:-1\" \/>\n<link rel=\"canonical\" href=\"https:\/\/www.kinderopvanglittlepeople.nl\/pl\/dagopvang\/\" \/>\n<meta property=\"og:locale\" content=\"pl_PL\" \/>\n<meta property=\"og:type\" content=\"article\" \/>\n<meta property=\"og:title\" content=\"Dagopvang | 0-4 jaar - Kinderopvang Little People\" \/>\n<meta property=\"og:description\" content=\"Little People wil een tweede thuis zijn voor uw kind. Zodat u met een gerust hart kunt gaan werken of een andere activiteit kunt gaan doen. Ons doel is dat uw kind zich bij ons net zo prettig voelt als bij u thuis. We vinden het belangrijk dat uw kind opgroeit in een betrouwbare, veilige&hellip;\" \/>\n<meta property=\"og:url\" content=\"https:\/\/www.kinderopvanglittlepeople.nl\/pl\/dagopvang\/\" \/>\n<meta property=\"og:site_name\" content=\"Kinderopvang Little People\" \/>\n<meta property=\"article:publisher\" content=\"https:\/\/www.facebook.com\/KinderopvangLittlePeople\" \/>\n<meta property=\"article:modified_time\" content=\"2024-10-23T16:00:48+00:00\" \/>\n<meta property=\"og:image\" content=\"https:\/\/www.kinderopvanglittlepeople.nl\/wp-content\/uploads\/kopfoto-0-4_resultaat.webp\" \/>\n\t<meta property=\"og:image:width\" content=\"664\" \/>\n\t<meta property=\"og:image:height\" content=\"384\" \/>\n\t<meta property=\"og:image:type\" content=\"image\/webp\" \/>\n<meta name=\"twitter:label1\" content=\"Szacowany czas czytania\" \/>\n\t<meta name=\"twitter:data1\" content=\"2 minuty\" \/>\n<script type=\"application\/ld+json\" class=\"yoast-schema-graph\">{\"@context\":\"https:\\\/\\\/schema.org\",\"@graph\":[{\"@type\":\"WebPage\",\"@id\":\"https:\\\/\\\/www.kinderopvanglittlepeople.nl\\\/dagopvang\\\/\",\"url\":\"https:\\\/\\\/www.kinderopvanglittlepeople.nl\\\/dagopvang\\\/\",\"name\":\"Dagopvang | 0-4 jaar - Kinderopvang Little People\",\"isPartOf\":{\"@id\":\"https:\\\/\\\/www.kinderopvanglittlepeople.nl\\\/#website\"},\"primaryImageOfPage\":{\"@id\":\"https:\\\/\\\/www.kinderopvanglittlepeople.nl\\\/dagopvang\\\/#primaryimage\"},\"image\":{\"@id\":\"https:\\\/\\\/www.kinderopvanglittlepeople.nl\\\/dagopvang\\\/#primaryimage\"},\"thumbnailUrl\":\"https:\\\/\\\/www.kinderopvanglittlepeople.nl\\\/wp-content\\\/uploads\\\/kopfoto-0-4_resultaat.webp\",\"datePublished\":\"2015-09-21T12:05:20+00:00\",\"dateModified\":\"2024-10-23T16:00:48+00:00\",\"breadcrumb\":{\"@id\":\"https:\\\/\\\/www.kinderopvanglittlepeople.nl\\\/dagopvang\\\/#breadcrumb\"},\"inLanguage\":\"pl-PL\",\"potentialAction\":[{\"@type\":\"ReadAction\",\"target\":[\"https:\\\/\\\/www.kinderopvanglittlepeople.nl\\\/dagopvang\\\/\"]}]},{\"@type\":\"ImageObject\",\"inLanguage\":\"pl-PL\",\"@id\":\"https:\\\/\\\/www.kinderopvanglittlepeople.nl\\\/dagopvang\\\/#primaryimage\",\"url\":\"https:\\\/\\\/www.kinderopvanglittlepeople.nl\\\/wp-content\\\/uploads\\\/kopfoto-0-4_resultaat.webp\",\"contentUrl\":\"https:\\\/\\\/www.kinderopvanglittlepeople.nl\\\/wp-content\\\/uploads\\\/kopfoto-0-4_resultaat.webp\",\"width\":664,\"height\":384},{\"@type\":\"BreadcrumbList\",\"@id\":\"https:\\\/\\\/www.kinderopvanglittlepeople.nl\\\/dagopvang\\\/#breadcrumb\",\"itemListElement\":[{\"@type\":\"ListItem\",\"position\":1,\"name\":\"Home\",\"item\":\"https:\\\/\\\/www.kinderopvanglittlepeople.nl\\\/\"},{\"@type\":\"ListItem\",\"position\":2,\"name\":\"Dagopvang | 0-4 jaar\"}]},{\"@type\":\"WebSite\",\"@id\":\"https:\\\/\\\/www.kinderopvanglittlepeople.nl\\\/#website\",\"url\":\"https:\\\/\\\/www.kinderopvanglittlepeople.nl\\\/\",\"name\":\"Kinderopvang Little People\",\"description\":\"Een huiselijke sfeer, kleinschalig en v\u00e9\u00e9l persoonlijke aandacht voor ieder kind.\",\"publisher\":{\"@id\":\"https:\\\/\\\/www.kinderopvanglittlepeople.nl\\\/#organization\"},\"alternateName\":\"Een huiselijke sfeer, kleinschalig en v\u00e9\u00e9l persoonlijke aandacht voor ieder kind.\",\"potentialAction\":[{\"@type\":\"SearchAction\",\"target\":{\"@type\":\"EntryPoint\",\"urlTemplate\":\"https:\\\/\\\/www.kinderopvanglittlepeople.nl\\\/?s={search_term_string}\"},\"query-input\":{\"@type\":\"PropertyValueSpecification\",\"valueRequired\":true,\"valueName\":\"search_term_string\"}}],\"inLanguage\":\"pl-PL\"},{\"@type\":\"Organization\",\"@id\":\"https:\\\/\\\/www.kinderopvanglittlepeople.nl\\\/#organization\",\"name\":\"Kinderopvang Little People\",\"alternateName\":\"Een huiselijke sfeer, kleinschalig en v\u00e9\u00e9l persoonlijke aandacht voor ieder kind.\",\"url\":\"https:\\\/\\\/www.kinderopvanglittlepeople.nl\\\/\",\"logo\":{\"@type\":\"ImageObject\",\"inLanguage\":\"pl-PL\",\"@id\":\"https:\\\/\\\/www.kinderopvanglittlepeople.nl\\\/#\\\/schema\\\/logo\\\/image\\\/\",\"url\":\"https:\\\/\\\/www.kinderopvanglittlepeople.nl\\\/wp-content\\\/uploads\\\/logo-klp.svg\",\"contentUrl\":\"https:\\\/\\\/www.kinderopvanglittlepeople.nl\\\/wp-content\\\/uploads\\\/logo-klp.svg\",\"width\":1,\"height\":1,\"caption\":\"Kinderopvang Little People\"},\"image\":{\"@id\":\"https:\\\/\\\/www.kinderopvanglittlepeople.nl\\\/#\\\/schema\\\/logo\\\/image\\\/\"},\"sameAs\":[\"https:\\\/\\\/www.facebook.com\\\/KinderopvangLittlePeople\"]}]}<\/script>\n<!-- \/ Yoast SEO plugin. -->","yoast_head_json":{"title":"Dagopvang | 0-4 jaar - Kinderopvang Little People","robots":{"index":"index","follow":"follow","max-snippet":"max-snippet:-1","max-image-preview":"max-image-preview:large","max-video-preview":"max-video-preview:-1"},"canonical":"https:\/\/www.kinderopvanglittlepeople.nl\/pl\/dagopvang\/","og_locale":"pl_PL","og_type":"article","og_title":"Dagopvang | 0-4 jaar - Kinderopvang Little People","og_description":"Little People wil een tweede thuis zijn voor uw kind. Zodat u met een gerust hart kunt gaan werken of een andere activiteit kunt gaan doen. Ons doel is dat uw kind zich bij ons net zo prettig voelt als bij u thuis. We vinden het belangrijk dat uw kind opgroeit in een betrouwbare, veilige&hellip;","og_url":"https:\/\/www.kinderopvanglittlepeople.nl\/pl\/dagopvang\/","og_site_name":"Kinderopvang Little People","article_publisher":"https:\/\/www.facebook.com\/KinderopvangLittlePeople","article_modified_time":"2024-10-23T16:00:48+00:00","og_image":[{"width":664,"height":384,"url":"https:\/\/www.kinderopvanglittlepeople.nl\/wp-content\/uploads\/kopfoto-0-4_resultaat.webp","type":"image\/webp"}],"twitter_misc":{"Szacowany czas czytania":"2 minuty"},"schema":{"@context":"https:\/\/schema.org","@graph":[{"@type":"WebPage","@id":"https:\/\/www.kinderopvanglittlepeople.nl\/dagopvang\/","url":"https:\/\/www.kinderopvanglittlepeople.nl\/dagopvang\/","name":"Dagopvang | 0-4 jaar - Kinderopvang Little People","isPartOf":{"@id":"https:\/\/www.kinderopvanglittlepeople.nl\/#website"},"primaryImageOfPage":{"@id":"https:\/\/www.kinderopvanglittlepeople.nl\/dagopvang\/#primaryimage"},"image":{"@id":"https:\/\/www.kinderopvanglittlepeople.nl\/dagopvang\/#primaryimage"},"thumbnailUrl":"https:\/\/www.kinderopvanglittlepeople.nl\/wp-content\/uploads\/kopfoto-0-4_resultaat.webp","datePublished":"2015-09-21T12:05:20+00:00","dateModified":"2024-10-23T16:00:48+00:00","breadcrumb":{"@id":"https:\/\/www.kinderopvanglittlepeople.nl\/dagopvang\/#breadcrumb"},"inLanguage":"pl-PL","potentialAction":[{"@type":"ReadAction","target":["https:\/\/www.kinderopvanglittlepeople.nl\/dagopvang\/"]}]},{"@type":"ImageObject","inLanguage":"pl-PL","@id":"https:\/\/www.kinderopvanglittlepeople.nl\/dagopvang\/#primaryimage","url":"https:\/\/www.kinderopvanglittlepeople.nl\/wp-content\/uploads\/kopfoto-0-4_resultaat.webp","contentUrl":"https:\/\/www.kinderopvanglittlepeople.nl\/wp-content\/uploads\/kopfoto-0-4_resultaat.webp","width":664,"height":384},{"@type":"BreadcrumbList","@id":"https:\/\/www.kinderopvanglittlepeople.nl\/dagopvang\/#breadcrumb","itemListElement":[{"@type":"ListItem","position":1,"name":"Home","item":"https:\/\/www.kinderopvanglittlepeople.nl\/"},{"@type":"ListItem","position":2,"name":"Dagopvang | 0-4 jaar"}]},{"@type":"WebSite","@id":"https:\/\/www.kinderopvanglittlepeople.nl\/#website","url":"https:\/\/www.kinderopvanglittlepeople.nl\/","name":"Opieka nad dzie\u0107mi Little People","description":"Domowa atmosfera, ma\u0142a skala i du\u017co osobistej uwagi dla ka\u017cdego dziecka.","publisher":{"@id":"https:\/\/www.kinderopvanglittlepeople.nl\/#organization"},"alternateName":"Een huiselijke sfeer, kleinschalig en v\u00e9\u00e9l persoonlijke aandacht voor ieder kind.","potentialAction":[{"@type":"SearchAction","target":{"@type":"EntryPoint","urlTemplate":"https:\/\/www.kinderopvanglittlepeople.nl\/?s={search_term_string}"},"query-input":{"@type":"PropertyValueSpecification","valueRequired":true,"valueName":"search_term_string"}}],"inLanguage":"pl-PL"},{"@type":"Organization","@id":"https:\/\/www.kinderopvanglittlepeople.nl\/#organization","name":"Opieka nad dzie\u0107mi Little People","alternateName":"Een huiselijke sfeer, kleinschalig en v\u00e9\u00e9l persoonlijke aandacht voor ieder kind.","url":"https:\/\/www.kinderopvanglittlepeople.nl\/","logo":{"@type":"ImageObject","inLanguage":"pl-PL","@id":"https:\/\/www.kinderopvanglittlepeople.nl\/#\/schema\/logo\/image\/","url":"https:\/\/www.kinderopvanglittlepeople.nl\/wp-content\/uploads\/logo-klp.svg","contentUrl":"https:\/\/www.kinderopvanglittlepeople.nl\/wp-content\/uploads\/logo-klp.svg","width":1,"height":1,"caption":"Kinderopvang Little People"},"image":{"@id":"https:\/\/www.kinderopvanglittlepeople.nl\/#\/schema\/logo\/image\/"},"sameAs":["https:\/\/www.facebook.com\/KinderopvangLittlePeople"]}]}},"_links":{"self":[{"href":"https:\/\/www.kinderopvanglittlepeople.nl\/pl\/wp-json\/wp\/v2\/pages\/360","targetHints":{"allow":["GET"]}}],"collection":[{"href":"https:\/\/www.kinderopvanglittlepeople.nl\/pl\/wp-json\/wp\/v2\/pages"}],"about":[{"href":"https:\/\/www.kinderopvanglittlepeople.nl\/pl\/wp-json\/wp\/v2\/types\/page"}],"author":[{"embeddable":true,"href":"https:\/\/www.kinderopvanglittlepeople.nl\/pl\/wp-json\/wp\/v2\/users\/4"}],"replies":[{"embeddable":true,"href":"https:\/\/www.kinderopvanglittlepeople.nl\/pl\/wp-json\/wp\/v2\/comments?post=360"}],"version-history":[{"count":0,"href":"https:\/\/www.kinderopvanglittlepeople.nl\/pl\/wp-json\/wp\/v2\/pages\/360\/revisions"}],"wp:featuredmedia":[{"embeddable":true,"href":"https:\/\/www.kinderopvanglittlepeople.nl\/pl\/wp-json\/wp\/v2\/media\/11513"}],"wp:attachment":[{"href":"https:\/\/www.kinderopvanglittlepeople.nl\/pl\/wp-json\/wp\/v2\/media?parent=360"}],"curies":[{"name":"wp","href":"https:\/\/api.w.org\/{rel}","templated":true}]}}