{"id":27,"date":"2015-07-07T12:58:04","date_gmt":"2015-07-07T11:58:04","guid":{"rendered":"https:\/\/kinderopvanglittlepeople.nl\/?page_id=27"},"modified":"2025-09-24T12:17:18","modified_gmt":"2025-09-24T11:17:18","slug":"tweede-thuis-kind-2","status":"publish","type":"page","link":"https:\/\/www.kinderopvanglittlepeople.nl\/pl\/","title":{"rendered":"Drugi dom dla Twojego dziecka!"},"content":{"rendered":"<h2>\n\t\t\tTo jest to, za czym si\u0119 opowiadamy:\n\t\t<\/h2>\n\t\t<ul>\n\t\t\t\t\t<li>\n\t\t\t\t\n\t\t<p><strong>Odpoczynek<\/strong><\/p>\t\t\t\n\t\t\t<\/li>\n\t\t\t\t\t<li>\n\t\t\t\t\n\t\t<p><strong>Regularno\u015b\u0107<\/strong><\/p>\t\t\t\n\t\t\t<\/li>\n\t\t\t\t\t<li>\n\t\t\t\t\n\t\t<p><strong>Czysto\u015b\u0107<\/strong><\/p>\t\t\t\n\t\t\t<\/li>\n\t\t\t\t\t<li>\n\t\t\t\t\n\t\t<p><strong>Kochaj\u0105cy<\/strong><\/p>\t\t\t\n\t\t\t<\/li>\n\t\t\t\t\t<li>\n\t\t\t\t\n\t\t<p><strong>Przejrzysto\u015b\u0107<\/strong><\/p>\t\t\t\n\t\t\t<\/li>\n\t\t\t\t\t<li>\n\t\t\t\t\n\t\t<p><strong>Profesjonalny<\/strong><\/p>\t\t\t\n\t\t\t<\/li>\n\t\t\t\t\t<li>\n\t\t\t\t\n\t\t<p><strong>Wsp\u00f3\u0142praca<\/strong><\/p>\t\t\t\n\t\t\t<\/li>\n\t\t\t\t\t<li>\n\t\t\t\t\n\t\t<p><strong>Dobra komunikacja<br \/><\/strong><\/p>\t\t\t\n\t\t\t<\/li>\n\t\t\t\t<\/ul>\n\t\t<h2>\n\t\t\tW ka\u017cdej lokalizacji monitorujemy opiek\u0119 na ma\u0142\u0105 skal\u0119 z domow\u0105 atmosfer\u0105, sta\u0142ym personelem i indywidualn\u0105 opiek\u0105 nad ka\u017cdym dzieckiem.\n\t\t<\/h2>\n<h2>\n\t\t\tRozw\u00f3j dziecka\t<\/h2>\n\t<p>U nas Twoje dziecko b\u0119dzie mia\u0142o mo\u017cliwo\u015b\u0107 pozytywnego rozwoju we w\u0142asnym tempie, zgodnie z wiekiem i osobistymi potrzebami rozwojowymi. Jest to dla nas bardzo wa\u017cne i regularnie konsultujemy si\u0119 z Tob\u0105 w tym celu. Ka\u017cde dziecko jest wyj\u0105tkowe i ma swoje talenty. Chcieliby\u015bmy wsp\u00f3lnie z Tob\u0105 je odkrywa\u0107 i pozytywnie stymulowa\u0107.<\/p>\n\t\t\t<a href=\"https:\/\/www.kinderopvanglittlepeople.nl\/pl\/dagopvang\/\" target=\"_self\">\n\t\t\t\t\t\t\t<img loading=\"lazy\" decoding=\"async\" src=\"https:\/\/www.kinderopvanglittlepeople.nl\/wp-content\/uploads\/dagopvang.webp\" alt=\"Dagopvang\" width=\"600\" height=\"450\" \/>\n\t\t\t\t\t\t<h3>Opieka dzienna<br \/>0-4 jaar<\/h3>\t\t\t\t\t\n\t\t\t<ul><li>Na ma\u0142\u0105 skal\u0119<\/li><li>Indywidualne podej\u015bcie<\/li><\/ul>\t\t\n\t\t<\/a>\n\t\t\t<a href=\"https:\/\/www.kinderopvanglittlepeople.nl\/pl\/kinderopvang\/peuterspeelzaal\/\" target=\"_self\">\n\t\t\t\t\t\t\t<img loading=\"lazy\" decoding=\"async\" src=\"https:\/\/www.kinderopvanglittlepeople.nl\/wp-content\/uploads\/Peuterspeelzaal-t-Hummeltje_web.webp\" alt=\"Peuterspeelzaal T Hummeltje Web\" width=\"600\" height=\"450\" \/>\n\t\t\t\t\t\t<h3>Przedszkole<br \/>2-4 lata<\/h3>\t\t\t\t\t\n\t\t\t<ul><li>Nauka przez zabaw\u0119<\/li><li>Spersonalizowane aran\u017cacje<\/li><\/ul>\t\t\n\t\t<\/a>\n\t\t\t<a href=\"https:\/\/www.kinderopvanglittlepeople.nl\/pl\/4-13-jaar-bso\/\" target=\"_self\">\n\t\t\t\t\t\t\t<img loading=\"lazy\" decoding=\"async\" src=\"https:\/\/www.kinderopvanglittlepeople.nl\/wp-content\/uploads\/BSO.Wilhelmindorp.10.webp\" alt=\"BSO.Wilhelmindorp.10\" width=\"600\" height=\"450\" \/>\n\t\t\t\t\t\t<h3>kolejny krok BSO<br \/>4-13 lat<\/h3>\t\t\t\t\t\n\t\t\t<ul><li>Schron na ma\u0142\u0105 skal\u0119<\/li><li>R\u00f3\u017cne lokalizacje<\/li><li>Ceg\u0142y wsp\u00f3\u0142pracy<\/li><\/ul>\t\t\n\t\t<\/a>\n\t\t\t<a href=\"https:\/\/www.kinderopvanglittlepeople.nl\/pl\/rondleiding\/\" target=\"_self\">\n\t\t\t\t\t\tZam\u00f3w wycieczk\u0119 z przewodnikiem\n\t\t\t\t\t<\/a>\n\t<h2>Wsp\u00f3\u0142praca Centrum Dziecka <img loading=\"lazy\" decoding=\"async\" src=\"https:\/\/www.bestkinderopvang.nl\/wp-content\/uploads\/bricks.png\" alt=\"\" width=\"151\" height=\"47\" \/><br \/>\n<\/h2>\n\tTwoje dziecko jest u nas mile widziane od 0 do 13 lat. W tym celu oferujemy r\u00f3\u017cne grupy opieki nad dzie\u0107mi: opiek\u0119 dzienn\u0105, opiek\u0119 pozaszkoln\u0105 i zabaw\u0119 dla maluch\u00f3w. Nawi\u0105zali\u015bmy \u015bcis\u0142\u0105 wsp\u00f3\u0142prac\u0119 ze szko\u0142\u0105 podstawow\u0105 KC Br!cks.<br \/>\nWsp\u00f3\u0142praca ta oferuje wiele korzy\u015bci.\n<p>Poniewa\u017c dobrze znamy Twoje dziecko i metody pracy szk\u00f3\u0142, mo\u017cemy doradzi\u0107 Ci, kt\u00f3ra szko\u0142a jest najbardziej odpowiednia dla Twojego dziecka. Oczywi\u015bcie wyb\u00f3r nale\u017cy do Ciebie.<\/p>","protected":false},"excerpt":{"rendered":"<p>Dit is waar wij voor staan: Rust Regelmaat Reinheid Liefdevol Duidelijkheid Professioneel Samenwerking Goede communicatie Op elke locatie bewaken wij kleinschalige opvang met een huiselijke sfeer, vaste personeel en persoonlijke aandacht voor ieder kind. Ontwikkeling van uw kind Uw kind krijgt bij ons de kans zich positief te ontwikkelen, in een eigen tempo, dat past&hellip;<\/p>","protected":false},"author":1,"featured_media":11425,"parent":0,"menu_order":0,"comment_status":"closed","ping_status":"closed","template":"","meta":{"footnotes":""},"class_list":["post-27","page","type-page","status-publish","has-post-thumbnail","hentry"],"yoast_head":"<!-- This site is optimized with the Yoast SEO plugin v27.4 - https:\/\/yoast.com\/product\/yoast-seo-wordpress\/ -->\n<title>Een tweede thuis voor uw kind ! - Kinderopvang Little People<\/title>\n<meta name=\"description\" content=\"Een tweede thuis voor uw kind. Kleinschalige, huiselijke kinderopvang in de Gemeente Best met v\u00e9\u00e9l persoonlijke aandacht voor ieder kind.\" \/>\n<meta name=\"robots\" content=\"index, follow, max-snippet:-1, max-image-preview:large, max-video-preview:-1\" \/>\n<link rel=\"canonical\" href=\"https:\/\/www.kinderopvanglittlepeople.nl\/pl\/\" \/>\n<meta property=\"og:locale\" content=\"pl_PL\" \/>\n<meta property=\"og:type\" content=\"article\" \/>\n<meta property=\"og:title\" content=\"Een tweede thuis voor uw kind ! - Kinderopvang Little People\" \/>\n<meta property=\"og:description\" content=\"Een tweede thuis voor uw kind. Kleinschalige, huiselijke kinderopvang in de Gemeente Best met v\u00e9\u00e9l persoonlijke aandacht voor ieder kind.\" \/>\n<meta property=\"og:url\" content=\"https:\/\/www.kinderopvanglittlepeople.nl\/pl\/\" \/>\n<meta property=\"og:site_name\" content=\"Kinderopvang Little People\" \/>\n<meta property=\"article:publisher\" content=\"https:\/\/www.facebook.com\/KinderopvangLittlePeople\" \/>\n<meta property=\"article:modified_time\" content=\"2025-09-24T11:17:18+00:00\" \/>\n<meta property=\"og:image\" content=\"https:\/\/www.kinderopvanglittlepeople.nl\/wp-content\/uploads\/home_resultaat.webp\" \/>\n\t<meta property=\"og:image:width\" content=\"664\" \/>\n\t<meta property=\"og:image:height\" content=\"384\" \/>\n\t<meta property=\"og:image:type\" content=\"image\/webp\" \/>\n<meta name=\"twitter:label1\" content=\"Szacowany czas czytania\" \/>\n\t<meta name=\"twitter:data1\" content=\"3 minuty\" \/>\n<script type=\"application\/ld+json\" class=\"yoast-schema-graph\">{\"@context\":\"https:\\\/\\\/schema.org\",\"@graph\":[{\"@type\":\"WebPage\",\"@id\":\"https:\\\/\\\/www.kinderopvanglittlepeople.nl\\\/\",\"url\":\"https:\\\/\\\/www.kinderopvanglittlepeople.nl\\\/\",\"name\":\"Een tweede thuis voor uw kind ! - Kinderopvang Little People\",\"isPartOf\":{\"@id\":\"https:\\\/\\\/www.kinderopvanglittlepeople.nl\\\/#website\"},\"primaryImageOfPage\":{\"@id\":\"https:\\\/\\\/www.kinderopvanglittlepeople.nl\\\/#primaryimage\"},\"image\":{\"@id\":\"https:\\\/\\\/www.kinderopvanglittlepeople.nl\\\/#primaryimage\"},\"thumbnailUrl\":\"https:\\\/\\\/www.kinderopvanglittlepeople.nl\\\/wp-content\\\/uploads\\\/home_resultaat.webp\",\"datePublished\":\"2015-07-07T11:58:04+00:00\",\"dateModified\":\"2025-09-24T11:17:18+00:00\",\"description\":\"Een tweede thuis voor uw kind. Kleinschalige, huiselijke kinderopvang in de Gemeente Best met v\u00e9\u00e9l persoonlijke aandacht voor ieder kind.\",\"breadcrumb\":{\"@id\":\"https:\\\/\\\/www.kinderopvanglittlepeople.nl\\\/#breadcrumb\"},\"inLanguage\":\"pl-PL\",\"potentialAction\":[{\"@type\":\"ReadAction\",\"target\":[\"https:\\\/\\\/www.kinderopvanglittlepeople.nl\\\/\"]}]},{\"@type\":\"ImageObject\",\"inLanguage\":\"pl-PL\",\"@id\":\"https:\\\/\\\/www.kinderopvanglittlepeople.nl\\\/#primaryimage\",\"url\":\"https:\\\/\\\/www.kinderopvanglittlepeople.nl\\\/wp-content\\\/uploads\\\/home_resultaat.webp\",\"contentUrl\":\"https:\\\/\\\/www.kinderopvanglittlepeople.nl\\\/wp-content\\\/uploads\\\/home_resultaat.webp\",\"width\":664,\"height\":384},{\"@type\":\"BreadcrumbList\",\"@id\":\"https:\\\/\\\/www.kinderopvanglittlepeople.nl\\\/#breadcrumb\",\"itemListElement\":[{\"@type\":\"ListItem\",\"position\":1,\"name\":\"Home\",\"item\":\"https:\\\/\\\/www.kinderopvanglittlepeople.nl\\\/\"},{\"@type\":\"ListItem\",\"position\":2,\"name\":\"Een tweede thuis voor uw kind !\"}]},{\"@type\":\"WebSite\",\"@id\":\"https:\\\/\\\/www.kinderopvanglittlepeople.nl\\\/#website\",\"url\":\"https:\\\/\\\/www.kinderopvanglittlepeople.nl\\\/\",\"name\":\"Kinderopvang Little People\",\"description\":\"Een huiselijke sfeer, kleinschalig en v\u00e9\u00e9l persoonlijke aandacht voor ieder kind.\",\"publisher\":{\"@id\":\"https:\\\/\\\/www.kinderopvanglittlepeople.nl\\\/#organization\"},\"alternateName\":\"Een huiselijke sfeer, kleinschalig en v\u00e9\u00e9l persoonlijke aandacht voor ieder kind.\",\"potentialAction\":[{\"@type\":\"SearchAction\",\"target\":{\"@type\":\"EntryPoint\",\"urlTemplate\":\"https:\\\/\\\/www.kinderopvanglittlepeople.nl\\\/?s={search_term_string}\"},\"query-input\":{\"@type\":\"PropertyValueSpecification\",\"valueRequired\":true,\"valueName\":\"search_term_string\"}}],\"inLanguage\":\"pl-PL\"},{\"@type\":\"Organization\",\"@id\":\"https:\\\/\\\/www.kinderopvanglittlepeople.nl\\\/#organization\",\"name\":\"Kinderopvang Little People\",\"alternateName\":\"Een huiselijke sfeer, kleinschalig en v\u00e9\u00e9l persoonlijke aandacht voor ieder kind.\",\"url\":\"https:\\\/\\\/www.kinderopvanglittlepeople.nl\\\/\",\"logo\":{\"@type\":\"ImageObject\",\"inLanguage\":\"pl-PL\",\"@id\":\"https:\\\/\\\/www.kinderopvanglittlepeople.nl\\\/#\\\/schema\\\/logo\\\/image\\\/\",\"url\":\"https:\\\/\\\/www.kinderopvanglittlepeople.nl\\\/wp-content\\\/uploads\\\/logo-klp.svg\",\"contentUrl\":\"https:\\\/\\\/www.kinderopvanglittlepeople.nl\\\/wp-content\\\/uploads\\\/logo-klp.svg\",\"width\":1,\"height\":1,\"caption\":\"Kinderopvang Little People\"},\"image\":{\"@id\":\"https:\\\/\\\/www.kinderopvanglittlepeople.nl\\\/#\\\/schema\\\/logo\\\/image\\\/\"},\"sameAs\":[\"https:\\\/\\\/www.facebook.com\\\/KinderopvangLittlePeople\"]}]}<\/script>\n<!-- \/ Yoast SEO plugin. -->","yoast_head_json":{"title":"Een tweede thuis voor uw kind ! - Kinderopvang Little People","description":"Een tweede thuis voor uw kind. Kleinschalige, huiselijke kinderopvang in de Gemeente Best met v\u00e9\u00e9l persoonlijke aandacht voor ieder kind.","robots":{"index":"index","follow":"follow","max-snippet":"max-snippet:-1","max-image-preview":"max-image-preview:large","max-video-preview":"max-video-preview:-1"},"canonical":"https:\/\/www.kinderopvanglittlepeople.nl\/pl\/","og_locale":"pl_PL","og_type":"article","og_title":"Een tweede thuis voor uw kind ! - Kinderopvang Little People","og_description":"Een tweede thuis voor uw kind. Kleinschalige, huiselijke kinderopvang in de Gemeente Best met v\u00e9\u00e9l persoonlijke aandacht voor ieder kind.","og_url":"https:\/\/www.kinderopvanglittlepeople.nl\/pl\/","og_site_name":"Kinderopvang Little People","article_publisher":"https:\/\/www.facebook.com\/KinderopvangLittlePeople","article_modified_time":"2025-09-24T11:17:18+00:00","og_image":[{"width":664,"height":384,"url":"https:\/\/www.kinderopvanglittlepeople.nl\/wp-content\/uploads\/home_resultaat.webp","type":"image\/webp"}],"twitter_misc":{"Szacowany czas czytania":"3 minuty"},"schema":{"@context":"https:\/\/schema.org","@graph":[{"@type":"WebPage","@id":"https:\/\/www.kinderopvanglittlepeople.nl\/","url":"https:\/\/www.kinderopvanglittlepeople.nl\/","name":"Een tweede thuis voor uw kind ! - Kinderopvang Little People","isPartOf":{"@id":"https:\/\/www.kinderopvanglittlepeople.nl\/#website"},"primaryImageOfPage":{"@id":"https:\/\/www.kinderopvanglittlepeople.nl\/#primaryimage"},"image":{"@id":"https:\/\/www.kinderopvanglittlepeople.nl\/#primaryimage"},"thumbnailUrl":"https:\/\/www.kinderopvanglittlepeople.nl\/wp-content\/uploads\/home_resultaat.webp","datePublished":"2015-07-07T11:58:04+00:00","dateModified":"2025-09-24T11:17:18+00:00","description":"Een tweede thuis voor uw kind. Kleinschalige, huiselijke kinderopvang in de Gemeente Best met v\u00e9\u00e9l persoonlijke aandacht voor ieder kind.","breadcrumb":{"@id":"https:\/\/www.kinderopvanglittlepeople.nl\/#breadcrumb"},"inLanguage":"pl-PL","potentialAction":[{"@type":"ReadAction","target":["https:\/\/www.kinderopvanglittlepeople.nl\/"]}]},{"@type":"ImageObject","inLanguage":"pl-PL","@id":"https:\/\/www.kinderopvanglittlepeople.nl\/#primaryimage","url":"https:\/\/www.kinderopvanglittlepeople.nl\/wp-content\/uploads\/home_resultaat.webp","contentUrl":"https:\/\/www.kinderopvanglittlepeople.nl\/wp-content\/uploads\/home_resultaat.webp","width":664,"height":384},{"@type":"BreadcrumbList","@id":"https:\/\/www.kinderopvanglittlepeople.nl\/#breadcrumb","itemListElement":[{"@type":"ListItem","position":1,"name":"Home","item":"https:\/\/www.kinderopvanglittlepeople.nl\/"},{"@type":"ListItem","position":2,"name":"Een tweede thuis voor uw kind !"}]},{"@type":"WebSite","@id":"https:\/\/www.kinderopvanglittlepeople.nl\/#website","url":"https:\/\/www.kinderopvanglittlepeople.nl\/","name":"Opieka nad dzie\u0107mi Little People","description":"Domowa atmosfera, ma\u0142a skala i du\u017co osobistej uwagi dla ka\u017cdego dziecka.","publisher":{"@id":"https:\/\/www.kinderopvanglittlepeople.nl\/#organization"},"alternateName":"Een huiselijke sfeer, kleinschalig en v\u00e9\u00e9l persoonlijke aandacht voor ieder kind.","potentialAction":[{"@type":"SearchAction","target":{"@type":"EntryPoint","urlTemplate":"https:\/\/www.kinderopvanglittlepeople.nl\/?s={search_term_string}"},"query-input":{"@type":"PropertyValueSpecification","valueRequired":true,"valueName":"search_term_string"}}],"inLanguage":"pl-PL"},{"@type":"Organization","@id":"https:\/\/www.kinderopvanglittlepeople.nl\/#organization","name":"Opieka nad dzie\u0107mi Little People","alternateName":"Een huiselijke sfeer, kleinschalig en v\u00e9\u00e9l persoonlijke aandacht voor ieder kind.","url":"https:\/\/www.kinderopvanglittlepeople.nl\/","logo":{"@type":"ImageObject","inLanguage":"pl-PL","@id":"https:\/\/www.kinderopvanglittlepeople.nl\/#\/schema\/logo\/image\/","url":"https:\/\/www.kinderopvanglittlepeople.nl\/wp-content\/uploads\/logo-klp.svg","contentUrl":"https:\/\/www.kinderopvanglittlepeople.nl\/wp-content\/uploads\/logo-klp.svg","width":1,"height":1,"caption":"Kinderopvang Little People"},"image":{"@id":"https:\/\/www.kinderopvanglittlepeople.nl\/#\/schema\/logo\/image\/"},"sameAs":["https:\/\/www.facebook.com\/KinderopvangLittlePeople"]}]}},"_links":{"self":[{"href":"https:\/\/www.kinderopvanglittlepeople.nl\/pl\/wp-json\/wp\/v2\/pages\/27","targetHints":{"allow":["GET"]}}],"collection":[{"href":"https:\/\/www.kinderopvanglittlepeople.nl\/pl\/wp-json\/wp\/v2\/pages"}],"about":[{"href":"https:\/\/www.kinderopvanglittlepeople.nl\/pl\/wp-json\/wp\/v2\/types\/page"}],"author":[{"embeddable":true,"href":"https:\/\/www.kinderopvanglittlepeople.nl\/pl\/wp-json\/wp\/v2\/users\/1"}],"replies":[{"embeddable":true,"href":"https:\/\/www.kinderopvanglittlepeople.nl\/pl\/wp-json\/wp\/v2\/comments?post=27"}],"version-history":[{"count":0,"href":"https:\/\/www.kinderopvanglittlepeople.nl\/pl\/wp-json\/wp\/v2\/pages\/27\/revisions"}],"wp:featuredmedia":[{"embeddable":true,"href":"https:\/\/www.kinderopvanglittlepeople.nl\/pl\/wp-json\/wp\/v2\/media\/11425"}],"wp:attachment":[{"href":"https:\/\/www.kinderopvanglittlepeople.nl\/pl\/wp-json\/wp\/v2\/media?parent=27"}],"curies":[{"name":"wp","href":"https:\/\/api.w.org\/{rel}","templated":true}]}}