{"id":236,"date":"2015-07-17T14:10:46","date_gmt":"2015-07-17T13:10:46","guid":{"rendered":"https:\/\/kinderopvanglittlepeople.nl\/?page_id=236"},"modified":"2024-10-24T09:05:02","modified_gmt":"2024-10-24T08:05:02","slug":"tarieven","status":"publish","type":"page","link":"https:\/\/www.kinderopvanglittlepeople.nl\/pl\/tarieven\/","title":{"rendered":"Stawki"},"content":{"rendered":"<h2 id=\"fancy-title-4\">Opieka dzienna, pozaszkolna i przedszkolna<\/h2>\n<p>Poniewa\u017c chcemy by\u0107 elastyczni, dok\u0142adamy wszelkich stara\u0144, aby spe\u0142ni\u0107 Twoje potrzeby. Przygl\u0105damy si\u0119 mo\u017cliwo\u015bciom, omawiamy je, a nast\u0119pnie otrzymujesz wycen\u0119 na ich podstawie.<\/p>\nWe bieden diverse soorten contracten. Deze zijn inclusief fruit, drankjes, lunch en soepstengel. Voor de lunch heeft u de keuze voor een broodmaaltijd of, vanaf de leeftijd van 10 maanden, een warme maaltijd.\nAfhankelijk van uw wensen maken we uw persoonlijke contract op.\nOm u een indicatie te geven van onze tarieven kunt u hieronder klikken op de buttons van de betreffende opvang.\n<p>&nbsp;<\/p>\n<p>Aby uzyska\u0107 najlepszy obraz naszej opieki na ma\u0142\u0105 skal\u0119, zapraszamy do osobistego wprowadzenia. Zach\u0119camy do um\u00f3wienia si\u0119 na niezobowi\u0105zuj\u0105ce spotkanie pod numerem 0499-850 352 lub skorzystania z formularza kontaktowego <a href=\"https:\/\/www.kinderopvanglittlepeople.nl\/pl\/contact\/\">formularz kontaktowy<\/a>.<\/p>\n\t\t\t<a href=\"https:\/\/www.bestkinderopvang.nl\/tarieven#dagopvang\" target=\"_self\" rel=\"noopener\">\n\t\t\t\t\t\t\t<img decoding=\"async\" src=\"https:\/\/www.kinderopvanglittlepeople.nl\/wp-content\/uploads\/2015\/12\/DSC00634.jpg\" alt=\"Aan tafel dagopvang\" \/>\n\t\t<h3>Opieka dzienna<\/h3>\n\t\t\t<p>Od poniedzia\u0142ku do pi\u0105tku ju\u017c od 05:45.<strong>Zobacz stawki<\/strong><\/p>\t\t\n\t\t<\/a>\n\t\t\t<a href=\"https:\/\/www.bestkinderopvang.nl\/tarieven#Peuterarrangementen\" target=\"_self\" rel=\"noopener\">\n\t\t\t\t\t\t\t<img decoding=\"async\" src=\"https:\/\/www.kinderopvanglittlepeople.nl\/wp-content\/uploads\/2016\/03\/Peuterspeelzaal.10.jpg\" alt=\"Peuterspeelzaal.10\" \/>\n\t\t<h3>Aran\u017cacje dla maluch\u00f3w<\/h3>\n\t\t\t<p>Od poniedzia\u0142ku do pi\u0105tku, rano i po po\u0142udniu<strong>Zobacz stawki<\/strong><\/p>\t\t\n\t\t<\/a>\n\t\t\t<a href=\"https:\/\/www.bestkinderopvang.nl\/tarieven#bso\" target=\"_self\" rel=\"noopener\">\n\t\t\t\t\t\t\t<img decoding=\"async\" src=\"https:\/\/www.kinderopvanglittlepeople.nl\/wp-content\/uploads\/2016\/03\/BSO.Wilhelminadorp.11.jpg\" alt=\"BSO.Wilhelminadorp.11\" \/>\n\t\t<h3>BSO<\/h3>\n\t\t\t<p>Od poniedzia\u0142ku do pi\u0105tku po szkole i w czasie wakacji szkolnych.<strong>Zobacz stawki<\/strong><\/p>\t\t\n\t\t<\/a>\n<h1>\n\t\tOpieka dzienna\n\t<\/h1>\n\n<h2><strong>Orientacyjne stawki godzinowe:<\/strong><\/h2>\n\n<table id=\"tablepress-2\" class=\"tablepress tablepress-id-2\">\n<tbody>\n<tr class=\"row-1\">\n\t<td class=\"column-1\">Opieka strukturalna<\/td><td class=\"column-2\">10,00 \u20ac za dziecko, za godzin\u0119, w tym posi\u0142ki. Na lunch mo\u017cna wybra\u0107 posi\u0142ek w postaci chleba lub ciep\u0142ego posi\u0142ku.<\/td>\n<\/tr>\n<tr class=\"row-2\">\n\t<td class=\"column-1\"><\/td><td class=\"column-2\"><\/td>\n<\/tr>\n<\/tbody>\n<\/table>\n<!-- #tablepress-2 from cache -->\n\t<strong>Ubieganie si\u0119 o zasi\u0142ek opieku\u0144czy<\/strong><br \/>\nOpieka nad dzie\u0107mi Little People jest prawnie uznana i wymieniona w krajowym rejestrze opieki nad dzie\u0107mi (LRK). W zwi\u0105zku z tym mo\u017cesz ubiega\u0107 si\u0119 o zasi\u0142ek z tytu\u0142u opieki nad dzieckiem. Chcesz uzyska\u0107 wi\u0119cej informacji na temat wysoko\u015bci \u015bwiadcze\u0144? Wejd\u017a na stron\u0119 <a href=\"https:\/\/www.toeslagen.nl\" target=\"_blank\" rel=\"noopener noreferrer\">www.toeslagen.nl<\/a>\n<h2><strong>Przyk\u0142ady wykorzystania ca\u0142ych dni:<\/strong><\/h2>\n<p>Minimalny zakup na ca\u0142y dzie\u0144 to 9,5 godziny. Czas ten mo\u017cna zawsze wyd\u0142u\u017cy\u0107 o p\u00f3\u0142 godziny.<\/p>\n\n<table id=\"tablepress-12\" class=\"tablepress tablepress-id-12\">\n<tbody>\n<tr class=\"row-1\">\n\t<td class=\"column-1\">Wczesny odbi\u00f3r*<\/td><td class=\"column-2\">05.45 - 16.00 <\/td>\n<\/tr>\n<tr class=\"row-2\">\n\t<td class=\"column-1\">Normalny odbi\u00f3r<\/td><td class=\"column-2\">08.00 - 17.30<\/td>\n<\/tr>\n<tr class=\"row-3\">\n\t<td class=\"column-1\">P\u00f3\u017ana opieka<\/td><td class=\"column-2\">09:00 - 18:30<\/td>\n<\/tr>\n<tr class=\"row-4\">\n\t<td class=\"column-1\">D\u0142ugi odbi\u00f3r<\/td><td class=\"column-2\">07:30 - 18:30<\/td>\n<\/tr>\n<\/tbody>\n<\/table>\n<!-- #tablepress-12 from cache -->\n<p><em>*Godziny otwarcia mog\u0105 si\u0119 r\u00f3\u017cni\u0107 w zale\u017cno\u015bci od lokalizacji.<\/em><\/p>\n<h1>\n\t\tUk\u0142ad dla maluch\u00f3w\n\t<\/h1>\nHieronder treft u de tarieven en contractmogelijkheden aan van onze dienstverlening &#8216;Peuterarrangementen&#8217;.\n<h2><strong>Orientacyjne stawki godzinowe:<\/strong><\/h2>\n\n<table id=\"tablepress-10\" class=\"tablepress tablepress-id-10\">\n<tbody>\n<tr class=\"row-1\">\n\t<td class=\"column-1\">Dw\u00f3ch zarabiaj\u0105cych<\/td><td class=\"column-2\">10,00 \u20ac za dziecko za godzin\u0119. Dodatek na opiek\u0119 nad dzieckiem, o kt\u00f3ry mo\u017cna si\u0119 ubiega\u0107.<\/td>\n<\/tr>\n<tr class=\"row-2\">\n\t<td class=\"column-1\">Samotny rodzic lub rodzina z jednym zarabiaj\u0105cym<\/td><td class=\"column-2\">Little People ubiega si\u0119 o dofinansowanie. Miesi\u0119czny wk\u0142ad w\u0142asny liczony jest na gospodarstwo domowe.<\/td>\n<\/tr>\n<tr class=\"row-3\">\n\t<td class=\"column-1\">Wskazanie VVE<\/td><td class=\"column-2\">Little People ubiega si\u0119 o dofinansowanie. Miesi\u0119czny wk\u0142ad w\u0142asny liczony jest na gospodarstwo domowe.<\/td>\n<\/tr>\n<\/tbody>\n<\/table>\n<!-- #tablepress-10 from cache -->\n\t<strong>Ubieganie si\u0119 o zasi\u0142ek na opiek\u0119 nad dzieckiem i subsisdies Preschool Arrangements<\/strong><br \/>\nJe\u015bli rodzic (rodzice) lub opiekun (opiekunowie) nie s\u0105 uprawnieni do zasi\u0142ku na opiek\u0119 nad dzieckiem, o kt\u00f3rym mowa w ustawie o opiece nad dzie\u0107mi, mog\u0105 kwalifikowa\u0107 si\u0119 do otrzymania dotowanej stawki za udzia\u0142 w programie dla maluch\u00f3w.<br \/>\nOd 1 stycznia 2017 r. w takim przypadku b\u0119dziesz p\u0142aci\u0107 zale\u017cn\u0105 od dochodu sk\u0142adk\u0119 rodzicielsk\u0105 na Childcare Little People, podobn\u0105 do zasi\u0142ku na opiek\u0119 nad dzieckiem z urz\u0119du skarbowego.<br \/>\nDe Gemeente Best betaalt vervolgens aan Kinderopvang Little People de rest van het uurtarief.\nVoor meer informatie kunt u hierover contact opnemen met Kinderopvang Little People of de Gemeente Best. Klik <a href=\"https:\/\/decentrale.regelgeving.overheid.nl\/cvdr\/xhtmloutput\/historie\/Best\/372967\/372967_1.html\" target=\"_blank\" rel=\"noopener noreferrer\">tutaj<\/a> w celu uzyskania pe\u0142nych informacji.<br \/>\nPonadto mo\u017cna <a href=\"https:\/\/decentrale.regelgeving.overheid.nl\/cvdr\/xhtmloutput\/historie\/Best\/372967\/372967_1.html\" target=\"_blank\" rel=\"noopener noreferrer\">tutaj<\/a> Pobierz ulotk\u0119 ze strony Najlepsza gmina.\n<p>Je\u015bli chcesz um\u00f3wi\u0107 si\u0119 na spotkanie, zadzwo\u0144 pod numer 0499 85 03 52 lub wype\u0142nij poni\u017cszy formularz <a href=\"https:\/\/www.kinderopvanglittlepeople.nl\/pl\/contact\/\" rel=\"noopener\">tutaj<\/a> wype\u0142nij nasz formularz kontaktowy.<\/p>\n<h1>\n\t\t  Opieka pozaszkolna (BSO)\n\t<\/h1>\n\tW ramach naszej opieki pozaszkolnej oferujemy kilka opcji um\u00f3w. Opieraj\u0105 si\u0119 one na liczbie tygodni opieki nad dzieckiem w skali roku, z wy\u0142\u0105czeniem wakacji.\n<h2><strong>Przyk\u0142adowe umowy BSO:<\/strong><\/h2>\n\n<table id=\"tablepress-7\" class=\"tablepress tablepress-id-7\">\n<tbody>\n<tr class=\"row-1\">\n\t<td class=\"column-1\">Umowa na 40 tygodni, tylko w dni nauki szkolnej<\/td><td class=\"column-2\">godziny do negocjacji<\/td>\n<\/tr>\n<tr class=\"row-2\">\n\t<td class=\"column-1\">40 tygodni w dni szkolne i 6 tygodni opieki wakacyjnej       <\/td><td class=\"column-2\">godziny do negocjacji<\/td>\n<\/tr>\n<tr class=\"row-3\">\n\t<td class=\"column-1\">40 tygodni w dni szkolne i 9 tygodni opieki wakacyjnej   <\/td><td class=\"column-2\">godziny do negocjacji<\/td>\n<\/tr>\n<tr class=\"row-4\">\n\t<td class=\"column-1\">40 tygodni w dni szkolne i 12 tygodni opieki wakacyjnej przez ca\u0142y rok  <\/td><td class=\"column-2\">godziny do negocjacji<\/td>\n<\/tr>\n<tr class=\"row-5\">\n\t<td class=\"column-1\">Dodatkowa opieka nad dzie\u0107mi podczas dni nauki     <\/td><td class=\"column-2\">godziny do negocjacji<\/td>\n<\/tr>\n<tr class=\"row-6\">\n\t<td class=\"column-1\">\u015aroda i pi\u0105tek po po\u0142udniu<\/td><td class=\"column-2\">Dost\u0119pne przez ca\u0142y rok po szkole.<\/td>\n<\/tr>\n<\/tbody>\n<\/table>\n<!-- #tablepress-7 from cache -->\n\t<p><strong>Ceny wynosz\u0105 9,75 \u20ac za godzin\u0119. Cena obejmuje:<\/strong><\/p>\n<ul>\n<li>Odbi\u00f3r ze szko\u0142y.<\/li>\n<li>Wszystkie napoje i posi\u0142ki.<\/li>\n<li>Wszystkie zaj\u0119cia sportowe i gry<\/li>\n<li>Wszystkie inne dzia\u0142ania, chyba \u017ce zostan\u0105 zg\u0142oszone z wyprzedzeniem<\/li>\n<li>Po przybyciu do BSO wszystkie dzieci otrzymuj\u0105 kanapk\u0119 i owoce.<\/li>\n<li>In de vakantieperiodes eten we in de ochtend fruit en is er een lunch voor alle kinderen. Ook &#8217;s middags eten we nog wat met alle kinderen.<\/li>\n<\/ul>\n<p>Dzia\u0142amy na ma\u0142\u0105 skal\u0119, jeste\u015bmy elastyczni i lubimy my\u015ble\u0107 razem z Tob\u0105. Wszystko mo\u017cna om\u00f3wi\u0107 podczas konsultacji.<\/p>\n<p>Je\u015bli masz jakie\u015b pytania, zawsze mo\u017cesz <a href=\"https:\/\/www.kinderopvanglittlepeople.nl\/pl\/contact\/\">kontakt<\/a> z nami.<\/p>\n<strong>Ubieganie si\u0119 o zasi\u0142ek opieku\u0144czy<\/strong><br \/>\nOpieka nad dzie\u0107mi Little People jest prawnie uznana i wymieniona w krajowym rejestrze opieki nad dzie\u0107mi (LRK). W zwi\u0105zku z tym mo\u017cesz ubiega\u0107 si\u0119 o zasi\u0142ek z tytu\u0142u opieki nad dzieckiem. Chcesz uzyska\u0107 wi\u0119cej informacji na temat wysoko\u015bci \u015bwiadcze\u0144? Wejd\u017a na stron\u0119 <a href=\"https:\/\/www.toeslagen.nl\" target=\"_blank\" rel=\"noopener noreferrer\">www.toeslagen.nl<\/a>\n<p>Je\u015bli chcesz um\u00f3wi\u0107 si\u0119 na spotkanie, zadzwo\u0144 pod numer 0499-850 352 lub wype\u0142nij formularz <a href=\"https:\/\/www.kinderopvanglittlepeople.nl\/pl\/contact\/\">formularz kontaktowy <\/a>W.<\/p>\n<h1>\n\t\tPrzegl\u0105d numer\u00f3w LRK\n\t<\/h1>\n\t\n<table id=\"tablepress-11\" class=\"tablepress tablepress-id-11\">\n<tbody>\n<tr class=\"row-1\">\n\t<td class=\"column-1\">Wilhelminadorp<\/td><td class=\"column-2\">Opieka dzienna<\/td><td class=\"column-3\">Verleunstraat 27, 5684 TT Best<\/td><td class=\"column-4\">937917746<\/td>\n<\/tr>\n<tr class=\"row-2\">\n\t<td class=\"column-1\"><\/td><td class=\"column-2\">Grupa zabaw 'T Hummeltje<\/td><td class=\"column-3\">Verleunstraat 29, 5684 TT Best<\/td><td class=\"column-4\">191591294<\/td>\n<\/tr>\n<tr class=\"row-3\">\n\t<td class=\"column-1\"><\/td><td class=\"column-2\">BSO<\/td><td class=\"column-3\">Verleunstraat 29, 5684 TT Best<\/td><td class=\"column-4\">173444398<\/td>\n<\/tr>\n<tr class=\"row-4\">\n\t<td class=\"column-1\">Wildhill<\/td><td class=\"column-2\">Opieka dzienna <\/td><td class=\"column-3\">Wildheuvel 17-19, 5685 CD Best<\/td><td class=\"column-4\">158472263<\/td>\n<\/tr>\n<tr class=\"row-5\">\n\t<td class=\"column-1\"><\/td><td class=\"column-2\">Grupa zabaw Wildheuvel<\/td><td class=\"column-3\">Wildheuvel 17-19, 5685 CD Best<\/td><td class=\"column-4\">177691153<\/td>\n<\/tr>\n<tr class=\"row-6\">\n\t<td class=\"column-1\"><\/td><td class=\"column-2\">BSO<\/td><td class=\"column-3\">Wildheuvel 17-19, 5685 CD Best<\/td><td class=\"column-4\">100657084<\/td>\n<\/tr>\n<tr class=\"row-7\">\n\t<td class=\"column-1\">Naastbest<\/td><td class=\"column-2\">Opieka dzienna<\/td><td class=\"column-3\">Koningin Emmalaan 27, 5684 BA Best<\/td><td class=\"column-4\">283589942<\/td>\n<\/tr>\n<\/tbody>\n<\/table>\n<!-- #tablepress-11 from cache -->","protected":false},"excerpt":{"rendered":"<p>Dagopvang, Buiten Schoolse Opvang (BSO) en Peuterarrangementen Omdat we flexibel willen zijn, doen we ons best om aan uw wensen tegemoet te komen. We bekijken de mogelijkheden, bespreken die en vervolgens ontvangt u een offerte op basis van deze mogelijkheden. We bieden diverse soorten contracten. Deze zijn inclusief fruit, drankjes, lunch en soepstengel. Voor de&hellip;<\/p>","protected":false},"author":1,"featured_media":11445,"parent":0,"menu_order":0,"comment_status":"closed","ping_status":"closed","template":"","meta":{"footnotes":""},"class_list":["post-236","page","type-page","status-publish","has-post-thumbnail","hentry"],"yoast_head":"<!-- This site is optimized with the Yoast SEO plugin v27.4 - https:\/\/yoast.com\/product\/yoast-seo-wordpress\/ -->\n<title>Tarieven - Kinderopvang Little People<\/title>\n<meta name=\"robots\" content=\"index, follow, max-snippet:-1, max-image-preview:large, max-video-preview:-1\" \/>\n<link rel=\"canonical\" href=\"https:\/\/www.kinderopvanglittlepeople.nl\/pl\/tarieven\/\" \/>\n<meta property=\"og:locale\" content=\"pl_PL\" \/>\n<meta property=\"og:type\" content=\"article\" \/>\n<meta property=\"og:title\" content=\"Tarieven - Kinderopvang Little People\" \/>\n<meta property=\"og:description\" content=\"Dagopvang, Buiten Schoolse Opvang (BSO) en Peuterarrangementen Omdat we flexibel willen zijn, doen we ons best om aan uw wensen tegemoet te komen. We bekijken de mogelijkheden, bespreken die en vervolgens ontvangt u een offerte op basis van deze mogelijkheden. We bieden diverse soorten contracten. Deze zijn inclusief fruit, drankjes, lunch en soepstengel. Voor de&hellip;\" \/>\n<meta property=\"og:url\" content=\"https:\/\/www.kinderopvanglittlepeople.nl\/pl\/tarieven\/\" \/>\n<meta property=\"og:site_name\" content=\"Kinderopvang Little People\" \/>\n<meta property=\"article:publisher\" content=\"https:\/\/www.facebook.com\/KinderopvangLittlePeople\" \/>\n<meta property=\"article:modified_time\" content=\"2024-10-24T08:05:02+00:00\" \/>\n<meta property=\"og:image\" content=\"https:\/\/www.kinderopvanglittlepeople.nl\/wp-content\/uploads\/3_resultaat.webp\" \/>\n\t<meta property=\"og:image:width\" content=\"664\" \/>\n\t<meta property=\"og:image:height\" content=\"384\" \/>\n\t<meta property=\"og:image:type\" content=\"image\/webp\" \/>\n<meta name=\"twitter:label1\" content=\"Szacowany czas czytania\" \/>\n\t<meta name=\"twitter:data1\" content=\"4 minuty\" \/>\n<script type=\"application\/ld+json\" class=\"yoast-schema-graph\">{\"@context\":\"https:\\\/\\\/schema.org\",\"@graph\":[{\"@type\":\"WebPage\",\"@id\":\"https:\\\/\\\/www.kinderopvanglittlepeople.nl\\\/tarieven\\\/\",\"url\":\"https:\\\/\\\/www.kinderopvanglittlepeople.nl\\\/tarieven\\\/\",\"name\":\"Tarieven - Kinderopvang Little People\",\"isPartOf\":{\"@id\":\"https:\\\/\\\/www.kinderopvanglittlepeople.nl\\\/#website\"},\"primaryImageOfPage\":{\"@id\":\"https:\\\/\\\/www.kinderopvanglittlepeople.nl\\\/tarieven\\\/#primaryimage\"},\"image\":{\"@id\":\"https:\\\/\\\/www.kinderopvanglittlepeople.nl\\\/tarieven\\\/#primaryimage\"},\"thumbnailUrl\":\"https:\\\/\\\/www.kinderopvanglittlepeople.nl\\\/wp-content\\\/uploads\\\/3_resultaat.webp\",\"datePublished\":\"2015-07-17T13:10:46+00:00\",\"dateModified\":\"2024-10-24T08:05:02+00:00\",\"breadcrumb\":{\"@id\":\"https:\\\/\\\/www.kinderopvanglittlepeople.nl\\\/tarieven\\\/#breadcrumb\"},\"inLanguage\":\"pl-PL\",\"potentialAction\":[{\"@type\":\"ReadAction\",\"target\":[\"https:\\\/\\\/www.kinderopvanglittlepeople.nl\\\/tarieven\\\/\"]}]},{\"@type\":\"ImageObject\",\"inLanguage\":\"pl-PL\",\"@id\":\"https:\\\/\\\/www.kinderopvanglittlepeople.nl\\\/tarieven\\\/#primaryimage\",\"url\":\"https:\\\/\\\/www.kinderopvanglittlepeople.nl\\\/wp-content\\\/uploads\\\/3_resultaat.webp\",\"contentUrl\":\"https:\\\/\\\/www.kinderopvanglittlepeople.nl\\\/wp-content\\\/uploads\\\/3_resultaat.webp\",\"width\":664,\"height\":384},{\"@type\":\"BreadcrumbList\",\"@id\":\"https:\\\/\\\/www.kinderopvanglittlepeople.nl\\\/tarieven\\\/#breadcrumb\",\"itemListElement\":[{\"@type\":\"ListItem\",\"position\":1,\"name\":\"Home\",\"item\":\"https:\\\/\\\/www.kinderopvanglittlepeople.nl\\\/\"},{\"@type\":\"ListItem\",\"position\":2,\"name\":\"Tarieven\"}]},{\"@type\":\"WebSite\",\"@id\":\"https:\\\/\\\/www.kinderopvanglittlepeople.nl\\\/#website\",\"url\":\"https:\\\/\\\/www.kinderopvanglittlepeople.nl\\\/\",\"name\":\"Kinderopvang Little People\",\"description\":\"Een huiselijke sfeer, kleinschalig en v\u00e9\u00e9l persoonlijke aandacht voor ieder kind.\",\"publisher\":{\"@id\":\"https:\\\/\\\/www.kinderopvanglittlepeople.nl\\\/#organization\"},\"alternateName\":\"Een huiselijke sfeer, kleinschalig en v\u00e9\u00e9l persoonlijke aandacht voor ieder kind.\",\"potentialAction\":[{\"@type\":\"SearchAction\",\"target\":{\"@type\":\"EntryPoint\",\"urlTemplate\":\"https:\\\/\\\/www.kinderopvanglittlepeople.nl\\\/?s={search_term_string}\"},\"query-input\":{\"@type\":\"PropertyValueSpecification\",\"valueRequired\":true,\"valueName\":\"search_term_string\"}}],\"inLanguage\":\"pl-PL\"},{\"@type\":\"Organization\",\"@id\":\"https:\\\/\\\/www.kinderopvanglittlepeople.nl\\\/#organization\",\"name\":\"Kinderopvang Little People\",\"alternateName\":\"Een huiselijke sfeer, kleinschalig en v\u00e9\u00e9l persoonlijke aandacht voor ieder kind.\",\"url\":\"https:\\\/\\\/www.kinderopvanglittlepeople.nl\\\/\",\"logo\":{\"@type\":\"ImageObject\",\"inLanguage\":\"pl-PL\",\"@id\":\"https:\\\/\\\/www.kinderopvanglittlepeople.nl\\\/#\\\/schema\\\/logo\\\/image\\\/\",\"url\":\"https:\\\/\\\/www.kinderopvanglittlepeople.nl\\\/wp-content\\\/uploads\\\/logo-klp.svg\",\"contentUrl\":\"https:\\\/\\\/www.kinderopvanglittlepeople.nl\\\/wp-content\\\/uploads\\\/logo-klp.svg\",\"width\":1,\"height\":1,\"caption\":\"Kinderopvang Little People\"},\"image\":{\"@id\":\"https:\\\/\\\/www.kinderopvanglittlepeople.nl\\\/#\\\/schema\\\/logo\\\/image\\\/\"},\"sameAs\":[\"https:\\\/\\\/www.facebook.com\\\/KinderopvangLittlePeople\"]}]}<\/script>\n<!-- \/ Yoast SEO plugin. -->","yoast_head_json":{"title":"Tarieven - Kinderopvang Little People","robots":{"index":"index","follow":"follow","max-snippet":"max-snippet:-1","max-image-preview":"max-image-preview:large","max-video-preview":"max-video-preview:-1"},"canonical":"https:\/\/www.kinderopvanglittlepeople.nl\/pl\/tarieven\/","og_locale":"pl_PL","og_type":"article","og_title":"Tarieven - Kinderopvang Little People","og_description":"Dagopvang, Buiten Schoolse Opvang (BSO) en Peuterarrangementen Omdat we flexibel willen zijn, doen we ons best om aan uw wensen tegemoet te komen. We bekijken de mogelijkheden, bespreken die en vervolgens ontvangt u een offerte op basis van deze mogelijkheden. We bieden diverse soorten contracten. Deze zijn inclusief fruit, drankjes, lunch en soepstengel. Voor de&hellip;","og_url":"https:\/\/www.kinderopvanglittlepeople.nl\/pl\/tarieven\/","og_site_name":"Kinderopvang Little People","article_publisher":"https:\/\/www.facebook.com\/KinderopvangLittlePeople","article_modified_time":"2024-10-24T08:05:02+00:00","og_image":[{"width":664,"height":384,"url":"https:\/\/www.kinderopvanglittlepeople.nl\/wp-content\/uploads\/3_resultaat.webp","type":"image\/webp"}],"twitter_misc":{"Szacowany czas czytania":"4 minuty"},"schema":{"@context":"https:\/\/schema.org","@graph":[{"@type":"WebPage","@id":"https:\/\/www.kinderopvanglittlepeople.nl\/tarieven\/","url":"https:\/\/www.kinderopvanglittlepeople.nl\/tarieven\/","name":"Tarieven - Kinderopvang Little People","isPartOf":{"@id":"https:\/\/www.kinderopvanglittlepeople.nl\/#website"},"primaryImageOfPage":{"@id":"https:\/\/www.kinderopvanglittlepeople.nl\/tarieven\/#primaryimage"},"image":{"@id":"https:\/\/www.kinderopvanglittlepeople.nl\/tarieven\/#primaryimage"},"thumbnailUrl":"https:\/\/www.kinderopvanglittlepeople.nl\/wp-content\/uploads\/3_resultaat.webp","datePublished":"2015-07-17T13:10:46+00:00","dateModified":"2024-10-24T08:05:02+00:00","breadcrumb":{"@id":"https:\/\/www.kinderopvanglittlepeople.nl\/tarieven\/#breadcrumb"},"inLanguage":"pl-PL","potentialAction":[{"@type":"ReadAction","target":["https:\/\/www.kinderopvanglittlepeople.nl\/tarieven\/"]}]},{"@type":"ImageObject","inLanguage":"pl-PL","@id":"https:\/\/www.kinderopvanglittlepeople.nl\/tarieven\/#primaryimage","url":"https:\/\/www.kinderopvanglittlepeople.nl\/wp-content\/uploads\/3_resultaat.webp","contentUrl":"https:\/\/www.kinderopvanglittlepeople.nl\/wp-content\/uploads\/3_resultaat.webp","width":664,"height":384},{"@type":"BreadcrumbList","@id":"https:\/\/www.kinderopvanglittlepeople.nl\/tarieven\/#breadcrumb","itemListElement":[{"@type":"ListItem","position":1,"name":"Home","item":"https:\/\/www.kinderopvanglittlepeople.nl\/"},{"@type":"ListItem","position":2,"name":"Tarieven"}]},{"@type":"WebSite","@id":"https:\/\/www.kinderopvanglittlepeople.nl\/#website","url":"https:\/\/www.kinderopvanglittlepeople.nl\/","name":"Opieka nad dzie\u0107mi Little People","description":"Domowa atmosfera, ma\u0142a skala i du\u017co osobistej uwagi dla ka\u017cdego dziecka.","publisher":{"@id":"https:\/\/www.kinderopvanglittlepeople.nl\/#organization"},"alternateName":"Een huiselijke sfeer, kleinschalig en v\u00e9\u00e9l persoonlijke aandacht voor ieder kind.","potentialAction":[{"@type":"SearchAction","target":{"@type":"EntryPoint","urlTemplate":"https:\/\/www.kinderopvanglittlepeople.nl\/?s={search_term_string}"},"query-input":{"@type":"PropertyValueSpecification","valueRequired":true,"valueName":"search_term_string"}}],"inLanguage":"pl-PL"},{"@type":"Organization","@id":"https:\/\/www.kinderopvanglittlepeople.nl\/#organization","name":"Opieka nad dzie\u0107mi Little People","alternateName":"Een huiselijke sfeer, kleinschalig en v\u00e9\u00e9l persoonlijke aandacht voor ieder kind.","url":"https:\/\/www.kinderopvanglittlepeople.nl\/","logo":{"@type":"ImageObject","inLanguage":"pl-PL","@id":"https:\/\/www.kinderopvanglittlepeople.nl\/#\/schema\/logo\/image\/","url":"https:\/\/www.kinderopvanglittlepeople.nl\/wp-content\/uploads\/logo-klp.svg","contentUrl":"https:\/\/www.kinderopvanglittlepeople.nl\/wp-content\/uploads\/logo-klp.svg","width":1,"height":1,"caption":"Kinderopvang Little People"},"image":{"@id":"https:\/\/www.kinderopvanglittlepeople.nl\/#\/schema\/logo\/image\/"},"sameAs":["https:\/\/www.facebook.com\/KinderopvangLittlePeople"]}]}},"_links":{"self":[{"href":"https:\/\/www.kinderopvanglittlepeople.nl\/pl\/wp-json\/wp\/v2\/pages\/236","targetHints":{"allow":["GET"]}}],"collection":[{"href":"https:\/\/www.kinderopvanglittlepeople.nl\/pl\/wp-json\/wp\/v2\/pages"}],"about":[{"href":"https:\/\/www.kinderopvanglittlepeople.nl\/pl\/wp-json\/wp\/v2\/types\/page"}],"author":[{"embeddable":true,"href":"https:\/\/www.kinderopvanglittlepeople.nl\/pl\/wp-json\/wp\/v2\/users\/1"}],"replies":[{"embeddable":true,"href":"https:\/\/www.kinderopvanglittlepeople.nl\/pl\/wp-json\/wp\/v2\/comments?post=236"}],"version-history":[{"count":0,"href":"https:\/\/www.kinderopvanglittlepeople.nl\/pl\/wp-json\/wp\/v2\/pages\/236\/revisions"}],"wp:featuredmedia":[{"embeddable":true,"href":"https:\/\/www.kinderopvanglittlepeople.nl\/pl\/wp-json\/wp\/v2\/media\/11445"}],"wp:attachment":[{"href":"https:\/\/www.kinderopvanglittlepeople.nl\/pl\/wp-json\/wp\/v2\/media?parent=236"}],"curies":[{"name":"wp","href":"https:\/\/api.w.org\/{rel}","templated":true}]}}