{"id":1856,"date":"2016-03-16T09:01:35","date_gmt":"2016-03-16T08:01:35","guid":{"rendered":"https:\/\/kinderopvanglittlepeople.nl\/?page_id=1856"},"modified":"2025-05-27T10:05:38","modified_gmt":"2025-05-27T09:05:38","slug":"referenties","status":"publish","type":"page","link":"https:\/\/www.kinderopvanglittlepeople.nl\/pl\/referenties\/","title":{"rendered":"Referencje"},"content":{"rendered":"<h2>\u00a0Klienci m\u00f3wi\u0105<\/h2>\n\t\t\t\t<p><strong>Czy chcia\u0142by\u015b napisa\u0107 referencj\u0119? B\u0119dziemy bardzo wdzi\u0119czni!<\/strong><br \/><strong>Mo\u017cesz wys\u0142a\u0107 wiadomo\u015b\u0107 e-mail na adres: info@kinderopvanglittlepeople.nl.<\/strong><\/p>\n\t\t\t\t\t\t<p>Od prawie trzech lat korzystamy z us\u0142ug opieki nad dzie\u0107mi oferowanych przez Little People. Tr\u00f3jka naszych dzieci ucz\u0119szcza do plac\u00f3wki w Wildheuvel. To, co naprawd\u0119 przemawia za t\u0105 lokalizacj\u0105 i organizacj\u0105, to fakt, \u017ce po\u015bwi\u0119caj\u0105 ci czas i my\u015bl\u0105 razem z tob\u0105. Opiekunowie s\u0105 zawsze r\u00f3wnie przyja\u017ani, nawet po dniu wype\u0142nionym zaj\u0119tymi dzie\u0107mi. Poniewa\u017c cz\u0119sto mamy pe\u0142ne r\u0119ce roboty z tr\u00f3jk\u0105 ma\u0142ych dzieci, zawsze towarzysz\u0105 nam do samochodu, aby pom\u00f3c i porozmawia\u0107. To dla nas bardzo cenne. Dzieci bardzo lubi\u0105 chodzi\u0107 do \u017c\u0142obka, zaprzyja\u017aniaj\u0105 si\u0119, a dzi\u0119ki temu my r\u00f3wnie\u017c poznajemy nowych rodzic\u00f3w, z kt\u00f3rymi si\u0119 zaprzyja\u017aniamy. Fajne miejsce.\u00a0<\/p>\t\t\t\t\t\n\t\t\t\t\t\t\t<h3 class='uabb-testimonial-author-name testimonial-author-name'>Michelle i Jelle<\/h3>\t\t\t\t\t\t\t\n\t\t\t\t\t\t<p>Mijn dochter gaat nu sinds ruim 4 jaar naar de BSO Next Step van Kinderopvang Little People.Ze kan daar in een <strong>bezpieczne \u015brodowisko<\/strong> rusten van de schoolstress, wordt begrepen en krijgt haar eigen tijd om zich te uiten.Voor mij is het heel erg belangrijk, dat men ook na school snapt hoe mijn dochter in elkaar zit. Er ontstaan fantastische gesprekken met leidsters waardoor je ook als ouder het steuntje in de rug krijgt in moeilijke tijden. Samen (ouders en BSO) wordt ervoor gezorgd, dat iedereen tevreden is en het kind lekker in zijn vel kan blijven. Ik kan te allen tijde terecht voor advies en dat waardeer ik enorm!!!Wij zijn heel erg blij, dat wij kinderopvang Little People hebben gevonden<\/p>\t\t\t\t\t\n\t\t\t\t\t\t\t<h3 class='uabb-testimonial-author-name testimonial-author-name'>Nicole van den Akker<\/h3>\t\t\t\t\t\t\t\n\t\t\t\t\t\t<p>Nasze do\u015bwiadczenie z Little People mo\u017cna opisa\u0107 jako bardzo przyjemne. Nasza c\u00f3rka lubi tam chodzi\u0107. Jest to miejsce na ma\u0142\u0105 skal\u0119 z <strong>du\u017co uwagi dla dzieci<\/strong>. Zauwa\u017cyli\u015bmy, \u017ce nasza c\u00f3rka du\u017co si\u0119 uczy w przedszkolu. Czasami mo\u017cna zauwa\u017cy\u0107, \u017ce po powrocie do domu zna nowe ta\u0144ce i piosenki. Pomimo tego, \u017ce dobrze tam \u015bpi, czasami wraca do domu zm\u0119czona, ale spe\u0142niona. Grzeczna zabawa te\u017c jest m\u0119cz\u0105ca.<\/p>\t\t\t\t\t\n\t\t\t\t\t\t\t<h3 class='uabb-testimonial-author-name testimonial-author-name'>Stefan i Moniek van den Eijnden<\/h3>\t\t\t\t\t\t\t\n\t\t\t\t\t\t<p>Nasze dzieci ucz\u0119szczaj\u0105 do Little People's BSO od pocz\u0105tku wrze\u015bnia 2015 roku. Od pierwszej chwili, kiedy ich poznali\u015bmy, od razu mieli\u015bmy dobre przeczucia co do tej organizacji. R\u00f3\u017cnica mi\u0119dzy Little People a innymi (wi\u0119kszymi) organizacjami opieki nad dzie\u0107mi polega na tym, \u017ce w Little People nadal naprawd\u0119 my\u015bl\u0105 razem z Tob\u0105, wsp\u00f3lnie szukaj\u0105c rozwi\u0105zania. <strong>Nie my\u015bl\u0105 w oparciu o zasady, ale z punktu widzenia dziecka\/klienta<\/strong>: &#8216;wat is de beste oplossing voor dit kind&#8217;. Daarom wil ik Little People aan iedereen aanbevelen!<\/p>\t\t\t\t\t\n\t\t\t\t\t\t\t<h3 class='uabb-testimonial-author-name testimonial-author-name'>Jo\u00eblle<\/h3>\t\t\t\t\t\t\t\n\t\t\t\t\t\t<p>Nasz syn Jelmer rozpocz\u0105\u0142 nauk\u0119 w Little People's BSO na pocz\u0105tku dzia\u0142alno\u015bci centrum dzieci\u0119cego przy Verleunstraat (szko\u0142a podstawowa Br!cks). Mia\u0142 wtedy 4 lata. Szybko si\u0119 przyzwyczai\u0142 i poszed\u0142 z <strong>du\u017co rado\u015bci<\/strong> tam. W czasie wakacji szkolnych ucz\u0119szcza\u0142 r\u00f3wnie\u017c na zaj\u0119cia wakacyjne. Grupy nie s\u0105 zbyt du\u017ce, s\u0105 <strong>zabawy<\/strong> aangeboden en er wordt ook echt gekeken wat een kind leuk vindt om te doen. Zo ging een van de leiders mee met een groepje oudere kinderen om Pok\u00e9mons te vangen buiten toen dit een rage was. Ook gingen ze buiten jachtseizoen spelen; een populair spel met boeven en politie die elkaar moeten zoeken. Verstoppertje spelen door het lege schoolgebouw was ook een hoogtepunt.Als ouders zijn we tevreden. Als er iets is, kun je dat bespreken en er <strong>jest<\/strong> r\u00f3wnie\u017c <strong>szuka\u0142 rozwi\u0105zania<\/strong>. De kinderen kunnen ook hun zegje doen over de gang van zaken en worden dan serieus genomen.Onze zoon zit nu in groep 8 en heeft afscheid genomen bij de BSO; weer een nieuwe fase.<\/p>\t\t\t\t\t\n\t\t\t\t\t\t\t<h3 class='uabb-testimonial-author-name testimonial-author-name'>Hermine van den Dool<\/h3>\t\t\t\t\t\t\t\n\t\t\t\t\t\t<p>Opieka nad dzie\u0107mi Little People jest dla nas zabawnym BSO\/VSO, poniewa\u017c s\u0105 to <strong>Przemy\u015blane<\/strong>, <strong>Profesjonalny<\/strong>, <strong>Otwarty umys\u0142<\/strong> oraz <strong>Zorientowanie na klienta<\/strong> s\u0105.<br \/>Dat merk je bijvoorbeeld door het meedenken in oplossingen voor opvang in een heel kort tijdsbestek. Ik belde, als voorbeeld, op een vrijdag op dat ik na het weekend een baan zou hebben. Debbie zoekt meteen oplossingen voor de VSO op die maandag al. Binnen een halve dag was alles geregeld! Top!De manier waarop onze dochter is opgevangen, ook op jongere leeftijd, waarbij ze door de professionele benadering van de leidsters en de zorgzaamheid en aandacht het afwachtende heeft omgezet in het vertrouwen in zichzelf, vinden wij heel positief.Wij als ouders van een dochter van inmiddels 10 jaar willen Little People wel bij iedereen aanbevelen!<\/p>\t\t\t\t\t\n\t\t\t\t\t\t\t<h3 class='uabb-testimonial-author-name testimonial-author-name'>Mirjam Sanders<\/h3>\t\t\t\t\t\t\t\n\t\t\t\t\t\t<p>Wij zijn al jaren enorm tevreden over kinderopvang Little People.Vanaf dat onze dochter twee jaar en drie maanden oud was, is zij met 2 dagdelen begonnen op de peuterspeelzaal, later kwam daar op woensdagochtend de drie plus groep bij.\u00a0Onze dochter heeft het daar erg naar haar zin gehad, alsook veel geleerd!\u00a0Vanaf het moment dat zij naar de basisschool ging, is zij ook 2 middagen in de week naar de BSO gegaan.De lijntjes zijn kort met zowel de personeelsleden op kantoor, alsook op de groep. Mocht iets uitgebreider besproken moeten worden, kon dat altijd telefonisch of werd er &#8217;n fysieke afspraak gemaakt.\u00a0De daar gemaakte afspraken, werden dan ook weer ge\u00ebvalueerd.Wanneer je als ouder(s) actief bent in het zoeken naar oplossingen, dan denkt Little People daar graag in mee!\u00a0Kortom, wij zijn blij dat wij jaren geleden voor Little People hebben gekozen!!<\/p>\t\t\t\t\t\n\t\t\t\t\t\t\t<h3 class='uabb-testimonial-author-name testimonial-author-name'>Anonimowy<\/h3>\t\t\t\t\t\t\t\n\t\t\t\t\t\t<p>Nasi synowie Sam i Tim ucz\u0119szczaj\u0105 do Little People, odk\u0105d sko\u0144czyli 3 miesi\u0105ce: najpierw w Bee Heath, w domu Debbie. P\u00f3\u017aniej do lokalizacji na Wildheuvel. Obecnie korzystaj\u0105 z BSO dwa dni w tygodniu. Obaj ch\u0142opcy zawsze uwielbiali chodzi\u0107 do przedszkola, czuj\u0105 si\u0119 tam jak w domu, a Debbie zaj\u0119\u0142a szczeg\u00f3lne miejsce w ich sercach.<\/p>\t\t\t\t\t\n\t\t\t\t\t\t\t<h3 class='uabb-testimonial-author-name testimonial-author-name'>Nicole van Gastel:<\/h3>\t\t\t\t\t\t\t\n\t\t\t\t\t\t<p>Jestem bardzo zadowolony z tego, co dzieje si\u0119 w BSO Little People. Liderami s\u0105 <strong>bardzo opieku\u0144czy, jasny, s\u0142odki, wyrozumia\u0142y, uczciwy i bardzo zaanga\u017cowany<\/strong> bij de kinderen.Onze kinderen kunnen zichzelf zijn en de leidsters bieden hen een warm welkom. Nemen de tijd voor een praatje en laten voelen dat ze altijd naar hun toe kunnen komen met vragen of problemen.De leidsters communiceren heel goed met ons als ouders en school, zodat wij allemaal op \u00e9\u00e9n lijn kunnen werken. Ze ondernemen stappen als dit nodig is en geven ons een veilig en geborgen gevoel wanneer wij de kinderen op komen halen. Wij voelen ons erg betrokken bij Little People en zijn heel blij met hun komst op Br!cks.<\/p>\t\t\t\t\t\n\t\t\t\t\t\t\t<h3 class='uabb-testimonial-author-name testimonial-author-name'>Margo van de Wal<\/h3>\t\t\t\t\t\t\t\n\t\t\t\t\t\t<p>Je\u015bli szukasz <strong>elastyczne i przyjazne przyj\u0119cie<\/strong> voor uw kinderen, bent u hier helemaal aan het juiste adres! Wij werken beiden in de zorg en moeten daarom weleens een extra beroep doen op de opvang (buiten onze vaste dagen). Dit is nog nooit een probleem geweest, er wordt altijd een mouw aangepast. Dat is zo ongelofelijk prettig. Daarnaast gaan onze kinderen er met plezier naar toe, zodat je als ouder altijd met een gerust hart naar het werk gaat.&#8221;<\/p>\t\t\t\t\t\n\t\t\t\t\t\t\t<h3 class='uabb-testimonial-author-name testimonial-author-name'>Muriel Doors<\/h3>","protected":false},"excerpt":{"rendered":"<p>\u00a0Cli\u00ebnten vertellen Wilt u een referentie schrijven? Dat stellen wij zeer op prijs!U kunt een mail sturen naar: info@kinderopvanglittlepeople.nl. Al bijna drie jaar maken wij gebruik van de opvang die Little People aanbiedt. Onze drie kinderen zitten op de locatie Wildheuvel. Wat echt voor deze locatie en voor de organisatie spreekt, is dat ze de&hellip;<\/p>","protected":false},"author":4,"featured_media":11512,"parent":0,"menu_order":0,"comment_status":"closed","ping_status":"closed","template":"","meta":{"footnotes":""},"class_list":["post-1856","page","type-page","status-publish","has-post-thumbnail","hentry"],"yoast_head":"<!-- This site is optimized with the Yoast SEO plugin v27.4 - https:\/\/yoast.com\/product\/yoast-seo-wordpress\/ -->\n<title>Referenties - Kinderopvang Little People<\/title>\n<meta name=\"robots\" content=\"index, follow, max-snippet:-1, max-image-preview:large, max-video-preview:-1\" \/>\n<link rel=\"canonical\" href=\"https:\/\/www.kinderopvanglittlepeople.nl\/pl\/referenties\/\" \/>\n<meta property=\"og:locale\" content=\"pl_PL\" \/>\n<meta property=\"og:type\" content=\"article\" \/>\n<meta property=\"og:title\" content=\"Referenties - Kinderopvang Little People\" \/>\n<meta property=\"og:description\" content=\"\u00a0Cli\u00ebnten vertellen Wilt u een referentie schrijven? Dat stellen wij zeer op prijs!U kunt een mail sturen naar: info@kinderopvanglittlepeople.nl. Al bijna drie jaar maken wij gebruik van de opvang die Little People aanbiedt. Onze drie kinderen zitten op de locatie Wildheuvel. Wat echt voor deze locatie en voor de organisatie spreekt, is dat ze de&hellip;\" \/>\n<meta property=\"og:url\" content=\"https:\/\/www.kinderopvanglittlepeople.nl\/pl\/referenties\/\" \/>\n<meta property=\"og:site_name\" content=\"Kinderopvang Little People\" \/>\n<meta property=\"article:publisher\" content=\"https:\/\/www.facebook.com\/KinderopvangLittlePeople\" \/>\n<meta property=\"article:modified_time\" content=\"2025-05-27T09:05:38+00:00\" \/>\n<meta property=\"og:image\" content=\"https:\/\/www.kinderopvanglittlepeople.nl\/wp-content\/uploads\/aanmelden_resultaat.webp\" \/>\n\t<meta property=\"og:image:width\" content=\"664\" \/>\n\t<meta property=\"og:image:height\" content=\"384\" \/>\n\t<meta property=\"og:image:type\" content=\"image\/webp\" \/>\n<meta name=\"twitter:label1\" content=\"Szacowany czas czytania\" \/>\n\t<meta name=\"twitter:data1\" content=\"6 minut\" \/>\n<script type=\"application\/ld+json\" class=\"yoast-schema-graph\">{\"@context\":\"https:\\\/\\\/schema.org\",\"@graph\":[{\"@type\":\"WebPage\",\"@id\":\"https:\\\/\\\/www.kinderopvanglittlepeople.nl\\\/referenties\\\/\",\"url\":\"https:\\\/\\\/www.kinderopvanglittlepeople.nl\\\/referenties\\\/\",\"name\":\"Referenties - Kinderopvang Little People\",\"isPartOf\":{\"@id\":\"https:\\\/\\\/www.kinderopvanglittlepeople.nl\\\/#website\"},\"primaryImageOfPage\":{\"@id\":\"https:\\\/\\\/www.kinderopvanglittlepeople.nl\\\/referenties\\\/#primaryimage\"},\"image\":{\"@id\":\"https:\\\/\\\/www.kinderopvanglittlepeople.nl\\\/referenties\\\/#primaryimage\"},\"thumbnailUrl\":\"https:\\\/\\\/www.kinderopvanglittlepeople.nl\\\/wp-content\\\/uploads\\\/aanmelden_resultaat.webp\",\"datePublished\":\"2016-03-16T08:01:35+00:00\",\"dateModified\":\"2025-05-27T09:05:38+00:00\",\"breadcrumb\":{\"@id\":\"https:\\\/\\\/www.kinderopvanglittlepeople.nl\\\/referenties\\\/#breadcrumb\"},\"inLanguage\":\"pl-PL\",\"potentialAction\":[{\"@type\":\"ReadAction\",\"target\":[\"https:\\\/\\\/www.kinderopvanglittlepeople.nl\\\/referenties\\\/\"]}]},{\"@type\":\"ImageObject\",\"inLanguage\":\"pl-PL\",\"@id\":\"https:\\\/\\\/www.kinderopvanglittlepeople.nl\\\/referenties\\\/#primaryimage\",\"url\":\"https:\\\/\\\/www.kinderopvanglittlepeople.nl\\\/wp-content\\\/uploads\\\/aanmelden_resultaat.webp\",\"contentUrl\":\"https:\\\/\\\/www.kinderopvanglittlepeople.nl\\\/wp-content\\\/uploads\\\/aanmelden_resultaat.webp\",\"width\":664,\"height\":384},{\"@type\":\"BreadcrumbList\",\"@id\":\"https:\\\/\\\/www.kinderopvanglittlepeople.nl\\\/referenties\\\/#breadcrumb\",\"itemListElement\":[{\"@type\":\"ListItem\",\"position\":1,\"name\":\"Home\",\"item\":\"https:\\\/\\\/www.kinderopvanglittlepeople.nl\\\/\"},{\"@type\":\"ListItem\",\"position\":2,\"name\":\"Referenties\"}]},{\"@type\":\"WebSite\",\"@id\":\"https:\\\/\\\/www.kinderopvanglittlepeople.nl\\\/#website\",\"url\":\"https:\\\/\\\/www.kinderopvanglittlepeople.nl\\\/\",\"name\":\"Kinderopvang Little People\",\"description\":\"Een huiselijke sfeer, kleinschalig en v\u00e9\u00e9l persoonlijke aandacht voor ieder kind.\",\"publisher\":{\"@id\":\"https:\\\/\\\/www.kinderopvanglittlepeople.nl\\\/#organization\"},\"alternateName\":\"Een huiselijke sfeer, kleinschalig en v\u00e9\u00e9l persoonlijke aandacht voor ieder kind.\",\"potentialAction\":[{\"@type\":\"SearchAction\",\"target\":{\"@type\":\"EntryPoint\",\"urlTemplate\":\"https:\\\/\\\/www.kinderopvanglittlepeople.nl\\\/?s={search_term_string}\"},\"query-input\":{\"@type\":\"PropertyValueSpecification\",\"valueRequired\":true,\"valueName\":\"search_term_string\"}}],\"inLanguage\":\"pl-PL\"},{\"@type\":\"Organization\",\"@id\":\"https:\\\/\\\/www.kinderopvanglittlepeople.nl\\\/#organization\",\"name\":\"Kinderopvang Little People\",\"alternateName\":\"Een huiselijke sfeer, kleinschalig en v\u00e9\u00e9l persoonlijke aandacht voor ieder kind.\",\"url\":\"https:\\\/\\\/www.kinderopvanglittlepeople.nl\\\/\",\"logo\":{\"@type\":\"ImageObject\",\"inLanguage\":\"pl-PL\",\"@id\":\"https:\\\/\\\/www.kinderopvanglittlepeople.nl\\\/#\\\/schema\\\/logo\\\/image\\\/\",\"url\":\"https:\\\/\\\/www.kinderopvanglittlepeople.nl\\\/wp-content\\\/uploads\\\/logo-klp.svg\",\"contentUrl\":\"https:\\\/\\\/www.kinderopvanglittlepeople.nl\\\/wp-content\\\/uploads\\\/logo-klp.svg\",\"width\":1,\"height\":1,\"caption\":\"Kinderopvang Little People\"},\"image\":{\"@id\":\"https:\\\/\\\/www.kinderopvanglittlepeople.nl\\\/#\\\/schema\\\/logo\\\/image\\\/\"},\"sameAs\":[\"https:\\\/\\\/www.facebook.com\\\/KinderopvangLittlePeople\"]}]}<\/script>\n<!-- \/ Yoast SEO plugin. -->","yoast_head_json":{"title":"Referenties - Kinderopvang Little People","robots":{"index":"index","follow":"follow","max-snippet":"max-snippet:-1","max-image-preview":"max-image-preview:large","max-video-preview":"max-video-preview:-1"},"canonical":"https:\/\/www.kinderopvanglittlepeople.nl\/pl\/referenties\/","og_locale":"pl_PL","og_type":"article","og_title":"Referenties - Kinderopvang Little People","og_description":"\u00a0Cli\u00ebnten vertellen Wilt u een referentie schrijven? Dat stellen wij zeer op prijs!U kunt een mail sturen naar: info@kinderopvanglittlepeople.nl. Al bijna drie jaar maken wij gebruik van de opvang die Little People aanbiedt. Onze drie kinderen zitten op de locatie Wildheuvel. Wat echt voor deze locatie en voor de organisatie spreekt, is dat ze de&hellip;","og_url":"https:\/\/www.kinderopvanglittlepeople.nl\/pl\/referenties\/","og_site_name":"Kinderopvang Little People","article_publisher":"https:\/\/www.facebook.com\/KinderopvangLittlePeople","article_modified_time":"2025-05-27T09:05:38+00:00","og_image":[{"width":664,"height":384,"url":"https:\/\/www.kinderopvanglittlepeople.nl\/wp-content\/uploads\/aanmelden_resultaat.webp","type":"image\/webp"}],"twitter_misc":{"Szacowany czas czytania":"6 minut"},"schema":{"@context":"https:\/\/schema.org","@graph":[{"@type":"WebPage","@id":"https:\/\/www.kinderopvanglittlepeople.nl\/referenties\/","url":"https:\/\/www.kinderopvanglittlepeople.nl\/referenties\/","name":"Referenties - Kinderopvang Little People","isPartOf":{"@id":"https:\/\/www.kinderopvanglittlepeople.nl\/#website"},"primaryImageOfPage":{"@id":"https:\/\/www.kinderopvanglittlepeople.nl\/referenties\/#primaryimage"},"image":{"@id":"https:\/\/www.kinderopvanglittlepeople.nl\/referenties\/#primaryimage"},"thumbnailUrl":"https:\/\/www.kinderopvanglittlepeople.nl\/wp-content\/uploads\/aanmelden_resultaat.webp","datePublished":"2016-03-16T08:01:35+00:00","dateModified":"2025-05-27T09:05:38+00:00","breadcrumb":{"@id":"https:\/\/www.kinderopvanglittlepeople.nl\/referenties\/#breadcrumb"},"inLanguage":"pl-PL","potentialAction":[{"@type":"ReadAction","target":["https:\/\/www.kinderopvanglittlepeople.nl\/referenties\/"]}]},{"@type":"ImageObject","inLanguage":"pl-PL","@id":"https:\/\/www.kinderopvanglittlepeople.nl\/referenties\/#primaryimage","url":"https:\/\/www.kinderopvanglittlepeople.nl\/wp-content\/uploads\/aanmelden_resultaat.webp","contentUrl":"https:\/\/www.kinderopvanglittlepeople.nl\/wp-content\/uploads\/aanmelden_resultaat.webp","width":664,"height":384},{"@type":"BreadcrumbList","@id":"https:\/\/www.kinderopvanglittlepeople.nl\/referenties\/#breadcrumb","itemListElement":[{"@type":"ListItem","position":1,"name":"Home","item":"https:\/\/www.kinderopvanglittlepeople.nl\/"},{"@type":"ListItem","position":2,"name":"Referenties"}]},{"@type":"WebSite","@id":"https:\/\/www.kinderopvanglittlepeople.nl\/#website","url":"https:\/\/www.kinderopvanglittlepeople.nl\/","name":"Opieka nad dzie\u0107mi Little People","description":"Domowa atmosfera, ma\u0142a skala i du\u017co osobistej uwagi dla ka\u017cdego dziecka.","publisher":{"@id":"https:\/\/www.kinderopvanglittlepeople.nl\/#organization"},"alternateName":"Een huiselijke sfeer, kleinschalig en v\u00e9\u00e9l persoonlijke aandacht voor ieder kind.","potentialAction":[{"@type":"SearchAction","target":{"@type":"EntryPoint","urlTemplate":"https:\/\/www.kinderopvanglittlepeople.nl\/?s={search_term_string}"},"query-input":{"@type":"PropertyValueSpecification","valueRequired":true,"valueName":"search_term_string"}}],"inLanguage":"pl-PL"},{"@type":"Organization","@id":"https:\/\/www.kinderopvanglittlepeople.nl\/#organization","name":"Opieka nad dzie\u0107mi Little People","alternateName":"Een huiselijke sfeer, kleinschalig en v\u00e9\u00e9l persoonlijke aandacht voor ieder kind.","url":"https:\/\/www.kinderopvanglittlepeople.nl\/","logo":{"@type":"ImageObject","inLanguage":"pl-PL","@id":"https:\/\/www.kinderopvanglittlepeople.nl\/#\/schema\/logo\/image\/","url":"https:\/\/www.kinderopvanglittlepeople.nl\/wp-content\/uploads\/logo-klp.svg","contentUrl":"https:\/\/www.kinderopvanglittlepeople.nl\/wp-content\/uploads\/logo-klp.svg","width":1,"height":1,"caption":"Kinderopvang Little People"},"image":{"@id":"https:\/\/www.kinderopvanglittlepeople.nl\/#\/schema\/logo\/image\/"},"sameAs":["https:\/\/www.facebook.com\/KinderopvangLittlePeople"]}]}},"_links":{"self":[{"href":"https:\/\/www.kinderopvanglittlepeople.nl\/pl\/wp-json\/wp\/v2\/pages\/1856","targetHints":{"allow":["GET"]}}],"collection":[{"href":"https:\/\/www.kinderopvanglittlepeople.nl\/pl\/wp-json\/wp\/v2\/pages"}],"about":[{"href":"https:\/\/www.kinderopvanglittlepeople.nl\/pl\/wp-json\/wp\/v2\/types\/page"}],"author":[{"embeddable":true,"href":"https:\/\/www.kinderopvanglittlepeople.nl\/pl\/wp-json\/wp\/v2\/users\/4"}],"replies":[{"embeddable":true,"href":"https:\/\/www.kinderopvanglittlepeople.nl\/pl\/wp-json\/wp\/v2\/comments?post=1856"}],"version-history":[{"count":0,"href":"https:\/\/www.kinderopvanglittlepeople.nl\/pl\/wp-json\/wp\/v2\/pages\/1856\/revisions"}],"wp:featuredmedia":[{"embeddable":true,"href":"https:\/\/www.kinderopvanglittlepeople.nl\/pl\/wp-json\/wp\/v2\/media\/11512"}],"wp:attachment":[{"href":"https:\/\/www.kinderopvanglittlepeople.nl\/pl\/wp-json\/wp\/v2\/media?parent=1856"}],"curies":[{"name":"wp","href":"https:\/\/api.w.org\/{rel}","templated":true}]}}