{"id":1480,"date":"2016-01-18T14:09:45","date_gmt":"2016-01-18T13:09:45","guid":{"rendered":"https:\/\/kinderopvanglittlepeople.nl\/?page_id=1480"},"modified":"2025-12-11T13:57:19","modified_gmt":"2025-12-11T12:57:19","slug":"peuterspeelzaal","status":"publish","type":"page","link":"https:\/\/www.kinderopvanglittlepeople.nl\/pl\/kinderopvang\/peuterspeelzaal\/","title":{"rendered":"Pakiety dla maluch\u00f3w | 2-4 lata"},"content":{"rendered":"<p><strong>Dla dzieci, kt\u00f3re nie ucz\u0119szczaj\u0105 do \u017c\u0142obka, ale kt\u00f3rych rodzice uwa\u017caj\u0105, \u017ce wa\u017cna jest dla nich interakcja z innymi dzie\u0107mi, przedszkole jest idealnym rozwi\u0105zaniem.<\/strong><\/p>\n<p>Celem grupy zabawowej jest stworzenie optymalnych mo\u017cliwo\u015bci rozwoju dla wszystkich dzieci w wieku od 2 do 4 lat poprzez oferowanie wszechstronnych i odpowiednich mo\u017cliwo\u015bci zabawy. Tutaj dzieci ucz\u0105 si\u0119 bawi\u0107 razem i okazywa\u0107 sobie nawzajem szacunek. Ucz\u0105 si\u0119 wyra\u017ca\u0107 siebie za pomoc\u0105 piosenek, ta\u0144ca i materia\u0142\u00f3w oraz bawi\u0105 si\u0119 w \u015brodowisku, w kt\u00f3rym j\u0119zyk odgrywa wa\u017cn\u0105 rol\u0119.<\/p>\n<p>Poniewa\u017c grupa zabaw jest cz\u0119\u015bci\u0105 Zintegrowanego Centrum Dzieci\u0119cego, ka\u017cde dziecko jest obserwowane na linii ci\u0105g\u0142ego rozwoju. Przej\u015bcie z grupy zabawowej do szko\u0142y podstawowej jest zatem \u0142atwe i odbywa si\u0119 w porozumieniu z dyrekcj\u0105 szko\u0142y.<\/p>\nW grupach pracuje kilku specjalist\u00f3w. S\u0105 oni dodatkowo certyfikowani przez VVE (edukacja wczesnoszkolna).<br \/>\nJest to dodatkowa pomoc dla dzieci, aby zapobiec op\u00f3\u017anieniom rozwojowym. Podczas zabawy dzieci te otrzymuj\u0105 dodatkow\u0105 uwag\u0119 w obszarach takich jak nauka j\u0119zyka.\n<p>Przedszkole jest otwarte w te same dni, w kt\u00f3re otwarta jest szko\u0142a stowarzyszona IKC.<\/p>\n<p>Aby uzyska\u0107 dobre wra\u017cenie na temat naszych aran\u017cacji dla maluch\u00f3w, zapraszamy do osobistego wprowadzenia. Zapraszamy do um\u00f3wienia si\u0119 na niezobowi\u0105zuj\u0105ce spotkanie, dzwoni\u0105c pod numer 0499-850352 lub korzystaj\u0105c z formularza kontaktowego.<\/p>\n\t<h2 id=\"tablepress-9-name\" class=\"tablepress-table-name tablepress-table-name-id-9\">Codzienny harmonogram grupy zabaw dla maluch\u00f3w<\/h2>\n\n<table id=\"tablepress-9\" class=\"tablepress tablepress-id-9\" aria-labelledby=\"tablepress-9-name\">\n<tbody>\n<tr class=\"row-1\">\n\t<td class=\"column-1\">08.20 - 8.30<\/td><td class=\"column-2\">odbi\u00f3r dzieci, kr\u00f3tkie przekazanie przez rodzic\u00f3w<\/td>\n<\/tr>\n<tr class=\"row-2\">\n\t<td class=\"column-1\">08.30 - 8.50<\/td><td class=\"column-2\">wsp\u00f3lny kr\u0105g, pomocnik dnia wiesza wykres codziennej rutyny<\/td>\n<\/tr>\n<tr class=\"row-3\">\n\t<td class=\"column-1\">08.50 - 9.15 <\/td><td class=\"column-2\">zaj\u0119cia r\u0119kodzielnicze, swobodna zabawa, zaj\u0119cia indywidualne z maluchami<\/td>\n<\/tr>\n<tr class=\"row-4\">\n\t<td class=\"column-1\">09.15 -9.30<\/td><td class=\"column-2\">wsp\u00f3lna aktywno\u015b\u0107, czytanie na g\u0142os<\/td>\n<\/tr>\n<tr class=\"row-5\">\n\t<td class=\"column-1\">09.30 - 10.00<\/td><td class=\"column-2\">wsp\u00f3lny kr\u0105g, \u015bpiewanie piosenek, jedzenie i picie owoc\u00f3w<\/td>\n<\/tr>\n<tr class=\"row-6\">\n\t<td class=\"column-1\">10.00 -10.30<\/td><td class=\"column-2\">wizyta w toalecie, swobodna zabawa, a nast\u0119pnie wsp\u00f3lne sprz\u0105tanie<\/td>\n<\/tr>\n<tr class=\"row-7\">\n\t<td class=\"column-1\">10.30 -11.15<\/td><td class=\"column-2\">zabawa na zewn\u0105trz przy z\u0142ej pogodzie \u0107wiczenia na p\u0142ycie CD\/cyfrowej ksi\u0105\u017cce z obrazkami<\/td>\n<\/tr>\n<tr class=\"row-8\">\n\t<td class=\"column-1\">11.15 -11.45<\/td><td class=\"column-2\">ksi\u0105\u017ceczka\/piosenka<\/td>\n<\/tr>\n<tr class=\"row-9\">\n\t<td class=\"column-1\">11:45 - 12:30<\/td><td class=\"column-2\">jedz\u0105c kanapk\u0119 i \u017cegnaj\u0105c si\u0119 razem<\/td>\n<\/tr>\n<\/tbody>\n<\/table>\n\n\t<h2>Godziny otwarcia<\/h2>\n<p>&nbsp;<\/p>\n\t\t\t\t<table>\n\t\t\t\t\t<thead>\n\t\t\t\t\t\t\t\t\t\t\t\t\t\t<th rowspan=\"\" colspan=\"\">\n\t\t\t\t\t\t\t\t\t\t\t\t\t\t\t\t\t<label>\n\t\t\t\t\t\t\t\t\t\t<\/label><label> Do widzenia <\/label>\n\t\t\t\t\t\t\t\t\t\n\t\t\t\t\t\t\t\t\t\t\t\t\t\t\t\t\t<\/th>\n\t\t\t\t\t\t\t\t\t\t\t\t\t\t<th rowspan=\"\" colspan=\"\">\n\t\t\t\t\t\t\t\t\t\t\t\t\t\t\t\t\t<label>\n\t\t\t\t\t\t\t\t\t\t<\/label><label> Czasy <\/label>\n\t\t\t\t\t\t\t\t\t\n\t\t\t\t\t\t\t\t\t\t\t\t\t\t\t\t\t<\/th>\n\t\t\t\t\t\t\t\t\t\t\t<\/thead>\n\t\t\t\t\t<tbody>\n\t\t\t\t\t\t\t\t\t\t\t\t\t\t\t<tr>\n\t\t\t\t\t\t\t\t\t\t\t\t\t\t\t\t\t\t\t\t<td colspan=\"\" rowspan=\"\">\n\t\t\t\t\t\t\t\t\t\t\t\t\t\t\t\t\t\t\t\t\t\t\t Poniedzia\u0142ek \n\t\t\t\t\t\t\t\t\t\t\t\t\t\t\t\t\t\t\t\t\t\t\t<\/td>\n\t\t\t\t\t\t\t\t\t\t\t\t\t\t\t\t<td colspan=\"\" rowspan=\"\">\n\t\t\t\t\t\t\t\t\t\t\t\t\t\t\t\t\t\t\t\t\t\t\t 08.30 &#8211; 12.30 uur \n\t\t\t\t\t\t\t\t\t\t\t\t\t\t\t\t\t\t\t\t\t\t\t<\/td>\n\t\t\t\t\t\t\t\t\t\t\t\t\t\t\t<\/tr><tr>\n\t\t\t\t\t\t\t\t\t\t\t\t\t\t\t\t\t\t\t\t<td colspan=\"\" rowspan=\"\">\n\t\t\t\t\t\t\t\t\t\t\t\t\t\t\t\t\t\t\t\t\t\t\t Wtorek \n\t\t\t\t\t\t\t\t\t\t\t\t\t\t\t\t\t\t\t\t\t\t\t<\/td>\n\t\t\t\t\t\t\t\t\t\t\t\t\t\t\t\t<td colspan=\"\" rowspan=\"\">\n\t\t\t\t\t\t\t\t\t\t\t\t\t\t\t\t\t\t\t\t\t\t\t 08.30 &#8211; 12.30 uur \n\t\t\t\t\t\t\t\t\t\t\t\t\t\t\t\t\t\t\t\t\t\t\t<\/td>\n\t\t\t\t\t\t\t\t\t\t\t\t\t\t\t<\/tr><tr>\n\t\t\t\t\t\t\t\t\t\t\t\t\t\t\t\t\t\t\t\t<td colspan=\"\" rowspan=\"\">\n\t\t\t\t\t\t\t\t\t\t\t\t\t\t\t\t\t\t\t\t\t\t\t \u015aroda \n\t\t\t\t\t\t\t\t\t\t\t\t\t\t\t\t\t\t\t\t\t\t\t<\/td>\n\t\t\t\t\t\t\t\t\t\t\t\t\t\t\t\t<td colspan=\"\" rowspan=\"\">\n\t\t\t\t\t\t\t\t\t\t\t\t\t\t\t\t\t\t\t\t\t\t\t 08.30 &#8211; 12.30 uur \n\t\t\t\t\t\t\t\t\t\t\t\t\t\t\t\t\t\t\t\t\t\t\t<\/td>\n\t\t\t\t\t\t\t\t\t\t\t\t\t\t\t<\/tr><tr>\n\t\t\t\t\t\t\t\t\t\t\t\t\t\t\t\t\t\t\t\t<td colspan=\"\" rowspan=\"\">\n\t\t\t\t\t\t\t\t\t\t\t\t\t\t\t\t\t\t\t\t\t\t\t Czwartek \n\t\t\t\t\t\t\t\t\t\t\t\t\t\t\t\t\t\t\t\t\t\t\t<\/td>\n\t\t\t\t\t\t\t\t\t\t\t\t\t\t\t\t<td colspan=\"\" rowspan=\"\">\n\t\t\t\t\t\t\t\t\t\t\t\t\t\t\t\t\t\t\t\t\t\t\t 08.30 &#8211; 12.30 uur \n\t\t\t\t\t\t\t\t\t\t\t\t\t\t\t\t\t\t\t\t\t\t\t<\/td>\n\t\t\t\t\t\t\t\t\t\t\t\t\t\t\t<\/tr><tr>\n\t\t\t\t\t\t\t\t\t\t\t\t\t\t\t\t\t\t\t\t<td colspan=\"\" rowspan=\"\">\n\t\t\t\t\t\t\t\t\t\t\t\t\t\t\t\t\t\t\t\t\t\t\t Pi\u0105tek \n\t\t\t\t\t\t\t\t\t\t\t\t\t\t\t\t\t\t\t\t\t\t\t<\/td>\n\t\t\t\t\t\t\t\t\t\t\t\t\t\t\t\t<td colspan=\"\" rowspan=\"\">\n\t\t\t\t\t\t\t\t\t\t\t\t\t\t\t\t\t\t\t\t\t\t\t 08.30 &#8211; 12.30 uur \n\t\t\t\t\t\t\t\t\t\t\t\t\t\t\t\t\t\t\t\t\t\t\t<\/td>\n\t\t\t\t\t\t\t\t\t\t\t<\/tr><\/tbody>\n\t\t\t\t<\/table>\n\t<h2>Lokalizacje<\/h2>\n\t<p><a href=\"https:\/\/www.kinderopvanglittlepeople.nl\/pl\/wildheuvel\/\">Wildhill\u00a0<\/a><\/p>\n<p><a href=\"https:\/\/www.kinderopvanglittlepeople.nl\/pl\/wilhelminadorp\/\">Wilhelminadorp<\/a><\/p>\n\t\t\t<a href=\"https:\/\/www.kinderopvanglittlepeople.nl\/pl\/rondleiding\/\" target=\"_self\">\n\t\t\t\t\t\tZam\u00f3w wycieczk\u0119 z przewodnikiem\n\t\t\t\t\t<\/a>","protected":false},"excerpt":{"rendered":"<p>Voor kinderen die niet naar de dagopvang gaan maar waarvan de ouders het wel belangrijk vinden dat ze in contact komen met andere kinderen is de peuterspeelzaal een perfecte oplossing. De doelstelling van de peuterspeelzaal is het cre\u00ebren van optimale ontwikkelingskansen voor alle kinderen in de leeftijd van 2 tot 4 jaar door het aanbieden&hellip;<\/p>","protected":false},"author":4,"featured_media":11427,"parent":568,"menu_order":30,"comment_status":"closed","ping_status":"closed","template":"","meta":{"footnotes":""},"class_list":["post-1480","page","type-page","status-publish","has-post-thumbnail","hentry"],"yoast_head":"<!-- This site is optimized with the Yoast SEO plugin v27.4 - https:\/\/yoast.com\/product\/yoast-seo-wordpress\/ -->\n<title>Peuterarrangementen | 2-4 jaar - Kinderopvang Little People<\/title>\n<meta name=\"description\" content=\"Voor kinderen in de leeftijd van 2-4 jaar, biedt Kinderopvang Little People de peuterspeelzaal aan. Ook wanneer uw kind geen gebruik maakt van de dagopvang.\" \/>\n<meta name=\"robots\" content=\"index, follow, max-snippet:-1, max-image-preview:large, max-video-preview:-1\" \/>\n<link rel=\"canonical\" href=\"https:\/\/www.kinderopvanglittlepeople.nl\/pl\/kinderopvang\/peuterspeelzaal\/\" \/>\n<meta property=\"og:locale\" content=\"pl_PL\" \/>\n<meta property=\"og:type\" content=\"article\" \/>\n<meta property=\"og:title\" content=\"Peuterarrangementen | 2-4 jaar - Kinderopvang Little People\" \/>\n<meta property=\"og:description\" content=\"Voor kinderen in de leeftijd van 2-4 jaar, biedt Kinderopvang Little People de peuterspeelzaal aan. Ook wanneer uw kind geen gebruik maakt van de dagopvang.\" \/>\n<meta property=\"og:url\" content=\"https:\/\/www.kinderopvanglittlepeople.nl\/pl\/kinderopvang\/peuterspeelzaal\/\" \/>\n<meta property=\"og:site_name\" content=\"Kinderopvang Little People\" \/>\n<meta property=\"article:publisher\" content=\"https:\/\/www.facebook.com\/KinderopvangLittlePeople\" \/>\n<meta property=\"article:modified_time\" content=\"2025-12-11T12:57:19+00:00\" \/>\n<meta property=\"og:image\" content=\"https:\/\/www.kinderopvanglittlepeople.nl\/wp-content\/uploads\/peuters_resultaat.webp\" \/>\n\t<meta property=\"og:image:width\" content=\"664\" \/>\n\t<meta property=\"og:image:height\" content=\"384\" \/>\n\t<meta property=\"og:image:type\" content=\"image\/webp\" \/>\n<meta name=\"twitter:label1\" content=\"Szacowany czas czytania\" \/>\n\t<meta name=\"twitter:data1\" content=\"2 minuty\" \/>\n<script type=\"application\/ld+json\" class=\"yoast-schema-graph\">{\"@context\":\"https:\\\/\\\/schema.org\",\"@graph\":[{\"@type\":\"WebPage\",\"@id\":\"https:\\\/\\\/www.kinderopvanglittlepeople.nl\\\/kinderopvang\\\/peuterspeelzaal\\\/\",\"url\":\"https:\\\/\\\/www.kinderopvanglittlepeople.nl\\\/kinderopvang\\\/peuterspeelzaal\\\/\",\"name\":\"Peuterarrangementen | 2-4 jaar - Kinderopvang Little People\",\"isPartOf\":{\"@id\":\"https:\\\/\\\/www.kinderopvanglittlepeople.nl\\\/#website\"},\"primaryImageOfPage\":{\"@id\":\"https:\\\/\\\/www.kinderopvanglittlepeople.nl\\\/kinderopvang\\\/peuterspeelzaal\\\/#primaryimage\"},\"image\":{\"@id\":\"https:\\\/\\\/www.kinderopvanglittlepeople.nl\\\/kinderopvang\\\/peuterspeelzaal\\\/#primaryimage\"},\"thumbnailUrl\":\"https:\\\/\\\/www.kinderopvanglittlepeople.nl\\\/wp-content\\\/uploads\\\/peuters_resultaat.webp\",\"datePublished\":\"2016-01-18T13:09:45+00:00\",\"dateModified\":\"2025-12-11T12:57:19+00:00\",\"description\":\"Voor kinderen in de leeftijd van 2-4 jaar, biedt Kinderopvang Little People de peuterspeelzaal aan. Ook wanneer uw kind geen gebruik maakt van de dagopvang.\",\"breadcrumb\":{\"@id\":\"https:\\\/\\\/www.kinderopvanglittlepeople.nl\\\/kinderopvang\\\/peuterspeelzaal\\\/#breadcrumb\"},\"inLanguage\":\"pl-PL\",\"potentialAction\":[{\"@type\":\"ReadAction\",\"target\":[\"https:\\\/\\\/www.kinderopvanglittlepeople.nl\\\/kinderopvang\\\/peuterspeelzaal\\\/\"]}]},{\"@type\":\"ImageObject\",\"inLanguage\":\"pl-PL\",\"@id\":\"https:\\\/\\\/www.kinderopvanglittlepeople.nl\\\/kinderopvang\\\/peuterspeelzaal\\\/#primaryimage\",\"url\":\"https:\\\/\\\/www.kinderopvanglittlepeople.nl\\\/wp-content\\\/uploads\\\/peuters_resultaat.webp\",\"contentUrl\":\"https:\\\/\\\/www.kinderopvanglittlepeople.nl\\\/wp-content\\\/uploads\\\/peuters_resultaat.webp\",\"width\":664,\"height\":384},{\"@type\":\"BreadcrumbList\",\"@id\":\"https:\\\/\\\/www.kinderopvanglittlepeople.nl\\\/kinderopvang\\\/peuterspeelzaal\\\/#breadcrumb\",\"itemListElement\":[{\"@type\":\"ListItem\",\"position\":1,\"name\":\"Home\",\"item\":\"https:\\\/\\\/www.kinderopvanglittlepeople.nl\\\/\"},{\"@type\":\"ListItem\",\"position\":2,\"name\":\"Opvang\",\"item\":\"https:\\\/\\\/www.kinderopvanglittlepeople.nl\\\/kinderopvang\\\/\"},{\"@type\":\"ListItem\",\"position\":3,\"name\":\"Peuterarrangementen | 2-4 jaar\"}]},{\"@type\":\"WebSite\",\"@id\":\"https:\\\/\\\/www.kinderopvanglittlepeople.nl\\\/#website\",\"url\":\"https:\\\/\\\/www.kinderopvanglittlepeople.nl\\\/\",\"name\":\"Kinderopvang Little People\",\"description\":\"Een huiselijke sfeer, kleinschalig en v\u00e9\u00e9l persoonlijke aandacht voor ieder kind.\",\"publisher\":{\"@id\":\"https:\\\/\\\/www.kinderopvanglittlepeople.nl\\\/#organization\"},\"alternateName\":\"Een huiselijke sfeer, kleinschalig en v\u00e9\u00e9l persoonlijke aandacht voor ieder kind.\",\"potentialAction\":[{\"@type\":\"SearchAction\",\"target\":{\"@type\":\"EntryPoint\",\"urlTemplate\":\"https:\\\/\\\/www.kinderopvanglittlepeople.nl\\\/?s={search_term_string}\"},\"query-input\":{\"@type\":\"PropertyValueSpecification\",\"valueRequired\":true,\"valueName\":\"search_term_string\"}}],\"inLanguage\":\"pl-PL\"},{\"@type\":\"Organization\",\"@id\":\"https:\\\/\\\/www.kinderopvanglittlepeople.nl\\\/#organization\",\"name\":\"Kinderopvang Little People\",\"alternateName\":\"Een huiselijke sfeer, kleinschalig en v\u00e9\u00e9l persoonlijke aandacht voor ieder kind.\",\"url\":\"https:\\\/\\\/www.kinderopvanglittlepeople.nl\\\/\",\"logo\":{\"@type\":\"ImageObject\",\"inLanguage\":\"pl-PL\",\"@id\":\"https:\\\/\\\/www.kinderopvanglittlepeople.nl\\\/#\\\/schema\\\/logo\\\/image\\\/\",\"url\":\"https:\\\/\\\/www.kinderopvanglittlepeople.nl\\\/wp-content\\\/uploads\\\/logo-klp.svg\",\"contentUrl\":\"https:\\\/\\\/www.kinderopvanglittlepeople.nl\\\/wp-content\\\/uploads\\\/logo-klp.svg\",\"width\":1,\"height\":1,\"caption\":\"Kinderopvang Little People\"},\"image\":{\"@id\":\"https:\\\/\\\/www.kinderopvanglittlepeople.nl\\\/#\\\/schema\\\/logo\\\/image\\\/\"},\"sameAs\":[\"https:\\\/\\\/www.facebook.com\\\/KinderopvangLittlePeople\"]}]}<\/script>\n<!-- \/ Yoast SEO plugin. -->","yoast_head_json":{"title":"Peuterarrangementen | 2-4 jaar - Kinderopvang Little People","description":"Voor kinderen in de leeftijd van 2-4 jaar, biedt Kinderopvang Little People de peuterspeelzaal aan. Ook wanneer uw kind geen gebruik maakt van de dagopvang.","robots":{"index":"index","follow":"follow","max-snippet":"max-snippet:-1","max-image-preview":"max-image-preview:large","max-video-preview":"max-video-preview:-1"},"canonical":"https:\/\/www.kinderopvanglittlepeople.nl\/pl\/kinderopvang\/peuterspeelzaal\/","og_locale":"pl_PL","og_type":"article","og_title":"Peuterarrangementen | 2-4 jaar - Kinderopvang Little People","og_description":"Voor kinderen in de leeftijd van 2-4 jaar, biedt Kinderopvang Little People de peuterspeelzaal aan. Ook wanneer uw kind geen gebruik maakt van de dagopvang.","og_url":"https:\/\/www.kinderopvanglittlepeople.nl\/pl\/kinderopvang\/peuterspeelzaal\/","og_site_name":"Kinderopvang Little People","article_publisher":"https:\/\/www.facebook.com\/KinderopvangLittlePeople","article_modified_time":"2025-12-11T12:57:19+00:00","og_image":[{"width":664,"height":384,"url":"https:\/\/www.kinderopvanglittlepeople.nl\/wp-content\/uploads\/peuters_resultaat.webp","type":"image\/webp"}],"twitter_misc":{"Szacowany czas czytania":"2 minuty"},"schema":{"@context":"https:\/\/schema.org","@graph":[{"@type":"WebPage","@id":"https:\/\/www.kinderopvanglittlepeople.nl\/kinderopvang\/peuterspeelzaal\/","url":"https:\/\/www.kinderopvanglittlepeople.nl\/kinderopvang\/peuterspeelzaal\/","name":"Peuterarrangementen | 2-4 jaar - Kinderopvang Little People","isPartOf":{"@id":"https:\/\/www.kinderopvanglittlepeople.nl\/#website"},"primaryImageOfPage":{"@id":"https:\/\/www.kinderopvanglittlepeople.nl\/kinderopvang\/peuterspeelzaal\/#primaryimage"},"image":{"@id":"https:\/\/www.kinderopvanglittlepeople.nl\/kinderopvang\/peuterspeelzaal\/#primaryimage"},"thumbnailUrl":"https:\/\/www.kinderopvanglittlepeople.nl\/wp-content\/uploads\/peuters_resultaat.webp","datePublished":"2016-01-18T13:09:45+00:00","dateModified":"2025-12-11T12:57:19+00:00","description":"Voor kinderen in de leeftijd van 2-4 jaar, biedt Kinderopvang Little People de peuterspeelzaal aan. Ook wanneer uw kind geen gebruik maakt van de dagopvang.","breadcrumb":{"@id":"https:\/\/www.kinderopvanglittlepeople.nl\/kinderopvang\/peuterspeelzaal\/#breadcrumb"},"inLanguage":"pl-PL","potentialAction":[{"@type":"ReadAction","target":["https:\/\/www.kinderopvanglittlepeople.nl\/kinderopvang\/peuterspeelzaal\/"]}]},{"@type":"ImageObject","inLanguage":"pl-PL","@id":"https:\/\/www.kinderopvanglittlepeople.nl\/kinderopvang\/peuterspeelzaal\/#primaryimage","url":"https:\/\/www.kinderopvanglittlepeople.nl\/wp-content\/uploads\/peuters_resultaat.webp","contentUrl":"https:\/\/www.kinderopvanglittlepeople.nl\/wp-content\/uploads\/peuters_resultaat.webp","width":664,"height":384},{"@type":"BreadcrumbList","@id":"https:\/\/www.kinderopvanglittlepeople.nl\/kinderopvang\/peuterspeelzaal\/#breadcrumb","itemListElement":[{"@type":"ListItem","position":1,"name":"Home","item":"https:\/\/www.kinderopvanglittlepeople.nl\/"},{"@type":"ListItem","position":2,"name":"Opvang","item":"https:\/\/www.kinderopvanglittlepeople.nl\/kinderopvang\/"},{"@type":"ListItem","position":3,"name":"Peuterarrangementen | 2-4 jaar"}]},{"@type":"WebSite","@id":"https:\/\/www.kinderopvanglittlepeople.nl\/#website","url":"https:\/\/www.kinderopvanglittlepeople.nl\/","name":"Opieka nad dzie\u0107mi Little People","description":"Domowa atmosfera, ma\u0142a skala i du\u017co osobistej uwagi dla ka\u017cdego dziecka.","publisher":{"@id":"https:\/\/www.kinderopvanglittlepeople.nl\/#organization"},"alternateName":"Een huiselijke sfeer, kleinschalig en v\u00e9\u00e9l persoonlijke aandacht voor ieder kind.","potentialAction":[{"@type":"SearchAction","target":{"@type":"EntryPoint","urlTemplate":"https:\/\/www.kinderopvanglittlepeople.nl\/?s={search_term_string}"},"query-input":{"@type":"PropertyValueSpecification","valueRequired":true,"valueName":"search_term_string"}}],"inLanguage":"pl-PL"},{"@type":"Organization","@id":"https:\/\/www.kinderopvanglittlepeople.nl\/#organization","name":"Opieka nad dzie\u0107mi Little People","alternateName":"Een huiselijke sfeer, kleinschalig en v\u00e9\u00e9l persoonlijke aandacht voor ieder kind.","url":"https:\/\/www.kinderopvanglittlepeople.nl\/","logo":{"@type":"ImageObject","inLanguage":"pl-PL","@id":"https:\/\/www.kinderopvanglittlepeople.nl\/#\/schema\/logo\/image\/","url":"https:\/\/www.kinderopvanglittlepeople.nl\/wp-content\/uploads\/logo-klp.svg","contentUrl":"https:\/\/www.kinderopvanglittlepeople.nl\/wp-content\/uploads\/logo-klp.svg","width":1,"height":1,"caption":"Kinderopvang Little People"},"image":{"@id":"https:\/\/www.kinderopvanglittlepeople.nl\/#\/schema\/logo\/image\/"},"sameAs":["https:\/\/www.facebook.com\/KinderopvangLittlePeople"]}]}},"_links":{"self":[{"href":"https:\/\/www.kinderopvanglittlepeople.nl\/pl\/wp-json\/wp\/v2\/pages\/1480","targetHints":{"allow":["GET"]}}],"collection":[{"href":"https:\/\/www.kinderopvanglittlepeople.nl\/pl\/wp-json\/wp\/v2\/pages"}],"about":[{"href":"https:\/\/www.kinderopvanglittlepeople.nl\/pl\/wp-json\/wp\/v2\/types\/page"}],"author":[{"embeddable":true,"href":"https:\/\/www.kinderopvanglittlepeople.nl\/pl\/wp-json\/wp\/v2\/users\/4"}],"replies":[{"embeddable":true,"href":"https:\/\/www.kinderopvanglittlepeople.nl\/pl\/wp-json\/wp\/v2\/comments?post=1480"}],"version-history":[{"count":0,"href":"https:\/\/www.kinderopvanglittlepeople.nl\/pl\/wp-json\/wp\/v2\/pages\/1480\/revisions"}],"up":[{"embeddable":true,"href":"https:\/\/www.kinderopvanglittlepeople.nl\/pl\/wp-json\/wp\/v2\/pages\/568"}],"wp:featuredmedia":[{"embeddable":true,"href":"https:\/\/www.kinderopvanglittlepeople.nl\/pl\/wp-json\/wp\/v2\/media\/11427"}],"wp:attachment":[{"href":"https:\/\/www.kinderopvanglittlepeople.nl\/pl\/wp-json\/wp\/v2\/media?parent=1480"}],"curies":[{"name":"wp","href":"https:\/\/api.w.org\/{rel}","templated":true}]}}