{"id":147,"date":"2015-07-10T15:25:43","date_gmt":"2015-07-10T14:25:43","guid":{"rendered":"https:\/\/kinderopvanglittlepeople.nl\/?page_id=147"},"modified":"2026-01-14T09:51:36","modified_gmt":"2026-01-14T08:51:36","slug":"ouder-commissie","status":"publish","type":"page","link":"https:\/\/www.kinderopvanglittlepeople.nl\/pl\/ouder-commissie\/","title":{"rendered":"Komitet rodzic\u00f3w"},"content":{"rendered":"<ul id=\"menu-beleidsinformatie\"><li id=\"menu-item-141\"><a href=\"https:\/\/www.kinderopvanglittlepeople.nl\/pl\/beleidsinformatie\/\">Informacje o polityce<\/a><\/li>\n<li id=\"menu-item-139\"><a href=\"https:\/\/www.kinderopvanglittlepeople.nl\/pl\/kwaliteitsbeleid\/\">Polityka jako\u015bci<\/a><\/li>\n<li id=\"menu-item-1074\"><a href=\"https:\/\/www.kinderopvanglittlepeople.nl\/pl\/pedagogisch-beleid\/\">Polityka pedagogiczna<\/a><\/li>\n<li id=\"menu-item-142\"><a href=\"https:\/\/www.kinderopvanglittlepeople.nl\/pl\/beleidsinformatie\/klachtenprocedure\/\">Procedura sk\u0142adania skarg<\/a><\/li>\n<li id=\"menu-item-150\"><a href=\"https:\/\/www.kinderopvanglittlepeople.nl\/pl\/ouder-commissie\/\">Komitet rodzic\u00f3w<\/a><\/li>\n<\/ul>\t\n\t<h3><strong>Dlaczego komitet rodzic\u00f3w?<\/strong><\/h3>\n<p>Celem komitetu rodzicielskiego jest utrzymanie i poprawa jako\u015bci opieki we wsp\u00f3\u0142pracy z organizacj\u0105. Odbywa si\u0119 to we wsp\u00f3\u0142pracy z Little People. Komitet rodzic\u00f3w utrzymuje zatem kontakt z rodzicami, organizacj\u0105 i GGD. Komitet rodzic\u00f3w mo\u017ce r\u00f3wnie\u017c odgrywa\u0107 rol\u0119 w komunikacji z rodzicami.<\/p>\n<p>Dzi\u0119ki prawu uczestnictwa (prawu doradczemu) komitetu rodzic\u00f3w, zapisanemu w ustawie o opiece nad dzie\u0107mi, komitet rodzic\u00f3w ma wp\u0142yw na r\u00f3\u017cne aspekty opieki nad dzie\u0107mi.<\/p>\n<p>Komitet rodzicielski ma prawo doradza\u0107 (nie)proszonym w sprawie:<\/p>\n<ul>\n<li>wdro\u017cenie polityki jako\u015bci, w szczeg\u00f3lno\u015bci polityki pedagogicznej;<\/li>\n<li>og\u00f3lne zasady dotycz\u0105ce \u017cywienia, edukacji, bezpiecze\u0144stwa i zdrowia;<\/li>\n<li>godziny otwarcia;<\/li>\n<li>polityki dotycz\u0105ce edukacji przedszkolnej;<\/li>\n<li>przyj\u0119cie i zmiana procedury sk\u0142adania skarg;<\/li>\n<li>Cena opieki nad dzie\u0107mi.<\/li>\n<\/ul>\n<h3><strong>Kto nale\u017cy do komitetu rodzicielskiego?<\/strong><\/h3>\n<p>W sk\u0142ad komitetu rodzicielskiego wchodz\u0105 rodzice dzieci, kt\u00f3re korzystaj\u0105 z r\u00f3\u017cnych form opieki w r\u00f3\u017cnych lokalizacjach Little People, takich jak \u017c\u0142obek, opieka pozaszkolna i praca przedszkolna. Rodzice reprezentuj\u0105 wszystkich rodzic\u00f3w dzieci obj\u0119tych opiek\u0105 w r\u00f3\u017cnych plac\u00f3wkach.<\/p>\n<p>Ka\u017cdy rodzic dziecka ucz\u0119szczaj\u0105cego do Little People mo\u017ce zasiada\u0107 w komitecie rodzicielskim w imieniu odpowiedniej lokalizacji. W sk\u0142adzie komitetu rodzicielskiego podejmowane s\u0105 wysi\u0142ki w celu zapewnienia jak najbardziej proporcjonalnej reprezentacji r\u00f3\u017cnych grup w przedszkolu.<\/p>\n<p>Komitet rodzic\u00f3w spotyka si\u0119 co najmniej cztery razy w roku i omawia bie\u017c\u0105ce kwestie oraz sprawy zg\u0142aszane przez rodzic\u00f3w. Udzielane s\u0105 r\u00f3wnie\u017c porady dotycz\u0105ce kwestii poruszanych przez kierownictwo Little People. Ponadto komitet rodzic\u00f3w pomaga w organizacji szeregu wsp\u00f3lnych dzia\u0142a\u0144 i spotka\u0144 tematycznych.<\/p>\n<p>Je\u015bli masz jakie\u015b pytania do komitetu rodzicielskiego lub jeste\u015b zainteresowany prac\u0105 w nim, skontaktuj si\u0119 z nami telefonicznie.<\/p>\n<h3><strong>Ty te\u017c mo\u017cesz tak my\u015ble\u0107!<\/strong><\/h3>\n<p>Jak. Komitet rodzic\u00f3w spotyka si\u0119 regularnie, cz\u0119sto wraz z delegacj\u0105 z Childcare Little People. B\u0119dzie nam niezmiernie mi\u0142o, je\u015bli we\u017amiesz udzia\u0142 w jednym z naszych spotka\u0144. Mo\u017cesz wtedy om\u00f3wi\u0107 z nami sprawy, kt\u00f3re s\u0105 wa\u017cne dla Twojego dziecka i dla Ciebie! Program spotkania mo\u017cna zam\u00f3wi\u0107 z wyprzedzeniem. Je\u015bli przegapisz jakie\u015b kwestie, daj nam zna\u0107. Bardzo to doceniamy! Z ka\u017cdego spotkania sporz\u0105dzany jest protok\u00f3\u0142. Mo\u017cna o nie poprosi\u0107 w dowolnym momencie.<\/p>\n<p>W przypadku pyta\u0144, komentarzy i pomys\u0142\u00f3w lub w celu zapisania si\u0119 na spotkanie, zawsze mo\u017cesz wpa\u015b\u0107 do jednego z naszych pracownik\u00f3w w grupie lub zadzwoni\u0107 do nas.<\/p>\n<h3><strong>Wiadomo\u015bci od Komitetu Rodzicielskiego<\/strong><\/h3>\n<p>Prywatna cz\u0119\u015b\u0107 strony internetowej b\u0119dzie zawiera\u0107 wi\u0119cej informacji od Komitetu Rodzic\u00f3w, w tym protoko\u0142y i raport roczny. Informacje te s\u0105 r\u00f3wnie\u017c dost\u0119pne w recepcjach.<\/p>\n<p><strong>Pobierz tutaj:<\/strong><\/p>\n<p><a href=\"https:\/\/www.kinderopvanglittlepeople.nl\/wp-content\/uploads\/Reglement_oudercommissie_2023_09_13.pdf\" target=\"_blank\" rel=\"noopener noreferrer\">Regulamin komitetu rodzicielskiego<\/a><\/p>\n<p><a href=\"https:\/\/www.kinderopvanglittlepeople.nl\/wp-content\/uploads\/Huisreglement-maart-2025.pdf\">Zasady obowi\u0105zuj\u0105ce w domu<\/a><\/p>\n<h2>\n\t\t\tKomitet rodzic\u00f3w\t<\/h2>","protected":false},"excerpt":{"rendered":"<p>Beleidsinformatie Kwaliteitsbeleid Pedagogisch Beleid Klachtenprocedure Oudercommissie Waarom een oudercommissie? Het doel van een oudercommissie is om in samenwerking met de organisatie de kwaliteit van de opvang te behouden en verbeteren. Dit in samenwerking met Little People. De oudercommissie onderhoudt daarom contact met de ouders, de organisatie en de GGD. Tevens kan de oudercommissie een rol&hellip;<\/p>","protected":false},"author":1,"featured_media":11444,"parent":0,"menu_order":0,"comment_status":"closed","ping_status":"closed","template":"","meta":{"footnotes":""},"class_list":["post-147","page","type-page","status-publish","has-post-thumbnail","hentry"],"yoast_head":"<!-- This site is optimized with the Yoast SEO plugin v27.4 - https:\/\/yoast.com\/product\/yoast-seo-wordpress\/ -->\n<title>Oudercommissie - Kinderopvang Little People<\/title>\n<meta name=\"description\" content=\"Het doel van een oudercommissie is om in samenwerking met de organisatie de kwaliteit van de opvang te behouden en verbeteren. Dit in samenwerking met Little People.\" \/>\n<meta name=\"robots\" content=\"index, follow, max-snippet:-1, max-image-preview:large, max-video-preview:-1\" \/>\n<link rel=\"canonical\" href=\"https:\/\/www.kinderopvanglittlepeople.nl\/pl\/ouder-commissie\/\" \/>\n<meta property=\"og:locale\" content=\"pl_PL\" \/>\n<meta property=\"og:type\" content=\"article\" \/>\n<meta property=\"og:title\" content=\"Oudercommissie - Kinderopvang Little People\" \/>\n<meta property=\"og:description\" content=\"Het doel van een oudercommissie is om in samenwerking met de organisatie de kwaliteit van de opvang te behouden en verbeteren. Dit in samenwerking met Little People.\" \/>\n<meta property=\"og:url\" content=\"https:\/\/www.kinderopvanglittlepeople.nl\/pl\/ouder-commissie\/\" \/>\n<meta property=\"og:site_name\" content=\"Kinderopvang Little People\" \/>\n<meta property=\"article:publisher\" content=\"https:\/\/www.facebook.com\/KinderopvangLittlePeople\" \/>\n<meta property=\"article:modified_time\" content=\"2026-01-14T08:51:36+00:00\" \/>\n<meta property=\"og:image\" content=\"https:\/\/www.kinderopvanglittlepeople.nl\/wp-content\/uploads\/2_resultaat.webp\" \/>\n\t<meta property=\"og:image:width\" content=\"664\" \/>\n\t<meta property=\"og:image:height\" content=\"384\" \/>\n\t<meta property=\"og:image:type\" content=\"image\/webp\" \/>\n<meta name=\"twitter:label1\" content=\"Szacowany czas czytania\" \/>\n\t<meta name=\"twitter:data1\" content=\"2 minuty\" \/>\n<script type=\"application\/ld+json\" class=\"yoast-schema-graph\">{\"@context\":\"https:\\\/\\\/schema.org\",\"@graph\":[{\"@type\":\"WebPage\",\"@id\":\"https:\\\/\\\/www.kinderopvanglittlepeople.nl\\\/ouder-commissie\\\/\",\"url\":\"https:\\\/\\\/www.kinderopvanglittlepeople.nl\\\/ouder-commissie\\\/\",\"name\":\"Oudercommissie - Kinderopvang Little People\",\"isPartOf\":{\"@id\":\"https:\\\/\\\/www.kinderopvanglittlepeople.nl\\\/#website\"},\"primaryImageOfPage\":{\"@id\":\"https:\\\/\\\/www.kinderopvanglittlepeople.nl\\\/ouder-commissie\\\/#primaryimage\"},\"image\":{\"@id\":\"https:\\\/\\\/www.kinderopvanglittlepeople.nl\\\/ouder-commissie\\\/#primaryimage\"},\"thumbnailUrl\":\"https:\\\/\\\/www.kinderopvanglittlepeople.nl\\\/wp-content\\\/uploads\\\/2_resultaat.webp\",\"datePublished\":\"2015-07-10T14:25:43+00:00\",\"dateModified\":\"2026-01-14T08:51:36+00:00\",\"description\":\"Het doel van een oudercommissie is om in samenwerking met de organisatie de kwaliteit van de opvang te behouden en verbeteren. Dit in samenwerking met Little People.\",\"breadcrumb\":{\"@id\":\"https:\\\/\\\/www.kinderopvanglittlepeople.nl\\\/ouder-commissie\\\/#breadcrumb\"},\"inLanguage\":\"pl-PL\",\"potentialAction\":[{\"@type\":\"ReadAction\",\"target\":[\"https:\\\/\\\/www.kinderopvanglittlepeople.nl\\\/ouder-commissie\\\/\"]}]},{\"@type\":\"ImageObject\",\"inLanguage\":\"pl-PL\",\"@id\":\"https:\\\/\\\/www.kinderopvanglittlepeople.nl\\\/ouder-commissie\\\/#primaryimage\",\"url\":\"https:\\\/\\\/www.kinderopvanglittlepeople.nl\\\/wp-content\\\/uploads\\\/2_resultaat.webp\",\"contentUrl\":\"https:\\\/\\\/www.kinderopvanglittlepeople.nl\\\/wp-content\\\/uploads\\\/2_resultaat.webp\",\"width\":664,\"height\":384},{\"@type\":\"BreadcrumbList\",\"@id\":\"https:\\\/\\\/www.kinderopvanglittlepeople.nl\\\/ouder-commissie\\\/#breadcrumb\",\"itemListElement\":[{\"@type\":\"ListItem\",\"position\":1,\"name\":\"Home\",\"item\":\"https:\\\/\\\/www.kinderopvanglittlepeople.nl\\\/\"},{\"@type\":\"ListItem\",\"position\":2,\"name\":\"Oudercommissie\"}]},{\"@type\":\"WebSite\",\"@id\":\"https:\\\/\\\/www.kinderopvanglittlepeople.nl\\\/#website\",\"url\":\"https:\\\/\\\/www.kinderopvanglittlepeople.nl\\\/\",\"name\":\"Kinderopvang Little People\",\"description\":\"Een huiselijke sfeer, kleinschalig en v\u00e9\u00e9l persoonlijke aandacht voor ieder kind.\",\"publisher\":{\"@id\":\"https:\\\/\\\/www.kinderopvanglittlepeople.nl\\\/#organization\"},\"alternateName\":\"Een huiselijke sfeer, kleinschalig en v\u00e9\u00e9l persoonlijke aandacht voor ieder kind.\",\"potentialAction\":[{\"@type\":\"SearchAction\",\"target\":{\"@type\":\"EntryPoint\",\"urlTemplate\":\"https:\\\/\\\/www.kinderopvanglittlepeople.nl\\\/?s={search_term_string}\"},\"query-input\":{\"@type\":\"PropertyValueSpecification\",\"valueRequired\":true,\"valueName\":\"search_term_string\"}}],\"inLanguage\":\"pl-PL\"},{\"@type\":\"Organization\",\"@id\":\"https:\\\/\\\/www.kinderopvanglittlepeople.nl\\\/#organization\",\"name\":\"Kinderopvang Little People\",\"alternateName\":\"Een huiselijke sfeer, kleinschalig en v\u00e9\u00e9l persoonlijke aandacht voor ieder kind.\",\"url\":\"https:\\\/\\\/www.kinderopvanglittlepeople.nl\\\/\",\"logo\":{\"@type\":\"ImageObject\",\"inLanguage\":\"pl-PL\",\"@id\":\"https:\\\/\\\/www.kinderopvanglittlepeople.nl\\\/#\\\/schema\\\/logo\\\/image\\\/\",\"url\":\"https:\\\/\\\/www.kinderopvanglittlepeople.nl\\\/wp-content\\\/uploads\\\/logo-klp.svg\",\"contentUrl\":\"https:\\\/\\\/www.kinderopvanglittlepeople.nl\\\/wp-content\\\/uploads\\\/logo-klp.svg\",\"width\":1,\"height\":1,\"caption\":\"Kinderopvang Little People\"},\"image\":{\"@id\":\"https:\\\/\\\/www.kinderopvanglittlepeople.nl\\\/#\\\/schema\\\/logo\\\/image\\\/\"},\"sameAs\":[\"https:\\\/\\\/www.facebook.com\\\/KinderopvangLittlePeople\"]}]}<\/script>\n<!-- \/ Yoast SEO plugin. -->","yoast_head_json":{"title":"Oudercommissie - Kinderopvang Little People","description":"Het doel van een oudercommissie is om in samenwerking met de organisatie de kwaliteit van de opvang te behouden en verbeteren. Dit in samenwerking met Little People.","robots":{"index":"index","follow":"follow","max-snippet":"max-snippet:-1","max-image-preview":"max-image-preview:large","max-video-preview":"max-video-preview:-1"},"canonical":"https:\/\/www.kinderopvanglittlepeople.nl\/pl\/ouder-commissie\/","og_locale":"pl_PL","og_type":"article","og_title":"Oudercommissie - Kinderopvang Little People","og_description":"Het doel van een oudercommissie is om in samenwerking met de organisatie de kwaliteit van de opvang te behouden en verbeteren. Dit in samenwerking met Little People.","og_url":"https:\/\/www.kinderopvanglittlepeople.nl\/pl\/ouder-commissie\/","og_site_name":"Kinderopvang Little People","article_publisher":"https:\/\/www.facebook.com\/KinderopvangLittlePeople","article_modified_time":"2026-01-14T08:51:36+00:00","og_image":[{"width":664,"height":384,"url":"https:\/\/www.kinderopvanglittlepeople.nl\/wp-content\/uploads\/2_resultaat.webp","type":"image\/webp"}],"twitter_misc":{"Szacowany czas czytania":"2 minuty"},"schema":{"@context":"https:\/\/schema.org","@graph":[{"@type":"WebPage","@id":"https:\/\/www.kinderopvanglittlepeople.nl\/ouder-commissie\/","url":"https:\/\/www.kinderopvanglittlepeople.nl\/ouder-commissie\/","name":"Oudercommissie - Kinderopvang Little People","isPartOf":{"@id":"https:\/\/www.kinderopvanglittlepeople.nl\/#website"},"primaryImageOfPage":{"@id":"https:\/\/www.kinderopvanglittlepeople.nl\/ouder-commissie\/#primaryimage"},"image":{"@id":"https:\/\/www.kinderopvanglittlepeople.nl\/ouder-commissie\/#primaryimage"},"thumbnailUrl":"https:\/\/www.kinderopvanglittlepeople.nl\/wp-content\/uploads\/2_resultaat.webp","datePublished":"2015-07-10T14:25:43+00:00","dateModified":"2026-01-14T08:51:36+00:00","description":"Het doel van een oudercommissie is om in samenwerking met de organisatie de kwaliteit van de opvang te behouden en verbeteren. Dit in samenwerking met Little People.","breadcrumb":{"@id":"https:\/\/www.kinderopvanglittlepeople.nl\/ouder-commissie\/#breadcrumb"},"inLanguage":"pl-PL","potentialAction":[{"@type":"ReadAction","target":["https:\/\/www.kinderopvanglittlepeople.nl\/ouder-commissie\/"]}]},{"@type":"ImageObject","inLanguage":"pl-PL","@id":"https:\/\/www.kinderopvanglittlepeople.nl\/ouder-commissie\/#primaryimage","url":"https:\/\/www.kinderopvanglittlepeople.nl\/wp-content\/uploads\/2_resultaat.webp","contentUrl":"https:\/\/www.kinderopvanglittlepeople.nl\/wp-content\/uploads\/2_resultaat.webp","width":664,"height":384},{"@type":"BreadcrumbList","@id":"https:\/\/www.kinderopvanglittlepeople.nl\/ouder-commissie\/#breadcrumb","itemListElement":[{"@type":"ListItem","position":1,"name":"Home","item":"https:\/\/www.kinderopvanglittlepeople.nl\/"},{"@type":"ListItem","position":2,"name":"Oudercommissie"}]},{"@type":"WebSite","@id":"https:\/\/www.kinderopvanglittlepeople.nl\/#website","url":"https:\/\/www.kinderopvanglittlepeople.nl\/","name":"Opieka nad dzie\u0107mi Little People","description":"Domowa atmosfera, ma\u0142a skala i du\u017co osobistej uwagi dla ka\u017cdego dziecka.","publisher":{"@id":"https:\/\/www.kinderopvanglittlepeople.nl\/#organization"},"alternateName":"Een huiselijke sfeer, kleinschalig en v\u00e9\u00e9l persoonlijke aandacht voor ieder kind.","potentialAction":[{"@type":"SearchAction","target":{"@type":"EntryPoint","urlTemplate":"https:\/\/www.kinderopvanglittlepeople.nl\/?s={search_term_string}"},"query-input":{"@type":"PropertyValueSpecification","valueRequired":true,"valueName":"search_term_string"}}],"inLanguage":"pl-PL"},{"@type":"Organization","@id":"https:\/\/www.kinderopvanglittlepeople.nl\/#organization","name":"Opieka nad dzie\u0107mi Little People","alternateName":"Een huiselijke sfeer, kleinschalig en v\u00e9\u00e9l persoonlijke aandacht voor ieder kind.","url":"https:\/\/www.kinderopvanglittlepeople.nl\/","logo":{"@type":"ImageObject","inLanguage":"pl-PL","@id":"https:\/\/www.kinderopvanglittlepeople.nl\/#\/schema\/logo\/image\/","url":"https:\/\/www.kinderopvanglittlepeople.nl\/wp-content\/uploads\/logo-klp.svg","contentUrl":"https:\/\/www.kinderopvanglittlepeople.nl\/wp-content\/uploads\/logo-klp.svg","width":1,"height":1,"caption":"Kinderopvang Little People"},"image":{"@id":"https:\/\/www.kinderopvanglittlepeople.nl\/#\/schema\/logo\/image\/"},"sameAs":["https:\/\/www.facebook.com\/KinderopvangLittlePeople"]}]}},"_links":{"self":[{"href":"https:\/\/www.kinderopvanglittlepeople.nl\/pl\/wp-json\/wp\/v2\/pages\/147","targetHints":{"allow":["GET"]}}],"collection":[{"href":"https:\/\/www.kinderopvanglittlepeople.nl\/pl\/wp-json\/wp\/v2\/pages"}],"about":[{"href":"https:\/\/www.kinderopvanglittlepeople.nl\/pl\/wp-json\/wp\/v2\/types\/page"}],"author":[{"embeddable":true,"href":"https:\/\/www.kinderopvanglittlepeople.nl\/pl\/wp-json\/wp\/v2\/users\/1"}],"replies":[{"embeddable":true,"href":"https:\/\/www.kinderopvanglittlepeople.nl\/pl\/wp-json\/wp\/v2\/comments?post=147"}],"version-history":[{"count":0,"href":"https:\/\/www.kinderopvanglittlepeople.nl\/pl\/wp-json\/wp\/v2\/pages\/147\/revisions"}],"wp:featuredmedia":[{"embeddable":true,"href":"https:\/\/www.kinderopvanglittlepeople.nl\/pl\/wp-json\/wp\/v2\/media\/11444"}],"wp:attachment":[{"href":"https:\/\/www.kinderopvanglittlepeople.nl\/pl\/wp-json\/wp\/v2\/media?parent=147"}],"curies":[{"name":"wp","href":"https:\/\/api.w.org\/{rel}","templated":true}]}}