{"id":143,"date":"2015-07-10T13:08:10","date_gmt":"2015-07-10T12:08:10","guid":{"rendered":"https:\/\/kinderopvanglittlepeople.nl\/?page_id=143"},"modified":"2026-01-14T09:49:57","modified_gmt":"2026-01-14T08:49:57","slug":"pedagogisch-beleid","status":"publish","type":"page","link":"https:\/\/www.kinderopvanglittlepeople.nl\/pl\/pedagogisch-beleid\/","title":{"rendered":"Polityka pedagogiczna"},"content":{"rendered":"<ul id=\"menu-beleidsinformatie\"><li id=\"menu-item-141\"><a href=\"https:\/\/www.kinderopvanglittlepeople.nl\/pl\/beleidsinformatie\/\">Informacje o polityce<\/a><\/li>\n<li id=\"menu-item-139\"><a href=\"https:\/\/www.kinderopvanglittlepeople.nl\/pl\/kwaliteitsbeleid\/\">Polityka jako\u015bci<\/a><\/li>\n<li id=\"menu-item-1074\"><a href=\"https:\/\/www.kinderopvanglittlepeople.nl\/pl\/pedagogisch-beleid\/\">Polityka pedagogiczna<\/a><\/li>\n<li id=\"menu-item-142\"><a href=\"https:\/\/www.kinderopvanglittlepeople.nl\/pl\/beleidsinformatie\/klachtenprocedure\/\">Procedura sk\u0142adania skarg<\/a><\/li>\n<li id=\"menu-item-150\"><a href=\"https:\/\/www.kinderopvanglittlepeople.nl\/pl\/ouder-commissie\/\">Komitet rodzic\u00f3w<\/a><\/li>\n<\/ul>\t\n\t<p>Opieka nad dzie\u0107mi Little People ma na celu wyr\u00f3\u017cnienie si\u0119 na tle konkurencji, oferuj\u0105c opiek\u0119 nad dzie\u0107mi na ma\u0142\u0105 skal\u0119 i opiek\u0119 pozaszkoln\u0105, kt\u00f3ra zapewnia wi\u0119cej miejsca na osobist\u0105 i pe\u0142n\u0105 mi\u0142o\u015bci uwag\u0119 dla ka\u017cdego dziecka.<\/p>\n<p>Wierzymy, \u017ce ka\u017cde dziecko jest wyj\u0105tkowe i chcemy wspiera\u0107 je w odkrywaniu siebie i swojego otoczenia. Chcemy to robi\u0107, oferuj\u0105c zaufane i bezpieczne \u015brodowisko z du\u017c\u0105 ilo\u015bci\u0105 osobistej i pe\u0142nej mi\u0142o\u015bci uwagi, w kt\u00f3rym oczywi\u015bcie kluczowa jest wsp\u00f3\u0142praca mi\u0119dzy liderami i rodzicami. Wierzymy, \u017ce oferuj\u0105c opiek\u0119 na ma\u0142\u0105 skal\u0119, mo\u017cna to zrobi\u0107 wyj\u0105tkowo dobrze.<\/p>\n<p>Liderzy, personel zast\u0119pczy, wolontariusze i sta\u017cy\u015bci przestrzegaj\u0105 polityki pedagogicznej Childcare Little People, kt\u00f3ra przyczynia si\u0119 do dobrego i zdrowego rozwoju dziecka w bezpiecznym i stymuluj\u0105cym \u015brodowisku.<\/p>\n<p>Little People werkt constant aan kwaliteitsverbetering en volgt de ontwikkelingen in de markt op de voet. Het pedagogisch beleidsplan is dan ook constant in ontwikkeling, en nieuwe thema&#8217;s en gewijzigde inzichten zouden tot aanpassing van dit plan kunnen leiden.<\/p>\n<p>Wierzymy, \u017ce dajemy rodzicom pewno\u015b\u0107, \u017ce mog\u0105 zapewni\u0107 bezpieczn\u0105 i stymuluj\u0105c\u0105 opiek\u0119.<\/p>\n<p><a href=\"https:\/\/www.kinderopvanglittlepeople.nl\/wp-content\/uploads\/Pedagogisch-beleidsplan-v.20251017.pdf\">Pobierz plan polityki pedagogicznej tutaj<\/a><\/p>","protected":false},"excerpt":{"rendered":"<p>Beleidsinformatie Kwaliteitsbeleid Pedagogisch Beleid Klachtenprocedure Oudercommissie Kinderopvang Little People wil zich onderscheiden van de concurrentie door het bieden van kleinschalige kinderopvang en buitenschoolse opvang waardoor er meer ruimte is voor een persoonlijke en liefdevolle aandacht voor elk kind. Wij vinden dat elk kind uniek is en willen elk kind ondersteunen bij het verkennen van zichzelf&hellip;<\/p>","protected":false},"author":1,"featured_media":11446,"parent":0,"menu_order":0,"comment_status":"closed","ping_status":"closed","template":"","meta":{"footnotes":""},"class_list":["post-143","page","type-page","status-publish","has-post-thumbnail","hentry"],"yoast_head":"<!-- This site is optimized with the Yoast SEO plugin v27.4 - https:\/\/yoast.com\/product\/yoast-seo-wordpress\/ -->\n<title>Pedagogisch Beleid - Kinderopvang Little People<\/title>\n<meta name=\"robots\" content=\"index, follow, max-snippet:-1, max-image-preview:large, max-video-preview:-1\" \/>\n<link rel=\"canonical\" href=\"https:\/\/www.kinderopvanglittlepeople.nl\/pl\/pedagogisch-beleid\/\" \/>\n<meta property=\"og:locale\" content=\"pl_PL\" \/>\n<meta property=\"og:type\" content=\"article\" \/>\n<meta property=\"og:title\" content=\"Pedagogisch Beleid - Kinderopvang Little People\" \/>\n<meta property=\"og:description\" content=\"Beleidsinformatie Kwaliteitsbeleid Pedagogisch Beleid Klachtenprocedure Oudercommissie Kinderopvang Little People wil zich onderscheiden van de concurrentie door het bieden van kleinschalige kinderopvang en buitenschoolse opvang waardoor er meer ruimte is voor een persoonlijke en liefdevolle aandacht voor elk kind. Wij vinden dat elk kind uniek is en willen elk kind ondersteunen bij het verkennen van zichzelf&hellip;\" \/>\n<meta property=\"og:url\" content=\"https:\/\/www.kinderopvanglittlepeople.nl\/pl\/pedagogisch-beleid\/\" \/>\n<meta property=\"og:site_name\" content=\"Kinderopvang Little People\" \/>\n<meta property=\"article:publisher\" content=\"https:\/\/www.facebook.com\/KinderopvangLittlePeople\" \/>\n<meta property=\"article:modified_time\" content=\"2026-01-14T08:49:57+00:00\" \/>\n<meta property=\"og:image\" content=\"https:\/\/www.kinderopvanglittlepeople.nl\/wp-content\/uploads\/4_resultaat.webp\" \/>\n\t<meta property=\"og:image:width\" content=\"664\" \/>\n\t<meta property=\"og:image:height\" content=\"384\" \/>\n\t<meta property=\"og:image:type\" content=\"image\/webp\" \/>\n<meta name=\"twitter:label1\" content=\"Szacowany czas czytania\" \/>\n\t<meta name=\"twitter:data1\" content=\"2 minuty\" \/>\n<script type=\"application\/ld+json\" class=\"yoast-schema-graph\">{\"@context\":\"https:\\\/\\\/schema.org\",\"@graph\":[{\"@type\":\"WebPage\",\"@id\":\"https:\\\/\\\/www.kinderopvanglittlepeople.nl\\\/pedagogisch-beleid\\\/\",\"url\":\"https:\\\/\\\/www.kinderopvanglittlepeople.nl\\\/pedagogisch-beleid\\\/\",\"name\":\"Pedagogisch Beleid - Kinderopvang Little People\",\"isPartOf\":{\"@id\":\"https:\\\/\\\/www.kinderopvanglittlepeople.nl\\\/#website\"},\"primaryImageOfPage\":{\"@id\":\"https:\\\/\\\/www.kinderopvanglittlepeople.nl\\\/pedagogisch-beleid\\\/#primaryimage\"},\"image\":{\"@id\":\"https:\\\/\\\/www.kinderopvanglittlepeople.nl\\\/pedagogisch-beleid\\\/#primaryimage\"},\"thumbnailUrl\":\"https:\\\/\\\/www.kinderopvanglittlepeople.nl\\\/wp-content\\\/uploads\\\/4_resultaat.webp\",\"datePublished\":\"2015-07-10T12:08:10+00:00\",\"dateModified\":\"2026-01-14T08:49:57+00:00\",\"breadcrumb\":{\"@id\":\"https:\\\/\\\/www.kinderopvanglittlepeople.nl\\\/pedagogisch-beleid\\\/#breadcrumb\"},\"inLanguage\":\"pl-PL\",\"potentialAction\":[{\"@type\":\"ReadAction\",\"target\":[\"https:\\\/\\\/www.kinderopvanglittlepeople.nl\\\/pedagogisch-beleid\\\/\"]}]},{\"@type\":\"ImageObject\",\"inLanguage\":\"pl-PL\",\"@id\":\"https:\\\/\\\/www.kinderopvanglittlepeople.nl\\\/pedagogisch-beleid\\\/#primaryimage\",\"url\":\"https:\\\/\\\/www.kinderopvanglittlepeople.nl\\\/wp-content\\\/uploads\\\/4_resultaat.webp\",\"contentUrl\":\"https:\\\/\\\/www.kinderopvanglittlepeople.nl\\\/wp-content\\\/uploads\\\/4_resultaat.webp\",\"width\":664,\"height\":384},{\"@type\":\"BreadcrumbList\",\"@id\":\"https:\\\/\\\/www.kinderopvanglittlepeople.nl\\\/pedagogisch-beleid\\\/#breadcrumb\",\"itemListElement\":[{\"@type\":\"ListItem\",\"position\":1,\"name\":\"Home\",\"item\":\"https:\\\/\\\/www.kinderopvanglittlepeople.nl\\\/\"},{\"@type\":\"ListItem\",\"position\":2,\"name\":\"Pedagogisch Beleid\"}]},{\"@type\":\"WebSite\",\"@id\":\"https:\\\/\\\/www.kinderopvanglittlepeople.nl\\\/#website\",\"url\":\"https:\\\/\\\/www.kinderopvanglittlepeople.nl\\\/\",\"name\":\"Kinderopvang Little People\",\"description\":\"Een huiselijke sfeer, kleinschalig en v\u00e9\u00e9l persoonlijke aandacht voor ieder kind.\",\"publisher\":{\"@id\":\"https:\\\/\\\/www.kinderopvanglittlepeople.nl\\\/#organization\"},\"alternateName\":\"Een huiselijke sfeer, kleinschalig en v\u00e9\u00e9l persoonlijke aandacht voor ieder kind.\",\"potentialAction\":[{\"@type\":\"SearchAction\",\"target\":{\"@type\":\"EntryPoint\",\"urlTemplate\":\"https:\\\/\\\/www.kinderopvanglittlepeople.nl\\\/?s={search_term_string}\"},\"query-input\":{\"@type\":\"PropertyValueSpecification\",\"valueRequired\":true,\"valueName\":\"search_term_string\"}}],\"inLanguage\":\"pl-PL\"},{\"@type\":\"Organization\",\"@id\":\"https:\\\/\\\/www.kinderopvanglittlepeople.nl\\\/#organization\",\"name\":\"Kinderopvang Little People\",\"alternateName\":\"Een huiselijke sfeer, kleinschalig en v\u00e9\u00e9l persoonlijke aandacht voor ieder kind.\",\"url\":\"https:\\\/\\\/www.kinderopvanglittlepeople.nl\\\/\",\"logo\":{\"@type\":\"ImageObject\",\"inLanguage\":\"pl-PL\",\"@id\":\"https:\\\/\\\/www.kinderopvanglittlepeople.nl\\\/#\\\/schema\\\/logo\\\/image\\\/\",\"url\":\"https:\\\/\\\/www.kinderopvanglittlepeople.nl\\\/wp-content\\\/uploads\\\/logo-klp.svg\",\"contentUrl\":\"https:\\\/\\\/www.kinderopvanglittlepeople.nl\\\/wp-content\\\/uploads\\\/logo-klp.svg\",\"width\":1,\"height\":1,\"caption\":\"Kinderopvang Little People\"},\"image\":{\"@id\":\"https:\\\/\\\/www.kinderopvanglittlepeople.nl\\\/#\\\/schema\\\/logo\\\/image\\\/\"},\"sameAs\":[\"https:\\\/\\\/www.facebook.com\\\/KinderopvangLittlePeople\"]}]}<\/script>\n<!-- \/ Yoast SEO plugin. -->","yoast_head_json":{"title":"Pedagogisch Beleid - Kinderopvang Little People","robots":{"index":"index","follow":"follow","max-snippet":"max-snippet:-1","max-image-preview":"max-image-preview:large","max-video-preview":"max-video-preview:-1"},"canonical":"https:\/\/www.kinderopvanglittlepeople.nl\/pl\/pedagogisch-beleid\/","og_locale":"pl_PL","og_type":"article","og_title":"Pedagogisch Beleid - Kinderopvang Little People","og_description":"Beleidsinformatie Kwaliteitsbeleid Pedagogisch Beleid Klachtenprocedure Oudercommissie Kinderopvang Little People wil zich onderscheiden van de concurrentie door het bieden van kleinschalige kinderopvang en buitenschoolse opvang waardoor er meer ruimte is voor een persoonlijke en liefdevolle aandacht voor elk kind. Wij vinden dat elk kind uniek is en willen elk kind ondersteunen bij het verkennen van zichzelf&hellip;","og_url":"https:\/\/www.kinderopvanglittlepeople.nl\/pl\/pedagogisch-beleid\/","og_site_name":"Kinderopvang Little People","article_publisher":"https:\/\/www.facebook.com\/KinderopvangLittlePeople","article_modified_time":"2026-01-14T08:49:57+00:00","og_image":[{"width":664,"height":384,"url":"https:\/\/www.kinderopvanglittlepeople.nl\/wp-content\/uploads\/4_resultaat.webp","type":"image\/webp"}],"twitter_misc":{"Szacowany czas czytania":"2 minuty"},"schema":{"@context":"https:\/\/schema.org","@graph":[{"@type":"WebPage","@id":"https:\/\/www.kinderopvanglittlepeople.nl\/pedagogisch-beleid\/","url":"https:\/\/www.kinderopvanglittlepeople.nl\/pedagogisch-beleid\/","name":"Pedagogisch Beleid - Kinderopvang Little People","isPartOf":{"@id":"https:\/\/www.kinderopvanglittlepeople.nl\/#website"},"primaryImageOfPage":{"@id":"https:\/\/www.kinderopvanglittlepeople.nl\/pedagogisch-beleid\/#primaryimage"},"image":{"@id":"https:\/\/www.kinderopvanglittlepeople.nl\/pedagogisch-beleid\/#primaryimage"},"thumbnailUrl":"https:\/\/www.kinderopvanglittlepeople.nl\/wp-content\/uploads\/4_resultaat.webp","datePublished":"2015-07-10T12:08:10+00:00","dateModified":"2026-01-14T08:49:57+00:00","breadcrumb":{"@id":"https:\/\/www.kinderopvanglittlepeople.nl\/pedagogisch-beleid\/#breadcrumb"},"inLanguage":"pl-PL","potentialAction":[{"@type":"ReadAction","target":["https:\/\/www.kinderopvanglittlepeople.nl\/pedagogisch-beleid\/"]}]},{"@type":"ImageObject","inLanguage":"pl-PL","@id":"https:\/\/www.kinderopvanglittlepeople.nl\/pedagogisch-beleid\/#primaryimage","url":"https:\/\/www.kinderopvanglittlepeople.nl\/wp-content\/uploads\/4_resultaat.webp","contentUrl":"https:\/\/www.kinderopvanglittlepeople.nl\/wp-content\/uploads\/4_resultaat.webp","width":664,"height":384},{"@type":"BreadcrumbList","@id":"https:\/\/www.kinderopvanglittlepeople.nl\/pedagogisch-beleid\/#breadcrumb","itemListElement":[{"@type":"ListItem","position":1,"name":"Home","item":"https:\/\/www.kinderopvanglittlepeople.nl\/"},{"@type":"ListItem","position":2,"name":"Pedagogisch Beleid"}]},{"@type":"WebSite","@id":"https:\/\/www.kinderopvanglittlepeople.nl\/#website","url":"https:\/\/www.kinderopvanglittlepeople.nl\/","name":"Opieka nad dzie\u0107mi Little People","description":"Domowa atmosfera, ma\u0142a skala i du\u017co osobistej uwagi dla ka\u017cdego dziecka.","publisher":{"@id":"https:\/\/www.kinderopvanglittlepeople.nl\/#organization"},"alternateName":"Een huiselijke sfeer, kleinschalig en v\u00e9\u00e9l persoonlijke aandacht voor ieder kind.","potentialAction":[{"@type":"SearchAction","target":{"@type":"EntryPoint","urlTemplate":"https:\/\/www.kinderopvanglittlepeople.nl\/?s={search_term_string}"},"query-input":{"@type":"PropertyValueSpecification","valueRequired":true,"valueName":"search_term_string"}}],"inLanguage":"pl-PL"},{"@type":"Organization","@id":"https:\/\/www.kinderopvanglittlepeople.nl\/#organization","name":"Opieka nad dzie\u0107mi Little People","alternateName":"Een huiselijke sfeer, kleinschalig en v\u00e9\u00e9l persoonlijke aandacht voor ieder kind.","url":"https:\/\/www.kinderopvanglittlepeople.nl\/","logo":{"@type":"ImageObject","inLanguage":"pl-PL","@id":"https:\/\/www.kinderopvanglittlepeople.nl\/#\/schema\/logo\/image\/","url":"https:\/\/www.kinderopvanglittlepeople.nl\/wp-content\/uploads\/logo-klp.svg","contentUrl":"https:\/\/www.kinderopvanglittlepeople.nl\/wp-content\/uploads\/logo-klp.svg","width":1,"height":1,"caption":"Kinderopvang Little People"},"image":{"@id":"https:\/\/www.kinderopvanglittlepeople.nl\/#\/schema\/logo\/image\/"},"sameAs":["https:\/\/www.facebook.com\/KinderopvangLittlePeople"]}]}},"_links":{"self":[{"href":"https:\/\/www.kinderopvanglittlepeople.nl\/pl\/wp-json\/wp\/v2\/pages\/143","targetHints":{"allow":["GET"]}}],"collection":[{"href":"https:\/\/www.kinderopvanglittlepeople.nl\/pl\/wp-json\/wp\/v2\/pages"}],"about":[{"href":"https:\/\/www.kinderopvanglittlepeople.nl\/pl\/wp-json\/wp\/v2\/types\/page"}],"author":[{"embeddable":true,"href":"https:\/\/www.kinderopvanglittlepeople.nl\/pl\/wp-json\/wp\/v2\/users\/1"}],"replies":[{"embeddable":true,"href":"https:\/\/www.kinderopvanglittlepeople.nl\/pl\/wp-json\/wp\/v2\/comments?post=143"}],"version-history":[{"count":0,"href":"https:\/\/www.kinderopvanglittlepeople.nl\/pl\/wp-json\/wp\/v2\/pages\/143\/revisions"}],"wp:featuredmedia":[{"embeddable":true,"href":"https:\/\/www.kinderopvanglittlepeople.nl\/pl\/wp-json\/wp\/v2\/media\/11446"}],"wp:attachment":[{"href":"https:\/\/www.kinderopvanglittlepeople.nl\/pl\/wp-json\/wp\/v2\/media?parent=143"}],"curies":[{"name":"wp","href":"https:\/\/api.w.org\/{rel}","templated":true}]}}