{"id":115,"date":"2015-07-10T12:11:44","date_gmt":"2015-07-10T11:11:44","guid":{"rendered":"https:\/\/kinderopvanglittlepeople.nl\/?page_id=115"},"modified":"2026-03-23T09:38:35","modified_gmt":"2026-03-23T08:38:35","slug":"kwaliteitsbeleid","status":"publish","type":"page","link":"https:\/\/www.kinderopvanglittlepeople.nl\/pl\/kwaliteitsbeleid\/","title":{"rendered":"Polityka jako\u015bci"},"content":{"rendered":"<ul id=\"menu-beleidsinformatie\"><li id=\"menu-item-141\"><a href=\"https:\/\/www.kinderopvanglittlepeople.nl\/pl\/beleidsinformatie\/\">Informacje o polityce<\/a><\/li>\n<li id=\"menu-item-139\"><a href=\"https:\/\/www.kinderopvanglittlepeople.nl\/pl\/kwaliteitsbeleid\/\">Polityka jako\u015bci<\/a><\/li>\n<li id=\"menu-item-1074\"><a href=\"https:\/\/www.kinderopvanglittlepeople.nl\/pl\/pedagogisch-beleid\/\">Polityka pedagogiczna<\/a><\/li>\n<li id=\"menu-item-142\"><a href=\"https:\/\/www.kinderopvanglittlepeople.nl\/pl\/beleidsinformatie\/klachtenprocedure\/\">Procedura sk\u0142adania skarg<\/a><\/li>\n<li id=\"menu-item-150\"><a href=\"https:\/\/www.kinderopvanglittlepeople.nl\/pl\/ouder-commissie\/\">Komitet rodzic\u00f3w<\/a><\/li>\n<\/ul>\t\n\t<p><strong>Polityka jako\u015bci Childcare Little People koncentruje si\u0119 na nast\u0119puj\u0105cych kwestiach:<\/strong><\/p>\n<p>Wierzymy, \u017ce ka\u017cde dziecko jest wyj\u0105tkowe i oferujemy wsparcie w odkrywaniu siebie i swojego otoczenia.<\/p>\n<p>Oferujemy znajome i bezpieczne \u015brodowisko, w kt\u00f3rym wiele uwagi po\u015bwi\u0119ca si\u0119 osobistej i troskliwej opiece.<\/p>\n<p>Jeste\u015bmy na bie\u017c\u0105co z rozwojem w dziedzinie opieki nad dzie\u0107mi i anga\u017cujemy si\u0119 w szkolenia. Na przyk\u0142ad: Wszyscy nasi liderzy uczestniczyli w szkoleniu VVE, edukacji przedszkolnej i wczesnoszkolnej. Ma to na celu zmniejszenie wszelkich niedoci\u0105gni\u0119\u0107 edukacyjnych w odpowiednim czasie na pocz\u0105tku grupy 3.<\/p>\n<p>Opieka nad dzie\u0107mi Little People jest wymieniona w krajowym rejestrze opieki nad dzie\u0107mi (LRK).<\/p>\n<p>De Nederlandse toezichthouder op het gebied van &#8220;Kwaliteit in de kinderopvang&#8221; is de GGD. De GGD beoordeelt jaarlijks de kwaliteit van Little People en rapporteert de bevindingen in een inspectierapport. Wij vinden het prettig dat het resultaat van onze kwaliteitsinspanningen wordt bevestigd door de conclusies in het inspectierapport.<\/p>\n<p>Poni\u017cej mo\u017cna pobra\u0107 najnowsze roczne raporty z inspekcji dla ka\u017cdej z lokalizacji:<\/p>\n<p><a href=\"https:\/\/www.kinderopvanglittlepeople.nl\/wp-content\/uploads\/2026-02-12-Inspectierapport-DEF-NO-LittlePeople-Joh.-Verleunstr-27-KDV.pdf\" target=\"_blank\" rel=\"noopener noreferrer\">Raport z inspekcji GGD Joh. Verleunstraat 27 (KDV i VVE)<\/a><\/p>\n<p><a href=\"https:\/\/www.kinderopvanglittlepeople.nl\/wp-content\/uploads\/2026-02-12-Inspectierapport-DEF-NO-LittlePeople-Joh-Verleunstr-29-KDV.pdf\" target=\"_blank\" rel=\"noopener noreferrer\">Raport z inspekcji GGD Joh. Verleunstraat 29 (VVE)<\/a><\/p>\n<p><a href=\"https:\/\/www.kinderopvanglittlepeople.nl\/wp-content\/uploads\/Kwaliteitsonderzoek-voorschoolse-educatie_53144468-definitief.pdf\">Badania jako\u015bciowe VVE Joh. Verleunstraat 29 (VVE)<\/a><\/p>\n<p><a href=\"https:\/\/www.kinderopvanglittlepeople.nl\/wp-content\/uploads\/2025-11-06-Inspectierapport-DEF-JRL-LittlePeople-Joh.-Verleunstraat-29-BSO.pdf\" target=\"_blank\" rel=\"noopener noreferrer\">Raport z inspekcji GGD Joh. Verleunstraat 29 (BSO)<\/a><\/p>\n<p><a href=\"https:\/\/www.kinderopvanglittlepeople.nl\/wp-content\/uploads\/2025-12-08-Inspectierapport-DEF-JRL-LittlePeople-Wildheuvel-15-BSO.pdf\" target=\"_blank\" rel=\"noopener noreferrer\">Raport z inspekcji GGD Wildheuvel 15 (BSO)<\/a><\/p>\n<p><a href=\"https:\/\/www.kinderopvanglittlepeople.nl\/wp-content\/uploads\/2025-11-10-Inspectierapport-DEF-JRL-KOV-Little-People-Wildheuvel-19-KDV.pdf\">Raport z inspekcji GGD Wildheuvel 19 (KDV)<\/a><\/p>\n<p><a href=\"https:\/\/www.kinderopvanglittlepeople.nl\/wp-content\/uploads\/2025-11-24-Inspectierapport-DEF-JRL-Kinderopvang-Little-People-B.V.-KDV.pdf\" target=\"_blank\" rel=\"noopener noreferrer\">Raport z inspekcji GGD Wildheuvel 15 (VVE)<\/a><\/p>\n<p><a href=\"https:\/\/www.kinderopvanglittlepeople.nl\/wp-content\/uploads\/2025-10-20-Inspectie-DEF-IO-Little-People-Emmalaan-KDV-1.pdf\">Raport z inspekcji GGD Emmalaan 27 (KDV)<\/a><\/p>","protected":false},"excerpt":{"rendered":"<p>Beleidsinformatie Kwaliteitsbeleid Pedagogisch Beleid Klachtenprocedure Oudercommissie Het kwaliteitsbeleid van Kinderopvang Little People is gericht op onderstaande zaken: Wij vinden dat ieder kind uniek is en bieden ondersteuning bij het verkennen van zichzelf en de omgeving. Wij bieden een vertrouwde en veilige omgeving waarin ruimschoots aandacht is voor persoonlijke en liefdevolle aandacht. Wij blijven de ontwikkelingen&hellip;<\/p>","protected":false},"author":1,"featured_media":11443,"parent":0,"menu_order":0,"comment_status":"closed","ping_status":"closed","template":"","meta":{"footnotes":""},"class_list":["post-115","page","type-page","status-publish","has-post-thumbnail","hentry"],"yoast_head":"<!-- This site is optimized with the Yoast SEO plugin v27.4 - https:\/\/yoast.com\/product\/yoast-seo-wordpress\/ -->\n<title>Kwaliteitsbeleid - Kinderopvang Little People<\/title>\n<meta name=\"robots\" content=\"index, follow, max-snippet:-1, max-image-preview:large, max-video-preview:-1\" \/>\n<link rel=\"canonical\" href=\"https:\/\/www.kinderopvanglittlepeople.nl\/pl\/kwaliteitsbeleid\/\" \/>\n<meta property=\"og:locale\" content=\"pl_PL\" \/>\n<meta property=\"og:type\" content=\"article\" \/>\n<meta property=\"og:title\" content=\"Kwaliteitsbeleid - Kinderopvang Little People\" \/>\n<meta property=\"og:description\" content=\"Beleidsinformatie Kwaliteitsbeleid Pedagogisch Beleid Klachtenprocedure Oudercommissie Het kwaliteitsbeleid van Kinderopvang Little People is gericht op onderstaande zaken: Wij vinden dat ieder kind uniek is en bieden ondersteuning bij het verkennen van zichzelf en de omgeving. Wij bieden een vertrouwde en veilige omgeving waarin ruimschoots aandacht is voor persoonlijke en liefdevolle aandacht. Wij blijven de ontwikkelingen&hellip;\" \/>\n<meta property=\"og:url\" content=\"https:\/\/www.kinderopvanglittlepeople.nl\/pl\/kwaliteitsbeleid\/\" \/>\n<meta property=\"og:site_name\" content=\"Kinderopvang Little People\" \/>\n<meta property=\"article:publisher\" content=\"https:\/\/www.facebook.com\/KinderopvangLittlePeople\" \/>\n<meta property=\"article:modified_time\" content=\"2026-03-23T08:38:35+00:00\" \/>\n<meta property=\"og:image\" content=\"https:\/\/www.kinderopvanglittlepeople.nl\/wp-content\/uploads\/1_resultaat.webp\" \/>\n\t<meta property=\"og:image:width\" content=\"664\" \/>\n\t<meta property=\"og:image:height\" content=\"384\" \/>\n\t<meta property=\"og:image:type\" content=\"image\/webp\" \/>\n<meta name=\"twitter:label1\" content=\"Szacowany czas czytania\" \/>\n\t<meta name=\"twitter:data1\" content=\"2 minuty\" \/>\n<script type=\"application\/ld+json\" class=\"yoast-schema-graph\">{\"@context\":\"https:\\\/\\\/schema.org\",\"@graph\":[{\"@type\":\"WebPage\",\"@id\":\"https:\\\/\\\/www.kinderopvanglittlepeople.nl\\\/kwaliteitsbeleid\\\/\",\"url\":\"https:\\\/\\\/www.kinderopvanglittlepeople.nl\\\/kwaliteitsbeleid\\\/\",\"name\":\"Kwaliteitsbeleid - Kinderopvang Little People\",\"isPartOf\":{\"@id\":\"https:\\\/\\\/www.kinderopvanglittlepeople.nl\\\/#website\"},\"primaryImageOfPage\":{\"@id\":\"https:\\\/\\\/www.kinderopvanglittlepeople.nl\\\/kwaliteitsbeleid\\\/#primaryimage\"},\"image\":{\"@id\":\"https:\\\/\\\/www.kinderopvanglittlepeople.nl\\\/kwaliteitsbeleid\\\/#primaryimage\"},\"thumbnailUrl\":\"https:\\\/\\\/www.kinderopvanglittlepeople.nl\\\/wp-content\\\/uploads\\\/1_resultaat.webp\",\"datePublished\":\"2015-07-10T11:11:44+00:00\",\"dateModified\":\"2026-03-23T08:38:35+00:00\",\"breadcrumb\":{\"@id\":\"https:\\\/\\\/www.kinderopvanglittlepeople.nl\\\/kwaliteitsbeleid\\\/#breadcrumb\"},\"inLanguage\":\"pl-PL\",\"potentialAction\":[{\"@type\":\"ReadAction\",\"target\":[\"https:\\\/\\\/www.kinderopvanglittlepeople.nl\\\/kwaliteitsbeleid\\\/\"]}]},{\"@type\":\"ImageObject\",\"inLanguage\":\"pl-PL\",\"@id\":\"https:\\\/\\\/www.kinderopvanglittlepeople.nl\\\/kwaliteitsbeleid\\\/#primaryimage\",\"url\":\"https:\\\/\\\/www.kinderopvanglittlepeople.nl\\\/wp-content\\\/uploads\\\/1_resultaat.webp\",\"contentUrl\":\"https:\\\/\\\/www.kinderopvanglittlepeople.nl\\\/wp-content\\\/uploads\\\/1_resultaat.webp\",\"width\":664,\"height\":384},{\"@type\":\"BreadcrumbList\",\"@id\":\"https:\\\/\\\/www.kinderopvanglittlepeople.nl\\\/kwaliteitsbeleid\\\/#breadcrumb\",\"itemListElement\":[{\"@type\":\"ListItem\",\"position\":1,\"name\":\"Home\",\"item\":\"https:\\\/\\\/www.kinderopvanglittlepeople.nl\\\/\"},{\"@type\":\"ListItem\",\"position\":2,\"name\":\"Kwaliteitsbeleid\"}]},{\"@type\":\"WebSite\",\"@id\":\"https:\\\/\\\/www.kinderopvanglittlepeople.nl\\\/#website\",\"url\":\"https:\\\/\\\/www.kinderopvanglittlepeople.nl\\\/\",\"name\":\"Kinderopvang Little People\",\"description\":\"Een huiselijke sfeer, kleinschalig en v\u00e9\u00e9l persoonlijke aandacht voor ieder kind.\",\"publisher\":{\"@id\":\"https:\\\/\\\/www.kinderopvanglittlepeople.nl\\\/#organization\"},\"alternateName\":\"Een huiselijke sfeer, kleinschalig en v\u00e9\u00e9l persoonlijke aandacht voor ieder kind.\",\"potentialAction\":[{\"@type\":\"SearchAction\",\"target\":{\"@type\":\"EntryPoint\",\"urlTemplate\":\"https:\\\/\\\/www.kinderopvanglittlepeople.nl\\\/?s={search_term_string}\"},\"query-input\":{\"@type\":\"PropertyValueSpecification\",\"valueRequired\":true,\"valueName\":\"search_term_string\"}}],\"inLanguage\":\"pl-PL\"},{\"@type\":\"Organization\",\"@id\":\"https:\\\/\\\/www.kinderopvanglittlepeople.nl\\\/#organization\",\"name\":\"Kinderopvang Little People\",\"alternateName\":\"Een huiselijke sfeer, kleinschalig en v\u00e9\u00e9l persoonlijke aandacht voor ieder kind.\",\"url\":\"https:\\\/\\\/www.kinderopvanglittlepeople.nl\\\/\",\"logo\":{\"@type\":\"ImageObject\",\"inLanguage\":\"pl-PL\",\"@id\":\"https:\\\/\\\/www.kinderopvanglittlepeople.nl\\\/#\\\/schema\\\/logo\\\/image\\\/\",\"url\":\"https:\\\/\\\/www.kinderopvanglittlepeople.nl\\\/wp-content\\\/uploads\\\/logo-klp.svg\",\"contentUrl\":\"https:\\\/\\\/www.kinderopvanglittlepeople.nl\\\/wp-content\\\/uploads\\\/logo-klp.svg\",\"width\":1,\"height\":1,\"caption\":\"Kinderopvang Little People\"},\"image\":{\"@id\":\"https:\\\/\\\/www.kinderopvanglittlepeople.nl\\\/#\\\/schema\\\/logo\\\/image\\\/\"},\"sameAs\":[\"https:\\\/\\\/www.facebook.com\\\/KinderopvangLittlePeople\"]}]}<\/script>\n<!-- \/ Yoast SEO plugin. -->","yoast_head_json":{"title":"Kwaliteitsbeleid - Kinderopvang Little People","robots":{"index":"index","follow":"follow","max-snippet":"max-snippet:-1","max-image-preview":"max-image-preview:large","max-video-preview":"max-video-preview:-1"},"canonical":"https:\/\/www.kinderopvanglittlepeople.nl\/pl\/kwaliteitsbeleid\/","og_locale":"pl_PL","og_type":"article","og_title":"Kwaliteitsbeleid - Kinderopvang Little People","og_description":"Beleidsinformatie Kwaliteitsbeleid Pedagogisch Beleid Klachtenprocedure Oudercommissie Het kwaliteitsbeleid van Kinderopvang Little People is gericht op onderstaande zaken: Wij vinden dat ieder kind uniek is en bieden ondersteuning bij het verkennen van zichzelf en de omgeving. Wij bieden een vertrouwde en veilige omgeving waarin ruimschoots aandacht is voor persoonlijke en liefdevolle aandacht. Wij blijven de ontwikkelingen&hellip;","og_url":"https:\/\/www.kinderopvanglittlepeople.nl\/pl\/kwaliteitsbeleid\/","og_site_name":"Kinderopvang Little People","article_publisher":"https:\/\/www.facebook.com\/KinderopvangLittlePeople","article_modified_time":"2026-03-23T08:38:35+00:00","og_image":[{"width":664,"height":384,"url":"https:\/\/www.kinderopvanglittlepeople.nl\/wp-content\/uploads\/1_resultaat.webp","type":"image\/webp"}],"twitter_misc":{"Szacowany czas czytania":"2 minuty"},"schema":{"@context":"https:\/\/schema.org","@graph":[{"@type":"WebPage","@id":"https:\/\/www.kinderopvanglittlepeople.nl\/kwaliteitsbeleid\/","url":"https:\/\/www.kinderopvanglittlepeople.nl\/kwaliteitsbeleid\/","name":"Kwaliteitsbeleid - Kinderopvang Little People","isPartOf":{"@id":"https:\/\/www.kinderopvanglittlepeople.nl\/#website"},"primaryImageOfPage":{"@id":"https:\/\/www.kinderopvanglittlepeople.nl\/kwaliteitsbeleid\/#primaryimage"},"image":{"@id":"https:\/\/www.kinderopvanglittlepeople.nl\/kwaliteitsbeleid\/#primaryimage"},"thumbnailUrl":"https:\/\/www.kinderopvanglittlepeople.nl\/wp-content\/uploads\/1_resultaat.webp","datePublished":"2015-07-10T11:11:44+00:00","dateModified":"2026-03-23T08:38:35+00:00","breadcrumb":{"@id":"https:\/\/www.kinderopvanglittlepeople.nl\/kwaliteitsbeleid\/#breadcrumb"},"inLanguage":"pl-PL","potentialAction":[{"@type":"ReadAction","target":["https:\/\/www.kinderopvanglittlepeople.nl\/kwaliteitsbeleid\/"]}]},{"@type":"ImageObject","inLanguage":"pl-PL","@id":"https:\/\/www.kinderopvanglittlepeople.nl\/kwaliteitsbeleid\/#primaryimage","url":"https:\/\/www.kinderopvanglittlepeople.nl\/wp-content\/uploads\/1_resultaat.webp","contentUrl":"https:\/\/www.kinderopvanglittlepeople.nl\/wp-content\/uploads\/1_resultaat.webp","width":664,"height":384},{"@type":"BreadcrumbList","@id":"https:\/\/www.kinderopvanglittlepeople.nl\/kwaliteitsbeleid\/#breadcrumb","itemListElement":[{"@type":"ListItem","position":1,"name":"Home","item":"https:\/\/www.kinderopvanglittlepeople.nl\/"},{"@type":"ListItem","position":2,"name":"Kwaliteitsbeleid"}]},{"@type":"WebSite","@id":"https:\/\/www.kinderopvanglittlepeople.nl\/#website","url":"https:\/\/www.kinderopvanglittlepeople.nl\/","name":"Opieka nad dzie\u0107mi Little People","description":"Domowa atmosfera, ma\u0142a skala i du\u017co osobistej uwagi dla ka\u017cdego dziecka.","publisher":{"@id":"https:\/\/www.kinderopvanglittlepeople.nl\/#organization"},"alternateName":"Een huiselijke sfeer, kleinschalig en v\u00e9\u00e9l persoonlijke aandacht voor ieder kind.","potentialAction":[{"@type":"SearchAction","target":{"@type":"EntryPoint","urlTemplate":"https:\/\/www.kinderopvanglittlepeople.nl\/?s={search_term_string}"},"query-input":{"@type":"PropertyValueSpecification","valueRequired":true,"valueName":"search_term_string"}}],"inLanguage":"pl-PL"},{"@type":"Organization","@id":"https:\/\/www.kinderopvanglittlepeople.nl\/#organization","name":"Opieka nad dzie\u0107mi Little People","alternateName":"Een huiselijke sfeer, kleinschalig en v\u00e9\u00e9l persoonlijke aandacht voor ieder kind.","url":"https:\/\/www.kinderopvanglittlepeople.nl\/","logo":{"@type":"ImageObject","inLanguage":"pl-PL","@id":"https:\/\/www.kinderopvanglittlepeople.nl\/#\/schema\/logo\/image\/","url":"https:\/\/www.kinderopvanglittlepeople.nl\/wp-content\/uploads\/logo-klp.svg","contentUrl":"https:\/\/www.kinderopvanglittlepeople.nl\/wp-content\/uploads\/logo-klp.svg","width":1,"height":1,"caption":"Kinderopvang Little People"},"image":{"@id":"https:\/\/www.kinderopvanglittlepeople.nl\/#\/schema\/logo\/image\/"},"sameAs":["https:\/\/www.facebook.com\/KinderopvangLittlePeople"]}]}},"_links":{"self":[{"href":"https:\/\/www.kinderopvanglittlepeople.nl\/pl\/wp-json\/wp\/v2\/pages\/115","targetHints":{"allow":["GET"]}}],"collection":[{"href":"https:\/\/www.kinderopvanglittlepeople.nl\/pl\/wp-json\/wp\/v2\/pages"}],"about":[{"href":"https:\/\/www.kinderopvanglittlepeople.nl\/pl\/wp-json\/wp\/v2\/types\/page"}],"author":[{"embeddable":true,"href":"https:\/\/www.kinderopvanglittlepeople.nl\/pl\/wp-json\/wp\/v2\/users\/1"}],"replies":[{"embeddable":true,"href":"https:\/\/www.kinderopvanglittlepeople.nl\/pl\/wp-json\/wp\/v2\/comments?post=115"}],"version-history":[{"count":0,"href":"https:\/\/www.kinderopvanglittlepeople.nl\/pl\/wp-json\/wp\/v2\/pages\/115\/revisions"}],"wp:featuredmedia":[{"embeddable":true,"href":"https:\/\/www.kinderopvanglittlepeople.nl\/pl\/wp-json\/wp\/v2\/media\/11443"}],"wp:attachment":[{"href":"https:\/\/www.kinderopvanglittlepeople.nl\/pl\/wp-json\/wp\/v2\/media?parent=115"}],"curies":[{"name":"wp","href":"https:\/\/api.w.org\/{rel}","templated":true}]}}