{"id":8488,"date":"2019-11-30T09:16:24","date_gmt":"2019-11-30T08:16:24","guid":{"rendered":"https:\/\/kinderopvanglittlepeople.nl\/?page_id=8488"},"modified":"2024-09-05T12:19:35","modified_gmt":"2024-09-05T11:19:35","slug":"nieuws-2","status":"publish","type":"page","link":"https:\/\/www.kinderopvanglittlepeople.nl\/de\/nieuws-2\/","title":{"rendered":"Nachrichten"},"content":{"rendered":"<meta itemscope itemprop=\"mainEntityOfPage\" itemtype=\"https:\/\/schema.org\/WebPage\" itemid=\"http:\/\/12949\" content=\"Oudercommissie zoekt versterking!\" \/><meta itemprop=\"datePublished\" content=\"2023-09-27\" \/><meta itemprop=\"dateModified\" content=\"2023-10-31\" \/><meta itemprop=\"name\" content=\"Kinderopvang Little People\"\/><meta itemprop=\"url\" content=\"https:\/\/www.bestkinderopvang.nl\/author\/kantoor\/\" \/><meta itemprop=\"name\" content=\"Debbie Beunis\" \/><meta itemprop=\"url\" content=\"https:\/\/www.bestkinderopvang.nl\/wp-content\/uploads\/stukje_oudercommissie.jpg\" \/><meta itemprop=\"width\" content=\"1152\" \/><meta itemprop=\"height\" content=\"648\" \/><meta itemprop=\"interactionType\" content=\"https:\/\/schema.org\/CommentAction\" \/><meta itemprop=\"userInteractionCount\" content=\"0\" \/>\n\t<a href='https:\/\/www.bestkinderopvang.nl\/oudercommissie-2\/' title='Elternausschuss sucht Verst\u00e4rkung!'><img width=\"1024\" height=\"576\" src=\"https:\/\/www.bestkinderopvang.nl\/wp-content\/uploads\/stukje_oudercommissie-1024x576.jpg\" alt=\"\" itemprop=\"image\" decoding=\"async\" loading=\"lazy\" srcset=\"https:\/\/www.bestkinderopvang.nl\/wp-content\/uploads\/stukje_oudercommissie-1024x576.jpg 1024w, https:\/\/www.bestkinderopvang.nl\/wp-content\/uploads\/stukje_oudercommissie-300x169.jpg 300w, https:\/\/www.bestkinderopvang.nl\/wp-content\/uploads\/stukje_oudercommissie-768x432.jpg 768w, https:\/\/www.bestkinderopvang.nl\/wp-content\/uploads\/stukje_oudercommissie.jpg 1152w\" sizes=\"auto, (max-width: 1024px) 100vw, 1024px\" \/><\/a>\n    \tseptember 27, 2023\n\t\t &middot; \n\t\t<a href=\"https:\/\/www.bestkinderopvang.nl\/category\/algemeen\/\" rel=\"tag\">Allgemein<\/a>, <a href=\"https:\/\/www.bestkinderopvang.nl\/category\/nieuws\/\" rel=\"tag\">Nachrichten<\/a>\n    <h2><a href='https:\/\/www.bestkinderopvang.nl\/oudercommissie-2\/' title='Elternausschuss sucht Verst\u00e4rkung!'>Elternausschuss sucht Verst\u00e4rkung!<\/a><\/h2>\n    \t<p>Wir suchen dringend neue Mitglieder f\u00fcr unseren Elternausschuss. Der Elternausschuss besteht aus Eltern von...<\/p>\n    \t<a href=\"https:\/\/www.bestkinderopvang.nl\/oudercommissie-2\/\"> Mehr lesen<\/a>\n        \t<meta itemscope itemprop=\"mainEntityOfPage\" itemtype=\"https:\/\/schema.org\/WebPage\" itemid=\"http:\/\/12862\" content=\"Pannenkoeken\" \/><meta itemprop=\"datePublished\" content=\"2023-05-12\" \/><meta itemprop=\"dateModified\" content=\"2023-05-12\" \/><meta itemprop=\"name\" content=\"Kinderopvang Little People\"\/><meta itemprop=\"url\" content=\"https:\/\/www.bestkinderopvang.nl\/author\/kantoor\/\" \/><meta itemprop=\"name\" content=\"Debbie Beunis\" \/><meta itemprop=\"url\" content=\"https:\/\/www.bestkinderopvang.nl\/wp-content\/uploads\/IMG-6088-scaled.jpg\" \/><meta itemprop=\"width\" content=\"1920\" \/><meta itemprop=\"height\" content=\"2560\" \/><meta itemprop=\"interactionType\" content=\"https:\/\/schema.org\/CommentAction\" \/><meta itemprop=\"userInteractionCount\" content=\"0\" \/>\n\t<a href='https:\/\/www.bestkinderopvang.nl\/pannenkoeken\/' title='Pannenkoeken'><img width=\"768\" height=\"1024\" src=\"https:\/\/www.bestkinderopvang.nl\/wp-content\/uploads\/IMG-6088-768x1024.jpg\" alt=\"\" itemprop=\"image\" decoding=\"async\" loading=\"lazy\" srcset=\"https:\/\/www.bestkinderopvang.nl\/wp-content\/uploads\/IMG-6088-768x1024.jpg 768w, https:\/\/www.bestkinderopvang.nl\/wp-content\/uploads\/IMG-6088-225x300.jpg 225w, https:\/\/www.bestkinderopvang.nl\/wp-content\/uploads\/IMG-6088-1152x1536.jpg 1152w, https:\/\/www.bestkinderopvang.nl\/wp-content\/uploads\/IMG-6088-1536x2048.jpg 1536w, https:\/\/www.bestkinderopvang.nl\/wp-content\/uploads\/IMG-6088-scaled.jpg 1920w\" sizes=\"auto, (max-width: 768px) 100vw, 768px\" \/><\/a>\n    \tmei 12, 2023\n\t\t &middot; \n\t\t<a href=\"https:\/\/www.bestkinderopvang.nl\/category\/nieuws\/\" rel=\"tag\">Nachrichten<\/a>\n    <h2><a href='https:\/\/www.bestkinderopvang.nl\/pannenkoeken\/' title='Pannenkoeken'>Pannenkoeken<\/a><\/h2>\n    \t<p>De Emmalaan stond vandaag in het teken van&#8230;. Pannenkoeken eten! We hebben heerlijk gegeten!<\/p>\n    \t<a href=\"https:\/\/www.bestkinderopvang.nl\/pannenkoeken\/\"> Mehr lesen<\/a>\n        \t<meta itemscope itemprop=\"mainEntityOfPage\" itemtype=\"https:\/\/schema.org\/WebPage\" itemid=\"http:\/\/12844\" content=\"Zomer!\" \/><meta itemprop=\"datePublished\" content=\"2023-05-05\" \/><meta itemprop=\"dateModified\" content=\"2023-05-05\" \/><meta itemprop=\"name\" content=\"Kinderopvang Little People\"\/><meta itemprop=\"url\" content=\"https:\/\/www.bestkinderopvang.nl\/author\/kantoor\/\" \/><meta itemprop=\"name\" content=\"Debbie Beunis\" \/><meta itemprop=\"url\" content=\"https:\/\/www.bestkinderopvang.nl\/wp-content\/uploads\/zonnetje.png\" \/><meta itemprop=\"width\" content=\"232\" \/><meta itemprop=\"height\" content=\"130\" \/><meta itemprop=\"interactionType\" content=\"https:\/\/schema.org\/CommentAction\" \/><meta itemprop=\"userInteractionCount\" content=\"0\" \/>\n\t<a href='https:\/\/www.bestkinderopvang.nl\/zomer\/' title='Sommer!'><img width=\"232\" height=\"130\" src=\"https:\/\/www.bestkinderopvang.nl\/wp-content\/uploads\/zonnetje.png\" alt=\"\" itemprop=\"image\" decoding=\"async\" loading=\"lazy\" \/><\/a>\n    \tmei 5, 2023\n\t\t &middot; \n\t\t<a href=\"https:\/\/www.bestkinderopvang.nl\/category\/nieuws\/\" rel=\"tag\">Nachrichten<\/a>\n    <h2><a href='https:\/\/www.bestkinderopvang.nl\/zomer\/' title='Sommer!'>Sommer!<\/a><\/h2>\n    \t<p>Der Sommer kommt! Wir freuen uns auf ihn. Die kommende Zeit wird ganz im Zeichen der...<\/p>\n    \t<a href=\"https:\/\/www.bestkinderopvang.nl\/zomer\/\"> Mehr lesen<\/a>\n        \t<meta itemscope itemprop=\"mainEntityOfPage\" itemtype=\"https:\/\/schema.org\/WebPage\" itemid=\"http:\/\/12839\" content=\"Wij zoeken jou!\" \/><meta itemprop=\"datePublished\" content=\"2023-05-05\" \/><meta itemprop=\"dateModified\" content=\"2023-06-27\" \/><meta itemprop=\"name\" content=\"Kinderopvang Little People\"\/><meta itemprop=\"url\" content=\"https:\/\/www.bestkinderopvang.nl\/author\/kantoor\/\" \/><meta itemprop=\"name\" content=\"Debbie Beunis\" \/><meta itemprop=\"url\" content=\"https:\/\/www.bestkinderopvang.nl\/wp-content\/uploads\/2016\/11\/Logo_vacature-1.jpg\" \/><meta itemprop=\"width\" content=\"364\" \/><meta itemprop=\"height\" content=\"248\" \/><meta itemprop=\"interactionType\" content=\"https:\/\/schema.org\/CommentAction\" \/><meta itemprop=\"userInteractionCount\" content=\"0\" \/>\n\t<a href='https:\/\/www.bestkinderopvang.nl\/wij-zoeken-jou\/' title='Wir suchen Sie!'><img width=\"364\" height=\"248\" src=\"https:\/\/www.bestkinderopvang.nl\/wp-content\/uploads\/2016\/11\/Logo_vacature-1.jpg\" alt=\"\" itemprop=\"image\" decoding=\"async\" loading=\"lazy\" srcset=\"https:\/\/www.bestkinderopvang.nl\/wp-content\/uploads\/2016\/11\/Logo_vacature-1.jpg 364w, https:\/\/www.bestkinderopvang.nl\/wp-content\/uploads\/2016\/11\/Logo_vacature-1-300x204.jpg 300w\" sizes=\"auto, (max-width: 364px) 100vw, 364px\" \/><\/a>\n    \tmei 5, 2023\n\t\t &middot; \n\t\t<a href=\"https:\/\/www.bestkinderopvang.nl\/category\/nieuws\/\" rel=\"tag\">Nachrichten<\/a>\n    <h2><a href='https:\/\/www.bestkinderopvang.nl\/wij-zoeken-jou\/' title='Wir suchen Sie!'>Wir suchen Sie!<\/a><\/h2>\n    \t<p>Wussten Sie, dass Childcare Little People derzeit auf der Suche nach neuen Mitarbeitern ist? Schauen Sie hier...<\/p>\n    \t<a href=\"https:\/\/www.bestkinderopvang.nl\/wij-zoeken-jou\/\"> Mehr lesen<\/a>\n        \t<meta itemscope itemprop=\"mainEntityOfPage\" itemtype=\"https:\/\/schema.org\/WebPage\" itemid=\"http:\/\/11308\" content=\"Pasen\" \/><meta itemprop=\"datePublished\" content=\"2022-01-25\" \/><meta itemprop=\"dateModified\" content=\"2022-09-26\" \/><meta itemprop=\"name\" content=\"Kinderopvang Little People\"\/><meta itemprop=\"url\" content=\"https:\/\/www.bestkinderopvang.nl\/author\/bestpoint\/\" \/><meta itemprop=\"name\" content=\"bestpoint\" \/><meta itemprop=\"url\" content=\"https:\/\/www.bestkinderopvang.nl\/wp-content\/uploads\/whatsapp-image-2020-04-07-at-10.26.35-e1586248875215-300x225-1.jpeg\" \/><meta itemprop=\"width\" content=\"300\" \/><meta itemprop=\"height\" content=\"225\" \/><meta itemprop=\"interactionType\" content=\"https:\/\/schema.org\/CommentAction\" \/><meta itemprop=\"userInteractionCount\" content=\"0\" \/>\n\t<a href='https:\/\/www.bestkinderopvang.nl\/pasen\/' title='Ostern'><img width=\"300\" height=\"225\" src=\"https:\/\/www.bestkinderopvang.nl\/wp-content\/uploads\/whatsapp-image-2020-04-07-at-10.26.35-e1586248875215-300x225-1.jpeg\" alt=\"\" itemprop=\"image\" decoding=\"async\" loading=\"lazy\" \/><\/a>\n    \tjanuari 25, 2022\n\t\t &middot; \n\t\t<a href=\"https:\/\/www.bestkinderopvang.nl\/category\/nieuws\/\" rel=\"tag\">Nachrichten<\/a>\n    <h2><a href='https:\/\/www.bestkinderopvang.nl\/pasen\/' title='Ostern'>Ostern<\/a><\/h2>\n    \t<p>Auch in der Kindertagesst\u00e4tte Little People wird flei\u00dfig gebastelt. Alle Erzieherinnen helfen mit...<\/p>\n    \t<a href=\"https:\/\/www.bestkinderopvang.nl\/pasen\/\"> Mehr lesen<\/a>\n        \t<meta itemscope itemprop=\"mainEntityOfPage\" itemtype=\"https:\/\/schema.org\/WebPage\" itemid=\"http:\/\/11306\" content=\"Tessa &#038; Puk - Ik wil bij jou zijn\" \/><meta itemprop=\"datePublished\" content=\"2022-01-25\" \/><meta itemprop=\"dateModified\" content=\"2022-09-26\" \/><meta itemprop=\"name\" content=\"Kinderopvang Little People\"\/><meta itemprop=\"url\" content=\"https:\/\/www.bestkinderopvang.nl\/author\/bestpoint\/\" \/><meta itemprop=\"name\" content=\"bestpoint\" \/><meta itemprop=\"url\" content=\"https:\/\/www.bestkinderopvang.nl\/wp-content\/uploads\/whatsapp-image-2020-04-09-at-16.55.22-225x300-1.jpeg\" \/><meta itemprop=\"width\" content=\"225\" \/><meta itemprop=\"height\" content=\"300\" \/><meta itemprop=\"interactionType\" content=\"https:\/\/schema.org\/CommentAction\" \/><meta itemprop=\"userInteractionCount\" content=\"0\" \/>\n\t<a href='https:\/\/www.bestkinderopvang.nl\/tessa-puk-ik-wil-bij-jou-zijn\/' title='Tessa &#038; Puk - Ik wil bij jou zijn'><img width=\"225\" height=\"300\" src=\"https:\/\/www.bestkinderopvang.nl\/wp-content\/uploads\/whatsapp-image-2020-04-09-at-16.55.22-225x300-1.jpeg\" alt=\"\" itemprop=\"image\" decoding=\"async\" loading=\"lazy\" \/><\/a>\n    \tjanuari 25, 2022\n\t\t &middot; \n\t\t<a href=\"https:\/\/www.bestkinderopvang.nl\/category\/nieuws\/\" rel=\"tag\">Nachrichten<\/a>\n    <h2><a href='https:\/\/www.bestkinderopvang.nl\/tessa-puk-ik-wil-bij-jou-zijn\/' title='Tessa &#038; Puk - Ik wil bij jou zijn'>Tessa &#038; Puk &#8211; Ik wil bij jou zijn<\/a><\/h2>\n    \t<p>Puk vermisst seine Freunde, mit denen er spielen kann. Es ist jetzt sehr ruhig im...<\/p>\n    \t<a href=\"https:\/\/www.bestkinderopvang.nl\/tessa-puk-ik-wil-bij-jou-zijn\/\"> Mehr lesen<\/a>\n\t<ul class='page-numbers'>\n\t<li>1<\/li>\n\t<li><a href=\"https:\/\/www.bestkinderopvang.nl\/page\/2\/?page_id=8488&#038;fl_builder\">2<\/a><\/li>\n\t<li><a href=\"https:\/\/www.bestkinderopvang.nl\/page\/2\/?page_id=8488&#038;fl_builder\">Volgende &raquo;<\/a><\/li>\n<\/ul>","protected":false},"excerpt":{"rendered":"<p>september 27, 2023 &middot; Algemeen, Nieuws Oudercommissie zoekt versterking! Wij zijn hard op zoek naar nieuwe leden van onze oudercommissie. In de oudercommissie zitten ouders van&#8230; Read More mei 12, 2023 &middot; Nieuws Pannenkoeken De Emmalaan stond vandaag in het teken van&#8230;. Pannenkoeken eten! We hebben heerlijk gegeten! Read More mei 5, 2023 &middot; Nieuws&hellip;<\/p>","protected":false},"author":62,"featured_media":11426,"parent":0,"menu_order":0,"comment_status":"closed","ping_status":"closed","template":"","meta":{"footnotes":""},"class_list":["post-8488","page","type-page","status-publish","has-post-thumbnail","hentry"],"yoast_head":"<!-- This site is optimized with the Yoast SEO plugin v27.4 - https:\/\/yoast.com\/product\/yoast-seo-wordpress\/ -->\n<title>Nieuws - Kinderopvang Little People<\/title>\n<meta name=\"robots\" content=\"index, follow, max-snippet:-1, max-image-preview:large, max-video-preview:-1\" \/>\n<link rel=\"canonical\" href=\"https:\/\/www.kinderopvanglittlepeople.nl\/de\/nieuws-2\/\" \/>\n<meta property=\"og:locale\" content=\"de_DE\" \/>\n<meta property=\"og:type\" content=\"article\" \/>\n<meta property=\"og:title\" content=\"Nieuws - Kinderopvang Little People\" \/>\n<meta property=\"og:description\" content=\"september 27, 2023 &middot; Algemeen, Nieuws Oudercommissie zoekt versterking! Wij zijn hard op zoek naar nieuwe leden van onze oudercommissie. In de oudercommissie zitten ouders van&#8230; Read More mei 12, 2023 &middot; Nieuws Pannenkoeken De Emmalaan stond vandaag in het teken van&#8230;. Pannenkoeken eten! We hebben heerlijk gegeten! Read More mei 5, 2023 &middot; Nieuws&hellip;\" \/>\n<meta property=\"og:url\" content=\"https:\/\/www.kinderopvanglittlepeople.nl\/de\/nieuws-2\/\" \/>\n<meta property=\"og:site_name\" content=\"Kinderopvang Little People\" \/>\n<meta property=\"article:publisher\" content=\"https:\/\/www.facebook.com\/KinderopvangLittlePeople\" \/>\n<meta property=\"article:modified_time\" content=\"2024-09-05T11:19:35+00:00\" \/>\n<meta property=\"og:image\" content=\"https:\/\/www.kinderopvanglittlepeople.nl\/wp-content\/uploads\/opvang_resultaat.webp\" \/>\n\t<meta property=\"og:image:width\" content=\"664\" \/>\n\t<meta property=\"og:image:height\" content=\"384\" \/>\n\t<meta property=\"og:image:type\" content=\"image\/webp\" \/>\n<meta name=\"twitter:label1\" content=\"Gesch\u00e4tzte Lesezeit\" \/>\n\t<meta name=\"twitter:data1\" content=\"7\u00a0Minuten\" \/>\n<script type=\"application\/ld+json\" class=\"yoast-schema-graph\">{\"@context\":\"https:\\\/\\\/schema.org\",\"@graph\":[{\"@type\":\"WebPage\",\"@id\":\"https:\\\/\\\/www.kinderopvanglittlepeople.nl\\\/en\\\/nieuws-2\\\/\",\"url\":\"https:\\\/\\\/www.kinderopvanglittlepeople.nl\\\/en\\\/nieuws-2\\\/\",\"name\":\"Nieuws - Kinderopvang Little People\",\"isPartOf\":{\"@id\":\"https:\\\/\\\/www.kinderopvanglittlepeople.nl\\\/#website\"},\"primaryImageOfPage\":{\"@id\":\"https:\\\/\\\/www.kinderopvanglittlepeople.nl\\\/en\\\/nieuws-2\\\/#primaryimage\"},\"image\":{\"@id\":\"https:\\\/\\\/www.kinderopvanglittlepeople.nl\\\/en\\\/nieuws-2\\\/#primaryimage\"},\"thumbnailUrl\":\"https:\\\/\\\/www.kinderopvanglittlepeople.nl\\\/wp-content\\\/uploads\\\/opvang_resultaat.webp\",\"datePublished\":\"2019-11-30T08:16:24+00:00\",\"dateModified\":\"2024-09-05T11:19:35+00:00\",\"breadcrumb\":{\"@id\":\"https:\\\/\\\/www.kinderopvanglittlepeople.nl\\\/en\\\/nieuws-2\\\/#breadcrumb\"},\"inLanguage\":\"de\",\"potentialAction\":[{\"@type\":\"ReadAction\",\"target\":[\"https:\\\/\\\/www.kinderopvanglittlepeople.nl\\\/en\\\/nieuws-2\\\/\"]}]},{\"@type\":\"ImageObject\",\"inLanguage\":\"de\",\"@id\":\"https:\\\/\\\/www.kinderopvanglittlepeople.nl\\\/en\\\/nieuws-2\\\/#primaryimage\",\"url\":\"https:\\\/\\\/www.kinderopvanglittlepeople.nl\\\/wp-content\\\/uploads\\\/opvang_resultaat.webp\",\"contentUrl\":\"https:\\\/\\\/www.kinderopvanglittlepeople.nl\\\/wp-content\\\/uploads\\\/opvang_resultaat.webp\",\"width\":664,\"height\":384},{\"@type\":\"BreadcrumbList\",\"@id\":\"https:\\\/\\\/www.kinderopvanglittlepeople.nl\\\/en\\\/nieuws-2\\\/#breadcrumb\",\"itemListElement\":[{\"@type\":\"ListItem\",\"position\":1,\"name\":\"Home\",\"item\":\"https:\\\/\\\/www.kinderopvanglittlepeople.nl\\\/\"},{\"@type\":\"ListItem\",\"position\":2,\"name\":\"Nieuws\"}]},{\"@type\":\"WebSite\",\"@id\":\"https:\\\/\\\/www.kinderopvanglittlepeople.nl\\\/#website\",\"url\":\"https:\\\/\\\/www.kinderopvanglittlepeople.nl\\\/\",\"name\":\"Kinderopvang Little People\",\"description\":\"Een huiselijke sfeer, kleinschalig en v\u00e9\u00e9l persoonlijke aandacht voor ieder kind.\",\"publisher\":{\"@id\":\"https:\\\/\\\/www.kinderopvanglittlepeople.nl\\\/#organization\"},\"alternateName\":\"Een huiselijke sfeer, kleinschalig en v\u00e9\u00e9l persoonlijke aandacht voor ieder kind.\",\"potentialAction\":[{\"@type\":\"SearchAction\",\"target\":{\"@type\":\"EntryPoint\",\"urlTemplate\":\"https:\\\/\\\/www.kinderopvanglittlepeople.nl\\\/?s={search_term_string}\"},\"query-input\":{\"@type\":\"PropertyValueSpecification\",\"valueRequired\":true,\"valueName\":\"search_term_string\"}}],\"inLanguage\":\"de\"},{\"@type\":\"Organization\",\"@id\":\"https:\\\/\\\/www.kinderopvanglittlepeople.nl\\\/#organization\",\"name\":\"Kinderopvang Little People\",\"alternateName\":\"Een huiselijke sfeer, kleinschalig en v\u00e9\u00e9l persoonlijke aandacht voor ieder kind.\",\"url\":\"https:\\\/\\\/www.kinderopvanglittlepeople.nl\\\/\",\"logo\":{\"@type\":\"ImageObject\",\"inLanguage\":\"de\",\"@id\":\"https:\\\/\\\/www.kinderopvanglittlepeople.nl\\\/#\\\/schema\\\/logo\\\/image\\\/\",\"url\":\"https:\\\/\\\/www.kinderopvanglittlepeople.nl\\\/wp-content\\\/uploads\\\/logo-klp.svg\",\"contentUrl\":\"https:\\\/\\\/www.kinderopvanglittlepeople.nl\\\/wp-content\\\/uploads\\\/logo-klp.svg\",\"width\":1,\"height\":1,\"caption\":\"Kinderopvang Little People\"},\"image\":{\"@id\":\"https:\\\/\\\/www.kinderopvanglittlepeople.nl\\\/#\\\/schema\\\/logo\\\/image\\\/\"},\"sameAs\":[\"https:\\\/\\\/www.facebook.com\\\/KinderopvangLittlePeople\"]}]}<\/script>\n<!-- \/ Yoast SEO plugin. -->","yoast_head_json":{"title":"Nieuws - Kinderopvang Little People","robots":{"index":"index","follow":"follow","max-snippet":"max-snippet:-1","max-image-preview":"max-image-preview:large","max-video-preview":"max-video-preview:-1"},"canonical":"https:\/\/www.kinderopvanglittlepeople.nl\/de\/nieuws-2\/","og_locale":"de_DE","og_type":"article","og_title":"Nieuws - Kinderopvang Little People","og_description":"september 27, 2023 &middot; Algemeen, Nieuws Oudercommissie zoekt versterking! Wij zijn hard op zoek naar nieuwe leden van onze oudercommissie. In de oudercommissie zitten ouders van&#8230; Read More mei 12, 2023 &middot; Nieuws Pannenkoeken De Emmalaan stond vandaag in het teken van&#8230;. Pannenkoeken eten! We hebben heerlijk gegeten! Read More mei 5, 2023 &middot; Nieuws&hellip;","og_url":"https:\/\/www.kinderopvanglittlepeople.nl\/de\/nieuws-2\/","og_site_name":"Kinderopvang Little People","article_publisher":"https:\/\/www.facebook.com\/KinderopvangLittlePeople","article_modified_time":"2024-09-05T11:19:35+00:00","og_image":[{"width":664,"height":384,"url":"https:\/\/www.kinderopvanglittlepeople.nl\/wp-content\/uploads\/opvang_resultaat.webp","type":"image\/webp"}],"twitter_misc":{"Gesch\u00e4tzte Lesezeit":"7\u00a0Minuten"},"schema":{"@context":"https:\/\/schema.org","@graph":[{"@type":"WebPage","@id":"https:\/\/www.kinderopvanglittlepeople.nl\/en\/nieuws-2\/","url":"https:\/\/www.kinderopvanglittlepeople.nl\/en\/nieuws-2\/","name":"Nieuws - Kinderopvang Little People","isPartOf":{"@id":"https:\/\/www.kinderopvanglittlepeople.nl\/#website"},"primaryImageOfPage":{"@id":"https:\/\/www.kinderopvanglittlepeople.nl\/en\/nieuws-2\/#primaryimage"},"image":{"@id":"https:\/\/www.kinderopvanglittlepeople.nl\/en\/nieuws-2\/#primaryimage"},"thumbnailUrl":"https:\/\/www.kinderopvanglittlepeople.nl\/wp-content\/uploads\/opvang_resultaat.webp","datePublished":"2019-11-30T08:16:24+00:00","dateModified":"2024-09-05T11:19:35+00:00","breadcrumb":{"@id":"https:\/\/www.kinderopvanglittlepeople.nl\/en\/nieuws-2\/#breadcrumb"},"inLanguage":"de","potentialAction":[{"@type":"ReadAction","target":["https:\/\/www.kinderopvanglittlepeople.nl\/en\/nieuws-2\/"]}]},{"@type":"ImageObject","inLanguage":"de","@id":"https:\/\/www.kinderopvanglittlepeople.nl\/en\/nieuws-2\/#primaryimage","url":"https:\/\/www.kinderopvanglittlepeople.nl\/wp-content\/uploads\/opvang_resultaat.webp","contentUrl":"https:\/\/www.kinderopvanglittlepeople.nl\/wp-content\/uploads\/opvang_resultaat.webp","width":664,"height":384},{"@type":"BreadcrumbList","@id":"https:\/\/www.kinderopvanglittlepeople.nl\/en\/nieuws-2\/#breadcrumb","itemListElement":[{"@type":"ListItem","position":1,"name":"Home","item":"https:\/\/www.kinderopvanglittlepeople.nl\/"},{"@type":"ListItem","position":2,"name":"Nieuws"}]},{"@type":"WebSite","@id":"https:\/\/www.kinderopvanglittlepeople.nl\/#website","url":"https:\/\/www.kinderopvanglittlepeople.nl\/","name":"Kinderbetreuung Little People","description":"Eine famili\u00e4re Atmosph\u00e4re, ein kleiner Rahmen und viel pers\u00f6nliche Aufmerksamkeit f\u00fcr jedes Kind.","publisher":{"@id":"https:\/\/www.kinderopvanglittlepeople.nl\/#organization"},"alternateName":"Een huiselijke sfeer, kleinschalig en v\u00e9\u00e9l persoonlijke aandacht voor ieder kind.","potentialAction":[{"@type":"SearchAction","target":{"@type":"EntryPoint","urlTemplate":"https:\/\/www.kinderopvanglittlepeople.nl\/?s={search_term_string}"},"query-input":{"@type":"PropertyValueSpecification","valueRequired":true,"valueName":"search_term_string"}}],"inLanguage":"de"},{"@type":"Organization","@id":"https:\/\/www.kinderopvanglittlepeople.nl\/#organization","name":"Kinderbetreuung Little People","alternateName":"Een huiselijke sfeer, kleinschalig en v\u00e9\u00e9l persoonlijke aandacht voor ieder kind.","url":"https:\/\/www.kinderopvanglittlepeople.nl\/","logo":{"@type":"ImageObject","inLanguage":"de","@id":"https:\/\/www.kinderopvanglittlepeople.nl\/#\/schema\/logo\/image\/","url":"https:\/\/www.kinderopvanglittlepeople.nl\/wp-content\/uploads\/logo-klp.svg","contentUrl":"https:\/\/www.kinderopvanglittlepeople.nl\/wp-content\/uploads\/logo-klp.svg","width":1,"height":1,"caption":"Kinderopvang Little People"},"image":{"@id":"https:\/\/www.kinderopvanglittlepeople.nl\/#\/schema\/logo\/image\/"},"sameAs":["https:\/\/www.facebook.com\/KinderopvangLittlePeople"]}]}},"_links":{"self":[{"href":"https:\/\/www.kinderopvanglittlepeople.nl\/de\/wp-json\/wp\/v2\/pages\/8488","targetHints":{"allow":["GET"]}}],"collection":[{"href":"https:\/\/www.kinderopvanglittlepeople.nl\/de\/wp-json\/wp\/v2\/pages"}],"about":[{"href":"https:\/\/www.kinderopvanglittlepeople.nl\/de\/wp-json\/wp\/v2\/types\/page"}],"author":[{"embeddable":true,"href":"https:\/\/www.kinderopvanglittlepeople.nl\/de\/wp-json\/wp\/v2\/users\/62"}],"replies":[{"embeddable":true,"href":"https:\/\/www.kinderopvanglittlepeople.nl\/de\/wp-json\/wp\/v2\/comments?post=8488"}],"version-history":[{"count":0,"href":"https:\/\/www.kinderopvanglittlepeople.nl\/de\/wp-json\/wp\/v2\/pages\/8488\/revisions"}],"wp:featuredmedia":[{"embeddable":true,"href":"https:\/\/www.kinderopvanglittlepeople.nl\/de\/wp-json\/wp\/v2\/media\/11426"}],"wp:attachment":[{"href":"https:\/\/www.kinderopvanglittlepeople.nl\/de\/wp-json\/wp\/v2\/media?parent=8488"}],"curies":[{"name":"wp","href":"https:\/\/api.w.org\/{rel}","templated":true}]}}