{"id":6502,"date":"2018-07-12T11:10:46","date_gmt":"2018-07-12T10:10:46","guid":{"rendered":"https:\/\/kinderopvanglittlepeople.nl\/?page_id=6502"},"modified":"2024-09-11T14:28:17","modified_gmt":"2024-09-11T13:28:17","slug":"werkwijze","status":"publish","type":"page","link":"https:\/\/www.kinderopvanglittlepeople.nl\/de\/werkwijze\/","title":{"rendered":"Methodik"},"content":{"rendered":"<p>Die Kinderbetreuung Little People m\u00f6chte sich von der Konkurrenz abheben, indem sie Kinderbetreuung in kleinem Rahmen und au\u00dferschulische Betreuung anbietet. So bleibt mehr Raum f\u00fcr pers\u00f6nliche und liebevolle Zuwendung f\u00fcr jedes Kind.<\/p>\n<p>Aus diesem Grund arbeiten wir nach folgenden Grunds\u00e4tzen:<\/p>\n<h3><strong>Ein zweites Zuhause f\u00fcr Ihr Kind<\/strong><\/h3>\n<p>Jedes Kind ist einzigartig und braucht Unterst\u00fctzung, um sich selbst und seine Umwelt zu entdecken. Die Basis daf\u00fcr ist eine \u00fcberschaubare, vertraute Umgebung. Klare Grenzen und gen\u00fcgend Aufmerksamkeit f\u00fcr eine schrittweise Entwicklung zu einem eigenst\u00e4ndigen Individuum. Das ist unsere Vision von Kinderbetreuung. Bei allem, was wir tun, orientieren wir uns an den folgenden Grundwerten:<\/p>\n<h3><strong>\u00a0 \u00a0Gem\u00fctlichkeit<\/strong><\/h3>\n<p>Es ist uns sehr wichtig, dass sich Ihr Kind bei Little People Childcare wohlf\u00fchlt. Deshalb sind unsere R\u00e4umlichkeiten gem\u00fctlich. Wir haben eine gem\u00fctliche Wohnk\u00fcche, ein Spielzimmer und eine gem\u00fctliche Sitzecke. Bei der Einrichtung und dem Kauf aller M\u00f6bel, Spielzeuge und Ger\u00e4te achten wir darauf, dass die Produkte auf ihre Sicherheit gepr\u00fcft sind.<\/p>\n<h3><strong>\u00a0 \u00a0Liebevoll<\/strong><\/h3>\n<p>Die Leiterinnen haben ein gro\u00dfes Herz f\u00fcr Kinder. Sie arbeiten gerne in der Kinderbetreuung Little People, weil wir ihnen wirklich die Zeit geben, sich individuell um jedes Kind zu k\u00fcmmern. Deshalb arbeiten wir auch nicht mit gro\u00dfen Gruppen und es gibt mehr als genug Leiter in den Kindertagesst\u00e4tten und BSO-Programmen. Kinderopvang Little People bildet auch Mitarbeiter mit einer Leidenschaft f\u00fcr Kinder aus, die wir zeitweise einsetzen.<\/p>\n<h3><strong>\u00a0 \u00a0Hochachtungsvoll<\/strong><\/h3>\n<p>Jedes Kind hat einen einzigartigen Charakter. Unsere Betreuerinnen und Betreuer sind darin geschult, jedem Kind die individuelle, spezifische Aufmerksamkeit zu schenken, die es braucht, und es mit Respekt zu behandeln.<\/p>\n<h3><strong>\u00a0 \u00a0Struktur<\/strong><\/h3>\n<p>Wir glauben, dass es f\u00fcr Kinder am angenehmsten ist, wenn der Tag strukturiert ist. Regelm\u00e4\u00dfigkeit schafft Klarheit und verhindert Entt\u00e4uschungen. Zu festen Zeiten spielen, essen und ruhen sie. Das gilt \u00fcbrigens noch nicht f\u00fcr Kleinkinder.<\/p>\n<h3><strong>\u00a0 \u00a0Zusammenarbeit mit den Eltern<\/strong><\/h3>\n<p>Elternschaft ist etwas, das man gemeinsam macht! Deshalb legt die Kindertagesst\u00e4tte Little People Wert auf die Meinung und den Input der Eltern. Wir suchen auf verschiedene Weise die Zusammenarbeit mit den Eltern. Gleichzeitig erkennen wir Entwicklungsprobleme fr\u00fchzeitig und besprechen sie mit den Eltern. Wo n\u00f6tig, bieten wir zus\u00e4tzliche Unterst\u00fctzung in Form von Beratung an.<\/p>\n<p>Bei der t\u00e4glichen \u00dcbergabe k\u00f6nnen Sie kurz Fragen stellen und wir informieren Sie \u00fcber den Verlauf des Tages. Wenn Sie Fragen haben, die das Wohlbefinden Ihres Kindes betreffen, besprechen wir sie gerne in einem ruhigen Moment. Dazu k\u00f6nnen Sie jederzeit einen Termin mit einem unserer Mitarbeiter vereinbaren. In einem Jahresgespr\u00e4ch werten wir das vergangene Jahr aus und vereinbaren mit Ihnen, welche Entwicklungen und Talente wir im kommenden Jahr f\u00f6rdern wollen.<\/p>","protected":false},"excerpt":{"rendered":"<p>Kinderopvang Little People wil zich onderscheiden van de concurrentie door het bieden van kleinschalige kinderopvang en buitenschoolse opvang. Hierdoor is er meer ruimte voor persoonlijke en liefdevolle aandacht voor elk kind. Daarom werken wij op basis van de volgende uitgangspunten: Een tweede thuis voor uw kind Elk kind is uniek en heeft ondersteuning nodig om&hellip;<\/p>","protected":false},"author":62,"featured_media":11446,"parent":0,"menu_order":0,"comment_status":"closed","ping_status":"closed","template":"","meta":{"footnotes":""},"class_list":["post-6502","page","type-page","status-publish","has-post-thumbnail","hentry"],"yoast_head":"<!-- This site is optimized with the Yoast SEO plugin v27.4 - https:\/\/yoast.com\/product\/yoast-seo-wordpress\/ -->\n<title>Werkwijze - Kinderopvang Little People<\/title>\n<meta name=\"description\" content=\"Elk kind is uniek en heeft ondersteuning nodig om zichzelf en de omgeving te ontdekken. De basis hiervoor is een kleinschalige, vertrouwde omgeving.\" \/>\n<meta name=\"robots\" content=\"index, follow, max-snippet:-1, max-image-preview:large, max-video-preview:-1\" \/>\n<link rel=\"canonical\" href=\"https:\/\/www.kinderopvanglittlepeople.nl\/de\/werkwijze\/\" \/>\n<meta property=\"og:locale\" content=\"de_DE\" \/>\n<meta property=\"og:type\" content=\"article\" \/>\n<meta property=\"og:title\" content=\"Werkwijze - Kinderopvang Little People\" \/>\n<meta property=\"og:description\" content=\"Elk kind is uniek en heeft ondersteuning nodig om zichzelf en de omgeving te ontdekken. De basis hiervoor is een kleinschalige, vertrouwde omgeving.\" \/>\n<meta property=\"og:url\" content=\"https:\/\/www.kinderopvanglittlepeople.nl\/de\/werkwijze\/\" \/>\n<meta property=\"og:site_name\" content=\"Kinderopvang Little People\" \/>\n<meta property=\"article:publisher\" content=\"https:\/\/www.facebook.com\/KinderopvangLittlePeople\" \/>\n<meta property=\"article:modified_time\" content=\"2024-09-11T13:28:17+00:00\" \/>\n<meta property=\"og:image\" content=\"https:\/\/www.kinderopvanglittlepeople.nl\/wp-content\/uploads\/4_resultaat.webp\" \/>\n\t<meta property=\"og:image:width\" content=\"664\" \/>\n\t<meta property=\"og:image:height\" content=\"384\" \/>\n\t<meta property=\"og:image:type\" content=\"image\/webp\" \/>\n<meta name=\"twitter:label1\" content=\"Gesch\u00e4tzte Lesezeit\" \/>\n\t<meta name=\"twitter:data1\" content=\"2\u00a0Minuten\" \/>\n<script type=\"application\/ld+json\" class=\"yoast-schema-graph\">{\"@context\":\"https:\\\/\\\/schema.org\",\"@graph\":[{\"@type\":\"WebPage\",\"@id\":\"https:\\\/\\\/www.kinderopvanglittlepeople.nl\\\/de\\\/werkwijze\\\/\",\"url\":\"https:\\\/\\\/www.kinderopvanglittlepeople.nl\\\/de\\\/werkwijze\\\/\",\"name\":\"Werkwijze - Kinderopvang Little People\",\"isPartOf\":{\"@id\":\"https:\\\/\\\/www.kinderopvanglittlepeople.nl\\\/#website\"},\"primaryImageOfPage\":{\"@id\":\"https:\\\/\\\/www.kinderopvanglittlepeople.nl\\\/de\\\/werkwijze\\\/#primaryimage\"},\"image\":{\"@id\":\"https:\\\/\\\/www.kinderopvanglittlepeople.nl\\\/de\\\/werkwijze\\\/#primaryimage\"},\"thumbnailUrl\":\"https:\\\/\\\/www.kinderopvanglittlepeople.nl\\\/wp-content\\\/uploads\\\/4_resultaat.webp\",\"datePublished\":\"2018-07-12T10:10:46+00:00\",\"dateModified\":\"2024-09-11T13:28:17+00:00\",\"description\":\"Elk kind is uniek en heeft ondersteuning nodig om zichzelf en de omgeving te ontdekken. De basis hiervoor is een kleinschalige, vertrouwde omgeving.\",\"breadcrumb\":{\"@id\":\"https:\\\/\\\/www.kinderopvanglittlepeople.nl\\\/de\\\/werkwijze\\\/#breadcrumb\"},\"inLanguage\":\"de\",\"potentialAction\":[{\"@type\":\"ReadAction\",\"target\":[\"https:\\\/\\\/www.kinderopvanglittlepeople.nl\\\/de\\\/werkwijze\\\/\"]}]},{\"@type\":\"ImageObject\",\"inLanguage\":\"de\",\"@id\":\"https:\\\/\\\/www.kinderopvanglittlepeople.nl\\\/de\\\/werkwijze\\\/#primaryimage\",\"url\":\"https:\\\/\\\/www.kinderopvanglittlepeople.nl\\\/wp-content\\\/uploads\\\/4_resultaat.webp\",\"contentUrl\":\"https:\\\/\\\/www.kinderopvanglittlepeople.nl\\\/wp-content\\\/uploads\\\/4_resultaat.webp\",\"width\":664,\"height\":384},{\"@type\":\"BreadcrumbList\",\"@id\":\"https:\\\/\\\/www.kinderopvanglittlepeople.nl\\\/de\\\/werkwijze\\\/#breadcrumb\",\"itemListElement\":[{\"@type\":\"ListItem\",\"position\":1,\"name\":\"Home\",\"item\":\"https:\\\/\\\/www.kinderopvanglittlepeople.nl\\\/\"},{\"@type\":\"ListItem\",\"position\":2,\"name\":\"Werkwijze\"}]},{\"@type\":\"WebSite\",\"@id\":\"https:\\\/\\\/www.kinderopvanglittlepeople.nl\\\/#website\",\"url\":\"https:\\\/\\\/www.kinderopvanglittlepeople.nl\\\/\",\"name\":\"Kinderopvang Little People\",\"description\":\"Een huiselijke sfeer, kleinschalig en v\u00e9\u00e9l persoonlijke aandacht voor ieder kind.\",\"publisher\":{\"@id\":\"https:\\\/\\\/www.kinderopvanglittlepeople.nl\\\/#organization\"},\"alternateName\":\"Een huiselijke sfeer, kleinschalig en v\u00e9\u00e9l persoonlijke aandacht voor ieder kind.\",\"potentialAction\":[{\"@type\":\"SearchAction\",\"target\":{\"@type\":\"EntryPoint\",\"urlTemplate\":\"https:\\\/\\\/www.kinderopvanglittlepeople.nl\\\/?s={search_term_string}\"},\"query-input\":{\"@type\":\"PropertyValueSpecification\",\"valueRequired\":true,\"valueName\":\"search_term_string\"}}],\"inLanguage\":\"de\"},{\"@type\":\"Organization\",\"@id\":\"https:\\\/\\\/www.kinderopvanglittlepeople.nl\\\/#organization\",\"name\":\"Kinderopvang Little People\",\"alternateName\":\"Een huiselijke sfeer, kleinschalig en v\u00e9\u00e9l persoonlijke aandacht voor ieder kind.\",\"url\":\"https:\\\/\\\/www.kinderopvanglittlepeople.nl\\\/\",\"logo\":{\"@type\":\"ImageObject\",\"inLanguage\":\"de\",\"@id\":\"https:\\\/\\\/www.kinderopvanglittlepeople.nl\\\/#\\\/schema\\\/logo\\\/image\\\/\",\"url\":\"https:\\\/\\\/www.kinderopvanglittlepeople.nl\\\/wp-content\\\/uploads\\\/logo-klp.svg\",\"contentUrl\":\"https:\\\/\\\/www.kinderopvanglittlepeople.nl\\\/wp-content\\\/uploads\\\/logo-klp.svg\",\"width\":1,\"height\":1,\"caption\":\"Kinderopvang Little People\"},\"image\":{\"@id\":\"https:\\\/\\\/www.kinderopvanglittlepeople.nl\\\/#\\\/schema\\\/logo\\\/image\\\/\"},\"sameAs\":[\"https:\\\/\\\/www.facebook.com\\\/KinderopvangLittlePeople\"]}]}<\/script>\n<!-- \/ Yoast SEO plugin. -->","yoast_head_json":{"title":"Werkwijze - Kinderopvang Little People","description":"Elk kind is uniek en heeft ondersteuning nodig om zichzelf en de omgeving te ontdekken. De basis hiervoor is een kleinschalige, vertrouwde omgeving.","robots":{"index":"index","follow":"follow","max-snippet":"max-snippet:-1","max-image-preview":"max-image-preview:large","max-video-preview":"max-video-preview:-1"},"canonical":"https:\/\/www.kinderopvanglittlepeople.nl\/de\/werkwijze\/","og_locale":"de_DE","og_type":"article","og_title":"Werkwijze - Kinderopvang Little People","og_description":"Elk kind is uniek en heeft ondersteuning nodig om zichzelf en de omgeving te ontdekken. De basis hiervoor is een kleinschalige, vertrouwde omgeving.","og_url":"https:\/\/www.kinderopvanglittlepeople.nl\/de\/werkwijze\/","og_site_name":"Kinderopvang Little People","article_publisher":"https:\/\/www.facebook.com\/KinderopvangLittlePeople","article_modified_time":"2024-09-11T13:28:17+00:00","og_image":[{"width":664,"height":384,"url":"https:\/\/www.kinderopvanglittlepeople.nl\/wp-content\/uploads\/4_resultaat.webp","type":"image\/webp"}],"twitter_misc":{"Gesch\u00e4tzte Lesezeit":"2\u00a0Minuten"},"schema":{"@context":"https:\/\/schema.org","@graph":[{"@type":"WebPage","@id":"https:\/\/www.kinderopvanglittlepeople.nl\/de\/werkwijze\/","url":"https:\/\/www.kinderopvanglittlepeople.nl\/de\/werkwijze\/","name":"Werkwijze - Kinderopvang Little People","isPartOf":{"@id":"https:\/\/www.kinderopvanglittlepeople.nl\/#website"},"primaryImageOfPage":{"@id":"https:\/\/www.kinderopvanglittlepeople.nl\/de\/werkwijze\/#primaryimage"},"image":{"@id":"https:\/\/www.kinderopvanglittlepeople.nl\/de\/werkwijze\/#primaryimage"},"thumbnailUrl":"https:\/\/www.kinderopvanglittlepeople.nl\/wp-content\/uploads\/4_resultaat.webp","datePublished":"2018-07-12T10:10:46+00:00","dateModified":"2024-09-11T13:28:17+00:00","description":"Elk kind is uniek en heeft ondersteuning nodig om zichzelf en de omgeving te ontdekken. De basis hiervoor is een kleinschalige, vertrouwde omgeving.","breadcrumb":{"@id":"https:\/\/www.kinderopvanglittlepeople.nl\/de\/werkwijze\/#breadcrumb"},"inLanguage":"de","potentialAction":[{"@type":"ReadAction","target":["https:\/\/www.kinderopvanglittlepeople.nl\/de\/werkwijze\/"]}]},{"@type":"ImageObject","inLanguage":"de","@id":"https:\/\/www.kinderopvanglittlepeople.nl\/de\/werkwijze\/#primaryimage","url":"https:\/\/www.kinderopvanglittlepeople.nl\/wp-content\/uploads\/4_resultaat.webp","contentUrl":"https:\/\/www.kinderopvanglittlepeople.nl\/wp-content\/uploads\/4_resultaat.webp","width":664,"height":384},{"@type":"BreadcrumbList","@id":"https:\/\/www.kinderopvanglittlepeople.nl\/de\/werkwijze\/#breadcrumb","itemListElement":[{"@type":"ListItem","position":1,"name":"Home","item":"https:\/\/www.kinderopvanglittlepeople.nl\/"},{"@type":"ListItem","position":2,"name":"Werkwijze"}]},{"@type":"WebSite","@id":"https:\/\/www.kinderopvanglittlepeople.nl\/#website","url":"https:\/\/www.kinderopvanglittlepeople.nl\/","name":"Kinderbetreuung Little People","description":"Eine famili\u00e4re Atmosph\u00e4re, ein kleiner Rahmen und viel pers\u00f6nliche Aufmerksamkeit f\u00fcr jedes Kind.","publisher":{"@id":"https:\/\/www.kinderopvanglittlepeople.nl\/#organization"},"alternateName":"Een huiselijke sfeer, kleinschalig en v\u00e9\u00e9l persoonlijke aandacht voor ieder kind.","potentialAction":[{"@type":"SearchAction","target":{"@type":"EntryPoint","urlTemplate":"https:\/\/www.kinderopvanglittlepeople.nl\/?s={search_term_string}"},"query-input":{"@type":"PropertyValueSpecification","valueRequired":true,"valueName":"search_term_string"}}],"inLanguage":"de"},{"@type":"Organization","@id":"https:\/\/www.kinderopvanglittlepeople.nl\/#organization","name":"Kinderbetreuung Little People","alternateName":"Een huiselijke sfeer, kleinschalig en v\u00e9\u00e9l persoonlijke aandacht voor ieder kind.","url":"https:\/\/www.kinderopvanglittlepeople.nl\/","logo":{"@type":"ImageObject","inLanguage":"de","@id":"https:\/\/www.kinderopvanglittlepeople.nl\/#\/schema\/logo\/image\/","url":"https:\/\/www.kinderopvanglittlepeople.nl\/wp-content\/uploads\/logo-klp.svg","contentUrl":"https:\/\/www.kinderopvanglittlepeople.nl\/wp-content\/uploads\/logo-klp.svg","width":1,"height":1,"caption":"Kinderopvang Little People"},"image":{"@id":"https:\/\/www.kinderopvanglittlepeople.nl\/#\/schema\/logo\/image\/"},"sameAs":["https:\/\/www.facebook.com\/KinderopvangLittlePeople"]}]}},"_links":{"self":[{"href":"https:\/\/www.kinderopvanglittlepeople.nl\/de\/wp-json\/wp\/v2\/pages\/6502","targetHints":{"allow":["GET"]}}],"collection":[{"href":"https:\/\/www.kinderopvanglittlepeople.nl\/de\/wp-json\/wp\/v2\/pages"}],"about":[{"href":"https:\/\/www.kinderopvanglittlepeople.nl\/de\/wp-json\/wp\/v2\/types\/page"}],"author":[{"embeddable":true,"href":"https:\/\/www.kinderopvanglittlepeople.nl\/de\/wp-json\/wp\/v2\/users\/62"}],"replies":[{"embeddable":true,"href":"https:\/\/www.kinderopvanglittlepeople.nl\/de\/wp-json\/wp\/v2\/comments?post=6502"}],"version-history":[{"count":0,"href":"https:\/\/www.kinderopvanglittlepeople.nl\/de\/wp-json\/wp\/v2\/pages\/6502\/revisions"}],"wp:featuredmedia":[{"embeddable":true,"href":"https:\/\/www.kinderopvanglittlepeople.nl\/de\/wp-json\/wp\/v2\/media\/11446"}],"wp:attachment":[{"href":"https:\/\/www.kinderopvanglittlepeople.nl\/de\/wp-json\/wp\/v2\/media?parent=6502"}],"curies":[{"name":"wp","href":"https:\/\/api.w.org\/{rel}","templated":true}]}}