{"id":6130,"date":"2018-05-08T09:01:28","date_gmt":"2018-05-08T08:01:28","guid":{"rendered":"https:\/\/kinderopvanglittlepeople.nl\/?page_id=6130"},"modified":"2024-07-01T09:28:59","modified_gmt":"2024-07-01T08:28:59","slug":"over-ons","status":"publish","type":"page","link":"https:\/\/www.kinderopvanglittlepeople.nl\/de\/over-ons\/","title":{"rendered":"\u00dcber uns"},"content":{"rendered":"<img decoding=\"async\" src=\"https:\/\/www.kinderopvanglittlepeople.nl\/wp-content\/uploads\/Naamloos-2-kopi\u00ebren2.gif\" alt=\"Naamloos-2 kopie\u0308ren2\" itemprop=\"image\" title=\"Naamloos-2 kopie\u0308ren2\" onerror=\"this.style.display='none'\"  \/>\n\t<h2>\u00dcber uns<\/h2>\n<p>Kinderbetreuung Little People ist eine kleine Kinderbetreuungseinrichtung in Best. Wir sind an drei Standorten angesiedelt, von denen einer Teil eines integrierten Kinderzentrums ist. Im Stadtteil Wilhelminadorp zusammen mit der Grundschule De Paersacker. Im Stadtteil Naastenbest bieten wir Tagesbetreuung an.<\/p>\n<p>Nachfolgend finden Sie u.a. weitere Informationen \u00fcber unsere Arbeitsmethoden, unsere Politik und unser Team.<\/p>\n<ul>\n<li><a href=\"https:\/\/www.kinderopvanglittlepeople.nl\/de\/historie\/\">Geschichte<\/a><\/li>\n<li><a href=\"https:\/\/www.kinderopvanglittlepeople.nl\/de\/ons-team\/\">Unser Team<\/a><\/li>\n<li><a href=\"https:\/\/www.kinderopvanglittlepeople.nl\/de\/werkwijze\/\">Methodik<\/a><\/li>\n<li><a href=\"https:\/\/www.kinderopvanglittlepeople.nl\/de\/sfeer-proeven\/\">Genie\u00dfen Sie die Atmosph\u00e4re<\/a><\/li>\n<li><a href=\"https:\/\/www.kinderopvanglittlepeople.nl\/de\/aanmeldprocedure\/\">Bewerbungsverfahren<\/a><\/li>\n<li><a href=\"https:\/\/www.kinderopvanglittlepeople.nl\/de\/veel-gestelde-vragen\/\">H\u00e4ufig gestellte Fragen<\/a><\/li>\n<li><a href=\"https:\/\/www.kinderopvanglittlepeople.nl\/de\/referenties\/\">Kunden sagen<\/a><\/li>\n<li><a href=\"https:\/\/www.kinderopvanglittlepeople.nl\/de\/beleidsinformatie\/\">Informationen zur Politik<\/a>\n<ul>\n<li><a href=\"https:\/\/www.kinderopvanglittlepeople.nl\/de\/kwaliteitsbeleid\/\">Qualit\u00e4tspolitik<\/a><\/li>\n<li><a href=\"https:\/\/www.kinderopvanglittlepeople.nl\/de\/pedagogisch-beleid\/\">P\u00e4dagogische Politik<\/a><\/li>\n<li><a href=\"https:\/\/www.kinderopvanglittlepeople.nl\/de\/communicatiebeleid\/\">Kommunikationspolitik<\/a><\/li>\n<li><a href=\"https:\/\/www.kinderopvanglittlepeople.nl\/de\/beleidsinformatie\/klachtenprocedure\/\">Beschwerdeverfahren<\/a><\/li>\n<li><a href=\"https:\/\/www.kinderopvanglittlepeople.nl\/de\/ouder-commissie\/\">Elternausschuss<\/a><\/li>\n<\/ul>\n<\/li>\n<\/ul>\n<p>Haben Sie Fragen oder sind Sie an einer F\u00fchrung interessiert? Dann f\u00fcllen Sie bitte unser <a href=\"https:\/\/www.kinderopvanglittlepeople.nl\/de\/contact\/\">Kontakt-Formular<\/a> unter<\/p>","protected":false},"excerpt":{"rendered":"<p>Over ons Kinderopvang Little People is een kleinschalige kinderopvang in Best. We zijn gevestigd op drie locaties waarvan er een onderdeel uitmaakt van een integraal kindcentrum. In de wijk Wilhelminadorp samen met basisschool De Paersacker. In de wijk Naastenbest bieden wij dagopvang aan. Hieronder kunt u meer informatie vinden over onder andere onze werkwijze, het&hellip;<\/p>","protected":false},"author":62,"featured_media":11443,"parent":0,"menu_order":0,"comment_status":"closed","ping_status":"closed","template":"","meta":{"footnotes":""},"class_list":["post-6130","page","type-page","status-publish","has-post-thumbnail","hentry"],"yoast_head":"<!-- This site is optimized with the Yoast SEO plugin v27.4 - https:\/\/yoast.com\/product\/yoast-seo-wordpress\/ -->\n<title>Over ons - Kinderopvang Little People<\/title>\n<meta name=\"robots\" content=\"index, follow, max-snippet:-1, max-image-preview:large, max-video-preview:-1\" \/>\n<link rel=\"canonical\" href=\"https:\/\/www.kinderopvanglittlepeople.nl\/de\/over-ons\/\" \/>\n<meta property=\"og:locale\" content=\"de_DE\" \/>\n<meta property=\"og:type\" content=\"article\" \/>\n<meta property=\"og:title\" content=\"Over ons - Kinderopvang Little People\" \/>\n<meta property=\"og:description\" content=\"Over ons Kinderopvang Little People is een kleinschalige kinderopvang in Best. We zijn gevestigd op drie locaties waarvan er een onderdeel uitmaakt van een integraal kindcentrum. In de wijk Wilhelminadorp samen met basisschool De Paersacker. In de wijk Naastenbest bieden wij dagopvang aan. Hieronder kunt u meer informatie vinden over onder andere onze werkwijze, het&hellip;\" \/>\n<meta property=\"og:url\" content=\"https:\/\/www.kinderopvanglittlepeople.nl\/de\/over-ons\/\" \/>\n<meta property=\"og:site_name\" content=\"Kinderopvang Little People\" \/>\n<meta property=\"article:publisher\" content=\"https:\/\/www.facebook.com\/KinderopvangLittlePeople\" \/>\n<meta property=\"article:modified_time\" content=\"2024-07-01T08:28:59+00:00\" \/>\n<meta property=\"og:image\" content=\"https:\/\/www.kinderopvanglittlepeople.nl\/wp-content\/uploads\/1_resultaat.webp\" \/>\n\t<meta property=\"og:image:width\" content=\"664\" \/>\n\t<meta property=\"og:image:height\" content=\"384\" \/>\n\t<meta property=\"og:image:type\" content=\"image\/webp\" \/>\n<script type=\"application\/ld+json\" class=\"yoast-schema-graph\">{\"@context\":\"https:\\\/\\\/schema.org\",\"@graph\":[{\"@type\":\"WebPage\",\"@id\":\"https:\\\/\\\/www.kinderopvanglittlepeople.nl\\\/over-ons\\\/\",\"url\":\"https:\\\/\\\/www.kinderopvanglittlepeople.nl\\\/over-ons\\\/\",\"name\":\"Over ons - Kinderopvang Little People\",\"isPartOf\":{\"@id\":\"https:\\\/\\\/www.kinderopvanglittlepeople.nl\\\/#website\"},\"primaryImageOfPage\":{\"@id\":\"https:\\\/\\\/www.kinderopvanglittlepeople.nl\\\/over-ons\\\/#primaryimage\"},\"image\":{\"@id\":\"https:\\\/\\\/www.kinderopvanglittlepeople.nl\\\/over-ons\\\/#primaryimage\"},\"thumbnailUrl\":\"https:\\\/\\\/www.kinderopvanglittlepeople.nl\\\/wp-content\\\/uploads\\\/1_resultaat.webp\",\"datePublished\":\"2018-05-08T08:01:28+00:00\",\"dateModified\":\"2024-07-01T08:28:59+00:00\",\"breadcrumb\":{\"@id\":\"https:\\\/\\\/www.kinderopvanglittlepeople.nl\\\/over-ons\\\/#breadcrumb\"},\"inLanguage\":\"de\",\"potentialAction\":[{\"@type\":\"ReadAction\",\"target\":[\"https:\\\/\\\/www.kinderopvanglittlepeople.nl\\\/over-ons\\\/\"]}]},{\"@type\":\"ImageObject\",\"inLanguage\":\"de\",\"@id\":\"https:\\\/\\\/www.kinderopvanglittlepeople.nl\\\/over-ons\\\/#primaryimage\",\"url\":\"https:\\\/\\\/www.kinderopvanglittlepeople.nl\\\/wp-content\\\/uploads\\\/1_resultaat.webp\",\"contentUrl\":\"https:\\\/\\\/www.kinderopvanglittlepeople.nl\\\/wp-content\\\/uploads\\\/1_resultaat.webp\",\"width\":664,\"height\":384},{\"@type\":\"BreadcrumbList\",\"@id\":\"https:\\\/\\\/www.kinderopvanglittlepeople.nl\\\/over-ons\\\/#breadcrumb\",\"itemListElement\":[{\"@type\":\"ListItem\",\"position\":1,\"name\":\"Home\",\"item\":\"https:\\\/\\\/www.kinderopvanglittlepeople.nl\\\/\"},{\"@type\":\"ListItem\",\"position\":2,\"name\":\"Over ons\"}]},{\"@type\":\"WebSite\",\"@id\":\"https:\\\/\\\/www.kinderopvanglittlepeople.nl\\\/#website\",\"url\":\"https:\\\/\\\/www.kinderopvanglittlepeople.nl\\\/\",\"name\":\"Kinderopvang Little People\",\"description\":\"Een huiselijke sfeer, kleinschalig en v\u00e9\u00e9l persoonlijke aandacht voor ieder kind.\",\"publisher\":{\"@id\":\"https:\\\/\\\/www.kinderopvanglittlepeople.nl\\\/#organization\"},\"alternateName\":\"Een huiselijke sfeer, kleinschalig en v\u00e9\u00e9l persoonlijke aandacht voor ieder kind.\",\"potentialAction\":[{\"@type\":\"SearchAction\",\"target\":{\"@type\":\"EntryPoint\",\"urlTemplate\":\"https:\\\/\\\/www.kinderopvanglittlepeople.nl\\\/?s={search_term_string}\"},\"query-input\":{\"@type\":\"PropertyValueSpecification\",\"valueRequired\":true,\"valueName\":\"search_term_string\"}}],\"inLanguage\":\"de\"},{\"@type\":\"Organization\",\"@id\":\"https:\\\/\\\/www.kinderopvanglittlepeople.nl\\\/#organization\",\"name\":\"Kinderopvang Little People\",\"alternateName\":\"Een huiselijke sfeer, kleinschalig en v\u00e9\u00e9l persoonlijke aandacht voor ieder kind.\",\"url\":\"https:\\\/\\\/www.kinderopvanglittlepeople.nl\\\/\",\"logo\":{\"@type\":\"ImageObject\",\"inLanguage\":\"de\",\"@id\":\"https:\\\/\\\/www.kinderopvanglittlepeople.nl\\\/#\\\/schema\\\/logo\\\/image\\\/\",\"url\":\"https:\\\/\\\/www.kinderopvanglittlepeople.nl\\\/wp-content\\\/uploads\\\/logo-klp.svg\",\"contentUrl\":\"https:\\\/\\\/www.kinderopvanglittlepeople.nl\\\/wp-content\\\/uploads\\\/logo-klp.svg\",\"width\":1,\"height\":1,\"caption\":\"Kinderopvang Little People\"},\"image\":{\"@id\":\"https:\\\/\\\/www.kinderopvanglittlepeople.nl\\\/#\\\/schema\\\/logo\\\/image\\\/\"},\"sameAs\":[\"https:\\\/\\\/www.facebook.com\\\/KinderopvangLittlePeople\"]}]}<\/script>\n<!-- \/ Yoast SEO plugin. -->","yoast_head_json":{"title":"Over ons - Kinderopvang Little People","robots":{"index":"index","follow":"follow","max-snippet":"max-snippet:-1","max-image-preview":"max-image-preview:large","max-video-preview":"max-video-preview:-1"},"canonical":"https:\/\/www.kinderopvanglittlepeople.nl\/de\/over-ons\/","og_locale":"de_DE","og_type":"article","og_title":"Over ons - Kinderopvang Little People","og_description":"Over ons Kinderopvang Little People is een kleinschalige kinderopvang in Best. We zijn gevestigd op drie locaties waarvan er een onderdeel uitmaakt van een integraal kindcentrum. In de wijk Wilhelminadorp samen met basisschool De Paersacker. In de wijk Naastenbest bieden wij dagopvang aan. Hieronder kunt u meer informatie vinden over onder andere onze werkwijze, het&hellip;","og_url":"https:\/\/www.kinderopvanglittlepeople.nl\/de\/over-ons\/","og_site_name":"Kinderopvang Little People","article_publisher":"https:\/\/www.facebook.com\/KinderopvangLittlePeople","article_modified_time":"2024-07-01T08:28:59+00:00","og_image":[{"width":664,"height":384,"url":"https:\/\/www.kinderopvanglittlepeople.nl\/wp-content\/uploads\/1_resultaat.webp","type":"image\/webp"}],"schema":{"@context":"https:\/\/schema.org","@graph":[{"@type":"WebPage","@id":"https:\/\/www.kinderopvanglittlepeople.nl\/over-ons\/","url":"https:\/\/www.kinderopvanglittlepeople.nl\/over-ons\/","name":"Over ons - Kinderopvang Little People","isPartOf":{"@id":"https:\/\/www.kinderopvanglittlepeople.nl\/#website"},"primaryImageOfPage":{"@id":"https:\/\/www.kinderopvanglittlepeople.nl\/over-ons\/#primaryimage"},"image":{"@id":"https:\/\/www.kinderopvanglittlepeople.nl\/over-ons\/#primaryimage"},"thumbnailUrl":"https:\/\/www.kinderopvanglittlepeople.nl\/wp-content\/uploads\/1_resultaat.webp","datePublished":"2018-05-08T08:01:28+00:00","dateModified":"2024-07-01T08:28:59+00:00","breadcrumb":{"@id":"https:\/\/www.kinderopvanglittlepeople.nl\/over-ons\/#breadcrumb"},"inLanguage":"de","potentialAction":[{"@type":"ReadAction","target":["https:\/\/www.kinderopvanglittlepeople.nl\/over-ons\/"]}]},{"@type":"ImageObject","inLanguage":"de","@id":"https:\/\/www.kinderopvanglittlepeople.nl\/over-ons\/#primaryimage","url":"https:\/\/www.kinderopvanglittlepeople.nl\/wp-content\/uploads\/1_resultaat.webp","contentUrl":"https:\/\/www.kinderopvanglittlepeople.nl\/wp-content\/uploads\/1_resultaat.webp","width":664,"height":384},{"@type":"BreadcrumbList","@id":"https:\/\/www.kinderopvanglittlepeople.nl\/over-ons\/#breadcrumb","itemListElement":[{"@type":"ListItem","position":1,"name":"Home","item":"https:\/\/www.kinderopvanglittlepeople.nl\/"},{"@type":"ListItem","position":2,"name":"Over ons"}]},{"@type":"WebSite","@id":"https:\/\/www.kinderopvanglittlepeople.nl\/#website","url":"https:\/\/www.kinderopvanglittlepeople.nl\/","name":"Kinderbetreuung Little People","description":"Eine famili\u00e4re Atmosph\u00e4re, ein kleiner Rahmen und viel pers\u00f6nliche Aufmerksamkeit f\u00fcr jedes Kind.","publisher":{"@id":"https:\/\/www.kinderopvanglittlepeople.nl\/#organization"},"alternateName":"Een huiselijke sfeer, kleinschalig en v\u00e9\u00e9l persoonlijke aandacht voor ieder kind.","potentialAction":[{"@type":"SearchAction","target":{"@type":"EntryPoint","urlTemplate":"https:\/\/www.kinderopvanglittlepeople.nl\/?s={search_term_string}"},"query-input":{"@type":"PropertyValueSpecification","valueRequired":true,"valueName":"search_term_string"}}],"inLanguage":"de"},{"@type":"Organization","@id":"https:\/\/www.kinderopvanglittlepeople.nl\/#organization","name":"Kinderbetreuung Little People","alternateName":"Een huiselijke sfeer, kleinschalig en v\u00e9\u00e9l persoonlijke aandacht voor ieder kind.","url":"https:\/\/www.kinderopvanglittlepeople.nl\/","logo":{"@type":"ImageObject","inLanguage":"de","@id":"https:\/\/www.kinderopvanglittlepeople.nl\/#\/schema\/logo\/image\/","url":"https:\/\/www.kinderopvanglittlepeople.nl\/wp-content\/uploads\/logo-klp.svg","contentUrl":"https:\/\/www.kinderopvanglittlepeople.nl\/wp-content\/uploads\/logo-klp.svg","width":1,"height":1,"caption":"Kinderopvang Little People"},"image":{"@id":"https:\/\/www.kinderopvanglittlepeople.nl\/#\/schema\/logo\/image\/"},"sameAs":["https:\/\/www.facebook.com\/KinderopvangLittlePeople"]}]}},"_links":{"self":[{"href":"https:\/\/www.kinderopvanglittlepeople.nl\/de\/wp-json\/wp\/v2\/pages\/6130","targetHints":{"allow":["GET"]}}],"collection":[{"href":"https:\/\/www.kinderopvanglittlepeople.nl\/de\/wp-json\/wp\/v2\/pages"}],"about":[{"href":"https:\/\/www.kinderopvanglittlepeople.nl\/de\/wp-json\/wp\/v2\/types\/page"}],"author":[{"embeddable":true,"href":"https:\/\/www.kinderopvanglittlepeople.nl\/de\/wp-json\/wp\/v2\/users\/62"}],"replies":[{"embeddable":true,"href":"https:\/\/www.kinderopvanglittlepeople.nl\/de\/wp-json\/wp\/v2\/comments?post=6130"}],"version-history":[{"count":0,"href":"https:\/\/www.kinderopvanglittlepeople.nl\/de\/wp-json\/wp\/v2\/pages\/6130\/revisions"}],"wp:featuredmedia":[{"embeddable":true,"href":"https:\/\/www.kinderopvanglittlepeople.nl\/de\/wp-json\/wp\/v2\/media\/11443"}],"wp:attachment":[{"href":"https:\/\/www.kinderopvanglittlepeople.nl\/de\/wp-json\/wp\/v2\/media?parent=6130"}],"curies":[{"name":"wp","href":"https:\/\/api.w.org\/{rel}","templated":true}]}}