{"id":6117,"date":"2018-05-07T15:07:40","date_gmt":"2018-05-07T14:07:40","guid":{"rendered":"https:\/\/kinderopvanglittlepeople.nl\/?page_id=6117"},"modified":"2024-12-11T15:03:49","modified_gmt":"2024-12-11T14:03:49","slug":"veel-gestelde-vragen","status":"publish","type":"page","link":"https:\/\/www.kinderopvanglittlepeople.nl\/de\/veel-gestelde-vragen\/","title":{"rendered":"H\u00e4ufig gestellte Fragen"},"content":{"rendered":"Gibt es derzeit eine Warteliste?\n\t\t\t\t\t<p>Am besten kontaktieren Sie uns und erkundigen sich nach den aktuellsten Details. Manche Gruppen sind an manchen Tagen gut belegt, w\u00e4hrend es in anderen Gruppen oder an anderen Tagen vielleicht noch M\u00f6glichkeiten gibt. Dies sind immer nur Momentaufnahmen. Wir helfen Ihnen also gerne weiter und besprechen die M\u00f6glichkeiten mit Ihnen bei einem Einf\u00fchrungsgespr\u00e4ch!<\/p>\n\t\t\t\tHabe ich Anspruch auf eine Erstattung durch das Finanzamt?\n\t\t\t\t\t<p>Little People ist in der LRK gelistet. Sie k\u00f6nnen beim Finanzamt einen Antrag auf Kinderbetreuungsgeld stellen. Wie hoch dieser Zuschuss ist, h\u00e4ngt von Ihrem Einkommen und Ihrer Familiensituation ab. Weitere Informationen finden Sie auf der Website der <a href=\"https:\/\/www.belastingdienst.nl\/wps\/wcm\/connect\/bldcontentnl\/belastingdienst\/prive\/toeslagen\/kinderopvangtoeslag\/kinderopvangtoeslag\" target=\"_blank\" rel=\"noopener noreferrer\">Steuerbeh\u00f6rden.<\/a><br \/>Unsere LRK-Nummern finden Sie hier\u00a0<\/p>\n\n<table id=\"tablepress-11\" class=\"tablepress tablepress-id-11\">\n<tbody>\n<tr class=\"row-1\">\n\t<td class=\"column-1\">Wilhelminadorp<\/td><td class=\"column-2\">Tagesbetreuung<\/td><td class=\"column-3\">Verleunstraat 27, 5684 TT Best<\/td><td class=\"column-4\">937917746<\/td>\n<\/tr>\n<tr class=\"row-2\">\n\t<td class=\"column-1\"><\/td><td class=\"column-2\">Spielgruppe 'T Hummeltje<\/td><td class=\"column-3\">Verleunstraat 29, 5684 TT Best<\/td><td class=\"column-4\">191591294<\/td>\n<\/tr>\n<tr class=\"row-3\">\n\t<td class=\"column-1\"><\/td><td class=\"column-2\">BSO<\/td><td class=\"column-3\">Verleunstraat 29, 5684 TT Best<\/td><td class=\"column-4\">173444398<\/td>\n<\/tr>\n<tr class=\"row-4\">\n\t<td class=\"column-1\">Wildhill<\/td><td class=\"column-2\">Tagesbetreuung <\/td><td class=\"column-3\">Wildheuvel 17-19, 5685 CD Best<\/td><td class=\"column-4\">158472263<\/td>\n<\/tr>\n<tr class=\"row-5\">\n\t<td class=\"column-1\"><\/td><td class=\"column-2\">Spielgruppe Wildheuvel<\/td><td class=\"column-3\">Wildheuvel 17-19, 5685 CD Best<\/td><td class=\"column-4\">177691153<\/td>\n<\/tr>\n<tr class=\"row-6\">\n\t<td class=\"column-1\"><\/td><td class=\"column-2\">BSO<\/td><td class=\"column-3\">Wildheuvel 17-19, 5685 CD Best<\/td><td class=\"column-4\">100657084<\/td>\n<\/tr>\n<tr class=\"row-7\">\n\t<td class=\"column-1\">Naastbest<\/td><td class=\"column-2\">Tagesbetreuung<\/td><td class=\"column-3\">Koningin Emmalaan 27, 5684 BA Best<\/td><td class=\"column-4\">283589942<\/td>\n<\/tr>\n<\/tbody>\n<\/table>\n<!-- #tablepress-11 from cache -->\n\t\t\t\tIst Little People eine anerkannte Kinderbetreuungseinrichtung?\n\t\t\t\t\t<p>Ja, Little People ist eine akkreditierte Kinderbetreuungseinrichtung, die alle Qualit\u00e4tskriterien erf\u00fcllt. Das bedeutet, dass wir in das nationale Kinderbetreuungsregister (LRK) aufgenommen sind. Dadurch haben Sie m\u00f6glicherweise auch Anspruch auf Kinderbetreuungsgeld vom Finanzamt. Nachfolgend finden Sie eine \u00dcbersicht \u00fcber die LRK-Zahlen pro Standort:\u00a0<\/p>\n\n<table id=\"tablepress-11-no-2\" class=\"tablepress tablepress-id-11\">\n<tbody>\n<tr class=\"row-1\">\n\t<td class=\"column-1\">Wilhelminadorp<\/td><td class=\"column-2\">Tagesbetreuung<\/td><td class=\"column-3\">Verleunstraat 27, 5684 TT Best<\/td><td class=\"column-4\">937917746<\/td>\n<\/tr>\n<tr class=\"row-2\">\n\t<td class=\"column-1\"><\/td><td class=\"column-2\">Spielgruppe 'T Hummeltje<\/td><td class=\"column-3\">Verleunstraat 29, 5684 TT Best<\/td><td class=\"column-4\">191591294<\/td>\n<\/tr>\n<tr class=\"row-3\">\n\t<td class=\"column-1\"><\/td><td class=\"column-2\">BSO<\/td><td class=\"column-3\">Verleunstraat 29, 5684 TT Best<\/td><td class=\"column-4\">173444398<\/td>\n<\/tr>\n<tr class=\"row-4\">\n\t<td class=\"column-1\">Wildhill<\/td><td class=\"column-2\">Tagesbetreuung <\/td><td class=\"column-3\">Wildheuvel 17-19, 5685 CD Best<\/td><td class=\"column-4\">158472263<\/td>\n<\/tr>\n<tr class=\"row-5\">\n\t<td class=\"column-1\"><\/td><td class=\"column-2\">Spielgruppe Wildheuvel<\/td><td class=\"column-3\">Wildheuvel 17-19, 5685 CD Best<\/td><td class=\"column-4\">177691153<\/td>\n<\/tr>\n<tr class=\"row-6\">\n\t<td class=\"column-1\"><\/td><td class=\"column-2\">BSO<\/td><td class=\"column-3\">Wildheuvel 17-19, 5685 CD Best<\/td><td class=\"column-4\">100657084<\/td>\n<\/tr>\n<tr class=\"row-7\">\n\t<td class=\"column-1\">Naastbest<\/td><td class=\"column-2\">Tagesbetreuung<\/td><td class=\"column-3\">Koningin Emmalaan 27, 5684 BA Best<\/td><td class=\"column-4\">283589942<\/td>\n<\/tr>\n<\/tbody>\n<\/table>\n<!-- #tablepress-11-no-2 from cache -->\n\t\t\t\tWie erhalte ich meine Jahresabrechnung?\n\t\t\t\t\t<p>Little People verschickt automatisch im Januar eine Jahresabrechnung f\u00fcr das vergangene Kalenderjahr. Diese Jahresabrechnung wird einmalig erstellt. Sie ben\u00f6tigen sie f\u00fcr Ihre j\u00e4hrliche Steuererkl\u00e4rung. Bewahren Sie sie also gut auf!<\/p>\n\t\t\t\tWie kann ich k\u00fcndigen?\n\t\t\t\t\t<p>Schriftliche K\u00fcndigung: per Brief oder E-Mail an info@kinderopvanglittlepeople.nl. Die K\u00fcndigungsfrist betr\u00e4gt 1 Monat.<\/p>\n\t\t\t\tBietet Childcare Little People auch eine au\u00dferschulische Betreuung an?\n\t\t\t\t\t<p>Nein. Die Betreuung nach der Schule liegt in der Verantwortung der Grundschule, die Ihr Kind besucht. Unser Hauptpartner, das Kindcentrum Br!cks, hat einen durchgehenden Stundenplan. Dort nehmen die Kinder das Mittagessen in der Schule ein.<\/p>\n\t\t\t\tWie gestalte ich den \u00dcbergang von der Kindertagesst\u00e4tte oder Spielgruppe zur BSO?\n\t\t\t\t\t<p>Sie m\u00fcssen Ihr Kind rechtzeitig f\u00fcr BSO anmelden. Der Vertrag verl\u00e4ngert sich nicht automatisch, sondern endet, wenn Ihr Kind 4 Jahre alt wird.<br \/>Wird Ihr Kind in oder kurz vor den Ferien 4 Jahre alt und m\u00f6chten Sie die Betreuung w\u00e4hrend der betreffenden Ferien fortsetzen? Bitte informieren Sie unsere Verwaltung so schnell wie m\u00f6glich, am besten mehr als ein Jahr im Voraus, da es eine Warteliste gibt. Sie k\u00f6nnen eine E-Mail senden an: info@kinderopvanglittlepeople.nl<\/p>\n\t\t\t\tWann sollte ich angeben, dass mein Kind in den Urlaub f\u00e4hrt?\n\t\t\t\t\t<p>Auch wenn wir flexibel sind, m\u00f6chten wir einen Monat im Voraus wissen, ob Sie in den Urlaub fahren. Dann k\u00f6nnen wir dies bei der Planung\/dem Einsatz von Personal ber\u00fccksichtigen.<\/p>\n\t\t\t\tWas soll ich tun, wenn eine andere Person mein Kind abholen will?\n\t\t\t\t\t<p>Wij hechten uitermate grote waarde aan de veiligheid van uw kinderen. Daarom gelden strenge regels bij het brengen of ophalen door andere personen dan de ouders. Uit veiligheidsoverwegingen moet u dit tijdig (minimaal 1 dag van te voren) en persoonlijk doorgeven aan onze medewerkers. Bij voorkeur komt uw vervanger dan mee om even persoonlijk kennis te maken bij onze opvang, of toont een foto zodat we een &#8216;gezicht bij een naam&#8217; kennen. Bij calamiteiten kunt u telefonisch doorgeven wie uw kind komt brengen of halen. U geeft altijd de naam op van degene die uw kind ophaalt. Ook geeft u aan wat de relatie tot het kind is (opa, oma, oom, tante, vriend of kennis van ouder). U geeft ook een (mobiel) telefoonnummer op van degene die uw kind komt ophalen. Degene die uw kind brengt of ophaalt moet zich verplicht legitimeren, zodat we kunnen controleren of we uw kind aan de juiste persoon overdragen. Bij twijfel of onduidelijkheid neemt de medewerker telefonisch contact met u op om na te vragen of uw kind overgedragen mag worden aan uw vervanger.<\/p>\n\t\t\t\tWas muss ich tun, wenn mein Kind w\u00e4hrend der Betreuung Medikamente ben\u00f6tigt?\n\t\t\t\t\t<p>Besprechen Sie dies w\u00e4hrend des Aufnahmegespr\u00e4chs. Nat\u00fcrlich werden wir es bei der Betreuung ber\u00fccksichtigen. Wenn Ihr Kind Medikamente gegen Allergien ben\u00f6tigt, erhalten Sie bei der Aufnahme ein Medikamentenformular, auf dem Sie unterschreiben m\u00fcssen, dass das Personal die Medikamente verabreichen darf. Sie sollten dem Personal immer zeigen, wie man die Medikamente verabreicht.<\/p>\n\t\t\t\tWas soll ich tun, wenn mein Kind krank ist?\n\t\t\t\t\t<p>Sie melden Ihr Kind telefonisch zwischen 7.00 und 9.00 Uhr krank. F\u00fcr die BSO k\u00f6nnen Sie sich bis 14.30 Uhr telefonisch krankmelden. Bitte beachten Sie: Es ist wichtig, dass Sie Ihr Kind nach dem Krankheitszeitraum wieder an der Rezeption melden! Sie k\u00f6nnen dies telefonisch zwischen 7.00 und 9.00 Uhr oder zwischen 17.00 und 18.30 Uhr tun. Sie k\u00f6nnen dies auch bei der Abholung von Geschwistern an einen unserer Mitarbeiter weitergeben.<\/p>\n\t\t\t\tWann kann mein Kind keine Kinderbetreuung besuchen?\n\t\t\t\t\t<p>Kinder mit Fieber (\u00fcber 38\u00b0 C) sollten nicht in die Kindertagesst\u00e4tte kommen.<\/p>\n<p>Wenn Ihr Kind eine ansteckende Krankheit hat, aber kein Fieber, rufen Sie bitte die Rezeption an. Sie k\u00f6nnen mit einem unserer Mitarbeiter besprechen, ob Ihr Kind zur Rezeption kommen kann. In manchen F\u00e4llen m\u00fcssen wir den GGD kontaktieren.\u00a0<\/p>\n<p>Hat Ihr Kind eine ansteckende Krankheit und darf kommen? Bitte teilen Sie uns dies deutlich mit, damit wir die Eltern informieren k\u00f6nnen. Manchmal haben wir es mit Risikogruppen wie schwangeren Frauen zu tun. Es ist daher gut, wenn wir rechtzeitig informiert werden.<\/p>\n\t\t\t\tWas geschieht, wenn ein Arbeitnehmer krank ist?\n\t\t\t\t\t<p>Little People ist dann daf\u00fcr verantwortlich, diesen Mitarbeiter zu ersetzen.<\/p>\n\t\t\t\tWas sollte ich tun, wenn ich eine Beschwerde habe?\n\t\t\t\t\t<p>Nat\u00fcrlich bem\u00fchen wir uns nach Kr\u00e4ften, Beschwerden zu vermeiden. Sollten Sie dennoch einmal nicht zufrieden sein, besprechen Sie dies bitte sofort mit einem unserer Mitarbeiter. So vermeiden Sie, dass Irritationen und Unzufriedenheit unn\u00f6tig eskalieren. Der Mitarbeiter wird Ihre Beschwerde immer ernst nehmen und sie mit der Gesch\u00e4ftsleitung besprechen. Die Gesch\u00e4ftsleitung wird sich so bald wie m\u00f6glich mit Ihnen in Verbindung setzen, um die Beschwerde zu besprechen und eine akzeptable L\u00f6sung vorzuschlagen. Eine Anleitung zum Umgang mit Beschwerden finden Sie in unserer <a href=\"https:\/\/www.kinderopvanglittlepeople.nl\/de\/beleidsinformatie\/klachtenprocedure\/\">Beschwerdemechanismus<\/a>.<\/p>\n\t\t\t\tWie geht Childcare Little People mit der Bildschirmnutzung um?\n\t\t\t\t\t<p>Fernsehen und Tablets werden von Zeit zu Zeit als Mittel zur Beruhigung eingesetzt. Dann wird ein Lernprogramm gezeigt, zum Beispiel wenn die Kinder nicht mehr schlafen. In der Mittagspause schauen sie dann maximal 30 Minuten auf den Bildschirm. In den Babygruppen (0-2 Jahre) ist die Bildschirmnutzung nicht erlaubt.\u00a0<\/p>","protected":false},"excerpt":{"rendered":"<p>Is er momenteel een wachtlijst? Het beste is contact met ons op te nemen en te vragen naar de meest actuele gegevens. Sommige groepen op sommige dagen zijn goed bezet terwijl er op andere groepen of dagen wellicht wel mogelijkheden zijn. Het zijn altijd momentopnames. Wij helpen u dus graag en bespreken de mogelijkheden tijdens&hellip;<\/p>","protected":false},"author":62,"featured_media":11425,"parent":0,"menu_order":0,"comment_status":"closed","ping_status":"closed","template":"","meta":{"footnotes":""},"class_list":["post-6117","page","type-page","status-publish","has-post-thumbnail","hentry"],"yoast_head":"<!-- This site is optimized with the Yoast SEO plugin v27.4 - https:\/\/yoast.com\/product\/yoast-seo-wordpress\/ -->\n<title>Veel gestelde vragen - Kinderopvang Little People<\/title>\n<meta name=\"description\" content=\"Heeft u al gekeken bij de veel gestelde vragen? Voor andere vragen of een afspraak voor een rondleiding, kunt u onderstaand contactformulier invullen.\" \/>\n<meta name=\"robots\" content=\"index, follow, max-snippet:-1, max-image-preview:large, max-video-preview:-1\" \/>\n<link rel=\"canonical\" href=\"https:\/\/www.kinderopvanglittlepeople.nl\/de\/veel-gestelde-vragen\/\" \/>\n<meta property=\"og:locale\" content=\"de_DE\" \/>\n<meta property=\"og:type\" content=\"article\" \/>\n<meta property=\"og:title\" content=\"Veel gestelde vragen - Kinderopvang Little People\" \/>\n<meta property=\"og:description\" content=\"Heeft u al gekeken bij de veel gestelde vragen? Voor andere vragen of een afspraak voor een rondleiding, kunt u onderstaand contactformulier invullen.\" \/>\n<meta property=\"og:url\" content=\"https:\/\/www.kinderopvanglittlepeople.nl\/de\/veel-gestelde-vragen\/\" \/>\n<meta property=\"og:site_name\" content=\"Kinderopvang Little People\" \/>\n<meta property=\"article:publisher\" content=\"https:\/\/www.facebook.com\/KinderopvangLittlePeople\" \/>\n<meta property=\"article:modified_time\" content=\"2024-12-11T14:03:49+00:00\" \/>\n<meta property=\"og:image\" content=\"https:\/\/www.kinderopvanglittlepeople.nl\/wp-content\/uploads\/home_resultaat.webp\" \/>\n\t<meta property=\"og:image:width\" content=\"664\" \/>\n\t<meta property=\"og:image:height\" content=\"384\" \/>\n\t<meta property=\"og:image:type\" content=\"image\/webp\" \/>\n<meta name=\"twitter:label1\" content=\"Gesch\u00e4tzte Lesezeit\" \/>\n\t<meta name=\"twitter:data1\" content=\"6\u00a0Minuten\" \/>\n<script type=\"application\/ld+json\" class=\"yoast-schema-graph\">{\"@context\":\"https:\\\/\\\/schema.org\",\"@graph\":[{\"@type\":\"WebPage\",\"@id\":\"https:\\\/\\\/www.kinderopvanglittlepeople.nl\\\/veel-gestelde-vragen\\\/\",\"url\":\"https:\\\/\\\/www.kinderopvanglittlepeople.nl\\\/veel-gestelde-vragen\\\/\",\"name\":\"Veel gestelde vragen - Kinderopvang Little People\",\"isPartOf\":{\"@id\":\"https:\\\/\\\/www.kinderopvanglittlepeople.nl\\\/#website\"},\"primaryImageOfPage\":{\"@id\":\"https:\\\/\\\/www.kinderopvanglittlepeople.nl\\\/veel-gestelde-vragen\\\/#primaryimage\"},\"image\":{\"@id\":\"https:\\\/\\\/www.kinderopvanglittlepeople.nl\\\/veel-gestelde-vragen\\\/#primaryimage\"},\"thumbnailUrl\":\"https:\\\/\\\/www.kinderopvanglittlepeople.nl\\\/wp-content\\\/uploads\\\/home_resultaat.webp\",\"datePublished\":\"2018-05-07T14:07:40+00:00\",\"dateModified\":\"2024-12-11T14:03:49+00:00\",\"description\":\"Heeft u al gekeken bij de veel gestelde vragen? Voor andere vragen of een afspraak voor een rondleiding, kunt u onderstaand contactformulier invullen.\",\"breadcrumb\":{\"@id\":\"https:\\\/\\\/www.kinderopvanglittlepeople.nl\\\/veel-gestelde-vragen\\\/#breadcrumb\"},\"inLanguage\":\"de\",\"potentialAction\":[{\"@type\":\"ReadAction\",\"target\":[\"https:\\\/\\\/www.kinderopvanglittlepeople.nl\\\/veel-gestelde-vragen\\\/\"]}]},{\"@type\":\"ImageObject\",\"inLanguage\":\"de\",\"@id\":\"https:\\\/\\\/www.kinderopvanglittlepeople.nl\\\/veel-gestelde-vragen\\\/#primaryimage\",\"url\":\"https:\\\/\\\/www.kinderopvanglittlepeople.nl\\\/wp-content\\\/uploads\\\/home_resultaat.webp\",\"contentUrl\":\"https:\\\/\\\/www.kinderopvanglittlepeople.nl\\\/wp-content\\\/uploads\\\/home_resultaat.webp\",\"width\":664,\"height\":384},{\"@type\":\"BreadcrumbList\",\"@id\":\"https:\\\/\\\/www.kinderopvanglittlepeople.nl\\\/veel-gestelde-vragen\\\/#breadcrumb\",\"itemListElement\":[{\"@type\":\"ListItem\",\"position\":1,\"name\":\"Home\",\"item\":\"https:\\\/\\\/www.kinderopvanglittlepeople.nl\\\/\"},{\"@type\":\"ListItem\",\"position\":2,\"name\":\"Veel gestelde vragen\"}]},{\"@type\":\"WebSite\",\"@id\":\"https:\\\/\\\/www.kinderopvanglittlepeople.nl\\\/#website\",\"url\":\"https:\\\/\\\/www.kinderopvanglittlepeople.nl\\\/\",\"name\":\"Kinderopvang Little People\",\"description\":\"Een huiselijke sfeer, kleinschalig en v\u00e9\u00e9l persoonlijke aandacht voor ieder kind.\",\"publisher\":{\"@id\":\"https:\\\/\\\/www.kinderopvanglittlepeople.nl\\\/#organization\"},\"alternateName\":\"Een huiselijke sfeer, kleinschalig en v\u00e9\u00e9l persoonlijke aandacht voor ieder kind.\",\"potentialAction\":[{\"@type\":\"SearchAction\",\"target\":{\"@type\":\"EntryPoint\",\"urlTemplate\":\"https:\\\/\\\/www.kinderopvanglittlepeople.nl\\\/?s={search_term_string}\"},\"query-input\":{\"@type\":\"PropertyValueSpecification\",\"valueRequired\":true,\"valueName\":\"search_term_string\"}}],\"inLanguage\":\"de\"},{\"@type\":\"Organization\",\"@id\":\"https:\\\/\\\/www.kinderopvanglittlepeople.nl\\\/#organization\",\"name\":\"Kinderopvang Little People\",\"alternateName\":\"Een huiselijke sfeer, kleinschalig en v\u00e9\u00e9l persoonlijke aandacht voor ieder kind.\",\"url\":\"https:\\\/\\\/www.kinderopvanglittlepeople.nl\\\/\",\"logo\":{\"@type\":\"ImageObject\",\"inLanguage\":\"de\",\"@id\":\"https:\\\/\\\/www.kinderopvanglittlepeople.nl\\\/#\\\/schema\\\/logo\\\/image\\\/\",\"url\":\"https:\\\/\\\/www.kinderopvanglittlepeople.nl\\\/wp-content\\\/uploads\\\/logo-klp.svg\",\"contentUrl\":\"https:\\\/\\\/www.kinderopvanglittlepeople.nl\\\/wp-content\\\/uploads\\\/logo-klp.svg\",\"width\":1,\"height\":1,\"caption\":\"Kinderopvang Little People\"},\"image\":{\"@id\":\"https:\\\/\\\/www.kinderopvanglittlepeople.nl\\\/#\\\/schema\\\/logo\\\/image\\\/\"},\"sameAs\":[\"https:\\\/\\\/www.facebook.com\\\/KinderopvangLittlePeople\"]}]}<\/script>\n<!-- \/ Yoast SEO plugin. -->","yoast_head_json":{"title":"Veel gestelde vragen - Kinderopvang Little People","description":"Heeft u al gekeken bij de veel gestelde vragen? Voor andere vragen of een afspraak voor een rondleiding, kunt u onderstaand contactformulier invullen.","robots":{"index":"index","follow":"follow","max-snippet":"max-snippet:-1","max-image-preview":"max-image-preview:large","max-video-preview":"max-video-preview:-1"},"canonical":"https:\/\/www.kinderopvanglittlepeople.nl\/de\/veel-gestelde-vragen\/","og_locale":"de_DE","og_type":"article","og_title":"Veel gestelde vragen - Kinderopvang Little People","og_description":"Heeft u al gekeken bij de veel gestelde vragen? Voor andere vragen of een afspraak voor een rondleiding, kunt u onderstaand contactformulier invullen.","og_url":"https:\/\/www.kinderopvanglittlepeople.nl\/de\/veel-gestelde-vragen\/","og_site_name":"Kinderopvang Little People","article_publisher":"https:\/\/www.facebook.com\/KinderopvangLittlePeople","article_modified_time":"2024-12-11T14:03:49+00:00","og_image":[{"width":664,"height":384,"url":"https:\/\/www.kinderopvanglittlepeople.nl\/wp-content\/uploads\/home_resultaat.webp","type":"image\/webp"}],"twitter_misc":{"Gesch\u00e4tzte Lesezeit":"6\u00a0Minuten"},"schema":{"@context":"https:\/\/schema.org","@graph":[{"@type":"WebPage","@id":"https:\/\/www.kinderopvanglittlepeople.nl\/veel-gestelde-vragen\/","url":"https:\/\/www.kinderopvanglittlepeople.nl\/veel-gestelde-vragen\/","name":"Veel gestelde vragen - Kinderopvang Little People","isPartOf":{"@id":"https:\/\/www.kinderopvanglittlepeople.nl\/#website"},"primaryImageOfPage":{"@id":"https:\/\/www.kinderopvanglittlepeople.nl\/veel-gestelde-vragen\/#primaryimage"},"image":{"@id":"https:\/\/www.kinderopvanglittlepeople.nl\/veel-gestelde-vragen\/#primaryimage"},"thumbnailUrl":"https:\/\/www.kinderopvanglittlepeople.nl\/wp-content\/uploads\/home_resultaat.webp","datePublished":"2018-05-07T14:07:40+00:00","dateModified":"2024-12-11T14:03:49+00:00","description":"Heeft u al gekeken bij de veel gestelde vragen? Voor andere vragen of een afspraak voor een rondleiding, kunt u onderstaand contactformulier invullen.","breadcrumb":{"@id":"https:\/\/www.kinderopvanglittlepeople.nl\/veel-gestelde-vragen\/#breadcrumb"},"inLanguage":"de","potentialAction":[{"@type":"ReadAction","target":["https:\/\/www.kinderopvanglittlepeople.nl\/veel-gestelde-vragen\/"]}]},{"@type":"ImageObject","inLanguage":"de","@id":"https:\/\/www.kinderopvanglittlepeople.nl\/veel-gestelde-vragen\/#primaryimage","url":"https:\/\/www.kinderopvanglittlepeople.nl\/wp-content\/uploads\/home_resultaat.webp","contentUrl":"https:\/\/www.kinderopvanglittlepeople.nl\/wp-content\/uploads\/home_resultaat.webp","width":664,"height":384},{"@type":"BreadcrumbList","@id":"https:\/\/www.kinderopvanglittlepeople.nl\/veel-gestelde-vragen\/#breadcrumb","itemListElement":[{"@type":"ListItem","position":1,"name":"Home","item":"https:\/\/www.kinderopvanglittlepeople.nl\/"},{"@type":"ListItem","position":2,"name":"Veel gestelde vragen"}]},{"@type":"WebSite","@id":"https:\/\/www.kinderopvanglittlepeople.nl\/#website","url":"https:\/\/www.kinderopvanglittlepeople.nl\/","name":"Kinderbetreuung Little People","description":"Eine famili\u00e4re Atmosph\u00e4re, ein kleiner Rahmen und viel pers\u00f6nliche Aufmerksamkeit f\u00fcr jedes Kind.","publisher":{"@id":"https:\/\/www.kinderopvanglittlepeople.nl\/#organization"},"alternateName":"Een huiselijke sfeer, kleinschalig en v\u00e9\u00e9l persoonlijke aandacht voor ieder kind.","potentialAction":[{"@type":"SearchAction","target":{"@type":"EntryPoint","urlTemplate":"https:\/\/www.kinderopvanglittlepeople.nl\/?s={search_term_string}"},"query-input":{"@type":"PropertyValueSpecification","valueRequired":true,"valueName":"search_term_string"}}],"inLanguage":"de"},{"@type":"Organization","@id":"https:\/\/www.kinderopvanglittlepeople.nl\/#organization","name":"Kinderbetreuung Little People","alternateName":"Een huiselijke sfeer, kleinschalig en v\u00e9\u00e9l persoonlijke aandacht voor ieder kind.","url":"https:\/\/www.kinderopvanglittlepeople.nl\/","logo":{"@type":"ImageObject","inLanguage":"de","@id":"https:\/\/www.kinderopvanglittlepeople.nl\/#\/schema\/logo\/image\/","url":"https:\/\/www.kinderopvanglittlepeople.nl\/wp-content\/uploads\/logo-klp.svg","contentUrl":"https:\/\/www.kinderopvanglittlepeople.nl\/wp-content\/uploads\/logo-klp.svg","width":1,"height":1,"caption":"Kinderopvang Little People"},"image":{"@id":"https:\/\/www.kinderopvanglittlepeople.nl\/#\/schema\/logo\/image\/"},"sameAs":["https:\/\/www.facebook.com\/KinderopvangLittlePeople"]}]}},"_links":{"self":[{"href":"https:\/\/www.kinderopvanglittlepeople.nl\/de\/wp-json\/wp\/v2\/pages\/6117","targetHints":{"allow":["GET"]}}],"collection":[{"href":"https:\/\/www.kinderopvanglittlepeople.nl\/de\/wp-json\/wp\/v2\/pages"}],"about":[{"href":"https:\/\/www.kinderopvanglittlepeople.nl\/de\/wp-json\/wp\/v2\/types\/page"}],"author":[{"embeddable":true,"href":"https:\/\/www.kinderopvanglittlepeople.nl\/de\/wp-json\/wp\/v2\/users\/62"}],"replies":[{"embeddable":true,"href":"https:\/\/www.kinderopvanglittlepeople.nl\/de\/wp-json\/wp\/v2\/comments?post=6117"}],"version-history":[{"count":0,"href":"https:\/\/www.kinderopvanglittlepeople.nl\/de\/wp-json\/wp\/v2\/pages\/6117\/revisions"}],"wp:featuredmedia":[{"embeddable":true,"href":"https:\/\/www.kinderopvanglittlepeople.nl\/de\/wp-json\/wp\/v2\/media\/11425"}],"wp:attachment":[{"href":"https:\/\/www.kinderopvanglittlepeople.nl\/de\/wp-json\/wp\/v2\/media?parent=6117"}],"curies":[{"name":"wp","href":"https:\/\/api.w.org\/{rel}","templated":true}]}}