{"id":571,"date":"2015-10-06T12:39:13","date_gmt":"2015-10-06T11:39:13","guid":{"rendered":"https:\/\/kinderopvanglittlepeople.nl\/?page_id=571"},"modified":"2024-09-11T14:29:21","modified_gmt":"2024-09-11T13:29:21","slug":"aanmeldprocedure","status":"publish","type":"page","link":"https:\/\/www.kinderopvanglittlepeople.nl\/de\/aanmeldprocedure\/","title":{"rendered":"Bewerbungsverfahren"},"content":{"rendered":"<p><strong>F\u00fcr Eltern und Kind ist der (\u00dcber-)Schritt zur Kinderbetreuung ziemlich aufregend. Wir verstehen das nur zu gut. Das Anmeldeverfahren ist bei uns recht umfangreich, denn wir finden es sehr wichtig, dass sich Ihr Kind bei uns wohlf\u00fchlt. Das gilt f\u00fcr die Tagespflege, die Spielgruppe und die BSO.<\/strong><\/p>\n<h3><strong>Einf\u00fchrung &amp; gef\u00fchrte Tour<\/strong><\/h3>\n<p>Bevor Sie Ihr Kind anmelden, ist es sch\u00f6n, unsere Kindertagesst\u00e4tte pers\u00f6nlich kennenzulernen. Rufen Sie uns an oder schicken Sie uns eine E-Mail, um einen Termin f\u00fcr eine Besichtigung zu vereinbaren.<\/p>\n<h3><strong>Anmeldung<\/strong><\/h3>\n<p>Wenn Sie nach diesem ersten Schnuppertermin begeistert sind, k\u00f6nnen Sie Ihr Kind bei uns anmelden.<\/p>\n<h3>Platzierung<\/h3>\n<p>Sie werden benachrichtigt, wenn Ihr Kind einen Platz in unserer Betreuung hat. Wir besprechen gemeinsam das Datum des Betreuungsbeginns und treffen eine Vereinbarung auf der Grundlage unserer Gespr\u00e4che. Der Platz ist offiziell, wenn wir diese Vereinbarung unterschrieben zur\u00fcckgeschickt haben.<\/p>\n<h3><strong>Einlass<\/strong><\/h3>\n<p>Es folgt eine umfassende Aufnahme. Wir halten dies f\u00fcr einen sehr wichtigen Teil, denn wir gehen eine wichtige, zuk\u00fcnftige Zusammenarbeit ein. Zumindest sehen wir das so.<\/p>\nBei der Aufnahme besprechen wir mit Ihnen ausf\u00fchrlich, wie wir Ihr Kind am besten betreuen k\u00f6nnen, worauf wir achten sollten und wie Sie sich die (weitere) Entwicklung Ihres Kindes vorstellen. Bei der Aufnahme \u00e4u\u00dfern Sie Ihre Erwartungen an die Betreuung, aber auch die Kinderbetreuungseinrichtung bringt ihre Erwartungen an Sie, die Eltern, klar zum Ausdruck.<br \/>\nBevor Ihr Kind in die Kinderbetreuung kommt, kann es f\u00fcr ein paar Stunden zum \u00dcben kommen. Auf diese Weise ist es schon ein bisschen eingew\u00f6hnt, bevor der erste richtige Tag beginnt.\n<p>Haben Sie Fragen oder Anmerkungen? Bitte leiten Sie diese jederzeit an uns weiter, damit wir gemeinsam daf\u00fcr sorgen k\u00f6nnen, dass Ihr Kind bei uns ein zweites Zuhause bekommt!<\/p>\n<p>&nbsp;<\/p>\n<p>&nbsp;<\/p>","protected":false},"excerpt":{"rendered":"<p>Voor ouder en kind is de (over)stap naar kinderopvang best spannend. Dat begrijpen we maar al te goed. De aanmeldingsprocedure is redelijk uitgebreid bij ons omdat we het heel erg belangrijk vinden dat uw kind zich bij ons thuis voelt. Dat geldt zowel voor de dagopvang, peuterspeelzaal als de BSO. Kennismaking &amp; rondleiding Voordat u&hellip;<\/p>","protected":false},"author":1,"featured_media":11512,"parent":0,"menu_order":0,"comment_status":"closed","ping_status":"closed","template":"","meta":{"footnotes":""},"class_list":["post-571","page","type-page","status-publish","has-post-thumbnail","hentry"],"yoast_head":"<!-- This site is optimized with the Yoast SEO plugin v27.4 - https:\/\/yoast.com\/product\/yoast-seo-wordpress\/ -->\n<title>Aanmeldprocedure - Kinderopvang Little People<\/title>\n<meta name=\"description\" content=\"Bent u na de eerste kennismakingsafspraak enthousiast, dan kunt u uw kind bij ons aanmelden. Hierna volgt een uitgebreide intake.\" \/>\n<meta name=\"robots\" content=\"index, follow, max-snippet:-1, max-image-preview:large, max-video-preview:-1\" \/>\n<link rel=\"canonical\" href=\"https:\/\/www.kinderopvanglittlepeople.nl\/de\/aanmeldprocedure\/\" \/>\n<meta property=\"og:locale\" content=\"de_DE\" \/>\n<meta property=\"og:type\" content=\"article\" \/>\n<meta property=\"og:title\" content=\"Aanmeldprocedure - Kinderopvang Little People\" \/>\n<meta property=\"og:description\" content=\"Bent u na de eerste kennismakingsafspraak enthousiast, dan kunt u uw kind bij ons aanmelden. Hierna volgt een uitgebreide intake.\" \/>\n<meta property=\"og:url\" content=\"https:\/\/www.kinderopvanglittlepeople.nl\/de\/aanmeldprocedure\/\" \/>\n<meta property=\"og:site_name\" content=\"Kinderopvang Little People\" \/>\n<meta property=\"article:publisher\" content=\"https:\/\/www.facebook.com\/KinderopvangLittlePeople\" \/>\n<meta property=\"article:modified_time\" content=\"2024-09-11T13:29:21+00:00\" \/>\n<meta property=\"og:image\" content=\"https:\/\/www.kinderopvanglittlepeople.nl\/wp-content\/uploads\/aanmelden_resultaat.webp\" \/>\n\t<meta property=\"og:image:width\" content=\"664\" \/>\n\t<meta property=\"og:image:height\" content=\"384\" \/>\n\t<meta property=\"og:image:type\" content=\"image\/webp\" \/>\n<meta name=\"twitter:label1\" content=\"Gesch\u00e4tzte Lesezeit\" \/>\n\t<meta name=\"twitter:data1\" content=\"2\u00a0Minuten\" \/>\n<script type=\"application\/ld+json\" class=\"yoast-schema-graph\">{\"@context\":\"https:\\\/\\\/schema.org\",\"@graph\":[{\"@type\":\"WebPage\",\"@id\":\"https:\\\/\\\/www.kinderopvanglittlepeople.nl\\\/en\\\/aanmeldprocedure\\\/\",\"url\":\"https:\\\/\\\/www.kinderopvanglittlepeople.nl\\\/en\\\/aanmeldprocedure\\\/\",\"name\":\"Aanmeldprocedure - Kinderopvang Little People\",\"isPartOf\":{\"@id\":\"https:\\\/\\\/www.kinderopvanglittlepeople.nl\\\/#website\"},\"primaryImageOfPage\":{\"@id\":\"https:\\\/\\\/www.kinderopvanglittlepeople.nl\\\/en\\\/aanmeldprocedure\\\/#primaryimage\"},\"image\":{\"@id\":\"https:\\\/\\\/www.kinderopvanglittlepeople.nl\\\/en\\\/aanmeldprocedure\\\/#primaryimage\"},\"thumbnailUrl\":\"https:\\\/\\\/www.kinderopvanglittlepeople.nl\\\/wp-content\\\/uploads\\\/aanmelden_resultaat.webp\",\"datePublished\":\"2015-10-06T11:39:13+00:00\",\"dateModified\":\"2024-09-11T13:29:21+00:00\",\"description\":\"Bent u na de eerste kennismakingsafspraak enthousiast, dan kunt u uw kind bij ons aanmelden. Hierna volgt een uitgebreide intake.\",\"breadcrumb\":{\"@id\":\"https:\\\/\\\/www.kinderopvanglittlepeople.nl\\\/en\\\/aanmeldprocedure\\\/#breadcrumb\"},\"inLanguage\":\"de\",\"potentialAction\":[{\"@type\":\"ReadAction\",\"target\":[\"https:\\\/\\\/www.kinderopvanglittlepeople.nl\\\/en\\\/aanmeldprocedure\\\/\"]}]},{\"@type\":\"ImageObject\",\"inLanguage\":\"de\",\"@id\":\"https:\\\/\\\/www.kinderopvanglittlepeople.nl\\\/en\\\/aanmeldprocedure\\\/#primaryimage\",\"url\":\"https:\\\/\\\/www.kinderopvanglittlepeople.nl\\\/wp-content\\\/uploads\\\/aanmelden_resultaat.webp\",\"contentUrl\":\"https:\\\/\\\/www.kinderopvanglittlepeople.nl\\\/wp-content\\\/uploads\\\/aanmelden_resultaat.webp\",\"width\":664,\"height\":384},{\"@type\":\"BreadcrumbList\",\"@id\":\"https:\\\/\\\/www.kinderopvanglittlepeople.nl\\\/en\\\/aanmeldprocedure\\\/#breadcrumb\",\"itemListElement\":[{\"@type\":\"ListItem\",\"position\":1,\"name\":\"Home\",\"item\":\"https:\\\/\\\/www.kinderopvanglittlepeople.nl\\\/\"},{\"@type\":\"ListItem\",\"position\":2,\"name\":\"Aanmeldprocedure\"}]},{\"@type\":\"WebSite\",\"@id\":\"https:\\\/\\\/www.kinderopvanglittlepeople.nl\\\/#website\",\"url\":\"https:\\\/\\\/www.kinderopvanglittlepeople.nl\\\/\",\"name\":\"Kinderopvang Little People\",\"description\":\"Een huiselijke sfeer, kleinschalig en v\u00e9\u00e9l persoonlijke aandacht voor ieder kind.\",\"publisher\":{\"@id\":\"https:\\\/\\\/www.kinderopvanglittlepeople.nl\\\/#organization\"},\"alternateName\":\"Een huiselijke sfeer, kleinschalig en v\u00e9\u00e9l persoonlijke aandacht voor ieder kind.\",\"potentialAction\":[{\"@type\":\"SearchAction\",\"target\":{\"@type\":\"EntryPoint\",\"urlTemplate\":\"https:\\\/\\\/www.kinderopvanglittlepeople.nl\\\/?s={search_term_string}\"},\"query-input\":{\"@type\":\"PropertyValueSpecification\",\"valueRequired\":true,\"valueName\":\"search_term_string\"}}],\"inLanguage\":\"de\"},{\"@type\":\"Organization\",\"@id\":\"https:\\\/\\\/www.kinderopvanglittlepeople.nl\\\/#organization\",\"name\":\"Kinderopvang Little People\",\"alternateName\":\"Een huiselijke sfeer, kleinschalig en v\u00e9\u00e9l persoonlijke aandacht voor ieder kind.\",\"url\":\"https:\\\/\\\/www.kinderopvanglittlepeople.nl\\\/\",\"logo\":{\"@type\":\"ImageObject\",\"inLanguage\":\"de\",\"@id\":\"https:\\\/\\\/www.kinderopvanglittlepeople.nl\\\/#\\\/schema\\\/logo\\\/image\\\/\",\"url\":\"https:\\\/\\\/www.kinderopvanglittlepeople.nl\\\/wp-content\\\/uploads\\\/logo-klp.svg\",\"contentUrl\":\"https:\\\/\\\/www.kinderopvanglittlepeople.nl\\\/wp-content\\\/uploads\\\/logo-klp.svg\",\"width\":1,\"height\":1,\"caption\":\"Kinderopvang Little People\"},\"image\":{\"@id\":\"https:\\\/\\\/www.kinderopvanglittlepeople.nl\\\/#\\\/schema\\\/logo\\\/image\\\/\"},\"sameAs\":[\"https:\\\/\\\/www.facebook.com\\\/KinderopvangLittlePeople\"]}]}<\/script>\n<!-- \/ Yoast SEO plugin. -->","yoast_head_json":{"title":"Aanmeldprocedure - Kinderopvang Little People","description":"Bent u na de eerste kennismakingsafspraak enthousiast, dan kunt u uw kind bij ons aanmelden. Hierna volgt een uitgebreide intake.","robots":{"index":"index","follow":"follow","max-snippet":"max-snippet:-1","max-image-preview":"max-image-preview:large","max-video-preview":"max-video-preview:-1"},"canonical":"https:\/\/www.kinderopvanglittlepeople.nl\/de\/aanmeldprocedure\/","og_locale":"de_DE","og_type":"article","og_title":"Aanmeldprocedure - Kinderopvang Little People","og_description":"Bent u na de eerste kennismakingsafspraak enthousiast, dan kunt u uw kind bij ons aanmelden. Hierna volgt een uitgebreide intake.","og_url":"https:\/\/www.kinderopvanglittlepeople.nl\/de\/aanmeldprocedure\/","og_site_name":"Kinderopvang Little People","article_publisher":"https:\/\/www.facebook.com\/KinderopvangLittlePeople","article_modified_time":"2024-09-11T13:29:21+00:00","og_image":[{"width":664,"height":384,"url":"https:\/\/www.kinderopvanglittlepeople.nl\/wp-content\/uploads\/aanmelden_resultaat.webp","type":"image\/webp"}],"twitter_misc":{"Gesch\u00e4tzte Lesezeit":"2\u00a0Minuten"},"schema":{"@context":"https:\/\/schema.org","@graph":[{"@type":"WebPage","@id":"https:\/\/www.kinderopvanglittlepeople.nl\/en\/aanmeldprocedure\/","url":"https:\/\/www.kinderopvanglittlepeople.nl\/en\/aanmeldprocedure\/","name":"Aanmeldprocedure - Kinderopvang Little People","isPartOf":{"@id":"https:\/\/www.kinderopvanglittlepeople.nl\/#website"},"primaryImageOfPage":{"@id":"https:\/\/www.kinderopvanglittlepeople.nl\/en\/aanmeldprocedure\/#primaryimage"},"image":{"@id":"https:\/\/www.kinderopvanglittlepeople.nl\/en\/aanmeldprocedure\/#primaryimage"},"thumbnailUrl":"https:\/\/www.kinderopvanglittlepeople.nl\/wp-content\/uploads\/aanmelden_resultaat.webp","datePublished":"2015-10-06T11:39:13+00:00","dateModified":"2024-09-11T13:29:21+00:00","description":"Bent u na de eerste kennismakingsafspraak enthousiast, dan kunt u uw kind bij ons aanmelden. Hierna volgt een uitgebreide intake.","breadcrumb":{"@id":"https:\/\/www.kinderopvanglittlepeople.nl\/en\/aanmeldprocedure\/#breadcrumb"},"inLanguage":"de","potentialAction":[{"@type":"ReadAction","target":["https:\/\/www.kinderopvanglittlepeople.nl\/en\/aanmeldprocedure\/"]}]},{"@type":"ImageObject","inLanguage":"de","@id":"https:\/\/www.kinderopvanglittlepeople.nl\/en\/aanmeldprocedure\/#primaryimage","url":"https:\/\/www.kinderopvanglittlepeople.nl\/wp-content\/uploads\/aanmelden_resultaat.webp","contentUrl":"https:\/\/www.kinderopvanglittlepeople.nl\/wp-content\/uploads\/aanmelden_resultaat.webp","width":664,"height":384},{"@type":"BreadcrumbList","@id":"https:\/\/www.kinderopvanglittlepeople.nl\/en\/aanmeldprocedure\/#breadcrumb","itemListElement":[{"@type":"ListItem","position":1,"name":"Home","item":"https:\/\/www.kinderopvanglittlepeople.nl\/"},{"@type":"ListItem","position":2,"name":"Aanmeldprocedure"}]},{"@type":"WebSite","@id":"https:\/\/www.kinderopvanglittlepeople.nl\/#website","url":"https:\/\/www.kinderopvanglittlepeople.nl\/","name":"Kinderbetreuung Little People","description":"Eine famili\u00e4re Atmosph\u00e4re, ein kleiner Rahmen und viel pers\u00f6nliche Aufmerksamkeit f\u00fcr jedes Kind.","publisher":{"@id":"https:\/\/www.kinderopvanglittlepeople.nl\/#organization"},"alternateName":"Een huiselijke sfeer, kleinschalig en v\u00e9\u00e9l persoonlijke aandacht voor ieder kind.","potentialAction":[{"@type":"SearchAction","target":{"@type":"EntryPoint","urlTemplate":"https:\/\/www.kinderopvanglittlepeople.nl\/?s={search_term_string}"},"query-input":{"@type":"PropertyValueSpecification","valueRequired":true,"valueName":"search_term_string"}}],"inLanguage":"de"},{"@type":"Organization","@id":"https:\/\/www.kinderopvanglittlepeople.nl\/#organization","name":"Kinderbetreuung Little People","alternateName":"Een huiselijke sfeer, kleinschalig en v\u00e9\u00e9l persoonlijke aandacht voor ieder kind.","url":"https:\/\/www.kinderopvanglittlepeople.nl\/","logo":{"@type":"ImageObject","inLanguage":"de","@id":"https:\/\/www.kinderopvanglittlepeople.nl\/#\/schema\/logo\/image\/","url":"https:\/\/www.kinderopvanglittlepeople.nl\/wp-content\/uploads\/logo-klp.svg","contentUrl":"https:\/\/www.kinderopvanglittlepeople.nl\/wp-content\/uploads\/logo-klp.svg","width":1,"height":1,"caption":"Kinderopvang Little People"},"image":{"@id":"https:\/\/www.kinderopvanglittlepeople.nl\/#\/schema\/logo\/image\/"},"sameAs":["https:\/\/www.facebook.com\/KinderopvangLittlePeople"]}]}},"_links":{"self":[{"href":"https:\/\/www.kinderopvanglittlepeople.nl\/de\/wp-json\/wp\/v2\/pages\/571","targetHints":{"allow":["GET"]}}],"collection":[{"href":"https:\/\/www.kinderopvanglittlepeople.nl\/de\/wp-json\/wp\/v2\/pages"}],"about":[{"href":"https:\/\/www.kinderopvanglittlepeople.nl\/de\/wp-json\/wp\/v2\/types\/page"}],"author":[{"embeddable":true,"href":"https:\/\/www.kinderopvanglittlepeople.nl\/de\/wp-json\/wp\/v2\/users\/1"}],"replies":[{"embeddable":true,"href":"https:\/\/www.kinderopvanglittlepeople.nl\/de\/wp-json\/wp\/v2\/comments?post=571"}],"version-history":[{"count":0,"href":"https:\/\/www.kinderopvanglittlepeople.nl\/de\/wp-json\/wp\/v2\/pages\/571\/revisions"}],"wp:featuredmedia":[{"embeddable":true,"href":"https:\/\/www.kinderopvanglittlepeople.nl\/de\/wp-json\/wp\/v2\/media\/11512"}],"wp:attachment":[{"href":"https:\/\/www.kinderopvanglittlepeople.nl\/de\/wp-json\/wp\/v2\/media?parent=571"}],"curies":[{"name":"wp","href":"https:\/\/api.w.org\/{rel}","templated":true}]}}