{"id":55,"date":"2015-07-08T15:44:18","date_gmt":"2015-07-08T14:44:18","guid":{"rendered":"https:\/\/kinderopvanglittlepeople.nl\/?page_id=55"},"modified":"2022-03-15T09:57:59","modified_gmt":"2022-03-15T08:57:59","slug":"locaties","status":"publish","type":"page","link":"https:\/\/www.kinderopvanglittlepeople.nl\/de\/locaties\/","title":{"rendered":"Standorte"},"content":{"rendered":"<h3>Heivelden - Heuveleind<\/h3>\n<p>Kinderopvang Little People is hier onderdeel van het Integrale Kind Centrum (IKC) de Heydonck. De kleinschalige dagopvang bevindt zich vlakbij de basisschool, in het verlengde van het fietspad. Onze peuterspeelzaal zit samen met de school onder \u00e9\u00e9n dak. De samenwerking binnen het kindcentum geeft vele voordelen. Het beleid en de visie binnen de ontwikkeling van kinderen van 0 t\/m 13 jaar worden met elkaar afgestemd.<\/p>\n<p>Het onderscheidende van IKC de Heydonck, samen met Kinderopvang Little People is de focus op de ontwikkeling van de creativiteit van ieder kind.<\/p>\n<p>De gezamenlijke visie is dat kinderen leren binnen \u00e9n buiten de schooltijd en zij mogen hun talenten in de volle breedte ontwikkelen. In het kindcentrum komen baby&#8217;s, kleuters, peuters en schoolgaande kinderen tot ongeveer 13 jaar.  Ze worden vanuit een doorgaande ontwikkelingslijn gevolgd. De overgang van dagopvang naar basisschool wordt zo eenvoudig gemaakt en vindt, in overleg, plaats wanneer het kind hieraan toe is. Dat kan wat eerder of misschien wat later zijn.<\/p>\n<p>Das Kinderzentrum bietet nat\u00fcrlich Bildung, aber auch Sport, Musik, Spiel und Betreuung mit obligatorischen und freiwilligen Komponenten, aus denen Eltern und Kinder w\u00e4hlen k\u00f6nnen.<\/p>\n<p>Een kindcentrum is de hele dag geopend van maandag t\/m vrijdag, 52 weken per jaar. Het verschil tussen schooltijd en buitenschooltijd vervaagt daardoor.<\/p>\n\t\t\tTo display Google Map, you need to set API key under  \n\t\t\t<a href=\"https:\/\/www.kinderopvanglittlepeople.nl\/wp-admin\/options-general.php?page=ppbb-settings&#038;tab=integration\" target=\"_blank\" rel=\"noopener\">\n\t\t\t\tIntegration Settings\n\t\t\t<\/a>\n\t<strong>Angaben zur Adresse<br \/>\n<\/strong>Wildheuvel 17 &#8211; 19<br \/>\n5685 CD Best<br \/>\nTel. 06 393 693 36<br \/>\n<a href=\"mailto:%20info@kinderopvanglittlepeople.nl\">info@kinderopvanglittlepeople.nl<\/a>\n<strong><br \/>\nNationales Register f\u00fcr Kinderbetreuung<\/strong><br \/>\nLRK-Nummern:<br \/>\nTagesbetreuung: 158472263<br \/>\nPeuterspeelzaal: 336964225<br \/>\nBSO: 100657084\n<strong><br \/>\nDieser Veranstaltungsort bietet:<\/strong>\n<a href=\"https:\/\/www.kinderopvanglittlepeople.nl\/de\/dagopvang\/\">Tagesbetreuung<\/a><br \/>\n<a href=\"https:\/\/www.kinderopvanglittlepeople.nl\/de\/4-13-jaar-bso\/\">BSO<br \/>\n<\/a><a href=\"https:\/\/www.kinderopvanglittlepeople.nl\/de\/kinderopvang\/peuterspeelzaal\/\">Kleinkind-Arrangements<\/a>\n\t<p><strong>Openingstijden:<\/strong><\/p>\n<h2 id=\"tablepress-13-name\" class=\"tablepress-table-name tablepress-table-name-id-13\">Openingstijden Heivelden - Heuveleind<\/h2>\n\n<table id=\"tablepress-13\" class=\"tablepress tablepress-id-13\" aria-labelledby=\"tablepress-13-name\">\n<tbody class=\"row-striping row-hover\">\n<tr class=\"row-1\">\n\t<td class=\"column-1\">Montag<\/td><td class=\"column-2\"><\/td><td class=\"column-3\">07.00 - 18.30 uur<\/td>\n<\/tr>\n<tr class=\"row-2\">\n\t<td class=\"column-1\">Dienstag<\/td><td class=\"column-2\">-<\/td><td class=\"column-3\">07.00 - 18.30 uur<\/td>\n<\/tr>\n<tr class=\"row-3\">\n\t<td class=\"column-1\">Mittwoch<\/td><td class=\"column-2\">-<\/td><td class=\"column-3\">07.00 - 18.30 uur<\/td>\n<\/tr>\n<tr class=\"row-4\">\n\t<td class=\"column-1\">Donnerstag<\/td><td class=\"column-2\">-<\/td><td class=\"column-3\">07.00 - 18.30 uur<\/td>\n<\/tr>\n<tr class=\"row-5\">\n\t<td class=\"column-1\">Freitag<\/td><td class=\"column-2\">-<\/td><td class=\"column-3\">07.00 - 18.30 uur<\/td>\n<\/tr>\n<tr class=\"row-6\">\n\t<td class=\"column-1\">Samstag<\/td><td class=\"column-2\">-<\/td><td class=\"column-3\">Auf Anfrage<\/td>\n<\/tr>\n<tr class=\"row-7\">\n\t<td class=\"column-1\">Sonntag<\/td><td class=\"column-2\">-<\/td><td class=\"column-3\">Auf Anfrage<\/td>\n<\/tr>\n<\/tbody>\n<\/table>\n\n\t<h3 id=\"fancy-title-6\"><strong>Naastbest<\/strong><\/h3>\n<p>Door het succes van onze andere locaties in Best hebben wij nu de stap genomen om een nieuwe locatie te beginnen in Naastenbest. We hebben veel waardering van ouders en kinderen gekregen voor de kwaliteit en de samenwerking die wij hebben kunnen cre\u00ebren. Omdat wij niet te groot op \u00e9\u00e9n locatie willen worden, hebben we besloten om deze nieuwe vestiging te openen.<\/p>\n<p>F\u00fcr uns ist es sehr wichtig, eine gute Zusammenarbeit mit den Eltern zu schaffen und jedem Kind die M\u00f6glichkeit zu geben, sich in seinem eigenen Tempo zu entwickeln. Au\u00dferdem finden wir es sehr wichtig, dass die Kinder in einer sicheren und liebevollen Umgebung betreut werden.<\/p>\n<p>Dieser Standort an der Emmalaan ist ein weiterer kleiner Standort mit festem p\u00e4dagogischen Personal und einer famili\u00e4ren Atmosph\u00e4re. Auch hier gelten die Grunds\u00e4tze Ruhe, Regelm\u00e4\u00dfigkeit, Sauberkeit und eine gem\u00fctliche Atmosph\u00e4re.<\/p>\n<p>Om een goede indruk te krijgen van onze kleinschalige opvang, bent u van harte welkom voor een persoonlijke kennismaking.  Maak hiervoor gerust een vrijblijvende afspraak via 06-39502392 of maak gebruik van het contactformulier.<\/p>\n<p>&nbsp;<\/p>\n\t\t\tTo display Google Map, you need to set API key under  \n\t\t\t<a href=\"https:\/\/www.kinderopvanglittlepeople.nl\/wp-admin\/options-general.php?page=ppbb-settings&#038;tab=integration\" target=\"_blank\" rel=\"noopener\">\n\t\t\t\tIntegration Settings\n\t\t\t<\/a>\n\t<strong>Angaben zur Adresse<br \/>\n<\/strong>K\u00f6nigin-Emma-Allee 27<br \/>\n5684 BA Best<br \/>\nTelefoonnummer dagopvang: 06 172 655 05<br \/>\nTelefoonnummer kantoor: 0499 850 352<br \/>\n<a href=\"mailto:info@kinderopvanglittlepeople.nl\">info@kinderopvanglittlepeople.nl<\/a>\n<p>&nbsp;<\/p>\n<strong>Nationales Register f\u00fcr Kinderbetreuung<\/strong><br \/>\nLRK-Nummern:<br \/>\nTagesbetreuung: 283589942\n<p>&nbsp;<\/p>\n<p><strong>Dieser Veranstaltungsort bietet:<\/strong><\/p>\n<p><a href=\"https:\/\/www.kinderopvanglittlepeople.nl\/de\/dagopvang\/\">Tagesbetreuung<\/a><\/p>\n\t<p><strong>Openingstijden:<\/strong><\/p>\n<h2 id=\"tablepress-14-name\" class=\"tablepress-table-name tablepress-table-name-id-14\">Naastbest<\/h2>\n\n<table id=\"tablepress-14\" class=\"tablepress tablepress-id-14\" aria-labelledby=\"tablepress-14-name\">\n<tbody>\n<tr class=\"row-1\">\n\t<td class=\"column-1\">Montag<\/td><td class=\"column-2\"><\/td><td class=\"column-3\">07.00 - 18.30<\/td>\n<\/tr>\n<tr class=\"row-2\">\n\t<td class=\"column-1\">Dienstag<\/td><td class=\"column-2\">-<\/td><td class=\"column-3\">07.00 - 18.30<\/td>\n<\/tr>\n<tr class=\"row-3\">\n\t<td class=\"column-1\">Mittwoch<\/td><td class=\"column-2\">-<\/td><td class=\"column-3\">07.00 - 18.30<\/td>\n<\/tr>\n<tr class=\"row-4\">\n\t<td class=\"column-1\">Donnerstag<\/td><td class=\"column-2\">-<\/td><td class=\"column-3\">07.00 - 18.30<\/td>\n<\/tr>\n<tr class=\"row-5\">\n\t<td class=\"column-1\">Freitag<\/td><td class=\"column-2\">-<\/td><td class=\"column-3\">07.00 - 18.30<\/td>\n<\/tr>\n<tr class=\"row-6\">\n\t<td class=\"column-1\">Samstag<\/td><td class=\"column-2\">-<\/td><td class=\"column-3\">Auf Anfrage<\/td>\n<\/tr>\n<tr class=\"row-7\">\n\t<td class=\"column-1\">Sonntag<\/td><td class=\"column-2\">-<\/td><td class=\"column-3\">Auf Anfrage<\/td>\n<\/tr>\n<\/tbody>\n<\/table>\n<!-- #tablepress-14 from cache -->\n\t<h3 id=\"fancy-title-6\"><strong>Wilhelminadorp<\/strong><\/h3>\nDie Kindertagesst\u00e4tte Little People ist Teil der Kindertagesst\u00e4tte Br!cks. Die kleine Kindertagesst\u00e4tte befindet sich direkt neben der Grundschule. Die Spielgruppe ist in der Schule untergebracht.<br \/>\nDie Zusammenarbeit innerhalb des Kinderzentrums bringt viele Vorteile mit sich. Die Strategien und Visionen f\u00fcr die Entwicklung von Kindern im Alter von 0 bis 13 Jahren sind aufeinander abgestimmt.\n<p>Dit kindcentrum biedt met name veel structuur gedurende de dag. De gezamenlijke visie is dat kinderen leren binnen \u00e9n buiten de schooltijd en mogen hun talenten in de volle breedte ontwikkelen. In het kindcentrum komen baby&#8217;s, kleuters, peuters en schoolgaande kinderen tot ongeveer 13 jaar. Ze worden vanuit een doorgaande ontwikkelingslijn gevolgd. De overgang van dagopvang of peuterspeelzaal naar de basisschool wordt zo eenvoudig gemaakt en vindt, in overleg, plaats wanneer het kind hieraan toe is. Dat kan wat eerder of misschien wat later zijn.<\/p>\n<p>Das Kinderzentrum bietet nat\u00fcrlich Bildung, aber auch Sport, Musik, Spiel und Betreuung mit obligatorischen und freiwilligen Komponenten, aus denen Eltern und Kinder w\u00e4hlen k\u00f6nnen.<\/p>\n<p>Het kindcentrum is de hele dag geopend van maandag t\/m vrijdag, 52 weken per jaar. Het verschil tussen schooltijd en buitenschooltijd vervaagt daardoor.<\/p>\n<p>Voor het beste beeld van onze kleinschalige opvang, bent u van harte welkom voor een persoonlijke kennismaking.  Maak hierover gerust een vrijblijvende afspraak via telefoonnummer 0499-850352 of maak gebruik van het contactformulier.<\/p>\n<p>&nbsp;<\/p>\n\t\t\tTo display Google Map, you need to set API key under  \n\t\t\t<a href=\"https:\/\/www.kinderopvanglittlepeople.nl\/wp-admin\/options-general.php?page=ppbb-settings&#038;tab=integration\" target=\"_blank\" rel=\"noopener\">\n\t\t\t\tIntegration Settings\n\t\t\t<\/a>\n<strong>Angaben zur Adresse<br \/>\n<\/strong>Johannes Verleunstraat 27<br \/>\n5684 TT Best<br \/>\n0499 &#8211; 850 352<br \/>\n<a href=\"mailto:%20info@kinderopvanglittlepeople.nl\">info@kinderopvanglittlepeople.nl<\/a>\n<strong><br \/>\nNationales Register f\u00fcr Kinderbetreuung<\/strong><br \/>\nLRK-Nummern:<br \/>\nTagesbetreuung: 937917746<br \/>\nVorschule: 191591294<br \/>\nBSO: 173444398\n<strong><br \/>\nDieser Veranstaltungsort bietet:<\/strong>\n<a href=\"https:\/\/www.kinderopvanglittlepeople.nl\/de\/dagopvang\/\">Tagesbetreuung<\/a><br \/>\n<a href=\"https:\/\/www.kinderopvanglittlepeople.nl\/de\/4-13-jaar-bso\/\">BSO<\/a><br \/>\n<a href=\"https:\/\/www.kinderopvanglittlepeople.nl\/de\/kinderopvang\/peuterspeelzaal\/\">Kleinkind-Arrangements<\/a>\n\t<p><strong>Openingstijden:<\/strong><\/p>\n\n<table id=\"tablepress-15\" class=\"tablepress tablepress-id-15\">\n<tbody>\n<tr class=\"row-1\">\n\t<td class=\"column-1\"><b>Die \u00d6ffnungszeiten<\/b><\/td><td class=\"column-2\"><\/td><td class=\"column-3\"><b>Wilhelminadorp<\/b><\/td>\n<\/tr>\n<tr class=\"row-2\">\n\t<td class=\"column-1\"><b>Ma<\/b><\/td><td class=\"column-2\"><\/td><td class=\"column-3\">05.45 - 18.30<\/td>\n<\/tr>\n<tr class=\"row-3\">\n\t<td class=\"column-1\"><b>Di<\/b><\/td><td class=\"column-2\"><\/td><td class=\"column-3\">05.45 - 18.30<\/td>\n<\/tr>\n<tr class=\"row-4\">\n\t<td class=\"column-1\"><b>Mi<\/b><\/td><td class=\"column-2\"><\/td><td class=\"column-3\">05.45 - 18.30<\/td>\n<\/tr>\n<tr class=\"row-5\">\n\t<td class=\"column-1\"><b>Do<\/b><\/td><td class=\"column-2\"><\/td><td class=\"column-3\">05.45 - 18.30<\/td>\n<\/tr>\n<tr class=\"row-6\">\n\t<td class=\"column-1\"><b>Kostenlos<\/b><\/td><td class=\"column-2\"><\/td><td class=\"column-3\">05.45 - 18.30<\/td>\n<\/tr>\n<tr class=\"row-7\">\n\t<td class=\"column-1\"><b>Za<\/b><\/td><td class=\"column-2\"><\/td><td class=\"column-3\">Auf Anfrage<\/td>\n<\/tr>\n<tr class=\"row-8\">\n\t<td class=\"column-1\"><b>Also<\/b><\/td><td class=\"column-2\"><\/td><td class=\"column-3\">Auf Anfrage<\/td>\n<\/tr>\n<\/tbody>\n<\/table>\n<!-- #tablepress-15 from cache -->","protected":false},"excerpt":{"rendered":"<p>Heivelden &#8211; Heuveleind Kinderopvang Little People is hier onderdeel van het Integrale Kind Centrum (IKC) de Heydonck. De kleinschalige dagopvang bevindt zich vlakbij de basisschool, in het verlengde van het fietspad. Onze peuterspeelzaal zit samen met de school onder \u00e9\u00e9n dak. De samenwerking binnen het kindcentum geeft vele voordelen. Het beleid en de visie binnen&hellip;<\/p>","protected":false},"author":1,"featured_media":0,"parent":0,"menu_order":0,"comment_status":"closed","ping_status":"closed","template":"","meta":{"footnotes":""},"class_list":["post-55","page","type-page","status-publish","hentry"],"yoast_head":"<!-- This site is optimized with the Yoast SEO plugin v27.5 - https:\/\/yoast.com\/product\/yoast-seo-wordpress\/ -->\n<title>Locaties - Kinderopvang Little People<\/title>\n<meta name=\"robots\" content=\"index, follow, max-snippet:-1, max-image-preview:large, max-video-preview:-1\" \/>\n<link rel=\"canonical\" href=\"https:\/\/www.kinderopvanglittlepeople.nl\/de\/locaties\/\" \/>\n<meta property=\"og:locale\" content=\"de_DE\" \/>\n<meta property=\"og:type\" content=\"article\" \/>\n<meta property=\"og:title\" content=\"Locaties - Kinderopvang Little People\" \/>\n<meta property=\"og:description\" content=\"Heivelden &#8211; Heuveleind Kinderopvang Little People is hier onderdeel van het Integrale Kind Centrum (IKC) de Heydonck. De kleinschalige dagopvang bevindt zich vlakbij de basisschool, in het verlengde van het fietspad. Onze peuterspeelzaal zit samen met de school onder \u00e9\u00e9n dak. De samenwerking binnen het kindcentum geeft vele voordelen. Het beleid en de visie binnen&hellip;\" \/>\n<meta property=\"og:url\" content=\"https:\/\/www.kinderopvanglittlepeople.nl\/de\/locaties\/\" \/>\n<meta property=\"og:site_name\" content=\"Kinderopvang Little People\" \/>\n<meta property=\"article:publisher\" content=\"https:\/\/www.facebook.com\/KinderopvangLittlePeople\" \/>\n<meta property=\"article:modified_time\" content=\"2022-03-15T08:57:59+00:00\" \/>\n<meta name=\"twitter:label1\" content=\"Gesch\u00e4tzte Lesezeit\" \/>\n\t<meta name=\"twitter:data1\" content=\"4\u00a0Minuten\" \/>\n<script type=\"application\/ld+json\" class=\"yoast-schema-graph\">{\"@context\":\"https:\\\/\\\/schema.org\",\"@graph\":[{\"@type\":\"WebPage\",\"@id\":\"https:\\\/\\\/www.kinderopvanglittlepeople.nl\\\/locaties\\\/\",\"url\":\"https:\\\/\\\/www.kinderopvanglittlepeople.nl\\\/locaties\\\/\",\"name\":\"Locaties - Kinderopvang Little People\",\"isPartOf\":{\"@id\":\"https:\\\/\\\/www.kinderopvanglittlepeople.nl\\\/#website\"},\"datePublished\":\"2015-07-08T14:44:18+00:00\",\"dateModified\":\"2022-03-15T08:57:59+00:00\",\"breadcrumb\":{\"@id\":\"https:\\\/\\\/www.kinderopvanglittlepeople.nl\\\/locaties\\\/#breadcrumb\"},\"inLanguage\":\"de\",\"potentialAction\":[{\"@type\":\"ReadAction\",\"target\":[\"https:\\\/\\\/www.kinderopvanglittlepeople.nl\\\/locaties\\\/\"]}]},{\"@type\":\"BreadcrumbList\",\"@id\":\"https:\\\/\\\/www.kinderopvanglittlepeople.nl\\\/locaties\\\/#breadcrumb\",\"itemListElement\":[{\"@type\":\"ListItem\",\"position\":1,\"name\":\"Home\",\"item\":\"https:\\\/\\\/www.kinderopvanglittlepeople.nl\\\/\"},{\"@type\":\"ListItem\",\"position\":2,\"name\":\"Locaties\"}]},{\"@type\":\"WebSite\",\"@id\":\"https:\\\/\\\/www.kinderopvanglittlepeople.nl\\\/#website\",\"url\":\"https:\\\/\\\/www.kinderopvanglittlepeople.nl\\\/\",\"name\":\"Kinderopvang Little People\",\"description\":\"Een huiselijke sfeer, kleinschalig en v\u00e9\u00e9l persoonlijke aandacht voor ieder kind.\",\"publisher\":{\"@id\":\"https:\\\/\\\/www.kinderopvanglittlepeople.nl\\\/#organization\"},\"alternateName\":\"Een huiselijke sfeer, kleinschalig en v\u00e9\u00e9l persoonlijke aandacht voor ieder kind.\",\"potentialAction\":[{\"@type\":\"SearchAction\",\"target\":{\"@type\":\"EntryPoint\",\"urlTemplate\":\"https:\\\/\\\/www.kinderopvanglittlepeople.nl\\\/?s={search_term_string}\"},\"query-input\":{\"@type\":\"PropertyValueSpecification\",\"valueRequired\":true,\"valueName\":\"search_term_string\"}}],\"inLanguage\":\"de\"},{\"@type\":\"Organization\",\"@id\":\"https:\\\/\\\/www.kinderopvanglittlepeople.nl\\\/#organization\",\"name\":\"Kinderopvang Little People\",\"alternateName\":\"Een huiselijke sfeer, kleinschalig en v\u00e9\u00e9l persoonlijke aandacht voor ieder kind.\",\"url\":\"https:\\\/\\\/www.kinderopvanglittlepeople.nl\\\/\",\"logo\":{\"@type\":\"ImageObject\",\"inLanguage\":\"de\",\"@id\":\"https:\\\/\\\/www.kinderopvanglittlepeople.nl\\\/#\\\/schema\\\/logo\\\/image\\\/\",\"url\":\"https:\\\/\\\/www.kinderopvanglittlepeople.nl\\\/wp-content\\\/uploads\\\/logo-klp.svg\",\"contentUrl\":\"https:\\\/\\\/www.kinderopvanglittlepeople.nl\\\/wp-content\\\/uploads\\\/logo-klp.svg\",\"width\":1,\"height\":1,\"caption\":\"Kinderopvang Little People\"},\"image\":{\"@id\":\"https:\\\/\\\/www.kinderopvanglittlepeople.nl\\\/#\\\/schema\\\/logo\\\/image\\\/\"},\"sameAs\":[\"https:\\\/\\\/www.facebook.com\\\/KinderopvangLittlePeople\"]}]}<\/script>\n<!-- \/ Yoast SEO plugin. -->","yoast_head_json":{"title":"Locaties - Kinderopvang Little People","robots":{"index":"index","follow":"follow","max-snippet":"max-snippet:-1","max-image-preview":"max-image-preview:large","max-video-preview":"max-video-preview:-1"},"canonical":"https:\/\/www.kinderopvanglittlepeople.nl\/de\/locaties\/","og_locale":"de_DE","og_type":"article","og_title":"Locaties - Kinderopvang Little People","og_description":"Heivelden &#8211; Heuveleind Kinderopvang Little People is hier onderdeel van het Integrale Kind Centrum (IKC) de Heydonck. De kleinschalige dagopvang bevindt zich vlakbij de basisschool, in het verlengde van het fietspad. Onze peuterspeelzaal zit samen met de school onder \u00e9\u00e9n dak. De samenwerking binnen het kindcentum geeft vele voordelen. Het beleid en de visie binnen&hellip;","og_url":"https:\/\/www.kinderopvanglittlepeople.nl\/de\/locaties\/","og_site_name":"Kinderopvang Little People","article_publisher":"https:\/\/www.facebook.com\/KinderopvangLittlePeople","article_modified_time":"2022-03-15T08:57:59+00:00","twitter_misc":{"Gesch\u00e4tzte Lesezeit":"4\u00a0Minuten"},"schema":{"@context":"https:\/\/schema.org","@graph":[{"@type":"WebPage","@id":"https:\/\/www.kinderopvanglittlepeople.nl\/locaties\/","url":"https:\/\/www.kinderopvanglittlepeople.nl\/locaties\/","name":"Locaties - Kinderopvang Little People","isPartOf":{"@id":"https:\/\/www.kinderopvanglittlepeople.nl\/#website"},"datePublished":"2015-07-08T14:44:18+00:00","dateModified":"2022-03-15T08:57:59+00:00","breadcrumb":{"@id":"https:\/\/www.kinderopvanglittlepeople.nl\/locaties\/#breadcrumb"},"inLanguage":"de","potentialAction":[{"@type":"ReadAction","target":["https:\/\/www.kinderopvanglittlepeople.nl\/locaties\/"]}]},{"@type":"BreadcrumbList","@id":"https:\/\/www.kinderopvanglittlepeople.nl\/locaties\/#breadcrumb","itemListElement":[{"@type":"ListItem","position":1,"name":"Home","item":"https:\/\/www.kinderopvanglittlepeople.nl\/"},{"@type":"ListItem","position":2,"name":"Locaties"}]},{"@type":"WebSite","@id":"https:\/\/www.kinderopvanglittlepeople.nl\/#website","url":"https:\/\/www.kinderopvanglittlepeople.nl\/","name":"Kinderbetreuung Little People","description":"Eine famili\u00e4re Atmosph\u00e4re, ein kleiner Rahmen und viel pers\u00f6nliche Aufmerksamkeit f\u00fcr jedes Kind.","publisher":{"@id":"https:\/\/www.kinderopvanglittlepeople.nl\/#organization"},"alternateName":"Een huiselijke sfeer, kleinschalig en v\u00e9\u00e9l persoonlijke aandacht voor ieder kind.","potentialAction":[{"@type":"SearchAction","target":{"@type":"EntryPoint","urlTemplate":"https:\/\/www.kinderopvanglittlepeople.nl\/?s={search_term_string}"},"query-input":{"@type":"PropertyValueSpecification","valueRequired":true,"valueName":"search_term_string"}}],"inLanguage":"de"},{"@type":"Organization","@id":"https:\/\/www.kinderopvanglittlepeople.nl\/#organization","name":"Kinderbetreuung Little People","alternateName":"Een huiselijke sfeer, kleinschalig en v\u00e9\u00e9l persoonlijke aandacht voor ieder kind.","url":"https:\/\/www.kinderopvanglittlepeople.nl\/","logo":{"@type":"ImageObject","inLanguage":"de","@id":"https:\/\/www.kinderopvanglittlepeople.nl\/#\/schema\/logo\/image\/","url":"https:\/\/www.kinderopvanglittlepeople.nl\/wp-content\/uploads\/logo-klp.svg","contentUrl":"https:\/\/www.kinderopvanglittlepeople.nl\/wp-content\/uploads\/logo-klp.svg","width":1,"height":1,"caption":"Kinderopvang Little People"},"image":{"@id":"https:\/\/www.kinderopvanglittlepeople.nl\/#\/schema\/logo\/image\/"},"sameAs":["https:\/\/www.facebook.com\/KinderopvangLittlePeople"]}]}},"_links":{"self":[{"href":"https:\/\/www.kinderopvanglittlepeople.nl\/de\/wp-json\/wp\/v2\/pages\/55","targetHints":{"allow":["GET"]}}],"collection":[{"href":"https:\/\/www.kinderopvanglittlepeople.nl\/de\/wp-json\/wp\/v2\/pages"}],"about":[{"href":"https:\/\/www.kinderopvanglittlepeople.nl\/de\/wp-json\/wp\/v2\/types\/page"}],"author":[{"embeddable":true,"href":"https:\/\/www.kinderopvanglittlepeople.nl\/de\/wp-json\/wp\/v2\/users\/1"}],"replies":[{"embeddable":true,"href":"https:\/\/www.kinderopvanglittlepeople.nl\/de\/wp-json\/wp\/v2\/comments?post=55"}],"version-history":[{"count":0,"href":"https:\/\/www.kinderopvanglittlepeople.nl\/de\/wp-json\/wp\/v2\/pages\/55\/revisions"}],"wp:attachment":[{"href":"https:\/\/www.kinderopvanglittlepeople.nl\/de\/wp-json\/wp\/v2\/media?parent=55"}],"curies":[{"name":"wp","href":"https:\/\/api.w.org\/{rel}","templated":true}]}}