{"id":236,"date":"2015-07-17T14:10:46","date_gmt":"2015-07-17T13:10:46","guid":{"rendered":"https:\/\/kinderopvanglittlepeople.nl\/?page_id=236"},"modified":"2024-10-24T09:05:02","modified_gmt":"2024-10-24T08:05:02","slug":"tarieven","status":"publish","type":"page","link":"https:\/\/www.kinderopvanglittlepeople.nl\/de\/tarieven\/","title":{"rendered":"Preise"},"content":{"rendered":"<h2 id=\"fancy-title-4\">Tagesbetreuung, au\u00dferschulische Betreuung und vorschulische Einrichtungen<\/h2>\n<p>Weil wir flexibel sein wollen, tun wir unser Bestes, um Ihren Bed\u00fcrfnissen gerecht zu werden. Wir sehen uns die M\u00f6glichkeiten an, besprechen sie und Sie erhalten dann ein darauf basierendes Angebot.<\/p>\nWe bieden diverse soorten contracten. Deze zijn inclusief fruit, drankjes, lunch en soepstengel. Voor de lunch heeft u de keuze voor een broodmaaltijd of, vanaf de leeftijd van 10 maanden, een warme maaltijd.\nAfhankelijk van uw wensen maken we uw persoonlijke contract op.\nOm u een indicatie te geven van onze tarieven kunt u hieronder klikken op de buttons van de betreffende opvang.\n<p>&nbsp;<\/p>\n<p>Damit Sie sich ein Bild von unserer kleinr\u00e4umigen Betreuung machen k\u00f6nnen, laden wir Sie gerne zu einem pers\u00f6nlichen Gespr\u00e4ch ein. Vereinbaren Sie dazu einen unverbindlichen Termin unter 0499-850 352 oder nutzen Sie die <a href=\"https:\/\/www.kinderopvanglittlepeople.nl\/de\/contact\/\">Kontakt-Formular<\/a>.<\/p>\n\t\t\t<a href=\"https:\/\/www.bestkinderopvang.nl\/tarieven#dagopvang\" target=\"_self\" rel=\"noopener\">\n\t\t\t\t\t\t\t<img decoding=\"async\" src=\"https:\/\/www.kinderopvanglittlepeople.nl\/wp-content\/uploads\/2015\/12\/DSC00634.jpg\" alt=\"Aan tafel dagopvang\" \/>\n\t\t<h3>Tagesbetreuung<\/h3>\n\t\t\t<p>Montag bis Freitag bereits ab 05.45 Uhr.<strong>Tarife anzeigen<\/strong><\/p>\t\t\n\t\t<\/a>\n\t\t\t<a href=\"https:\/\/www.bestkinderopvang.nl\/tarieven#Peuterarrangementen\" target=\"_self\" rel=\"noopener\">\n\t\t\t\t\t\t\t<img decoding=\"async\" src=\"https:\/\/www.kinderopvanglittlepeople.nl\/wp-content\/uploads\/2016\/03\/Peuterspeelzaal.10.jpg\" alt=\"Peuterspeelzaal.10\" \/>\n\t\t<h3>Kleinkind-Arrangements<\/h3>\n\t\t\t<p>Montag bis Freitag, vormittags und nachmittags<strong>Tarife anzeigen<\/strong><\/p>\t\t\n\t\t<\/a>\n\t\t\t<a href=\"https:\/\/www.bestkinderopvang.nl\/tarieven#bso\" target=\"_self\" rel=\"noopener\">\n\t\t\t\t\t\t\t<img decoding=\"async\" src=\"https:\/\/www.kinderopvanglittlepeople.nl\/wp-content\/uploads\/2016\/03\/BSO.Wilhelminadorp.11.jpg\" alt=\"BSO.Wilhelminadorp.11\" \/>\n\t\t<h3>BSO<\/h3>\n\t\t\t<p>Montag bis Freitag nach der Schule und in den Schulferien.<strong>Tarife anzeigen<\/strong><\/p>\t\t\n\t\t<\/a>\n<h1>\n\t\tTagesbetreuung\n\t<\/h1>\n\n<h2><strong>Vorl\u00e4ufige Stundens\u00e4tze:<\/strong><\/h2>\n\n<table id=\"tablepress-2\" class=\"tablepress tablepress-id-2\">\n<tbody>\n<tr class=\"row-1\">\n\t<td class=\"column-1\">Strukturelle Pflege<\/td><td class=\"column-2\">10,00 \u20ac pro Kind, pro Stunde inkl. Mahlzeiten. Zum Mittagessen haben Sie die Wahl zwischen einer Brotmahlzeit oder einer warmen Mahlzeit.<\/td>\n<\/tr>\n<tr class=\"row-2\">\n\t<td class=\"column-1\"><\/td><td class=\"column-2\"><\/td>\n<\/tr>\n<\/tbody>\n<\/table>\n<!-- #tablepress-2 from cache -->\n\t<strong>Beantragung von Kinderbetreuungsgeld<\/strong><br \/>\nChildcare Little People ist gesetzlich anerkannt und im nationalen Kinderbetreuungsregister (LRK) eingetragen. Sie k\u00f6nnen also Kinderbetreuungsgeld beantragen. M\u00f6chten Sie mehr Informationen \u00fcber die H\u00f6he der Leistungen? Dann surfen Sie zu <a href=\"https:\/\/www.toeslagen.nl\" target=\"_blank\" rel=\"noopener noreferrer\">www.toeslagen.nl<\/a>\n<h2><strong>Beispiele f\u00fcr die Inanspruchnahme ganzer Tage:<\/strong><\/h2>\n<p>Die Mindestabnahme f\u00fcr einen ganzen Tag betr\u00e4gt 9,5 Stunden. Sie k\u00f6nnen dies jederzeit in Halbstundenschritten verl\u00e4ngern.<\/p>\n\n<table id=\"tablepress-12\" class=\"tablepress tablepress-id-12\">\n<tbody>\n<tr class=\"row-1\">\n\t<td class=\"column-1\">Fr\u00fche Aufnahme*<\/td><td class=\"column-2\">05.45 - 16.00 <\/td>\n<\/tr>\n<tr class=\"row-2\">\n\t<td class=\"column-1\">Normaler Empfang<\/td><td class=\"column-2\">08.00 - 17.30<\/td>\n<\/tr>\n<tr class=\"row-3\">\n\t<td class=\"column-1\">Sp\u00e4te Pflege<\/td><td class=\"column-2\">09:00 - 18:30<\/td>\n<\/tr>\n<tr class=\"row-4\">\n\t<td class=\"column-1\">Langer Empfang<\/td><td class=\"column-2\">07:30 - 18:30<\/td>\n<\/tr>\n<\/tbody>\n<\/table>\n<!-- #tablepress-12 from cache -->\n<p><em>*Die \u00d6ffnungszeiten k\u00f6nnen je nach Standort variieren.<\/em><\/p>\n<h1>\n\t\tKleinkind-Arrangement\n\t<\/h1>\nHieronder treft u de tarieven en contractmogelijkheden aan van onze dienstverlening &#8216;Peuterarrangementen&#8217;.\n<h2><strong>Vorl\u00e4ufige Stundens\u00e4tze:<\/strong><\/h2>\n\n<table id=\"tablepress-10\" class=\"tablepress tablepress-id-10\">\n<tbody>\n<tr class=\"row-1\">\n\t<td class=\"column-1\">Zweiverdiener<\/td><td class=\"column-2\">10,00 \u20ac pro Kind, pro Stunde. Kinderbetreuungsgeld zu beantragen.<\/td>\n<\/tr>\n<tr class=\"row-2\">\n\t<td class=\"column-1\">Alleinerziehend oder Familie mit Alleinverdiener<\/td><td class=\"column-2\">Little People beantragt einen Zuschuss. Der Eigenanteil pro Monat wird pro Haushalt berechnet.<\/td>\n<\/tr>\n<tr class=\"row-3\">\n\t<td class=\"column-1\">VVE-Anzeige<\/td><td class=\"column-2\">Little People beantragt einen Zuschuss. Der Eigenanteil pro Monat wird pro Haushalt berechnet.<\/td>\n<\/tr>\n<\/tbody>\n<\/table>\n<!-- #tablepress-10 from cache -->\n\t<strong>Beantragung des Kinderbetreuungsgeldes und der Vorschuleinrichtungen unter Tage<\/strong><br \/>\nWenn Sie (als Elternteil(e) oder Betreuer(in)) keinen Anspruch auf das Kinderbetreuungsgeld nach dem Kinderbetreuungsgesetz haben, haben Sie m\u00f6glicherweise Anspruch auf einen subventionierten Tarif, wenn Sie an einer Kleinkindbetreuung teilnehmen.<br \/>\nAb dem 1. Januar 2017 zahlen Sie in diesem Fall einen einkommensabh\u00e4ngigen Elternbeitrag an Kinderopvang Little People, \u00e4hnlich dem Kinderbetreuungsgeld des Finanzamts.<br \/>\nDe Gemeente Best betaalt vervolgens aan Kinderopvang Little People de rest van het uurtarief.\nVoor meer informatie kunt u hierover contact opnemen met Kinderopvang Little People of de Gemeente Best. Klik <a href=\"https:\/\/decentrale.regelgeving.overheid.nl\/cvdr\/xhtmloutput\/historie\/Best\/372967\/372967_1.html\" target=\"_blank\" rel=\"noopener noreferrer\">hier<\/a> f\u00fcr vollst\u00e4ndige Informationen.<br \/>\nDar\u00fcber hinaus k\u00f6nnen Sie <a href=\"https:\/\/decentrale.regelgeving.overheid.nl\/cvdr\/xhtmloutput\/historie\/Best\/372967\/372967_1.html\" target=\"_blank\" rel=\"noopener noreferrer\">hier<\/a> Laden Sie das Merkblatt der Gemeinde Best herunter.\n<p>Wenn Sie einen Termin f\u00fcr ein Treffen vereinbaren m\u00f6chten, rufen Sie bitte unter 0499 85 03 52 an oder f\u00fcllen Sie das folgende Formular aus <a href=\"https:\/\/www.kinderopvanglittlepeople.nl\/de\/contact\/\" rel=\"noopener\">hier<\/a> f\u00fcllen Sie unser Kontaktformular aus.<\/p>\n<h1>\n\t\t  Au\u00dferschulische Betreuung (BSO)\n\t<\/h1>\n\tIm Rahmen unserer au\u00dferschulischen Betreuung bieten wir verschiedene Vertragsoptionen an. Diese basieren auf der Anzahl der Betreuungswochen pro Jahr, ohne Ferien.\n<h2><strong>Muster f\u00fcr BSO-Vertr\u00e4ge:<\/strong><\/h2>\n\n<table id=\"tablepress-7\" class=\"tablepress tablepress-id-7\">\n<tbody>\n<tr class=\"row-1\">\n\t<td class=\"column-1\">40-Wochen-Vertrag, nur an Schultagen<\/td><td class=\"column-2\">Zeiten verhandelbar<\/td>\n<\/tr>\n<tr class=\"row-2\">\n\t<td class=\"column-1\">40 Wochen an Schultagen und 6 Wochen Ferienbetreuung       <\/td><td class=\"column-2\">Zeiten verhandelbar<\/td>\n<\/tr>\n<tr class=\"row-3\">\n\t<td class=\"column-1\">40 Wochen an Schultagen und 9 Wochen Ferienbetreuung   <\/td><td class=\"column-2\">Zeiten verhandelbar<\/td>\n<\/tr>\n<tr class=\"row-4\">\n\t<td class=\"column-1\">40 Wochen an Schultagen und 12 Wochen Ferienbetreuung das ganze Jahr hindurch  <\/td><td class=\"column-2\">Zeiten verhandelbar<\/td>\n<\/tr>\n<tr class=\"row-5\">\n\t<td class=\"column-1\">Zus\u00e4tzliche Kinderbetreuung w\u00e4hrend der Studientage     <\/td><td class=\"column-2\">Zeiten verhandelbar<\/td>\n<\/tr>\n<tr class=\"row-6\">\n\t<td class=\"column-1\">Mittwoch- und Freitagnachmittag<\/td><td class=\"column-2\">Ganzj\u00e4hrig nach der Schule verf\u00fcgbar.<\/td>\n<\/tr>\n<\/tbody>\n<\/table>\n<!-- #tablepress-7 from cache -->\n\t<p><strong>Der Preis betr\u00e4gt 9,75 \u20ac pro Stunde. Dies beinhaltet:<\/strong><\/p>\n<ul>\n<li>Von der Schule abholen.<\/li>\n<li>Alle Erfrischungen und Mahlzeiten.<\/li>\n<li>Alle sportlichen und spielerischen Aktivit\u00e4ten<\/li>\n<li>Alle anderen Aktivit\u00e4ten, sofern nicht im Voraus angemeldet<\/li>\n<li>Bei der Ankunft in der BSO erhalten alle Kinder ein Sandwich und Obst.<\/li>\n<li>In de vakantieperiodes eten we in de ochtend fruit en is er een lunch voor alle kinderen. Ook &#8217;s middags eten we nog wat met alle kinderen.<\/li>\n<\/ul>\n<p>Wir sind klein und flexibel und denken gerne mit Ihnen mit. Alles kann in einem Beratungsgespr\u00e4ch besprochen werden.<\/p>\n<p>Wenn Sie Fragen haben, k\u00f6nnen Sie jederzeit <a href=\"https:\/\/www.kinderopvanglittlepeople.nl\/de\/contact\/\">Kontakt<\/a> mit uns.<\/p>\n<strong>Beantragung von Kinderbetreuungsgeld<\/strong><br \/>\nChildcare Little People ist gesetzlich anerkannt und im nationalen Kinderbetreuungsregister (LRK) eingetragen. Sie k\u00f6nnen also Kinderbetreuungsgeld beantragen. M\u00f6chten Sie mehr Informationen \u00fcber die H\u00f6he der Leistungen? Dann surfen Sie zu <a href=\"https:\/\/www.toeslagen.nl\" target=\"_blank\" rel=\"noopener noreferrer\">www.toeslagen.nl<\/a>\n<p>Wenn Sie einen Termin f\u00fcr ein Treffen vereinbaren m\u00f6chten, rufen Sie bitte 0499-850 352 an oder f\u00fcllen Sie unser <a href=\"https:\/\/www.kinderopvanglittlepeople.nl\/de\/contact\/\">Kontakt-Formular <\/a>In.<\/p>\n<h1>\n\t\t\u00dcbersicht der LRK-Nummern\n\t<\/h1>\n\t\n<table id=\"tablepress-11\" class=\"tablepress tablepress-id-11\">\n<tbody>\n<tr class=\"row-1\">\n\t<td class=\"column-1\">Wilhelminadorp<\/td><td class=\"column-2\">Tagesbetreuung<\/td><td class=\"column-3\">Verleunstraat 27, 5684 TT Best<\/td><td class=\"column-4\">937917746<\/td>\n<\/tr>\n<tr class=\"row-2\">\n\t<td class=\"column-1\"><\/td><td class=\"column-2\">Spielgruppe 'T Hummeltje<\/td><td class=\"column-3\">Verleunstraat 29, 5684 TT Best<\/td><td class=\"column-4\">191591294<\/td>\n<\/tr>\n<tr class=\"row-3\">\n\t<td class=\"column-1\"><\/td><td class=\"column-2\">BSO<\/td><td class=\"column-3\">Verleunstraat 29, 5684 TT Best<\/td><td class=\"column-4\">173444398<\/td>\n<\/tr>\n<tr class=\"row-4\">\n\t<td class=\"column-1\">Wildhill<\/td><td class=\"column-2\">Tagesbetreuung <\/td><td class=\"column-3\">Wildheuvel 17-19, 5685 CD Best<\/td><td class=\"column-4\">158472263<\/td>\n<\/tr>\n<tr class=\"row-5\">\n\t<td class=\"column-1\"><\/td><td class=\"column-2\">Spielgruppe Wildheuvel<\/td><td class=\"column-3\">Wildheuvel 17-19, 5685 CD Best<\/td><td class=\"column-4\">177691153<\/td>\n<\/tr>\n<tr class=\"row-6\">\n\t<td class=\"column-1\"><\/td><td class=\"column-2\">BSO<\/td><td class=\"column-3\">Wildheuvel 17-19, 5685 CD Best<\/td><td class=\"column-4\">100657084<\/td>\n<\/tr>\n<tr class=\"row-7\">\n\t<td class=\"column-1\">Naastbest<\/td><td class=\"column-2\">Tagesbetreuung<\/td><td class=\"column-3\">Koningin Emmalaan 27, 5684 BA Best<\/td><td class=\"column-4\">283589942<\/td>\n<\/tr>\n<\/tbody>\n<\/table>\n<!-- #tablepress-11 from cache -->","protected":false},"excerpt":{"rendered":"<p>Dagopvang, Buiten Schoolse Opvang (BSO) en Peuterarrangementen Omdat we flexibel willen zijn, doen we ons best om aan uw wensen tegemoet te komen. We bekijken de mogelijkheden, bespreken die en vervolgens ontvangt u een offerte op basis van deze mogelijkheden. We bieden diverse soorten contracten. Deze zijn inclusief fruit, drankjes, lunch en soepstengel. Voor de&hellip;<\/p>","protected":false},"author":1,"featured_media":11445,"parent":0,"menu_order":0,"comment_status":"closed","ping_status":"closed","template":"","meta":{"footnotes":""},"class_list":["post-236","page","type-page","status-publish","has-post-thumbnail","hentry"],"yoast_head":"<!-- This site is optimized with the Yoast SEO plugin v27.4 - https:\/\/yoast.com\/product\/yoast-seo-wordpress\/ -->\n<title>Tarieven - Kinderopvang Little People<\/title>\n<meta name=\"robots\" content=\"index, follow, max-snippet:-1, max-image-preview:large, max-video-preview:-1\" \/>\n<link rel=\"canonical\" href=\"https:\/\/www.kinderopvanglittlepeople.nl\/de\/tarieven\/\" \/>\n<meta property=\"og:locale\" content=\"de_DE\" \/>\n<meta property=\"og:type\" content=\"article\" \/>\n<meta property=\"og:title\" content=\"Tarieven - Kinderopvang Little People\" \/>\n<meta property=\"og:description\" content=\"Dagopvang, Buiten Schoolse Opvang (BSO) en Peuterarrangementen Omdat we flexibel willen zijn, doen we ons best om aan uw wensen tegemoet te komen. We bekijken de mogelijkheden, bespreken die en vervolgens ontvangt u een offerte op basis van deze mogelijkheden. We bieden diverse soorten contracten. Deze zijn inclusief fruit, drankjes, lunch en soepstengel. Voor de&hellip;\" \/>\n<meta property=\"og:url\" content=\"https:\/\/www.kinderopvanglittlepeople.nl\/de\/tarieven\/\" \/>\n<meta property=\"og:site_name\" content=\"Kinderopvang Little People\" \/>\n<meta property=\"article:publisher\" content=\"https:\/\/www.facebook.com\/KinderopvangLittlePeople\" \/>\n<meta property=\"article:modified_time\" content=\"2024-10-24T08:05:02+00:00\" \/>\n<meta property=\"og:image\" content=\"https:\/\/www.kinderopvanglittlepeople.nl\/wp-content\/uploads\/3_resultaat.webp\" \/>\n\t<meta property=\"og:image:width\" content=\"664\" \/>\n\t<meta property=\"og:image:height\" content=\"384\" \/>\n\t<meta property=\"og:image:type\" content=\"image\/webp\" \/>\n<meta name=\"twitter:label1\" content=\"Gesch\u00e4tzte Lesezeit\" \/>\n\t<meta name=\"twitter:data1\" content=\"4\u00a0Minuten\" \/>\n<script type=\"application\/ld+json\" class=\"yoast-schema-graph\">{\"@context\":\"https:\\\/\\\/schema.org\",\"@graph\":[{\"@type\":\"WebPage\",\"@id\":\"https:\\\/\\\/www.kinderopvanglittlepeople.nl\\\/tarieven\\\/\",\"url\":\"https:\\\/\\\/www.kinderopvanglittlepeople.nl\\\/tarieven\\\/\",\"name\":\"Tarieven - Kinderopvang Little People\",\"isPartOf\":{\"@id\":\"https:\\\/\\\/www.kinderopvanglittlepeople.nl\\\/#website\"},\"primaryImageOfPage\":{\"@id\":\"https:\\\/\\\/www.kinderopvanglittlepeople.nl\\\/tarieven\\\/#primaryimage\"},\"image\":{\"@id\":\"https:\\\/\\\/www.kinderopvanglittlepeople.nl\\\/tarieven\\\/#primaryimage\"},\"thumbnailUrl\":\"https:\\\/\\\/www.kinderopvanglittlepeople.nl\\\/wp-content\\\/uploads\\\/3_resultaat.webp\",\"datePublished\":\"2015-07-17T13:10:46+00:00\",\"dateModified\":\"2024-10-24T08:05:02+00:00\",\"breadcrumb\":{\"@id\":\"https:\\\/\\\/www.kinderopvanglittlepeople.nl\\\/tarieven\\\/#breadcrumb\"},\"inLanguage\":\"de\",\"potentialAction\":[{\"@type\":\"ReadAction\",\"target\":[\"https:\\\/\\\/www.kinderopvanglittlepeople.nl\\\/tarieven\\\/\"]}]},{\"@type\":\"ImageObject\",\"inLanguage\":\"de\",\"@id\":\"https:\\\/\\\/www.kinderopvanglittlepeople.nl\\\/tarieven\\\/#primaryimage\",\"url\":\"https:\\\/\\\/www.kinderopvanglittlepeople.nl\\\/wp-content\\\/uploads\\\/3_resultaat.webp\",\"contentUrl\":\"https:\\\/\\\/www.kinderopvanglittlepeople.nl\\\/wp-content\\\/uploads\\\/3_resultaat.webp\",\"width\":664,\"height\":384},{\"@type\":\"BreadcrumbList\",\"@id\":\"https:\\\/\\\/www.kinderopvanglittlepeople.nl\\\/tarieven\\\/#breadcrumb\",\"itemListElement\":[{\"@type\":\"ListItem\",\"position\":1,\"name\":\"Home\",\"item\":\"https:\\\/\\\/www.kinderopvanglittlepeople.nl\\\/\"},{\"@type\":\"ListItem\",\"position\":2,\"name\":\"Tarieven\"}]},{\"@type\":\"WebSite\",\"@id\":\"https:\\\/\\\/www.kinderopvanglittlepeople.nl\\\/#website\",\"url\":\"https:\\\/\\\/www.kinderopvanglittlepeople.nl\\\/\",\"name\":\"Kinderopvang Little People\",\"description\":\"Een huiselijke sfeer, kleinschalig en v\u00e9\u00e9l persoonlijke aandacht voor ieder kind.\",\"publisher\":{\"@id\":\"https:\\\/\\\/www.kinderopvanglittlepeople.nl\\\/#organization\"},\"alternateName\":\"Een huiselijke sfeer, kleinschalig en v\u00e9\u00e9l persoonlijke aandacht voor ieder kind.\",\"potentialAction\":[{\"@type\":\"SearchAction\",\"target\":{\"@type\":\"EntryPoint\",\"urlTemplate\":\"https:\\\/\\\/www.kinderopvanglittlepeople.nl\\\/?s={search_term_string}\"},\"query-input\":{\"@type\":\"PropertyValueSpecification\",\"valueRequired\":true,\"valueName\":\"search_term_string\"}}],\"inLanguage\":\"de\"},{\"@type\":\"Organization\",\"@id\":\"https:\\\/\\\/www.kinderopvanglittlepeople.nl\\\/#organization\",\"name\":\"Kinderopvang Little People\",\"alternateName\":\"Een huiselijke sfeer, kleinschalig en v\u00e9\u00e9l persoonlijke aandacht voor ieder kind.\",\"url\":\"https:\\\/\\\/www.kinderopvanglittlepeople.nl\\\/\",\"logo\":{\"@type\":\"ImageObject\",\"inLanguage\":\"de\",\"@id\":\"https:\\\/\\\/www.kinderopvanglittlepeople.nl\\\/#\\\/schema\\\/logo\\\/image\\\/\",\"url\":\"https:\\\/\\\/www.kinderopvanglittlepeople.nl\\\/wp-content\\\/uploads\\\/logo-klp.svg\",\"contentUrl\":\"https:\\\/\\\/www.kinderopvanglittlepeople.nl\\\/wp-content\\\/uploads\\\/logo-klp.svg\",\"width\":1,\"height\":1,\"caption\":\"Kinderopvang Little People\"},\"image\":{\"@id\":\"https:\\\/\\\/www.kinderopvanglittlepeople.nl\\\/#\\\/schema\\\/logo\\\/image\\\/\"},\"sameAs\":[\"https:\\\/\\\/www.facebook.com\\\/KinderopvangLittlePeople\"]}]}<\/script>\n<!-- \/ Yoast SEO plugin. -->","yoast_head_json":{"title":"Tarieven - Kinderopvang Little People","robots":{"index":"index","follow":"follow","max-snippet":"max-snippet:-1","max-image-preview":"max-image-preview:large","max-video-preview":"max-video-preview:-1"},"canonical":"https:\/\/www.kinderopvanglittlepeople.nl\/de\/tarieven\/","og_locale":"de_DE","og_type":"article","og_title":"Tarieven - Kinderopvang Little People","og_description":"Dagopvang, Buiten Schoolse Opvang (BSO) en Peuterarrangementen Omdat we flexibel willen zijn, doen we ons best om aan uw wensen tegemoet te komen. We bekijken de mogelijkheden, bespreken die en vervolgens ontvangt u een offerte op basis van deze mogelijkheden. We bieden diverse soorten contracten. Deze zijn inclusief fruit, drankjes, lunch en soepstengel. Voor de&hellip;","og_url":"https:\/\/www.kinderopvanglittlepeople.nl\/de\/tarieven\/","og_site_name":"Kinderopvang Little People","article_publisher":"https:\/\/www.facebook.com\/KinderopvangLittlePeople","article_modified_time":"2024-10-24T08:05:02+00:00","og_image":[{"width":664,"height":384,"url":"https:\/\/www.kinderopvanglittlepeople.nl\/wp-content\/uploads\/3_resultaat.webp","type":"image\/webp"}],"twitter_misc":{"Gesch\u00e4tzte Lesezeit":"4\u00a0Minuten"},"schema":{"@context":"https:\/\/schema.org","@graph":[{"@type":"WebPage","@id":"https:\/\/www.kinderopvanglittlepeople.nl\/tarieven\/","url":"https:\/\/www.kinderopvanglittlepeople.nl\/tarieven\/","name":"Tarieven - Kinderopvang Little People","isPartOf":{"@id":"https:\/\/www.kinderopvanglittlepeople.nl\/#website"},"primaryImageOfPage":{"@id":"https:\/\/www.kinderopvanglittlepeople.nl\/tarieven\/#primaryimage"},"image":{"@id":"https:\/\/www.kinderopvanglittlepeople.nl\/tarieven\/#primaryimage"},"thumbnailUrl":"https:\/\/www.kinderopvanglittlepeople.nl\/wp-content\/uploads\/3_resultaat.webp","datePublished":"2015-07-17T13:10:46+00:00","dateModified":"2024-10-24T08:05:02+00:00","breadcrumb":{"@id":"https:\/\/www.kinderopvanglittlepeople.nl\/tarieven\/#breadcrumb"},"inLanguage":"de","potentialAction":[{"@type":"ReadAction","target":["https:\/\/www.kinderopvanglittlepeople.nl\/tarieven\/"]}]},{"@type":"ImageObject","inLanguage":"de","@id":"https:\/\/www.kinderopvanglittlepeople.nl\/tarieven\/#primaryimage","url":"https:\/\/www.kinderopvanglittlepeople.nl\/wp-content\/uploads\/3_resultaat.webp","contentUrl":"https:\/\/www.kinderopvanglittlepeople.nl\/wp-content\/uploads\/3_resultaat.webp","width":664,"height":384},{"@type":"BreadcrumbList","@id":"https:\/\/www.kinderopvanglittlepeople.nl\/tarieven\/#breadcrumb","itemListElement":[{"@type":"ListItem","position":1,"name":"Home","item":"https:\/\/www.kinderopvanglittlepeople.nl\/"},{"@type":"ListItem","position":2,"name":"Tarieven"}]},{"@type":"WebSite","@id":"https:\/\/www.kinderopvanglittlepeople.nl\/#website","url":"https:\/\/www.kinderopvanglittlepeople.nl\/","name":"Kinderbetreuung Little People","description":"Eine famili\u00e4re Atmosph\u00e4re, ein kleiner Rahmen und viel pers\u00f6nliche Aufmerksamkeit f\u00fcr jedes Kind.","publisher":{"@id":"https:\/\/www.kinderopvanglittlepeople.nl\/#organization"},"alternateName":"Een huiselijke sfeer, kleinschalig en v\u00e9\u00e9l persoonlijke aandacht voor ieder kind.","potentialAction":[{"@type":"SearchAction","target":{"@type":"EntryPoint","urlTemplate":"https:\/\/www.kinderopvanglittlepeople.nl\/?s={search_term_string}"},"query-input":{"@type":"PropertyValueSpecification","valueRequired":true,"valueName":"search_term_string"}}],"inLanguage":"de"},{"@type":"Organization","@id":"https:\/\/www.kinderopvanglittlepeople.nl\/#organization","name":"Kinderbetreuung Little People","alternateName":"Een huiselijke sfeer, kleinschalig en v\u00e9\u00e9l persoonlijke aandacht voor ieder kind.","url":"https:\/\/www.kinderopvanglittlepeople.nl\/","logo":{"@type":"ImageObject","inLanguage":"de","@id":"https:\/\/www.kinderopvanglittlepeople.nl\/#\/schema\/logo\/image\/","url":"https:\/\/www.kinderopvanglittlepeople.nl\/wp-content\/uploads\/logo-klp.svg","contentUrl":"https:\/\/www.kinderopvanglittlepeople.nl\/wp-content\/uploads\/logo-klp.svg","width":1,"height":1,"caption":"Kinderopvang Little People"},"image":{"@id":"https:\/\/www.kinderopvanglittlepeople.nl\/#\/schema\/logo\/image\/"},"sameAs":["https:\/\/www.facebook.com\/KinderopvangLittlePeople"]}]}},"_links":{"self":[{"href":"https:\/\/www.kinderopvanglittlepeople.nl\/de\/wp-json\/wp\/v2\/pages\/236","targetHints":{"allow":["GET"]}}],"collection":[{"href":"https:\/\/www.kinderopvanglittlepeople.nl\/de\/wp-json\/wp\/v2\/pages"}],"about":[{"href":"https:\/\/www.kinderopvanglittlepeople.nl\/de\/wp-json\/wp\/v2\/types\/page"}],"author":[{"embeddable":true,"href":"https:\/\/www.kinderopvanglittlepeople.nl\/de\/wp-json\/wp\/v2\/users\/1"}],"replies":[{"embeddable":true,"href":"https:\/\/www.kinderopvanglittlepeople.nl\/de\/wp-json\/wp\/v2\/comments?post=236"}],"version-history":[{"count":0,"href":"https:\/\/www.kinderopvanglittlepeople.nl\/de\/wp-json\/wp\/v2\/pages\/236\/revisions"}],"wp:featuredmedia":[{"embeddable":true,"href":"https:\/\/www.kinderopvanglittlepeople.nl\/de\/wp-json\/wp\/v2\/media\/11445"}],"wp:attachment":[{"href":"https:\/\/www.kinderopvanglittlepeople.nl\/de\/wp-json\/wp\/v2\/media?parent=236"}],"curies":[{"name":"wp","href":"https:\/\/api.w.org\/{rel}","templated":true}]}}