{"id":1856,"date":"2016-03-16T09:01:35","date_gmt":"2016-03-16T08:01:35","guid":{"rendered":"https:\/\/kinderopvanglittlepeople.nl\/?page_id=1856"},"modified":"2025-05-27T10:05:38","modified_gmt":"2025-05-27T09:05:38","slug":"referenties","status":"publish","type":"page","link":"https:\/\/www.kinderopvanglittlepeople.nl\/de\/referenties\/","title":{"rendered":"Referenzen"},"content":{"rendered":"<h2>\u00a0Kunden sagen<\/h2>\n\t\t\t\t<p><strong>M\u00f6chten Sie eine Referenz schreiben? Wir w\u00fcrden das sehr begr\u00fc\u00dfen!<\/strong><br \/><strong>Sie k\u00f6nnen eine E-Mail senden an: info@kinderopvanglittlepeople.nl.<\/strong><\/p>\n\t\t\t\t\t\t<p>Seit fast drei Jahren nutzen wir die Kinderbetreuung von Little People. Unsere drei Kinder sind am Standort Wildheuvel. Was wirklich f\u00fcr diesen Standort und die Organisation spricht, ist, dass sie sich Zeit f\u00fcr Sie nehmen und mit Ihnen mitdenken. Die Betreuerinnen sind immer gleich freundlich, auch nach einem Tag voller besch\u00e4ftigter Kinder. Da wir mit drei kleinen Kindern oft alle H\u00e4nde voll zu tun haben, begleiten sie uns immer zum Auto, um uns zu helfen und ein wenig zu plaudern. Das ist f\u00fcr uns sehr wertvoll. Die Kinder gehen so gerne in die Kita, sie schlie\u00dfen Freundschaften und wir lernen dadurch auch neue Eltern kennen, mit denen wir uns anfreunden. Ein sch\u00f6ner Ort.\u00a0<\/p>\t\t\t\t\t\n\t\t\t\t\t\t\t<h3 class='uabb-testimonial-author-name testimonial-author-name'>Michelle und Jelle<\/h3>\t\t\t\t\t\t\t\n\t\t\t\t\t\t<p>Mijn dochter gaat nu sinds ruim 4 jaar naar de BSO Next Step van Kinderopvang Little People.Ze kan daar in een <strong>sichere Umgebung<\/strong> rusten van de schoolstress, wordt begrepen en krijgt haar eigen tijd om zich te uiten.Voor mij is het heel erg belangrijk, dat men ook na school snapt hoe mijn dochter in elkaar zit. Er ontstaan fantastische gesprekken met leidsters waardoor je ook als ouder het steuntje in de rug krijgt in moeilijke tijden. Samen (ouders en BSO) wordt ervoor gezorgd, dat iedereen tevreden is en het kind lekker in zijn vel kan blijven. Ik kan te allen tijde terecht voor advies en dat waardeer ik enorm!!!Wij zijn heel erg blij, dat wij kinderopvang Little People hebben gevonden<\/p>\t\t\t\t\t\n\t\t\t\t\t\t\t<h3 class='uabb-testimonial-author-name testimonial-author-name'>Nicole van den Akker<\/h3>\t\t\t\t\t\t\t\n\t\t\t\t\t\t<p>Unsere Erfahrung mit Little People kann als sehr angenehm bezeichnet werden. Unsere Tochter geht gerne dorthin. Es wirkt klein und \u00fcberschaubar <strong>viel Aufmerksamkeit f\u00fcr die Kinder<\/strong>. Wir finden, dass unsere Tochter in der Kinderbetreuung viel lernt. Manchmal merkt man, dass sie neue T\u00e4nze und Lieder kennt, wenn sie nach Hause kommt. Obwohl sie dort gut schl\u00e4ft, kommt sie manchmal m\u00fcde, aber erf\u00fcllt nach Hause. Sch\u00f6n zu spielen ist auch anstrengend.<\/p>\t\t\t\t\t\n\t\t\t\t\t\t\t<h3 class='uabb-testimonial-author-name testimonial-author-name'>Stefan und Moniek van den Eijnden<\/h3>\t\t\t\t\t\t\t\n\t\t\t\t\t\t<p>Unsere Kinder besuchen die Little People's BSO seit Anfang September 2015. Vom ersten Moment an hatten wir ein gutes Gef\u00fchl bei dieser Organisation. Der Unterschied zwischen Little People und anderen (gr\u00f6\u00dferen) Kinderbetreuungsorganisationen besteht darin, dass man bei Little People noch wirklich mitdenkt und gemeinsam nach einer L\u00f6sung sucht. <strong>Sie denken nicht von den Regeln her, sondern vom Standpunkt des Kindes\/Klienten aus<\/strong>: &#8216;wat is de beste oplossing voor dit kind&#8217;. Daarom wil ik Little People aan iedereen aanbevelen!<\/p>\t\t\t\t\t\n\t\t\t\t\t\t\t<h3 class='uabb-testimonial-author-name testimonial-author-name'>Jo\u00eblle<\/h3>\t\t\t\t\t\t\t\n\t\t\t\t\t\t<p>Unser Sohn Jelmer besuchte Little People's BSO zu Beginn des Kinderzentrums in der Verleunstraat (Br!cks-Grundschule). Er war zu diesem Zeitpunkt 4 Jahre alt. Er hat sich schnell daran gew\u00f6hnt und ging mit <strong>Menge Freude<\/strong> dort. In den Schulferien ging er auch in die Ferienbetreuung. Die Gruppen sind nicht allzu gro\u00df, es gibt <strong>lustige Aktivit\u00e4ten<\/strong> aangeboden en er wordt ook echt gekeken wat een kind leuk vindt om te doen. Zo ging een van de leiders mee met een groepje oudere kinderen om Pok\u00e9mons te vangen buiten toen dit een rage was. Ook gingen ze buiten jachtseizoen spelen; een populair spel met boeven en politie die elkaar moeten zoeken. Verstoppertje spelen door het lege schoolgebouw was ook een hoogtepunt.Als ouders zijn we tevreden. Als er iets is, kun je dat bespreken en er <strong>ist<\/strong> auch <strong>suchte nach einer L\u00f6sung<\/strong>. De kinderen kunnen ook hun zegje doen over de gang van zaken en worden dan serieus genomen.Onze zoon zit nu in groep 8 en heeft afscheid genomen bij de BSO; weer een nieuwe fase.<\/p>\t\t\t\t\t\n\t\t\t\t\t\t\t<h3 class='uabb-testimonial-author-name testimonial-author-name'>Hermine van den Dool<\/h3>\t\t\t\t\t\t\t\n\t\t\t\t\t\t<p>Die Kinderbetreuung Little People macht uns Spa\u00df, denn sie ist <strong>Nachdenklich<\/strong>, <strong>Professionell<\/strong>, <strong>Aufgeschlossen<\/strong> und <strong>Kundenorientiert<\/strong> sind.<br \/>Dat merk je bijvoorbeeld door het meedenken in oplossingen voor opvang in een heel kort tijdsbestek. Ik belde, als voorbeeld, op een vrijdag op dat ik na het weekend een baan zou hebben. Debbie zoekt meteen oplossingen voor de VSO op die maandag al. Binnen een halve dag was alles geregeld! Top!De manier waarop onze dochter is opgevangen, ook op jongere leeftijd, waarbij ze door de professionele benadering van de leidsters en de zorgzaamheid en aandacht het afwachtende heeft omgezet in het vertrouwen in zichzelf, vinden wij heel positief.Wij als ouders van een dochter van inmiddels 10 jaar willen Little People wel bij iedereen aanbevelen!<\/p>\t\t\t\t\t\n\t\t\t\t\t\t\t<h3 class='uabb-testimonial-author-name testimonial-author-name'>Mirjam Sanders<\/h3>\t\t\t\t\t\t\t\n\t\t\t\t\t\t<p>Wij zijn al jaren enorm tevreden over kinderopvang Little People.Vanaf dat onze dochter twee jaar en drie maanden oud was, is zij met 2 dagdelen begonnen op de peuterspeelzaal, later kwam daar op woensdagochtend de drie plus groep bij.\u00a0Onze dochter heeft het daar erg naar haar zin gehad, alsook veel geleerd!\u00a0Vanaf het moment dat zij naar de basisschool ging, is zij ook 2 middagen in de week naar de BSO gegaan.De lijntjes zijn kort met zowel de personeelsleden op kantoor, alsook op de groep. Mocht iets uitgebreider besproken moeten worden, kon dat altijd telefonisch of werd er &#8217;n fysieke afspraak gemaakt.\u00a0De daar gemaakte afspraken, werden dan ook weer ge\u00ebvalueerd.Wanneer je als ouder(s) actief bent in het zoeken naar oplossingen, dan denkt Little People daar graag in mee!\u00a0Kortom, wij zijn blij dat wij jaren geleden voor Little People hebben gekozen!!<\/p>\t\t\t\t\t\n\t\t\t\t\t\t\t<h3 class='uabb-testimonial-author-name testimonial-author-name'>Anonym<\/h3>\t\t\t\t\t\t\t\n\t\t\t\t\t\t<p>Unsere S\u00f6hne Sam und Tim sind seit ihrem dritten Lebensmonat bei Little People in der Kinderbetreuung: zuerst in der Bienenheide, bei Debbie zu Hause. Sp\u00e4ter dann in der Einrichtung auf dem Wildheuvel. Derzeit besuchen sie die BSO an zwei Tagen in der Woche. Beide Jungs sind schon immer gerne in die Kita gegangen, sie f\u00fchlen sich dort sehr wohl und Debbie hat einen besonderen Platz in ihren Herzen eingenommen.<\/p>\t\t\t\t\t\n\t\t\t\t\t\t\t<h3 class='uabb-testimonial-author-name testimonial-author-name'>Nicole van Gastel:<\/h3>\t\t\t\t\t\t\t\n\t\t\t\t\t\t<p>Ich bin sehr zufrieden damit, wie die Dinge bei BSO Little People laufen. Die Leiter sind <strong>sehr f\u00fcrsorglich, klar, lieb, verst\u00e4ndnisvoll, ehrlich und sehr engagiert<\/strong> bij de kinderen.Onze kinderen kunnen zichzelf zijn en de leidsters bieden hen een warm welkom. Nemen de tijd voor een praatje en laten voelen dat ze altijd naar hun toe kunnen komen met vragen of problemen.De leidsters communiceren heel goed met ons als ouders en school, zodat wij allemaal op \u00e9\u00e9n lijn kunnen werken. Ze ondernemen stappen als dit nodig is en geven ons een veilig en geborgen gevoel wanneer wij de kinderen op komen halen. Wij voelen ons erg betrokken bij Little People en zijn heel blij met hun komst op Br!cks.<\/p>\t\t\t\t\t\n\t\t\t\t\t\t\t<h3 class='uabb-testimonial-author-name testimonial-author-name'>Margo van de Wal<\/h3>\t\t\t\t\t\t\t\n\t\t\t\t\t\t<p>Wenn Sie auf der Suche nach <strong>ein flexibler und geselliger Empfang<\/strong> voor uw kinderen, bent u hier helemaal aan het juiste adres! Wij werken beiden in de zorg en moeten daarom weleens een extra beroep doen op de opvang (buiten onze vaste dagen). Dit is nog nooit een probleem geweest, er wordt altijd een mouw aangepast. Dat is zo ongelofelijk prettig. Daarnaast gaan onze kinderen er met plezier naar toe, zodat je als ouder altijd met een gerust hart naar het werk gaat.&#8221;<\/p>\t\t\t\t\t\n\t\t\t\t\t\t\t<h3 class='uabb-testimonial-author-name testimonial-author-name'>Muriel-T\u00fcren<\/h3>","protected":false},"excerpt":{"rendered":"<p>\u00a0Cli\u00ebnten vertellen Wilt u een referentie schrijven? Dat stellen wij zeer op prijs!U kunt een mail sturen naar: info@kinderopvanglittlepeople.nl. Al bijna drie jaar maken wij gebruik van de opvang die Little People aanbiedt. Onze drie kinderen zitten op de locatie Wildheuvel. Wat echt voor deze locatie en voor de organisatie spreekt, is dat ze de&hellip;<\/p>","protected":false},"author":4,"featured_media":11512,"parent":0,"menu_order":0,"comment_status":"closed","ping_status":"closed","template":"","meta":{"footnotes":""},"class_list":["post-1856","page","type-page","status-publish","has-post-thumbnail","hentry"],"yoast_head":"<!-- This site is optimized with the Yoast SEO plugin v27.4 - https:\/\/yoast.com\/product\/yoast-seo-wordpress\/ -->\n<title>Referenties - Kinderopvang Little People<\/title>\n<meta name=\"robots\" content=\"index, follow, max-snippet:-1, max-image-preview:large, max-video-preview:-1\" \/>\n<link rel=\"canonical\" href=\"https:\/\/www.kinderopvanglittlepeople.nl\/de\/referenties\/\" \/>\n<meta property=\"og:locale\" content=\"de_DE\" \/>\n<meta property=\"og:type\" content=\"article\" \/>\n<meta property=\"og:title\" content=\"Referenties - Kinderopvang Little People\" \/>\n<meta property=\"og:description\" content=\"\u00a0Cli\u00ebnten vertellen Wilt u een referentie schrijven? Dat stellen wij zeer op prijs!U kunt een mail sturen naar: info@kinderopvanglittlepeople.nl. Al bijna drie jaar maken wij gebruik van de opvang die Little People aanbiedt. Onze drie kinderen zitten op de locatie Wildheuvel. Wat echt voor deze locatie en voor de organisatie spreekt, is dat ze de&hellip;\" \/>\n<meta property=\"og:url\" content=\"https:\/\/www.kinderopvanglittlepeople.nl\/de\/referenties\/\" \/>\n<meta property=\"og:site_name\" content=\"Kinderopvang Little People\" \/>\n<meta property=\"article:publisher\" content=\"https:\/\/www.facebook.com\/KinderopvangLittlePeople\" \/>\n<meta property=\"article:modified_time\" content=\"2025-05-27T09:05:38+00:00\" \/>\n<meta property=\"og:image\" content=\"https:\/\/www.kinderopvanglittlepeople.nl\/wp-content\/uploads\/aanmelden_resultaat.webp\" \/>\n\t<meta property=\"og:image:width\" content=\"664\" \/>\n\t<meta property=\"og:image:height\" content=\"384\" \/>\n\t<meta property=\"og:image:type\" content=\"image\/webp\" \/>\n<meta name=\"twitter:label1\" content=\"Gesch\u00e4tzte Lesezeit\" \/>\n\t<meta name=\"twitter:data1\" content=\"6\u00a0Minuten\" \/>\n<script type=\"application\/ld+json\" class=\"yoast-schema-graph\">{\"@context\":\"https:\\\/\\\/schema.org\",\"@graph\":[{\"@type\":\"WebPage\",\"@id\":\"https:\\\/\\\/www.kinderopvanglittlepeople.nl\\\/referenties\\\/\",\"url\":\"https:\\\/\\\/www.kinderopvanglittlepeople.nl\\\/referenties\\\/\",\"name\":\"Referenties - Kinderopvang Little People\",\"isPartOf\":{\"@id\":\"https:\\\/\\\/www.kinderopvanglittlepeople.nl\\\/#website\"},\"primaryImageOfPage\":{\"@id\":\"https:\\\/\\\/www.kinderopvanglittlepeople.nl\\\/referenties\\\/#primaryimage\"},\"image\":{\"@id\":\"https:\\\/\\\/www.kinderopvanglittlepeople.nl\\\/referenties\\\/#primaryimage\"},\"thumbnailUrl\":\"https:\\\/\\\/www.kinderopvanglittlepeople.nl\\\/wp-content\\\/uploads\\\/aanmelden_resultaat.webp\",\"datePublished\":\"2016-03-16T08:01:35+00:00\",\"dateModified\":\"2025-05-27T09:05:38+00:00\",\"breadcrumb\":{\"@id\":\"https:\\\/\\\/www.kinderopvanglittlepeople.nl\\\/referenties\\\/#breadcrumb\"},\"inLanguage\":\"de\",\"potentialAction\":[{\"@type\":\"ReadAction\",\"target\":[\"https:\\\/\\\/www.kinderopvanglittlepeople.nl\\\/referenties\\\/\"]}]},{\"@type\":\"ImageObject\",\"inLanguage\":\"de\",\"@id\":\"https:\\\/\\\/www.kinderopvanglittlepeople.nl\\\/referenties\\\/#primaryimage\",\"url\":\"https:\\\/\\\/www.kinderopvanglittlepeople.nl\\\/wp-content\\\/uploads\\\/aanmelden_resultaat.webp\",\"contentUrl\":\"https:\\\/\\\/www.kinderopvanglittlepeople.nl\\\/wp-content\\\/uploads\\\/aanmelden_resultaat.webp\",\"width\":664,\"height\":384},{\"@type\":\"BreadcrumbList\",\"@id\":\"https:\\\/\\\/www.kinderopvanglittlepeople.nl\\\/referenties\\\/#breadcrumb\",\"itemListElement\":[{\"@type\":\"ListItem\",\"position\":1,\"name\":\"Home\",\"item\":\"https:\\\/\\\/www.kinderopvanglittlepeople.nl\\\/\"},{\"@type\":\"ListItem\",\"position\":2,\"name\":\"Referenties\"}]},{\"@type\":\"WebSite\",\"@id\":\"https:\\\/\\\/www.kinderopvanglittlepeople.nl\\\/#website\",\"url\":\"https:\\\/\\\/www.kinderopvanglittlepeople.nl\\\/\",\"name\":\"Kinderopvang Little People\",\"description\":\"Een huiselijke sfeer, kleinschalig en v\u00e9\u00e9l persoonlijke aandacht voor ieder kind.\",\"publisher\":{\"@id\":\"https:\\\/\\\/www.kinderopvanglittlepeople.nl\\\/#organization\"},\"alternateName\":\"Een huiselijke sfeer, kleinschalig en v\u00e9\u00e9l persoonlijke aandacht voor ieder kind.\",\"potentialAction\":[{\"@type\":\"SearchAction\",\"target\":{\"@type\":\"EntryPoint\",\"urlTemplate\":\"https:\\\/\\\/www.kinderopvanglittlepeople.nl\\\/?s={search_term_string}\"},\"query-input\":{\"@type\":\"PropertyValueSpecification\",\"valueRequired\":true,\"valueName\":\"search_term_string\"}}],\"inLanguage\":\"de\"},{\"@type\":\"Organization\",\"@id\":\"https:\\\/\\\/www.kinderopvanglittlepeople.nl\\\/#organization\",\"name\":\"Kinderopvang Little People\",\"alternateName\":\"Een huiselijke sfeer, kleinschalig en v\u00e9\u00e9l persoonlijke aandacht voor ieder kind.\",\"url\":\"https:\\\/\\\/www.kinderopvanglittlepeople.nl\\\/\",\"logo\":{\"@type\":\"ImageObject\",\"inLanguage\":\"de\",\"@id\":\"https:\\\/\\\/www.kinderopvanglittlepeople.nl\\\/#\\\/schema\\\/logo\\\/image\\\/\",\"url\":\"https:\\\/\\\/www.kinderopvanglittlepeople.nl\\\/wp-content\\\/uploads\\\/logo-klp.svg\",\"contentUrl\":\"https:\\\/\\\/www.kinderopvanglittlepeople.nl\\\/wp-content\\\/uploads\\\/logo-klp.svg\",\"width\":1,\"height\":1,\"caption\":\"Kinderopvang Little People\"},\"image\":{\"@id\":\"https:\\\/\\\/www.kinderopvanglittlepeople.nl\\\/#\\\/schema\\\/logo\\\/image\\\/\"},\"sameAs\":[\"https:\\\/\\\/www.facebook.com\\\/KinderopvangLittlePeople\"]}]}<\/script>\n<!-- \/ Yoast SEO plugin. -->","yoast_head_json":{"title":"Referenties - Kinderopvang Little People","robots":{"index":"index","follow":"follow","max-snippet":"max-snippet:-1","max-image-preview":"max-image-preview:large","max-video-preview":"max-video-preview:-1"},"canonical":"https:\/\/www.kinderopvanglittlepeople.nl\/de\/referenties\/","og_locale":"de_DE","og_type":"article","og_title":"Referenties - Kinderopvang Little People","og_description":"\u00a0Cli\u00ebnten vertellen Wilt u een referentie schrijven? Dat stellen wij zeer op prijs!U kunt een mail sturen naar: info@kinderopvanglittlepeople.nl. Al bijna drie jaar maken wij gebruik van de opvang die Little People aanbiedt. Onze drie kinderen zitten op de locatie Wildheuvel. Wat echt voor deze locatie en voor de organisatie spreekt, is dat ze de&hellip;","og_url":"https:\/\/www.kinderopvanglittlepeople.nl\/de\/referenties\/","og_site_name":"Kinderopvang Little People","article_publisher":"https:\/\/www.facebook.com\/KinderopvangLittlePeople","article_modified_time":"2025-05-27T09:05:38+00:00","og_image":[{"width":664,"height":384,"url":"https:\/\/www.kinderopvanglittlepeople.nl\/wp-content\/uploads\/aanmelden_resultaat.webp","type":"image\/webp"}],"twitter_misc":{"Gesch\u00e4tzte Lesezeit":"6\u00a0Minuten"},"schema":{"@context":"https:\/\/schema.org","@graph":[{"@type":"WebPage","@id":"https:\/\/www.kinderopvanglittlepeople.nl\/referenties\/","url":"https:\/\/www.kinderopvanglittlepeople.nl\/referenties\/","name":"Referenties - Kinderopvang Little People","isPartOf":{"@id":"https:\/\/www.kinderopvanglittlepeople.nl\/#website"},"primaryImageOfPage":{"@id":"https:\/\/www.kinderopvanglittlepeople.nl\/referenties\/#primaryimage"},"image":{"@id":"https:\/\/www.kinderopvanglittlepeople.nl\/referenties\/#primaryimage"},"thumbnailUrl":"https:\/\/www.kinderopvanglittlepeople.nl\/wp-content\/uploads\/aanmelden_resultaat.webp","datePublished":"2016-03-16T08:01:35+00:00","dateModified":"2025-05-27T09:05:38+00:00","breadcrumb":{"@id":"https:\/\/www.kinderopvanglittlepeople.nl\/referenties\/#breadcrumb"},"inLanguage":"de","potentialAction":[{"@type":"ReadAction","target":["https:\/\/www.kinderopvanglittlepeople.nl\/referenties\/"]}]},{"@type":"ImageObject","inLanguage":"de","@id":"https:\/\/www.kinderopvanglittlepeople.nl\/referenties\/#primaryimage","url":"https:\/\/www.kinderopvanglittlepeople.nl\/wp-content\/uploads\/aanmelden_resultaat.webp","contentUrl":"https:\/\/www.kinderopvanglittlepeople.nl\/wp-content\/uploads\/aanmelden_resultaat.webp","width":664,"height":384},{"@type":"BreadcrumbList","@id":"https:\/\/www.kinderopvanglittlepeople.nl\/referenties\/#breadcrumb","itemListElement":[{"@type":"ListItem","position":1,"name":"Home","item":"https:\/\/www.kinderopvanglittlepeople.nl\/"},{"@type":"ListItem","position":2,"name":"Referenties"}]},{"@type":"WebSite","@id":"https:\/\/www.kinderopvanglittlepeople.nl\/#website","url":"https:\/\/www.kinderopvanglittlepeople.nl\/","name":"Kinderbetreuung Little People","description":"Eine famili\u00e4re Atmosph\u00e4re, ein kleiner Rahmen und viel pers\u00f6nliche Aufmerksamkeit f\u00fcr jedes Kind.","publisher":{"@id":"https:\/\/www.kinderopvanglittlepeople.nl\/#organization"},"alternateName":"Een huiselijke sfeer, kleinschalig en v\u00e9\u00e9l persoonlijke aandacht voor ieder kind.","potentialAction":[{"@type":"SearchAction","target":{"@type":"EntryPoint","urlTemplate":"https:\/\/www.kinderopvanglittlepeople.nl\/?s={search_term_string}"},"query-input":{"@type":"PropertyValueSpecification","valueRequired":true,"valueName":"search_term_string"}}],"inLanguage":"de"},{"@type":"Organization","@id":"https:\/\/www.kinderopvanglittlepeople.nl\/#organization","name":"Kinderbetreuung Little People","alternateName":"Een huiselijke sfeer, kleinschalig en v\u00e9\u00e9l persoonlijke aandacht voor ieder kind.","url":"https:\/\/www.kinderopvanglittlepeople.nl\/","logo":{"@type":"ImageObject","inLanguage":"de","@id":"https:\/\/www.kinderopvanglittlepeople.nl\/#\/schema\/logo\/image\/","url":"https:\/\/www.kinderopvanglittlepeople.nl\/wp-content\/uploads\/logo-klp.svg","contentUrl":"https:\/\/www.kinderopvanglittlepeople.nl\/wp-content\/uploads\/logo-klp.svg","width":1,"height":1,"caption":"Kinderopvang Little People"},"image":{"@id":"https:\/\/www.kinderopvanglittlepeople.nl\/#\/schema\/logo\/image\/"},"sameAs":["https:\/\/www.facebook.com\/KinderopvangLittlePeople"]}]}},"_links":{"self":[{"href":"https:\/\/www.kinderopvanglittlepeople.nl\/de\/wp-json\/wp\/v2\/pages\/1856","targetHints":{"allow":["GET"]}}],"collection":[{"href":"https:\/\/www.kinderopvanglittlepeople.nl\/de\/wp-json\/wp\/v2\/pages"}],"about":[{"href":"https:\/\/www.kinderopvanglittlepeople.nl\/de\/wp-json\/wp\/v2\/types\/page"}],"author":[{"embeddable":true,"href":"https:\/\/www.kinderopvanglittlepeople.nl\/de\/wp-json\/wp\/v2\/users\/4"}],"replies":[{"embeddable":true,"href":"https:\/\/www.kinderopvanglittlepeople.nl\/de\/wp-json\/wp\/v2\/comments?post=1856"}],"version-history":[{"count":0,"href":"https:\/\/www.kinderopvanglittlepeople.nl\/de\/wp-json\/wp\/v2\/pages\/1856\/revisions"}],"wp:featuredmedia":[{"embeddable":true,"href":"https:\/\/www.kinderopvanglittlepeople.nl\/de\/wp-json\/wp\/v2\/media\/11512"}],"wp:attachment":[{"href":"https:\/\/www.kinderopvanglittlepeople.nl\/de\/wp-json\/wp\/v2\/media?parent=1856"}],"curies":[{"name":"wp","href":"https:\/\/api.w.org\/{rel}","templated":true}]}}