{"id":147,"date":"2015-07-10T15:25:43","date_gmt":"2015-07-10T14:25:43","guid":{"rendered":"https:\/\/kinderopvanglittlepeople.nl\/?page_id=147"},"modified":"2026-04-22T08:33:02","modified_gmt":"2026-04-22T07:33:02","slug":"ouder-commissie","status":"publish","type":"page","link":"https:\/\/www.kinderopvanglittlepeople.nl\/de\/ouder-commissie\/","title":{"rendered":"Elternausschuss"},"content":{"rendered":"<ul id=\"menu-beleidsinformatie\"><li id=\"menu-item-141\"><a href=\"https:\/\/www.kinderopvanglittlepeople.nl\/de\/beleidsinformatie\/\">Informationen zur Politik<\/a><\/li>\n<li id=\"menu-item-139\"><a href=\"https:\/\/www.kinderopvanglittlepeople.nl\/de\/kwaliteitsbeleid\/\">Qualit\u00e4tspolitik<\/a><\/li>\n<li id=\"menu-item-1074\"><a href=\"https:\/\/www.kinderopvanglittlepeople.nl\/de\/pedagogisch-beleid\/\">P\u00e4dagogische Politik<\/a><\/li>\n<li id=\"menu-item-142\"><a href=\"https:\/\/www.kinderopvanglittlepeople.nl\/de\/beleidsinformatie\/klachtenprocedure\/\">Beschwerdeverfahren<\/a><\/li>\n<li id=\"menu-item-150\"><a href=\"https:\/\/www.kinderopvanglittlepeople.nl\/de\/ouder-commissie\/\">Elternausschuss<\/a><\/li>\n<\/ul>\t\n\t<h3><strong>Warum ein Elternausschuss?<\/strong><\/h3>\n<p>Der Zweck eines Elternausschusses ist es, die Qualit\u00e4t der Betreuung in Zusammenarbeit mit der Organisation zu erhalten und zu verbessern. Dies in Zusammenarbeit mit Little People. Das Elternkomitee h\u00e4lt also den Kontakt zu den Eltern, der Einrichtung und dem GGD aufrecht. Das Elternkomitee kann auch eine Rolle bei der Kommunikation mit den Eltern spielen.<\/p>\n<p>Dank des im Kinderbetreuungsgesetz verankerten Mitwirkungsrechts (Beratungsrecht) des Elternbeirats hat der Elternbeirat ein Mitspracherecht und damit Einfluss auf verschiedene Aspekte der Kinderbetreuung.<\/p>\n<p>Der Elternausschuss hat das Recht, (unaufgefordert) zu beraten:<\/p>\n<ul>\n<li>die Umsetzung der Qualit\u00e4tspolitik, insbesondere der p\u00e4dagogischen Politik;<\/li>\n<li>allgemeine Ma\u00dfnahmen in den Bereichen Ern\u00e4hrung, Bildung, Sicherheit und Gesundheit;<\/li>\n<li>\u00d6ffnungszeit;<\/li>\n<li>Politik im Bereich der Vorschulerziehung;<\/li>\n<li>die Annahme und \u00c4nderung des Beschwerdeverfahrens;<\/li>\n<li>Der Preis der Kinderbetreuung.<\/li>\n<\/ul>\n<h3><strong>Wer geh\u00f6rt dem Elternausschuss an?<\/strong><\/h3>\n<p>Dem Elternausschuss geh\u00f6ren Eltern von Kindern an, die an verschiedenen Standorten von Little People unterschiedliche Betreuungsformen in Anspruch nehmen, wie z.B. Krippe, Hort und Vorschularbeit. Die Eltern vertreten alle Eltern der Kinder, die an den verschiedenen Standorten betreut werden.<\/p>\n<p>Jedes Elternteil, dessen Kind Little People besucht, kann im Namen des jeweiligen Standortes im Elternausschuss mitarbeiten. Bei der Zusammensetzung des Elternbeirats wird auf eine m\u00f6glichst proportionale Vertretung der verschiedenen Gruppen an der Rezeption geachtet.<\/p>\n<p>Der Elternausschuss trifft sich mindestens viermal im Jahr und bespricht aktuelle Themen und Anliegen der Eltern. Er ber\u00e4t auch die von der Leitung der Little People angesprochenen Punkte. Au\u00dferdem hilft der Elternausschuss bei der Organisation einer Reihe von gemeinsamen Aktivit\u00e4ten und Thementreffen.<\/p>\n<p>Wenn Sie Fragen an den Elternausschuss haben oder an einer Mitarbeit interessiert sind, rufen Sie uns bitte an.<\/p>\n<h3><strong>Sie k\u00f6nnen auch mitdenken!<\/strong><\/h3>\n<p>Wie. Der Elternausschuss trifft sich regelm\u00e4\u00dfig, oft zusammen mit einer Delegation von Childcare Little People. Wir w\u00fcrden uns freuen, wenn Sie an einem unserer Treffen teilnehmen w\u00fcrden. Dann k\u00f6nnen Sie mit uns \u00fcber Themen diskutieren, die f\u00fcr Ihr Kind und f\u00fcr Sie wichtig sind! Die Traktandenliste kann im Voraus angefordert werden. Sollten Sie ein Thema vermissen, k\u00f6nnen Sie uns dies gerne mitteilen. Wir wissen das sehr zu sch\u00e4tzen! Von jeder Sitzung wird auch ein Protokoll angefertigt. Sie k\u00f6nnen diese jederzeit anfordern.<\/p>\n<p>Wenn Sie Fragen, Kommentare und Ideen haben oder sich f\u00fcr ein Treffen anmelden m\u00f6chten, k\u00f6nnen Sie jederzeit bei einem unserer Mitarbeiter in der Gruppe vorbeikommen oder uns anrufen.<\/p>\n<h3><strong>Neues vom Elternausschuss<\/strong><\/h3>\n<p>Der private Teil der Website enth\u00e4lt weitere Informationen des Elternausschusses, darunter Protokolle und den Jahresbericht. Diese Informationen sind auch an den Empfangsstellen erh\u00e4ltlich.<\/p>\n<p><strong>Hier herunterladen:<\/strong><\/p>\n<p><a href=\"https:\/\/www.kinderopvanglittlepeople.nl\/wp-content\/uploads\/Reglement_oudercommissie_2023_09_13.pdf\" target=\"_blank\" rel=\"noopener noreferrer\">Reglement des Elternausschusses<\/a><\/p>\n<p><a href=\"https:\/\/www.kinderopvanglittlepeople.nl\/wp-content\/uploads\/Huisreglement-2026jan.pdf\">Hausordnung<\/a><\/p>\n<h2>\n\t\t\tElternausschuss\t<\/h2>","protected":false},"excerpt":{"rendered":"<p>Beleidsinformatie Kwaliteitsbeleid Pedagogisch Beleid Klachtenprocedure Oudercommissie Waarom een oudercommissie? Het doel van een oudercommissie is om in samenwerking met de organisatie de kwaliteit van de opvang te behouden en verbeteren. Dit in samenwerking met Little People. De oudercommissie onderhoudt daarom contact met de ouders, de organisatie en de GGD. Tevens kan de oudercommissie een rol&hellip;<\/p>","protected":false},"author":1,"featured_media":11444,"parent":0,"menu_order":0,"comment_status":"closed","ping_status":"closed","template":"","meta":{"footnotes":""},"class_list":["post-147","page","type-page","status-publish","has-post-thumbnail","hentry"],"yoast_head":"<!-- This site is optimized with the Yoast SEO plugin v27.4 - https:\/\/yoast.com\/product\/yoast-seo-wordpress\/ -->\n<title>Oudercommissie - Kinderopvang Little People<\/title>\n<meta name=\"description\" content=\"Het doel van een oudercommissie is om in samenwerking met de organisatie de kwaliteit van de opvang te behouden en verbeteren. Dit in samenwerking met Little People.\" \/>\n<meta name=\"robots\" content=\"index, follow, max-snippet:-1, max-image-preview:large, max-video-preview:-1\" \/>\n<link rel=\"canonical\" href=\"https:\/\/www.kinderopvanglittlepeople.nl\/de\/ouder-commissie\/\" \/>\n<meta property=\"og:locale\" content=\"de_DE\" \/>\n<meta property=\"og:type\" content=\"article\" \/>\n<meta property=\"og:title\" content=\"Oudercommissie - Kinderopvang Little People\" \/>\n<meta property=\"og:description\" content=\"Het doel van een oudercommissie is om in samenwerking met de organisatie de kwaliteit van de opvang te behouden en verbeteren. Dit in samenwerking met Little People.\" \/>\n<meta property=\"og:url\" content=\"https:\/\/www.kinderopvanglittlepeople.nl\/de\/ouder-commissie\/\" \/>\n<meta property=\"og:site_name\" content=\"Kinderopvang Little People\" \/>\n<meta property=\"article:publisher\" content=\"https:\/\/www.facebook.com\/KinderopvangLittlePeople\" \/>\n<meta property=\"article:modified_time\" content=\"2026-04-22T07:33:02+00:00\" \/>\n<meta property=\"og:image\" content=\"https:\/\/www.kinderopvanglittlepeople.nl\/wp-content\/uploads\/2_resultaat.webp\" \/>\n\t<meta property=\"og:image:width\" content=\"664\" \/>\n\t<meta property=\"og:image:height\" content=\"384\" \/>\n\t<meta property=\"og:image:type\" content=\"image\/webp\" \/>\n<meta name=\"twitter:label1\" content=\"Gesch\u00e4tzte Lesezeit\" \/>\n\t<meta name=\"twitter:data1\" content=\"2\u00a0Minuten\" \/>\n<script type=\"application\/ld+json\" class=\"yoast-schema-graph\">{\"@context\":\"https:\\\/\\\/schema.org\",\"@graph\":[{\"@type\":\"WebPage\",\"@id\":\"https:\\\/\\\/www.kinderopvanglittlepeople.nl\\\/ouder-commissie\\\/\",\"url\":\"https:\\\/\\\/www.kinderopvanglittlepeople.nl\\\/ouder-commissie\\\/\",\"name\":\"Oudercommissie - Kinderopvang Little People\",\"isPartOf\":{\"@id\":\"https:\\\/\\\/www.kinderopvanglittlepeople.nl\\\/#website\"},\"primaryImageOfPage\":{\"@id\":\"https:\\\/\\\/www.kinderopvanglittlepeople.nl\\\/ouder-commissie\\\/#primaryimage\"},\"image\":{\"@id\":\"https:\\\/\\\/www.kinderopvanglittlepeople.nl\\\/ouder-commissie\\\/#primaryimage\"},\"thumbnailUrl\":\"https:\\\/\\\/www.kinderopvanglittlepeople.nl\\\/wp-content\\\/uploads\\\/2_resultaat.webp\",\"datePublished\":\"2015-07-10T14:25:43+00:00\",\"dateModified\":\"2026-04-22T07:33:02+00:00\",\"description\":\"Het doel van een oudercommissie is om in samenwerking met de organisatie de kwaliteit van de opvang te behouden en verbeteren. Dit in samenwerking met Little People.\",\"breadcrumb\":{\"@id\":\"https:\\\/\\\/www.kinderopvanglittlepeople.nl\\\/ouder-commissie\\\/#breadcrumb\"},\"inLanguage\":\"de\",\"potentialAction\":[{\"@type\":\"ReadAction\",\"target\":[\"https:\\\/\\\/www.kinderopvanglittlepeople.nl\\\/ouder-commissie\\\/\"]}]},{\"@type\":\"ImageObject\",\"inLanguage\":\"de\",\"@id\":\"https:\\\/\\\/www.kinderopvanglittlepeople.nl\\\/ouder-commissie\\\/#primaryimage\",\"url\":\"https:\\\/\\\/www.kinderopvanglittlepeople.nl\\\/wp-content\\\/uploads\\\/2_resultaat.webp\",\"contentUrl\":\"https:\\\/\\\/www.kinderopvanglittlepeople.nl\\\/wp-content\\\/uploads\\\/2_resultaat.webp\",\"width\":664,\"height\":384},{\"@type\":\"BreadcrumbList\",\"@id\":\"https:\\\/\\\/www.kinderopvanglittlepeople.nl\\\/ouder-commissie\\\/#breadcrumb\",\"itemListElement\":[{\"@type\":\"ListItem\",\"position\":1,\"name\":\"Home\",\"item\":\"https:\\\/\\\/www.kinderopvanglittlepeople.nl\\\/\"},{\"@type\":\"ListItem\",\"position\":2,\"name\":\"Oudercommissie\"}]},{\"@type\":\"WebSite\",\"@id\":\"https:\\\/\\\/www.kinderopvanglittlepeople.nl\\\/#website\",\"url\":\"https:\\\/\\\/www.kinderopvanglittlepeople.nl\\\/\",\"name\":\"Kinderopvang Little People\",\"description\":\"Een huiselijke sfeer, kleinschalig en v\u00e9\u00e9l persoonlijke aandacht voor ieder kind.\",\"publisher\":{\"@id\":\"https:\\\/\\\/www.kinderopvanglittlepeople.nl\\\/#organization\"},\"alternateName\":\"Een huiselijke sfeer, kleinschalig en v\u00e9\u00e9l persoonlijke aandacht voor ieder kind.\",\"potentialAction\":[{\"@type\":\"SearchAction\",\"target\":{\"@type\":\"EntryPoint\",\"urlTemplate\":\"https:\\\/\\\/www.kinderopvanglittlepeople.nl\\\/?s={search_term_string}\"},\"query-input\":{\"@type\":\"PropertyValueSpecification\",\"valueRequired\":true,\"valueName\":\"search_term_string\"}}],\"inLanguage\":\"de\"},{\"@type\":\"Organization\",\"@id\":\"https:\\\/\\\/www.kinderopvanglittlepeople.nl\\\/#organization\",\"name\":\"Kinderopvang Little People\",\"alternateName\":\"Een huiselijke sfeer, kleinschalig en v\u00e9\u00e9l persoonlijke aandacht voor ieder kind.\",\"url\":\"https:\\\/\\\/www.kinderopvanglittlepeople.nl\\\/\",\"logo\":{\"@type\":\"ImageObject\",\"inLanguage\":\"de\",\"@id\":\"https:\\\/\\\/www.kinderopvanglittlepeople.nl\\\/#\\\/schema\\\/logo\\\/image\\\/\",\"url\":\"https:\\\/\\\/www.kinderopvanglittlepeople.nl\\\/wp-content\\\/uploads\\\/logo-klp.svg\",\"contentUrl\":\"https:\\\/\\\/www.kinderopvanglittlepeople.nl\\\/wp-content\\\/uploads\\\/logo-klp.svg\",\"width\":1,\"height\":1,\"caption\":\"Kinderopvang Little People\"},\"image\":{\"@id\":\"https:\\\/\\\/www.kinderopvanglittlepeople.nl\\\/#\\\/schema\\\/logo\\\/image\\\/\"},\"sameAs\":[\"https:\\\/\\\/www.facebook.com\\\/KinderopvangLittlePeople\"]}]}<\/script>\n<!-- \/ Yoast SEO plugin. -->","yoast_head_json":{"title":"Oudercommissie - Kinderopvang Little People","description":"Het doel van een oudercommissie is om in samenwerking met de organisatie de kwaliteit van de opvang te behouden en verbeteren. Dit in samenwerking met Little People.","robots":{"index":"index","follow":"follow","max-snippet":"max-snippet:-1","max-image-preview":"max-image-preview:large","max-video-preview":"max-video-preview:-1"},"canonical":"https:\/\/www.kinderopvanglittlepeople.nl\/de\/ouder-commissie\/","og_locale":"de_DE","og_type":"article","og_title":"Oudercommissie - Kinderopvang Little People","og_description":"Het doel van een oudercommissie is om in samenwerking met de organisatie de kwaliteit van de opvang te behouden en verbeteren. Dit in samenwerking met Little People.","og_url":"https:\/\/www.kinderopvanglittlepeople.nl\/de\/ouder-commissie\/","og_site_name":"Kinderopvang Little People","article_publisher":"https:\/\/www.facebook.com\/KinderopvangLittlePeople","article_modified_time":"2026-04-22T07:33:02+00:00","og_image":[{"width":664,"height":384,"url":"https:\/\/www.kinderopvanglittlepeople.nl\/wp-content\/uploads\/2_resultaat.webp","type":"image\/webp"}],"twitter_misc":{"Gesch\u00e4tzte Lesezeit":"2\u00a0Minuten"},"schema":{"@context":"https:\/\/schema.org","@graph":[{"@type":"WebPage","@id":"https:\/\/www.kinderopvanglittlepeople.nl\/ouder-commissie\/","url":"https:\/\/www.kinderopvanglittlepeople.nl\/ouder-commissie\/","name":"Oudercommissie - Kinderopvang Little People","isPartOf":{"@id":"https:\/\/www.kinderopvanglittlepeople.nl\/#website"},"primaryImageOfPage":{"@id":"https:\/\/www.kinderopvanglittlepeople.nl\/ouder-commissie\/#primaryimage"},"image":{"@id":"https:\/\/www.kinderopvanglittlepeople.nl\/ouder-commissie\/#primaryimage"},"thumbnailUrl":"https:\/\/www.kinderopvanglittlepeople.nl\/wp-content\/uploads\/2_resultaat.webp","datePublished":"2015-07-10T14:25:43+00:00","dateModified":"2026-04-22T07:33:02+00:00","description":"Het doel van een oudercommissie is om in samenwerking met de organisatie de kwaliteit van de opvang te behouden en verbeteren. Dit in samenwerking met Little People.","breadcrumb":{"@id":"https:\/\/www.kinderopvanglittlepeople.nl\/ouder-commissie\/#breadcrumb"},"inLanguage":"de","potentialAction":[{"@type":"ReadAction","target":["https:\/\/www.kinderopvanglittlepeople.nl\/ouder-commissie\/"]}]},{"@type":"ImageObject","inLanguage":"de","@id":"https:\/\/www.kinderopvanglittlepeople.nl\/ouder-commissie\/#primaryimage","url":"https:\/\/www.kinderopvanglittlepeople.nl\/wp-content\/uploads\/2_resultaat.webp","contentUrl":"https:\/\/www.kinderopvanglittlepeople.nl\/wp-content\/uploads\/2_resultaat.webp","width":664,"height":384},{"@type":"BreadcrumbList","@id":"https:\/\/www.kinderopvanglittlepeople.nl\/ouder-commissie\/#breadcrumb","itemListElement":[{"@type":"ListItem","position":1,"name":"Home","item":"https:\/\/www.kinderopvanglittlepeople.nl\/"},{"@type":"ListItem","position":2,"name":"Oudercommissie"}]},{"@type":"WebSite","@id":"https:\/\/www.kinderopvanglittlepeople.nl\/#website","url":"https:\/\/www.kinderopvanglittlepeople.nl\/","name":"Kinderbetreuung Little People","description":"Eine famili\u00e4re Atmosph\u00e4re, ein kleiner Rahmen und viel pers\u00f6nliche Aufmerksamkeit f\u00fcr jedes Kind.","publisher":{"@id":"https:\/\/www.kinderopvanglittlepeople.nl\/#organization"},"alternateName":"Een huiselijke sfeer, kleinschalig en v\u00e9\u00e9l persoonlijke aandacht voor ieder kind.","potentialAction":[{"@type":"SearchAction","target":{"@type":"EntryPoint","urlTemplate":"https:\/\/www.kinderopvanglittlepeople.nl\/?s={search_term_string}"},"query-input":{"@type":"PropertyValueSpecification","valueRequired":true,"valueName":"search_term_string"}}],"inLanguage":"de"},{"@type":"Organization","@id":"https:\/\/www.kinderopvanglittlepeople.nl\/#organization","name":"Kinderbetreuung Little People","alternateName":"Een huiselijke sfeer, kleinschalig en v\u00e9\u00e9l persoonlijke aandacht voor ieder kind.","url":"https:\/\/www.kinderopvanglittlepeople.nl\/","logo":{"@type":"ImageObject","inLanguage":"de","@id":"https:\/\/www.kinderopvanglittlepeople.nl\/#\/schema\/logo\/image\/","url":"https:\/\/www.kinderopvanglittlepeople.nl\/wp-content\/uploads\/logo-klp.svg","contentUrl":"https:\/\/www.kinderopvanglittlepeople.nl\/wp-content\/uploads\/logo-klp.svg","width":1,"height":1,"caption":"Kinderopvang Little People"},"image":{"@id":"https:\/\/www.kinderopvanglittlepeople.nl\/#\/schema\/logo\/image\/"},"sameAs":["https:\/\/www.facebook.com\/KinderopvangLittlePeople"]}]}},"_links":{"self":[{"href":"https:\/\/www.kinderopvanglittlepeople.nl\/de\/wp-json\/wp\/v2\/pages\/147","targetHints":{"allow":["GET"]}}],"collection":[{"href":"https:\/\/www.kinderopvanglittlepeople.nl\/de\/wp-json\/wp\/v2\/pages"}],"about":[{"href":"https:\/\/www.kinderopvanglittlepeople.nl\/de\/wp-json\/wp\/v2\/types\/page"}],"author":[{"embeddable":true,"href":"https:\/\/www.kinderopvanglittlepeople.nl\/de\/wp-json\/wp\/v2\/users\/1"}],"replies":[{"embeddable":true,"href":"https:\/\/www.kinderopvanglittlepeople.nl\/de\/wp-json\/wp\/v2\/comments?post=147"}],"version-history":[{"count":1,"href":"https:\/\/www.kinderopvanglittlepeople.nl\/de\/wp-json\/wp\/v2\/pages\/147\/revisions"}],"predecessor-version":[{"id":13922,"href":"https:\/\/www.kinderopvanglittlepeople.nl\/de\/wp-json\/wp\/v2\/pages\/147\/revisions\/13922"}],"wp:featuredmedia":[{"embeddable":true,"href":"https:\/\/www.kinderopvanglittlepeople.nl\/de\/wp-json\/wp\/v2\/media\/11444"}],"wp:attachment":[{"href":"https:\/\/www.kinderopvanglittlepeople.nl\/de\/wp-json\/wp\/v2\/media?parent=147"}],"curies":[{"name":"wp","href":"https:\/\/api.w.org\/{rel}","templated":true}]}}