{"id":143,"date":"2015-07-10T13:08:10","date_gmt":"2015-07-10T12:08:10","guid":{"rendered":"https:\/\/kinderopvanglittlepeople.nl\/?page_id=143"},"modified":"2026-01-14T09:49:57","modified_gmt":"2026-01-14T08:49:57","slug":"pedagogisch-beleid","status":"publish","type":"page","link":"https:\/\/www.kinderopvanglittlepeople.nl\/de\/pedagogisch-beleid\/","title":{"rendered":"P\u00e4dagogische Politik"},"content":{"rendered":"<ul id=\"menu-beleidsinformatie\"><li id=\"menu-item-141\"><a href=\"https:\/\/www.kinderopvanglittlepeople.nl\/de\/beleidsinformatie\/\">Informationen zur Politik<\/a><\/li>\n<li id=\"menu-item-139\"><a href=\"https:\/\/www.kinderopvanglittlepeople.nl\/de\/kwaliteitsbeleid\/\">Qualit\u00e4tspolitik<\/a><\/li>\n<li id=\"menu-item-1074\"><a href=\"https:\/\/www.kinderopvanglittlepeople.nl\/de\/pedagogisch-beleid\/\">P\u00e4dagogische Politik<\/a><\/li>\n<li id=\"menu-item-142\"><a href=\"https:\/\/www.kinderopvanglittlepeople.nl\/de\/beleidsinformatie\/klachtenprocedure\/\">Beschwerdeverfahren<\/a><\/li>\n<li id=\"menu-item-150\"><a href=\"https:\/\/www.kinderopvanglittlepeople.nl\/de\/ouder-commissie\/\">Elternausschuss<\/a><\/li>\n<\/ul>\t\n\t<p>Childcare Little People m\u00f6chte sich von der Konkurrenz abheben, indem es kleine Kinderbetreuungseinrichtungen und au\u00dferschulische Betreuungseinrichtungen anbietet, die mehr Raum f\u00fcr eine pers\u00f6nliche und liebevolle Betreuung jedes einzelnen Kindes lassen.<\/p>\n<p>Wir glauben, dass jedes Kind einzigartig ist und wollen jedes Kind dabei unterst\u00fctzen, sich selbst und seine Umwelt zu erforschen. Dies wollen wir erreichen, indem wir ein vertrauensvolles und sicheres Umfeld mit viel pers\u00f6nlicher und liebevoller Zuwendung bieten, wobei nat\u00fcrlich die Zusammenarbeit zwischen Erzieherinnen und Eltern entscheidend ist. Wir sind der Meinung, dass dies durch eine Betreuung im kleinen Rahmen besonders gut gelingen kann.<\/p>\n<p>LeiterInnen, Aushilfskr\u00e4fte, Freiwillige und PraktikantInnen folgen der p\u00e4dagogischen Politik von Childcare Little People, die zu einer guten und gesunden Entwicklung des Kindes in einer sicheren und anregenden Umgebung beitr\u00e4gt.<\/p>\n<p>Little People werkt constant aan kwaliteitsverbetering en volgt de ontwikkelingen in de markt op de voet. Het pedagogisch beleidsplan is dan ook constant in ontwikkeling, en nieuwe thema&#8217;s en gewijzigde inzichten zouden tot aanpassing van dit plan kunnen leiden.<\/p>\n<p>Wir glauben daran, dass wir Eltern das Vertrauen geben k\u00f6nnen, eine sichere und anregende Betreuung zu bieten.<\/p>\n<p><a href=\"https:\/\/www.kinderopvanglittlepeople.nl\/wp-content\/uploads\/Pedagogisch-beleidsplan-v.20251017.pdf\">Laden Sie den Plan f\u00fcr die Bildungspolitik hier herunter<\/a><\/p>","protected":false},"excerpt":{"rendered":"<p>Beleidsinformatie Kwaliteitsbeleid Pedagogisch Beleid Klachtenprocedure Oudercommissie Kinderopvang Little People wil zich onderscheiden van de concurrentie door het bieden van kleinschalige kinderopvang en buitenschoolse opvang waardoor er meer ruimte is voor een persoonlijke en liefdevolle aandacht voor elk kind. Wij vinden dat elk kind uniek is en willen elk kind ondersteunen bij het verkennen van zichzelf&hellip;<\/p>","protected":false},"author":1,"featured_media":11446,"parent":0,"menu_order":0,"comment_status":"closed","ping_status":"closed","template":"","meta":{"footnotes":""},"class_list":["post-143","page","type-page","status-publish","has-post-thumbnail","hentry"],"yoast_head":"<!-- This site is optimized with the Yoast SEO plugin v27.4 - https:\/\/yoast.com\/product\/yoast-seo-wordpress\/ -->\n<title>Pedagogisch Beleid - Kinderopvang Little People<\/title>\n<meta name=\"robots\" content=\"index, follow, max-snippet:-1, max-image-preview:large, max-video-preview:-1\" \/>\n<link rel=\"canonical\" href=\"https:\/\/www.kinderopvanglittlepeople.nl\/de\/pedagogisch-beleid\/\" \/>\n<meta property=\"og:locale\" content=\"de_DE\" \/>\n<meta property=\"og:type\" content=\"article\" \/>\n<meta property=\"og:title\" content=\"Pedagogisch Beleid - Kinderopvang Little People\" \/>\n<meta property=\"og:description\" content=\"Beleidsinformatie Kwaliteitsbeleid Pedagogisch Beleid Klachtenprocedure Oudercommissie Kinderopvang Little People wil zich onderscheiden van de concurrentie door het bieden van kleinschalige kinderopvang en buitenschoolse opvang waardoor er meer ruimte is voor een persoonlijke en liefdevolle aandacht voor elk kind. Wij vinden dat elk kind uniek is en willen elk kind ondersteunen bij het verkennen van zichzelf&hellip;\" \/>\n<meta property=\"og:url\" content=\"https:\/\/www.kinderopvanglittlepeople.nl\/de\/pedagogisch-beleid\/\" \/>\n<meta property=\"og:site_name\" content=\"Kinderopvang Little People\" \/>\n<meta property=\"article:publisher\" content=\"https:\/\/www.facebook.com\/KinderopvangLittlePeople\" \/>\n<meta property=\"article:modified_time\" content=\"2026-01-14T08:49:57+00:00\" \/>\n<meta property=\"og:image\" content=\"https:\/\/www.kinderopvanglittlepeople.nl\/wp-content\/uploads\/4_resultaat.webp\" \/>\n\t<meta property=\"og:image:width\" content=\"664\" \/>\n\t<meta property=\"og:image:height\" content=\"384\" \/>\n\t<meta property=\"og:image:type\" content=\"image\/webp\" \/>\n<meta name=\"twitter:label1\" content=\"Gesch\u00e4tzte Lesezeit\" \/>\n\t<meta name=\"twitter:data1\" content=\"2\u00a0Minuten\" \/>\n<script type=\"application\/ld+json\" class=\"yoast-schema-graph\">{\"@context\":\"https:\\\/\\\/schema.org\",\"@graph\":[{\"@type\":\"WebPage\",\"@id\":\"https:\\\/\\\/www.kinderopvanglittlepeople.nl\\\/pedagogisch-beleid\\\/\",\"url\":\"https:\\\/\\\/www.kinderopvanglittlepeople.nl\\\/pedagogisch-beleid\\\/\",\"name\":\"Pedagogisch Beleid - Kinderopvang Little People\",\"isPartOf\":{\"@id\":\"https:\\\/\\\/www.kinderopvanglittlepeople.nl\\\/#website\"},\"primaryImageOfPage\":{\"@id\":\"https:\\\/\\\/www.kinderopvanglittlepeople.nl\\\/pedagogisch-beleid\\\/#primaryimage\"},\"image\":{\"@id\":\"https:\\\/\\\/www.kinderopvanglittlepeople.nl\\\/pedagogisch-beleid\\\/#primaryimage\"},\"thumbnailUrl\":\"https:\\\/\\\/www.kinderopvanglittlepeople.nl\\\/wp-content\\\/uploads\\\/4_resultaat.webp\",\"datePublished\":\"2015-07-10T12:08:10+00:00\",\"dateModified\":\"2026-01-14T08:49:57+00:00\",\"breadcrumb\":{\"@id\":\"https:\\\/\\\/www.kinderopvanglittlepeople.nl\\\/pedagogisch-beleid\\\/#breadcrumb\"},\"inLanguage\":\"de\",\"potentialAction\":[{\"@type\":\"ReadAction\",\"target\":[\"https:\\\/\\\/www.kinderopvanglittlepeople.nl\\\/pedagogisch-beleid\\\/\"]}]},{\"@type\":\"ImageObject\",\"inLanguage\":\"de\",\"@id\":\"https:\\\/\\\/www.kinderopvanglittlepeople.nl\\\/pedagogisch-beleid\\\/#primaryimage\",\"url\":\"https:\\\/\\\/www.kinderopvanglittlepeople.nl\\\/wp-content\\\/uploads\\\/4_resultaat.webp\",\"contentUrl\":\"https:\\\/\\\/www.kinderopvanglittlepeople.nl\\\/wp-content\\\/uploads\\\/4_resultaat.webp\",\"width\":664,\"height\":384},{\"@type\":\"BreadcrumbList\",\"@id\":\"https:\\\/\\\/www.kinderopvanglittlepeople.nl\\\/pedagogisch-beleid\\\/#breadcrumb\",\"itemListElement\":[{\"@type\":\"ListItem\",\"position\":1,\"name\":\"Home\",\"item\":\"https:\\\/\\\/www.kinderopvanglittlepeople.nl\\\/\"},{\"@type\":\"ListItem\",\"position\":2,\"name\":\"Pedagogisch Beleid\"}]},{\"@type\":\"WebSite\",\"@id\":\"https:\\\/\\\/www.kinderopvanglittlepeople.nl\\\/#website\",\"url\":\"https:\\\/\\\/www.kinderopvanglittlepeople.nl\\\/\",\"name\":\"Kinderopvang Little People\",\"description\":\"Een huiselijke sfeer, kleinschalig en v\u00e9\u00e9l persoonlijke aandacht voor ieder kind.\",\"publisher\":{\"@id\":\"https:\\\/\\\/www.kinderopvanglittlepeople.nl\\\/#organization\"},\"alternateName\":\"Een huiselijke sfeer, kleinschalig en v\u00e9\u00e9l persoonlijke aandacht voor ieder kind.\",\"potentialAction\":[{\"@type\":\"SearchAction\",\"target\":{\"@type\":\"EntryPoint\",\"urlTemplate\":\"https:\\\/\\\/www.kinderopvanglittlepeople.nl\\\/?s={search_term_string}\"},\"query-input\":{\"@type\":\"PropertyValueSpecification\",\"valueRequired\":true,\"valueName\":\"search_term_string\"}}],\"inLanguage\":\"de\"},{\"@type\":\"Organization\",\"@id\":\"https:\\\/\\\/www.kinderopvanglittlepeople.nl\\\/#organization\",\"name\":\"Kinderopvang Little People\",\"alternateName\":\"Een huiselijke sfeer, kleinschalig en v\u00e9\u00e9l persoonlijke aandacht voor ieder kind.\",\"url\":\"https:\\\/\\\/www.kinderopvanglittlepeople.nl\\\/\",\"logo\":{\"@type\":\"ImageObject\",\"inLanguage\":\"de\",\"@id\":\"https:\\\/\\\/www.kinderopvanglittlepeople.nl\\\/#\\\/schema\\\/logo\\\/image\\\/\",\"url\":\"https:\\\/\\\/www.kinderopvanglittlepeople.nl\\\/wp-content\\\/uploads\\\/logo-klp.svg\",\"contentUrl\":\"https:\\\/\\\/www.kinderopvanglittlepeople.nl\\\/wp-content\\\/uploads\\\/logo-klp.svg\",\"width\":1,\"height\":1,\"caption\":\"Kinderopvang Little People\"},\"image\":{\"@id\":\"https:\\\/\\\/www.kinderopvanglittlepeople.nl\\\/#\\\/schema\\\/logo\\\/image\\\/\"},\"sameAs\":[\"https:\\\/\\\/www.facebook.com\\\/KinderopvangLittlePeople\"]}]}<\/script>\n<!-- \/ Yoast SEO plugin. -->","yoast_head_json":{"title":"Pedagogisch Beleid - Kinderopvang Little People","robots":{"index":"index","follow":"follow","max-snippet":"max-snippet:-1","max-image-preview":"max-image-preview:large","max-video-preview":"max-video-preview:-1"},"canonical":"https:\/\/www.kinderopvanglittlepeople.nl\/de\/pedagogisch-beleid\/","og_locale":"de_DE","og_type":"article","og_title":"Pedagogisch Beleid - Kinderopvang Little People","og_description":"Beleidsinformatie Kwaliteitsbeleid Pedagogisch Beleid Klachtenprocedure Oudercommissie Kinderopvang Little People wil zich onderscheiden van de concurrentie door het bieden van kleinschalige kinderopvang en buitenschoolse opvang waardoor er meer ruimte is voor een persoonlijke en liefdevolle aandacht voor elk kind. Wij vinden dat elk kind uniek is en willen elk kind ondersteunen bij het verkennen van zichzelf&hellip;","og_url":"https:\/\/www.kinderopvanglittlepeople.nl\/de\/pedagogisch-beleid\/","og_site_name":"Kinderopvang Little People","article_publisher":"https:\/\/www.facebook.com\/KinderopvangLittlePeople","article_modified_time":"2026-01-14T08:49:57+00:00","og_image":[{"width":664,"height":384,"url":"https:\/\/www.kinderopvanglittlepeople.nl\/wp-content\/uploads\/4_resultaat.webp","type":"image\/webp"}],"twitter_misc":{"Gesch\u00e4tzte Lesezeit":"2\u00a0Minuten"},"schema":{"@context":"https:\/\/schema.org","@graph":[{"@type":"WebPage","@id":"https:\/\/www.kinderopvanglittlepeople.nl\/pedagogisch-beleid\/","url":"https:\/\/www.kinderopvanglittlepeople.nl\/pedagogisch-beleid\/","name":"Pedagogisch Beleid - Kinderopvang Little People","isPartOf":{"@id":"https:\/\/www.kinderopvanglittlepeople.nl\/#website"},"primaryImageOfPage":{"@id":"https:\/\/www.kinderopvanglittlepeople.nl\/pedagogisch-beleid\/#primaryimage"},"image":{"@id":"https:\/\/www.kinderopvanglittlepeople.nl\/pedagogisch-beleid\/#primaryimage"},"thumbnailUrl":"https:\/\/www.kinderopvanglittlepeople.nl\/wp-content\/uploads\/4_resultaat.webp","datePublished":"2015-07-10T12:08:10+00:00","dateModified":"2026-01-14T08:49:57+00:00","breadcrumb":{"@id":"https:\/\/www.kinderopvanglittlepeople.nl\/pedagogisch-beleid\/#breadcrumb"},"inLanguage":"de","potentialAction":[{"@type":"ReadAction","target":["https:\/\/www.kinderopvanglittlepeople.nl\/pedagogisch-beleid\/"]}]},{"@type":"ImageObject","inLanguage":"de","@id":"https:\/\/www.kinderopvanglittlepeople.nl\/pedagogisch-beleid\/#primaryimage","url":"https:\/\/www.kinderopvanglittlepeople.nl\/wp-content\/uploads\/4_resultaat.webp","contentUrl":"https:\/\/www.kinderopvanglittlepeople.nl\/wp-content\/uploads\/4_resultaat.webp","width":664,"height":384},{"@type":"BreadcrumbList","@id":"https:\/\/www.kinderopvanglittlepeople.nl\/pedagogisch-beleid\/#breadcrumb","itemListElement":[{"@type":"ListItem","position":1,"name":"Home","item":"https:\/\/www.kinderopvanglittlepeople.nl\/"},{"@type":"ListItem","position":2,"name":"Pedagogisch Beleid"}]},{"@type":"WebSite","@id":"https:\/\/www.kinderopvanglittlepeople.nl\/#website","url":"https:\/\/www.kinderopvanglittlepeople.nl\/","name":"Kinderbetreuung Little People","description":"Eine famili\u00e4re Atmosph\u00e4re, ein kleiner Rahmen und viel pers\u00f6nliche Aufmerksamkeit f\u00fcr jedes Kind.","publisher":{"@id":"https:\/\/www.kinderopvanglittlepeople.nl\/#organization"},"alternateName":"Een huiselijke sfeer, kleinschalig en v\u00e9\u00e9l persoonlijke aandacht voor ieder kind.","potentialAction":[{"@type":"SearchAction","target":{"@type":"EntryPoint","urlTemplate":"https:\/\/www.kinderopvanglittlepeople.nl\/?s={search_term_string}"},"query-input":{"@type":"PropertyValueSpecification","valueRequired":true,"valueName":"search_term_string"}}],"inLanguage":"de"},{"@type":"Organization","@id":"https:\/\/www.kinderopvanglittlepeople.nl\/#organization","name":"Kinderbetreuung Little People","alternateName":"Een huiselijke sfeer, kleinschalig en v\u00e9\u00e9l persoonlijke aandacht voor ieder kind.","url":"https:\/\/www.kinderopvanglittlepeople.nl\/","logo":{"@type":"ImageObject","inLanguage":"de","@id":"https:\/\/www.kinderopvanglittlepeople.nl\/#\/schema\/logo\/image\/","url":"https:\/\/www.kinderopvanglittlepeople.nl\/wp-content\/uploads\/logo-klp.svg","contentUrl":"https:\/\/www.kinderopvanglittlepeople.nl\/wp-content\/uploads\/logo-klp.svg","width":1,"height":1,"caption":"Kinderopvang Little People"},"image":{"@id":"https:\/\/www.kinderopvanglittlepeople.nl\/#\/schema\/logo\/image\/"},"sameAs":["https:\/\/www.facebook.com\/KinderopvangLittlePeople"]}]}},"_links":{"self":[{"href":"https:\/\/www.kinderopvanglittlepeople.nl\/de\/wp-json\/wp\/v2\/pages\/143","targetHints":{"allow":["GET"]}}],"collection":[{"href":"https:\/\/www.kinderopvanglittlepeople.nl\/de\/wp-json\/wp\/v2\/pages"}],"about":[{"href":"https:\/\/www.kinderopvanglittlepeople.nl\/de\/wp-json\/wp\/v2\/types\/page"}],"author":[{"embeddable":true,"href":"https:\/\/www.kinderopvanglittlepeople.nl\/de\/wp-json\/wp\/v2\/users\/1"}],"replies":[{"embeddable":true,"href":"https:\/\/www.kinderopvanglittlepeople.nl\/de\/wp-json\/wp\/v2\/comments?post=143"}],"version-history":[{"count":0,"href":"https:\/\/www.kinderopvanglittlepeople.nl\/de\/wp-json\/wp\/v2\/pages\/143\/revisions"}],"wp:featuredmedia":[{"embeddable":true,"href":"https:\/\/www.kinderopvanglittlepeople.nl\/de\/wp-json\/wp\/v2\/media\/11446"}],"wp:attachment":[{"href":"https:\/\/www.kinderopvanglittlepeople.nl\/de\/wp-json\/wp\/v2\/media?parent=143"}],"curies":[{"name":"wp","href":"https:\/\/api.w.org\/{rel}","templated":true}]}}