{"id":11,"date":"2015-05-07T11:52:41","date_gmt":"2015-05-07T10:52:41","guid":{"rendered":"https:\/\/kinderopvanglittlepeople.nl\/?page_id=11"},"modified":"2026-04-14T10:51:30","modified_gmt":"2026-04-14T09:51:30","slug":"contact","status":"publish","type":"page","link":"https:\/\/www.kinderopvanglittlepeople.nl\/de\/contact\/","title":{"rendered":"Kontakt"},"content":{"rendered":"<h2>Kontakt-Formular<\/h2>\n<p>Haben Sie sich bereits die <a href=\"https:\/\/www.kinderopvanglittlepeople.nl\/de\/veel-gestelde-vragen\/\">h\u00e4ufig gestellte Fragen<\/a> ob Ihre Frage dabei ist? Wenn Sie weitere Fragen haben oder einen Termin f\u00fcr eine Besichtigung vereinbaren m\u00f6chten, f\u00fcllen Sie bitte das nachstehende Kontaktformular aus.<\/p>\n\t\n\t\n<form enctype=\"multipart\/form-data\" method=\"post\" id=\"form_contact-form2\" action=\"\">\n<fieldset>\n<legend>Kontakt-Formular<\/legend>\n<h3>Kontakt-Formular<\/h3>\n<input type=\"hidden\" name=\"frm_action\" value=\"create\" \/>\n<input type=\"hidden\" name=\"form_id\" value=\"3\" \/>\n<input type=\"hidden\" name=\"frm_hide_fields_3\" id=\"frm_hide_fields_3\" value=\"\" \/>\n<input type=\"hidden\" name=\"form_key\" value=\"contact-form2\" \/>\n<input type=\"hidden\" name=\"item_meta[0]\" value=\"\" \/>\n<input type=\"hidden\" id=\"frm_submit_entry_3\" name=\"frm_submit_entry_3\" value=\"42aa2fc89b\" \/><input type=\"hidden\" name=\"_wp_http_referer\" value=\"\/?page_id=11&#038;fl_builder\" \/>\n    <label for=\"field_qh4icy3\">Naam\n        *\n    <\/label>\n    <input type=\"text\" id=\"field_qh4icy3\" name=\"item_meta[25]\" value=\"\"  data-reqmsg=\"Dit veld mag niet leeg zijn.\" aria-required=\"true\" data-invmsg=\"Name is ongeldig\" aria-invalid=\"false\"   \/>\n    <label for=\"field_ocfup13\">Adresse\n    <\/label>\n    <input type=\"text\" id=\"field_ocfup13\" name=\"item_meta[26]\" value=\"\"  data-invmsg=\"Last is ongeldig\" aria-invalid=\"false\"   \/>\n    <label for=\"field_29yf4d3\">Email\n        *\n    <\/label>\n    <input type=\"email\" id=\"field_29yf4d3\" name=\"item_meta[40]\" value=\"\"  data-reqmsg=\"Dit veld mag niet leeg zijn.\" aria-required=\"true\" data-invmsg=\"Please enter a valid email address\" aria-invalid=\"false\"  \/>\n    <label for=\"field_8c5vs2\">Telefon\n    <\/label>\n    <input type=\"text\" id=\"field_8c5vs2\" name=\"item_meta[39]\" value=\"\"  data-invmsg=\"Tekst is ongeldig\" aria-invalid=\"false\"   \/>\n    <label for=\"field_vpj1e\">Thema\n    <\/label>\n    <input type=\"text\" id=\"field_vpj1e\" name=\"item_meta[42]\" value=\"\"  data-invmsg=\"Tekst is ongeldig\" aria-invalid=\"false\"   \/>\n    <label for=\"field_1wp7\">Nachricht\n    <\/label>\n    <textarea name=\"item_meta[37]\" id=\"field_1wp7\" rows=\"5\"  data-invmsg=\"Bericht is ongeldig\" aria-invalid=\"false\"><\/textarea>\n    <label>reCAPTCHA\n    <\/label>\n<button type=\"submit\"   formnovalidate=\"formnovalidate\">Versand<\/button>\n\t<input type=\"hidden\" name=\"item_key\" value=\"\" \/>\n\t\t\t<label for=\"field_45kly\">\n\t\t\t\tIndien je een mens bent, laat dit veld leeg:.\t\t\t<\/label>\n\t\t\t<input id=\"field_45kly\" type=\"text\" name=\"item_meta[68]\" value=\"\"  \/>\n\t\t<input name=\"frm_state\" type=\"hidden\" value=\"8Y2AzgEiwEseUSUtoWLZjx2uJ5SkupGT+vLTP5TJsNwmqdojKQ942nRwHj5JnD4p\" \/>\n<\/fieldset>\n<input type=\"hidden\" name=\"trp-form-language\" value=\"de\"\/><\/form>\n\t<h2>Kontakt<\/h2>\n<strong>Achtung: Wir sind an den folgenden Feiertagen geschlossen: <\/strong><br \/>\n<strong>K\u00f6nigstag 27. April\u00a0<\/strong><br \/>\n<strong>Befreiungstag 5. Mai<\/strong><br \/>\n<strong>Christi Himmelfahrt 14. Mai<\/strong><br \/>\n<strong>2. Pfingstfeiertag 25. Mai<\/strong>\n<p>W\u00e4hrend der \u00d6ffnungszeit:<\/p>\n<strong>B\u00fcro:<\/strong> 0499 &#8211; 850 352<br \/>\nMaandag: 08:00 &#8211; 17:00 uur<br \/>\nDinsdag: 08:30 &#8211; 15:00 uur<br \/>\nWoensdag: 08:00 &#8211; 17:00 uur<br \/>\nDonderdag: 08:00 &#8211; 17:00 uur<br \/>\nVrijdag: 08:30 &#8211; 14:30 uur\n<p>Pauze: 12:30 &#8211; 13:00 uur<\/p>\n<strong>Au\u00dferhalb der \u00d6ffnungszeiten:<\/strong>\nPost an <a href=\"mailto:%20info@kinderopvanglittlepeople.nl\">info@kinderopvanglittlepeople.nl<\/a>\n<strong>F\u00fcr die Dringlichkeit:<\/strong>\nDebbie: 06 &#8211; 83998329\n<h3>Wilhelminadorp<\/h3>\nJohannes Verleunstraat 27<br \/>\n5684 TT Best\n<h3 id=\"tablepress-14-name\">Naastbest<\/h3>\nK\u00f6nigin-Emma-Allee 27<br \/>\n5684 BA Best\n<h3 id=\"tablepress-13-name\">Wildhill<\/h3>\nWildheuvel 17 &#8211; 19<br \/>\n5685 CD Best\n<p>&nbsp;<\/p>\n<p>&nbsp;<\/p>\n\n<p>&nbsp;<\/p>","protected":false},"excerpt":{"rendered":"<p>Contactformulier Heeft u al gekeken bij de veel gestelde vragen of uw vraag er bij staat? Voor andere vragen of als u een afspraak wil maken voor een rondleiding, kunt u onderstaand contactformulier invullen. Contactformulier Contactformulier Naam * Adres Email * Telefoon Onderwerp Bericht reCAPTCHA Verzenden Indien je een mens bent, laat dit veld leeg:.&hellip;<\/p>","protected":false},"author":1,"featured_media":11426,"parent":0,"menu_order":0,"comment_status":"closed","ping_status":"closed","template":"","meta":{"footnotes":""},"class_list":["post-11","page","type-page","status-publish","has-post-thumbnail","hentry"],"yoast_head":"<!-- This site is optimized with the Yoast SEO plugin v27.4 - https:\/\/yoast.com\/product\/yoast-seo-wordpress\/ -->\n<title>Contact - Kinderopvang Little People<\/title>\n<meta name=\"robots\" content=\"index, follow, max-snippet:-1, max-image-preview:large, max-video-preview:-1\" \/>\n<link rel=\"canonical\" href=\"https:\/\/www.kinderopvanglittlepeople.nl\/de\/contact\/\" \/>\n<meta property=\"og:locale\" content=\"de_DE\" \/>\n<meta property=\"og:type\" content=\"article\" \/>\n<meta property=\"og:title\" content=\"Contact - Kinderopvang Little People\" \/>\n<meta property=\"og:description\" content=\"Contactformulier Heeft u al gekeken bij de veel gestelde vragen of uw vraag er bij staat? Voor andere vragen of als u een afspraak wil maken voor een rondleiding, kunt u onderstaand contactformulier invullen. Contactformulier Contactformulier Naam * Adres Email * Telefoon Onderwerp Bericht reCAPTCHA Verzenden Indien je een mens bent, laat dit veld leeg:.&hellip;\" \/>\n<meta property=\"og:url\" content=\"https:\/\/www.kinderopvanglittlepeople.nl\/de\/contact\/\" \/>\n<meta property=\"og:site_name\" content=\"Kinderopvang Little People\" \/>\n<meta property=\"article:publisher\" content=\"https:\/\/www.facebook.com\/KinderopvangLittlePeople\" \/>\n<meta property=\"article:modified_time\" content=\"2026-04-14T09:51:30+00:00\" \/>\n<meta property=\"og:image\" content=\"https:\/\/www.kinderopvanglittlepeople.nl\/wp-content\/uploads\/opvang_resultaat.webp\" \/>\n\t<meta property=\"og:image:width\" content=\"664\" \/>\n\t<meta property=\"og:image:height\" content=\"384\" \/>\n\t<meta property=\"og:image:type\" content=\"image\/webp\" \/>\n<meta name=\"twitter:label1\" content=\"Gesch\u00e4tzte Lesezeit\" \/>\n\t<meta name=\"twitter:data1\" content=\"1\u00a0Minute\" \/>\n<script type=\"application\/ld+json\" class=\"yoast-schema-graph\">{\"@context\":\"https:\\\/\\\/schema.org\",\"@graph\":[{\"@type\":\"WebPage\",\"@id\":\"https:\\\/\\\/www.kinderopvanglittlepeople.nl\\\/contact\\\/\",\"url\":\"https:\\\/\\\/www.kinderopvanglittlepeople.nl\\\/contact\\\/\",\"name\":\"Contact - Kinderopvang Little People\",\"isPartOf\":{\"@id\":\"https:\\\/\\\/www.kinderopvanglittlepeople.nl\\\/#website\"},\"primaryImageOfPage\":{\"@id\":\"https:\\\/\\\/www.kinderopvanglittlepeople.nl\\\/contact\\\/#primaryimage\"},\"image\":{\"@id\":\"https:\\\/\\\/www.kinderopvanglittlepeople.nl\\\/contact\\\/#primaryimage\"},\"thumbnailUrl\":\"https:\\\/\\\/www.kinderopvanglittlepeople.nl\\\/wp-content\\\/uploads\\\/opvang_resultaat.webp\",\"datePublished\":\"2015-05-07T10:52:41+00:00\",\"dateModified\":\"2026-04-14T09:51:30+00:00\",\"breadcrumb\":{\"@id\":\"https:\\\/\\\/www.kinderopvanglittlepeople.nl\\\/contact\\\/#breadcrumb\"},\"inLanguage\":\"de\",\"potentialAction\":[{\"@type\":\"ReadAction\",\"target\":[\"https:\\\/\\\/www.kinderopvanglittlepeople.nl\\\/contact\\\/\"]}]},{\"@type\":\"ImageObject\",\"inLanguage\":\"de\",\"@id\":\"https:\\\/\\\/www.kinderopvanglittlepeople.nl\\\/contact\\\/#primaryimage\",\"url\":\"https:\\\/\\\/www.kinderopvanglittlepeople.nl\\\/wp-content\\\/uploads\\\/opvang_resultaat.webp\",\"contentUrl\":\"https:\\\/\\\/www.kinderopvanglittlepeople.nl\\\/wp-content\\\/uploads\\\/opvang_resultaat.webp\",\"width\":664,\"height\":384},{\"@type\":\"BreadcrumbList\",\"@id\":\"https:\\\/\\\/www.kinderopvanglittlepeople.nl\\\/contact\\\/#breadcrumb\",\"itemListElement\":[{\"@type\":\"ListItem\",\"position\":1,\"name\":\"Home\",\"item\":\"https:\\\/\\\/www.kinderopvanglittlepeople.nl\\\/\"},{\"@type\":\"ListItem\",\"position\":2,\"name\":\"Contact\"}]},{\"@type\":\"WebSite\",\"@id\":\"https:\\\/\\\/www.kinderopvanglittlepeople.nl\\\/#website\",\"url\":\"https:\\\/\\\/www.kinderopvanglittlepeople.nl\\\/\",\"name\":\"Kinderopvang Little People\",\"description\":\"Een huiselijke sfeer, kleinschalig en v\u00e9\u00e9l persoonlijke aandacht voor ieder kind.\",\"publisher\":{\"@id\":\"https:\\\/\\\/www.kinderopvanglittlepeople.nl\\\/#organization\"},\"alternateName\":\"Een huiselijke sfeer, kleinschalig en v\u00e9\u00e9l persoonlijke aandacht voor ieder kind.\",\"potentialAction\":[{\"@type\":\"SearchAction\",\"target\":{\"@type\":\"EntryPoint\",\"urlTemplate\":\"https:\\\/\\\/www.kinderopvanglittlepeople.nl\\\/?s={search_term_string}\"},\"query-input\":{\"@type\":\"PropertyValueSpecification\",\"valueRequired\":true,\"valueName\":\"search_term_string\"}}],\"inLanguage\":\"de\"},{\"@type\":\"Organization\",\"@id\":\"https:\\\/\\\/www.kinderopvanglittlepeople.nl\\\/#organization\",\"name\":\"Kinderopvang Little People\",\"alternateName\":\"Een huiselijke sfeer, kleinschalig en v\u00e9\u00e9l persoonlijke aandacht voor ieder kind.\",\"url\":\"https:\\\/\\\/www.kinderopvanglittlepeople.nl\\\/\",\"logo\":{\"@type\":\"ImageObject\",\"inLanguage\":\"de\",\"@id\":\"https:\\\/\\\/www.kinderopvanglittlepeople.nl\\\/#\\\/schema\\\/logo\\\/image\\\/\",\"url\":\"https:\\\/\\\/www.kinderopvanglittlepeople.nl\\\/wp-content\\\/uploads\\\/logo-klp.svg\",\"contentUrl\":\"https:\\\/\\\/www.kinderopvanglittlepeople.nl\\\/wp-content\\\/uploads\\\/logo-klp.svg\",\"width\":1,\"height\":1,\"caption\":\"Kinderopvang Little People\"},\"image\":{\"@id\":\"https:\\\/\\\/www.kinderopvanglittlepeople.nl\\\/#\\\/schema\\\/logo\\\/image\\\/\"},\"sameAs\":[\"https:\\\/\\\/www.facebook.com\\\/KinderopvangLittlePeople\"]}]}<\/script>\n<!-- \/ Yoast SEO plugin. -->","yoast_head_json":{"title":"Contact - Kinderopvang Little People","robots":{"index":"index","follow":"follow","max-snippet":"max-snippet:-1","max-image-preview":"max-image-preview:large","max-video-preview":"max-video-preview:-1"},"canonical":"https:\/\/www.kinderopvanglittlepeople.nl\/de\/contact\/","og_locale":"de_DE","og_type":"article","og_title":"Contact - Kinderopvang Little People","og_description":"Contactformulier Heeft u al gekeken bij de veel gestelde vragen of uw vraag er bij staat? Voor andere vragen of als u een afspraak wil maken voor een rondleiding, kunt u onderstaand contactformulier invullen. Contactformulier Contactformulier Naam * Adres Email * Telefoon Onderwerp Bericht reCAPTCHA Verzenden Indien je een mens bent, laat dit veld leeg:.&hellip;","og_url":"https:\/\/www.kinderopvanglittlepeople.nl\/de\/contact\/","og_site_name":"Kinderopvang Little People","article_publisher":"https:\/\/www.facebook.com\/KinderopvangLittlePeople","article_modified_time":"2026-04-14T09:51:30+00:00","og_image":[{"width":664,"height":384,"url":"https:\/\/www.kinderopvanglittlepeople.nl\/wp-content\/uploads\/opvang_resultaat.webp","type":"image\/webp"}],"twitter_misc":{"Gesch\u00e4tzte Lesezeit":"1\u00a0Minute"},"schema":{"@context":"https:\/\/schema.org","@graph":[{"@type":"WebPage","@id":"https:\/\/www.kinderopvanglittlepeople.nl\/contact\/","url":"https:\/\/www.kinderopvanglittlepeople.nl\/contact\/","name":"Contact - Kinderopvang Little People","isPartOf":{"@id":"https:\/\/www.kinderopvanglittlepeople.nl\/#website"},"primaryImageOfPage":{"@id":"https:\/\/www.kinderopvanglittlepeople.nl\/contact\/#primaryimage"},"image":{"@id":"https:\/\/www.kinderopvanglittlepeople.nl\/contact\/#primaryimage"},"thumbnailUrl":"https:\/\/www.kinderopvanglittlepeople.nl\/wp-content\/uploads\/opvang_resultaat.webp","datePublished":"2015-05-07T10:52:41+00:00","dateModified":"2026-04-14T09:51:30+00:00","breadcrumb":{"@id":"https:\/\/www.kinderopvanglittlepeople.nl\/contact\/#breadcrumb"},"inLanguage":"de","potentialAction":[{"@type":"ReadAction","target":["https:\/\/www.kinderopvanglittlepeople.nl\/contact\/"]}]},{"@type":"ImageObject","inLanguage":"de","@id":"https:\/\/www.kinderopvanglittlepeople.nl\/contact\/#primaryimage","url":"https:\/\/www.kinderopvanglittlepeople.nl\/wp-content\/uploads\/opvang_resultaat.webp","contentUrl":"https:\/\/www.kinderopvanglittlepeople.nl\/wp-content\/uploads\/opvang_resultaat.webp","width":664,"height":384},{"@type":"BreadcrumbList","@id":"https:\/\/www.kinderopvanglittlepeople.nl\/contact\/#breadcrumb","itemListElement":[{"@type":"ListItem","position":1,"name":"Home","item":"https:\/\/www.kinderopvanglittlepeople.nl\/"},{"@type":"ListItem","position":2,"name":"Contact"}]},{"@type":"WebSite","@id":"https:\/\/www.kinderopvanglittlepeople.nl\/#website","url":"https:\/\/www.kinderopvanglittlepeople.nl\/","name":"Kinderbetreuung Little People","description":"Eine famili\u00e4re Atmosph\u00e4re, ein kleiner Rahmen und viel pers\u00f6nliche Aufmerksamkeit f\u00fcr jedes Kind.","publisher":{"@id":"https:\/\/www.kinderopvanglittlepeople.nl\/#organization"},"alternateName":"Een huiselijke sfeer, kleinschalig en v\u00e9\u00e9l persoonlijke aandacht voor ieder kind.","potentialAction":[{"@type":"SearchAction","target":{"@type":"EntryPoint","urlTemplate":"https:\/\/www.kinderopvanglittlepeople.nl\/?s={search_term_string}"},"query-input":{"@type":"PropertyValueSpecification","valueRequired":true,"valueName":"search_term_string"}}],"inLanguage":"de"},{"@type":"Organization","@id":"https:\/\/www.kinderopvanglittlepeople.nl\/#organization","name":"Kinderbetreuung Little People","alternateName":"Een huiselijke sfeer, kleinschalig en v\u00e9\u00e9l persoonlijke aandacht voor ieder kind.","url":"https:\/\/www.kinderopvanglittlepeople.nl\/","logo":{"@type":"ImageObject","inLanguage":"de","@id":"https:\/\/www.kinderopvanglittlepeople.nl\/#\/schema\/logo\/image\/","url":"https:\/\/www.kinderopvanglittlepeople.nl\/wp-content\/uploads\/logo-klp.svg","contentUrl":"https:\/\/www.kinderopvanglittlepeople.nl\/wp-content\/uploads\/logo-klp.svg","width":1,"height":1,"caption":"Kinderopvang Little People"},"image":{"@id":"https:\/\/www.kinderopvanglittlepeople.nl\/#\/schema\/logo\/image\/"},"sameAs":["https:\/\/www.facebook.com\/KinderopvangLittlePeople"]}]}},"_links":{"self":[{"href":"https:\/\/www.kinderopvanglittlepeople.nl\/de\/wp-json\/wp\/v2\/pages\/11","targetHints":{"allow":["GET"]}}],"collection":[{"href":"https:\/\/www.kinderopvanglittlepeople.nl\/de\/wp-json\/wp\/v2\/pages"}],"about":[{"href":"https:\/\/www.kinderopvanglittlepeople.nl\/de\/wp-json\/wp\/v2\/types\/page"}],"author":[{"embeddable":true,"href":"https:\/\/www.kinderopvanglittlepeople.nl\/de\/wp-json\/wp\/v2\/users\/1"}],"replies":[{"embeddable":true,"href":"https:\/\/www.kinderopvanglittlepeople.nl\/de\/wp-json\/wp\/v2\/comments?post=11"}],"version-history":[{"count":4,"href":"https:\/\/www.kinderopvanglittlepeople.nl\/de\/wp-json\/wp\/v2\/pages\/11\/revisions"}],"predecessor-version":[{"id":13916,"href":"https:\/\/www.kinderopvanglittlepeople.nl\/de\/wp-json\/wp\/v2\/pages\/11\/revisions\/13916"}],"wp:featuredmedia":[{"embeddable":true,"href":"https:\/\/www.kinderopvanglittlepeople.nl\/de\/wp-json\/wp\/v2\/media\/11426"}],"wp:attachment":[{"href":"https:\/\/www.kinderopvanglittlepeople.nl\/de\/wp-json\/wp\/v2\/media?parent=11"}],"curies":[{"name":"wp","href":"https:\/\/api.w.org\/{rel}","templated":true}]}}