{"id":10928,"date":"2021-11-25T21:15:39","date_gmt":"2021-11-25T20:15:39","guid":{"rendered":"https:\/\/kinderopvanglittlepeople.nl\/?page_id=10928"},"modified":"2022-12-23T09:22:54","modified_gmt":"2022-12-23T08:22:54","slug":"sollicitatieformulier","status":"publish","type":"page","link":"https:\/\/www.kinderopvanglittlepeople.nl\/de\/sollicitatieformulier\/","title":{"rendered":"Bewerbungsformular"},"content":{"rendered":"<h3>Bewerbungsformular<\/h3>\r\n<p>Verwenden Sie dieses Formular, um sich f\u00fcr eine Stelle bei Little People Childcare zu bewerben. F\u00fcllen Sie es so vollst\u00e4ndig wie m\u00f6glich aus und wir werden uns dann mit Ihnen in Verbindung setzen.<\/p>\r\n<form id=\"form_sollicitatieformulier\" enctype=\"multipart\/form-data\" method=\"post\" data-token=\"9f5618a8155bbce77883fcc2572b34cf\" action=\"\"><fieldset><legend>Bewerbungsformular<\/legend>\r\n<h3>Bewerbungsformular<\/h3>\r\n<input name=\"frm_action\" type=\"hidden\" value=\"create\" \/> <input name=\"form_id\" type=\"hidden\" value=\"4\" \/> <input id=\"frm_hide_fields_4\" name=\"frm_hide_fields_4\" type=\"hidden\" value=\"\" \/> <input name=\"form_key\" type=\"hidden\" value=\"sollicitatieformulier\" \/> <input name=\"item_meta[0]\" type=\"hidden\" value=\"\" \/> <input id=\"frm_submit_entry_4\" name=\"frm_submit_entry_4\" type=\"hidden\" value=\"2e1fa869bf\" \/><input name=\"_wp_http_referer\" type=\"hidden\" value=\"\/?page_id=10928&amp;fl_builder\" \/>\r\n<h3>Pers\u00f6nliche Daten<\/h3>\r\n<label id=\"field_dgmh1_label\" for=\"field_dgmh1\">Voornaam * <\/label> <input id=\"field_dgmh1\" name=\"item_meta[43]\" type=\"text\" value=\"\" data-sectionid=\"56\" data-reqmsg=\"Dit veld mag niet leeg zijn.\" aria-required=\"true\" data-invmsg=\"Tekst is ongeldig\" aria-invalid=\"false\" \/> <label id=\"field_yzovx_label\" for=\"field_yzovx\">Achternaam * <\/label> <input id=\"field_yzovx\" name=\"item_meta[44]\" type=\"text\" value=\"\" data-sectionid=\"56\" data-reqmsg=\"Dit veld mag niet leeg zijn.\" aria-required=\"true\" data-invmsg=\"Tekst is ongeldig\" aria-invalid=\"false\" \/> <label id=\"field_c3i2m_label\" for=\"field_c3i2m\">Geboortedatum * <\/label> <input id=\"field_c3i2m\" maxlength=\"10\" name=\"item_meta[47]\" type=\"text\" value=\"\" data-sectionid=\"56\" data-reqmsg=\"Dit veld mag niet leeg zijn.\" aria-required=\"true\" data-invmsg=\"Datum is ongeldig\" aria-invalid=\"false\" \/> <label id=\"field_qk1p1_label\" for=\"field_qk1p1\">Stra\u00dfe und Hausnummer <\/label> <input id=\"field_qk1p1\" name=\"item_meta[45]\" type=\"text\" value=\"\" data-sectionid=\"56\" data-invmsg=\"Tekst is ongeldig\" aria-invalid=\"false\" \/> <label id=\"field_b57ns_label\" for=\"field_b57ns\">Postcode en woonplaats * <\/label> <input id=\"field_b57ns\" name=\"item_meta[46]\" type=\"text\" value=\"\" data-sectionid=\"56\" data-reqmsg=\"Dit veld mag niet leeg zijn.\" aria-required=\"true\" data-invmsg=\"Tekst is ongeldig\" aria-invalid=\"false\" \/> <label id=\"field_iwlro_label\" for=\"field_iwlro\">Email adres * <\/label> <input id=\"field_iwlro\" name=\"item_meta[48]\" type=\"email\" value=\"\" data-sectionid=\"56\" data-reqmsg=\"Dit veld mag niet leeg zijn.\" aria-required=\"true\" data-invmsg=\"Email adres is ongeldig\" aria-invalid=\"false\" \/> <label id=\"field_uc86_label\" for=\"field_uc86\">Rufnummer <\/label> <input id=\"field_uc86\" name=\"item_meta[49]\" type=\"text\" value=\"\" data-sectionid=\"56\" data-invmsg=\"Tekst is ongeldig\" aria-invalid=\"false\" \/> <label id=\"field_4lxdk_label\" for=\"field_4lxdk\">Wann sind Sie am besten zu erreichen? <\/label> <input id=\"field_4lxdk\" name=\"item_meta[50]\" type=\"text\" value=\"\" data-sectionid=\"56\" data-invmsg=\"Tekst is ongeldig\" aria-invalid=\"false\" \/>\r\n<h3>Funktion<\/h3>\r\n<label id=\"field_eyo6u_label\" for=\"field_eyo6u\">Wie viele Stunden pro Woche m\u00f6chten Sie arbeiten? <\/label> <input id=\"field_eyo6u\" name=\"item_meta[51]\" type=\"text\" value=\"\" data-sectionid=\"58\" data-invmsg=\"Tekst is ongeldig\" aria-invalid=\"false\" \/> <label id=\"field_eiv64_label\" for=\"field_eiv64\">Motivatie &#8211; waarom wil je bij Kinderopvang Little People werken <\/label> <textarea id=\"field_eiv64\" name=\"item_meta[53]\" rows=\"5\" data-sectionid=\"58\" data-invmsg=\"Motivatie - waarom wil je bij Kinderopvang Little People werken is ongeldig\" aria-invalid=\"false\"><\/textarea>\r\n<h3>Ausbildung<\/h3>\r\n<label id=\"field_4baez_label\" for=\"field_4baez\">Lebenslauf hochladen (pdf \/ doc \/ docx Datei) <\/label> <input name=\"item_meta[54]\" type=\"hidden\" value=\"\" data-frmfile=\"54\" \/> <input id=\"field_4baez\" name=\"file54\" type=\"file\" data-sectionid=\"60\" data-invmsg=\"Bestandsupload is ongeldig\" aria-invalid=\"false\" \/> <button type=\"button\">Ziehen Sie Ihre Datei hierher, oder klicken Sie hier, um sie auszuw\u00e4hlen<\/button> <button type=\"button\">Datei ausw\u00e4hlen<\/button> Maximale uploadgrootte: 3MB <label id=\"field_deaih_label\" for=\"field_deaih\">Welche Schulungen und\/oder Kurse haben Sie absolviert? <\/label> <textarea id=\"field_deaih\" name=\"item_meta[63]\" rows=\"5\" data-sectionid=\"60\" data-invmsg=\"Welke opleidingen en of cursussen heb je gedaan? is ongeldig\" aria-invalid=\"false\"><\/textarea> <label id=\"field_ql2dp_label\" for=\"g-recaptcha-response\">reCAPTCHA (Anti-Spam) <\/label> <input name=\"item_key\" type=\"hidden\" value=\"\" \/> <label for=\"frm_email_4\"> If you are human, leave this field blank. <\/label> <input id=\"frm_email_4\" name=\"frm_verify\" type=\"text\" value=\"\" \/> <input name=\"frm_state\" type=\"hidden\" value=\"8Y2AzgEiwEseUSUtoWLZj3mwOHo+cUfGjloCdqb9ctw=\" \/> <button formnovalidate=\"formnovalidate\" type=\"submit\">Bewerbung abschicken<\/button><\/fieldset><input type=\"hidden\" name=\"trp-form-language\" value=\"de\"\/><\/form>","protected":false},"excerpt":{"rendered":"<p>Sollicitatieformulier Gebruik dit formulier om te solliciteren bij Kinderopvang Little People. Vul het zo volledig mogelijk in en daarna nemen wij contact met je op. Sollicitatieformulier Sollicitatieformulier Persoonlijke gegevens Voornaam * Achternaam * Geboortedatum * Straat en huisnummer Postcode en woonplaats * Email adres * Telefoonnummer Wanneer kunnen we je het best bereiken? Functie Hoeveel&hellip;<\/p>","protected":false},"author":1,"featured_media":11513,"parent":0,"menu_order":0,"comment_status":"closed","ping_status":"closed","template":"","meta":{"footnotes":""},"class_list":["post-10928","page","type-page","status-publish","has-post-thumbnail","hentry"],"yoast_head":"<!-- This site is optimized with the Yoast SEO plugin v27.4 - https:\/\/yoast.com\/product\/yoast-seo-wordpress\/ -->\n<title>Sollicitatieformulier - Kinderopvang Little People<\/title>\n<meta name=\"robots\" content=\"index, follow, max-snippet:-1, max-image-preview:large, max-video-preview:-1\" \/>\n<link rel=\"canonical\" href=\"https:\/\/www.kinderopvanglittlepeople.nl\/de\/sollicitatieformulier\/\" \/>\n<meta property=\"og:locale\" content=\"de_DE\" \/>\n<meta property=\"og:type\" content=\"article\" \/>\n<meta property=\"og:title\" content=\"Sollicitatieformulier - Kinderopvang Little People\" \/>\n<meta property=\"og:description\" content=\"Sollicitatieformulier Gebruik dit formulier om te solliciteren bij Kinderopvang Little People. Vul het zo volledig mogelijk in en daarna nemen wij contact met je op. Sollicitatieformulier Sollicitatieformulier Persoonlijke gegevens Voornaam * Achternaam * Geboortedatum * Straat en huisnummer Postcode en woonplaats * Email adres * Telefoonnummer Wanneer kunnen we je het best bereiken? Functie Hoeveel&hellip;\" \/>\n<meta property=\"og:url\" content=\"https:\/\/www.kinderopvanglittlepeople.nl\/de\/sollicitatieformulier\/\" \/>\n<meta property=\"og:site_name\" content=\"Kinderopvang Little People\" \/>\n<meta property=\"article:publisher\" content=\"https:\/\/www.facebook.com\/KinderopvangLittlePeople\" \/>\n<meta property=\"article:modified_time\" content=\"2022-12-23T08:22:54+00:00\" \/>\n<meta property=\"og:image\" content=\"https:\/\/www.kinderopvanglittlepeople.nl\/wp-content\/uploads\/kopfoto-0-4_resultaat.webp\" \/>\n\t<meta property=\"og:image:width\" content=\"664\" \/>\n\t<meta property=\"og:image:height\" content=\"384\" \/>\n\t<meta property=\"og:image:type\" content=\"image\/webp\" \/>\n<meta name=\"twitter:label1\" content=\"Gesch\u00e4tzte Lesezeit\" \/>\n\t<meta name=\"twitter:data1\" content=\"1\u00a0Minute\" \/>\n<script type=\"application\/ld+json\" class=\"yoast-schema-graph\">{\"@context\":\"https:\\\/\\\/schema.org\",\"@graph\":[{\"@type\":\"WebPage\",\"@id\":\"https:\\\/\\\/www.kinderopvanglittlepeople.nl\\\/sollicitatieformulier\\\/\",\"url\":\"https:\\\/\\\/www.kinderopvanglittlepeople.nl\\\/sollicitatieformulier\\\/\",\"name\":\"Sollicitatieformulier - Kinderopvang Little People\",\"isPartOf\":{\"@id\":\"https:\\\/\\\/www.kinderopvanglittlepeople.nl\\\/#website\"},\"primaryImageOfPage\":{\"@id\":\"https:\\\/\\\/www.kinderopvanglittlepeople.nl\\\/sollicitatieformulier\\\/#primaryimage\"},\"image\":{\"@id\":\"https:\\\/\\\/www.kinderopvanglittlepeople.nl\\\/sollicitatieformulier\\\/#primaryimage\"},\"thumbnailUrl\":\"https:\\\/\\\/www.kinderopvanglittlepeople.nl\\\/wp-content\\\/uploads\\\/kopfoto-0-4_resultaat.webp\",\"datePublished\":\"2021-11-25T20:15:39+00:00\",\"dateModified\":\"2022-12-23T08:22:54+00:00\",\"breadcrumb\":{\"@id\":\"https:\\\/\\\/www.kinderopvanglittlepeople.nl\\\/sollicitatieformulier\\\/#breadcrumb\"},\"inLanguage\":\"de\",\"potentialAction\":[{\"@type\":\"ReadAction\",\"target\":[\"https:\\\/\\\/www.kinderopvanglittlepeople.nl\\\/sollicitatieformulier\\\/\"]}]},{\"@type\":\"ImageObject\",\"inLanguage\":\"de\",\"@id\":\"https:\\\/\\\/www.kinderopvanglittlepeople.nl\\\/sollicitatieformulier\\\/#primaryimage\",\"url\":\"https:\\\/\\\/www.kinderopvanglittlepeople.nl\\\/wp-content\\\/uploads\\\/kopfoto-0-4_resultaat.webp\",\"contentUrl\":\"https:\\\/\\\/www.kinderopvanglittlepeople.nl\\\/wp-content\\\/uploads\\\/kopfoto-0-4_resultaat.webp\",\"width\":664,\"height\":384},{\"@type\":\"BreadcrumbList\",\"@id\":\"https:\\\/\\\/www.kinderopvanglittlepeople.nl\\\/sollicitatieformulier\\\/#breadcrumb\",\"itemListElement\":[{\"@type\":\"ListItem\",\"position\":1,\"name\":\"Home\",\"item\":\"https:\\\/\\\/www.kinderopvanglittlepeople.nl\\\/\"},{\"@type\":\"ListItem\",\"position\":2,\"name\":\"Sollicitatieformulier\"}]},{\"@type\":\"WebSite\",\"@id\":\"https:\\\/\\\/www.kinderopvanglittlepeople.nl\\\/#website\",\"url\":\"https:\\\/\\\/www.kinderopvanglittlepeople.nl\\\/\",\"name\":\"Kinderopvang Little People\",\"description\":\"Een huiselijke sfeer, kleinschalig en v\u00e9\u00e9l persoonlijke aandacht voor ieder kind.\",\"publisher\":{\"@id\":\"https:\\\/\\\/www.kinderopvanglittlepeople.nl\\\/#organization\"},\"alternateName\":\"Een huiselijke sfeer, kleinschalig en v\u00e9\u00e9l persoonlijke aandacht voor ieder kind.\",\"potentialAction\":[{\"@type\":\"SearchAction\",\"target\":{\"@type\":\"EntryPoint\",\"urlTemplate\":\"https:\\\/\\\/www.kinderopvanglittlepeople.nl\\\/?s={search_term_string}\"},\"query-input\":{\"@type\":\"PropertyValueSpecification\",\"valueRequired\":true,\"valueName\":\"search_term_string\"}}],\"inLanguage\":\"de\"},{\"@type\":\"Organization\",\"@id\":\"https:\\\/\\\/www.kinderopvanglittlepeople.nl\\\/#organization\",\"name\":\"Kinderopvang Little People\",\"alternateName\":\"Een huiselijke sfeer, kleinschalig en v\u00e9\u00e9l persoonlijke aandacht voor ieder kind.\",\"url\":\"https:\\\/\\\/www.kinderopvanglittlepeople.nl\\\/\",\"logo\":{\"@type\":\"ImageObject\",\"inLanguage\":\"de\",\"@id\":\"https:\\\/\\\/www.kinderopvanglittlepeople.nl\\\/#\\\/schema\\\/logo\\\/image\\\/\",\"url\":\"https:\\\/\\\/www.kinderopvanglittlepeople.nl\\\/wp-content\\\/uploads\\\/logo-klp.svg\",\"contentUrl\":\"https:\\\/\\\/www.kinderopvanglittlepeople.nl\\\/wp-content\\\/uploads\\\/logo-klp.svg\",\"width\":1,\"height\":1,\"caption\":\"Kinderopvang Little People\"},\"image\":{\"@id\":\"https:\\\/\\\/www.kinderopvanglittlepeople.nl\\\/#\\\/schema\\\/logo\\\/image\\\/\"},\"sameAs\":[\"https:\\\/\\\/www.facebook.com\\\/KinderopvangLittlePeople\"]}]}<\/script>\n<!-- \/ Yoast SEO plugin. -->","yoast_head_json":{"title":"Sollicitatieformulier - Kinderopvang Little People","robots":{"index":"index","follow":"follow","max-snippet":"max-snippet:-1","max-image-preview":"max-image-preview:large","max-video-preview":"max-video-preview:-1"},"canonical":"https:\/\/www.kinderopvanglittlepeople.nl\/de\/sollicitatieformulier\/","og_locale":"de_DE","og_type":"article","og_title":"Sollicitatieformulier - Kinderopvang Little People","og_description":"Sollicitatieformulier Gebruik dit formulier om te solliciteren bij Kinderopvang Little People. Vul het zo volledig mogelijk in en daarna nemen wij contact met je op. Sollicitatieformulier Sollicitatieformulier Persoonlijke gegevens Voornaam * Achternaam * Geboortedatum * Straat en huisnummer Postcode en woonplaats * Email adres * Telefoonnummer Wanneer kunnen we je het best bereiken? Functie Hoeveel&hellip;","og_url":"https:\/\/www.kinderopvanglittlepeople.nl\/de\/sollicitatieformulier\/","og_site_name":"Kinderopvang Little People","article_publisher":"https:\/\/www.facebook.com\/KinderopvangLittlePeople","article_modified_time":"2022-12-23T08:22:54+00:00","og_image":[{"width":664,"height":384,"url":"https:\/\/www.kinderopvanglittlepeople.nl\/wp-content\/uploads\/kopfoto-0-4_resultaat.webp","type":"image\/webp"}],"twitter_misc":{"Gesch\u00e4tzte Lesezeit":"1\u00a0Minute"},"schema":{"@context":"https:\/\/schema.org","@graph":[{"@type":"WebPage","@id":"https:\/\/www.kinderopvanglittlepeople.nl\/sollicitatieformulier\/","url":"https:\/\/www.kinderopvanglittlepeople.nl\/sollicitatieformulier\/","name":"Sollicitatieformulier - Kinderopvang Little People","isPartOf":{"@id":"https:\/\/www.kinderopvanglittlepeople.nl\/#website"},"primaryImageOfPage":{"@id":"https:\/\/www.kinderopvanglittlepeople.nl\/sollicitatieformulier\/#primaryimage"},"image":{"@id":"https:\/\/www.kinderopvanglittlepeople.nl\/sollicitatieformulier\/#primaryimage"},"thumbnailUrl":"https:\/\/www.kinderopvanglittlepeople.nl\/wp-content\/uploads\/kopfoto-0-4_resultaat.webp","datePublished":"2021-11-25T20:15:39+00:00","dateModified":"2022-12-23T08:22:54+00:00","breadcrumb":{"@id":"https:\/\/www.kinderopvanglittlepeople.nl\/sollicitatieformulier\/#breadcrumb"},"inLanguage":"de","potentialAction":[{"@type":"ReadAction","target":["https:\/\/www.kinderopvanglittlepeople.nl\/sollicitatieformulier\/"]}]},{"@type":"ImageObject","inLanguage":"de","@id":"https:\/\/www.kinderopvanglittlepeople.nl\/sollicitatieformulier\/#primaryimage","url":"https:\/\/www.kinderopvanglittlepeople.nl\/wp-content\/uploads\/kopfoto-0-4_resultaat.webp","contentUrl":"https:\/\/www.kinderopvanglittlepeople.nl\/wp-content\/uploads\/kopfoto-0-4_resultaat.webp","width":664,"height":384},{"@type":"BreadcrumbList","@id":"https:\/\/www.kinderopvanglittlepeople.nl\/sollicitatieformulier\/#breadcrumb","itemListElement":[{"@type":"ListItem","position":1,"name":"Home","item":"https:\/\/www.kinderopvanglittlepeople.nl\/"},{"@type":"ListItem","position":2,"name":"Sollicitatieformulier"}]},{"@type":"WebSite","@id":"https:\/\/www.kinderopvanglittlepeople.nl\/#website","url":"https:\/\/www.kinderopvanglittlepeople.nl\/","name":"Kinderbetreuung Little People","description":"Eine famili\u00e4re Atmosph\u00e4re, ein kleiner Rahmen und viel pers\u00f6nliche Aufmerksamkeit f\u00fcr jedes Kind.","publisher":{"@id":"https:\/\/www.kinderopvanglittlepeople.nl\/#organization"},"alternateName":"Een huiselijke sfeer, kleinschalig en v\u00e9\u00e9l persoonlijke aandacht voor ieder kind.","potentialAction":[{"@type":"SearchAction","target":{"@type":"EntryPoint","urlTemplate":"https:\/\/www.kinderopvanglittlepeople.nl\/?s={search_term_string}"},"query-input":{"@type":"PropertyValueSpecification","valueRequired":true,"valueName":"search_term_string"}}],"inLanguage":"de"},{"@type":"Organization","@id":"https:\/\/www.kinderopvanglittlepeople.nl\/#organization","name":"Kinderbetreuung Little People","alternateName":"Een huiselijke sfeer, kleinschalig en v\u00e9\u00e9l persoonlijke aandacht voor ieder kind.","url":"https:\/\/www.kinderopvanglittlepeople.nl\/","logo":{"@type":"ImageObject","inLanguage":"de","@id":"https:\/\/www.kinderopvanglittlepeople.nl\/#\/schema\/logo\/image\/","url":"https:\/\/www.kinderopvanglittlepeople.nl\/wp-content\/uploads\/logo-klp.svg","contentUrl":"https:\/\/www.kinderopvanglittlepeople.nl\/wp-content\/uploads\/logo-klp.svg","width":1,"height":1,"caption":"Kinderopvang Little People"},"image":{"@id":"https:\/\/www.kinderopvanglittlepeople.nl\/#\/schema\/logo\/image\/"},"sameAs":["https:\/\/www.facebook.com\/KinderopvangLittlePeople"]}]}},"_links":{"self":[{"href":"https:\/\/www.kinderopvanglittlepeople.nl\/de\/wp-json\/wp\/v2\/pages\/10928","targetHints":{"allow":["GET"]}}],"collection":[{"href":"https:\/\/www.kinderopvanglittlepeople.nl\/de\/wp-json\/wp\/v2\/pages"}],"about":[{"href":"https:\/\/www.kinderopvanglittlepeople.nl\/de\/wp-json\/wp\/v2\/types\/page"}],"author":[{"embeddable":true,"href":"https:\/\/www.kinderopvanglittlepeople.nl\/de\/wp-json\/wp\/v2\/users\/1"}],"replies":[{"embeddable":true,"href":"https:\/\/www.kinderopvanglittlepeople.nl\/de\/wp-json\/wp\/v2\/comments?post=10928"}],"version-history":[{"count":0,"href":"https:\/\/www.kinderopvanglittlepeople.nl\/de\/wp-json\/wp\/v2\/pages\/10928\/revisions"}],"wp:featuredmedia":[{"embeddable":true,"href":"https:\/\/www.kinderopvanglittlepeople.nl\/de\/wp-json\/wp\/v2\/media\/11513"}],"wp:attachment":[{"href":"https:\/\/www.kinderopvanglittlepeople.nl\/de\/wp-json\/wp\/v2\/media?parent=10928"}],"curies":[{"name":"wp","href":"https:\/\/api.w.org\/{rel}","templated":true}]}}