{"id":109,"date":"2015-07-10T12:07:40","date_gmt":"2015-07-10T11:07:40","guid":{"rendered":"https:\/\/kinderopvanglittlepeople.nl\/?page_id=109"},"modified":"2026-01-14T09:49:34","modified_gmt":"2026-01-14T08:49:34","slug":"beleidsinformatie","status":"publish","type":"page","link":"https:\/\/www.kinderopvanglittlepeople.nl\/de\/beleidsinformatie\/","title":{"rendered":"Informationen zur Politik"},"content":{"rendered":"<ul id=\"menu-beleidsinformatie\"><li id=\"menu-item-141\"><a href=\"https:\/\/www.kinderopvanglittlepeople.nl\/de\/beleidsinformatie\/\">Informationen zur Politik<\/a><\/li>\n<li id=\"menu-item-139\"><a href=\"https:\/\/www.kinderopvanglittlepeople.nl\/de\/kwaliteitsbeleid\/\">Qualit\u00e4tspolitik<\/a><\/li>\n<li id=\"menu-item-1074\"><a href=\"https:\/\/www.kinderopvanglittlepeople.nl\/de\/pedagogisch-beleid\/\">P\u00e4dagogische Politik<\/a><\/li>\n<li id=\"menu-item-142\"><a href=\"https:\/\/www.kinderopvanglittlepeople.nl\/de\/beleidsinformatie\/klachtenprocedure\/\">Beschwerdeverfahren<\/a><\/li>\n<li id=\"menu-item-150\"><a href=\"https:\/\/www.kinderopvanglittlepeople.nl\/de\/ouder-commissie\/\">Elternausschuss<\/a><\/li>\n<\/ul>\t\n\t<p>Childcare Little People erf\u00fcllt alle gesetzlichen Anforderungen f\u00fcr die Kinderbetreuung und ist in das Nationale Register f\u00fcr Kinderbetreuung aufgenommen. Das bedeutet, dass wir regelm\u00e4\u00dfig (angek\u00fcndigt und unangek\u00fcndigt) von der GGD kontrolliert werden.<\/p>\nIm Men\u00fc auf der rechten Seite finden Sie alle Informationen \u00fcber unsere Politik. Die Dokumente, die Sie hier lesen, bilden die Grundlage f\u00fcr unsere Arbeitsweise. Wir arbeiten auch mit Protokollen, die in den Gruppen eingesehen werden k\u00f6nnen.<br \/>\nUnter der Rubrik Qualit\u00e4tspolitik finden Sie den letzten GGD-Bericht \u00fcber unsere Pflege.\n<p>Wenn Sie Fragen oder Anmerkungen haben, lassen Sie es uns bitte wissen. Sie k\u00f6nnen uns kontaktieren \u00fcber die <a href=\"https:\/\/www.kinderopvanglittlepeople.nl\/de\/contact\/\">Kontakt-Formular<\/a> of via telefoonnummer 0499 &#8211; 850 352.<\/p>\n<p>&nbsp;<\/p>\n<p><a href=\"https:\/\/www.kinderopvanglittlepeople.nl\/wp-content\/uploads\/Protocol-58.-Privacy.pdf\">Datenschutz-Protokoll<\/a><\/p>\n<p><a href=\"https:\/\/www.kinderopvanglittlepeople.nl\/wp-content\/uploads\/Huisreglement-september-2025-1.pdf\">Hausordnung<\/a><\/p>","protected":false},"excerpt":{"rendered":"<p>Beleidsinformatie Kwaliteitsbeleid Pedagogisch Beleid Klachtenprocedure Oudercommissie Kinderopvang Little People voldoet aan alle wettelijke eisen voor kinderopvang en we zijn opgenomen in het Landelijke Register Kinderopvang. Dat betekent dat we regelmatig (aangekondigd en onaangekondigd) controle krijgen van de GGD. In het menu hiernaast vindt u al onze beleidsinformatie. De stukken die u hier leest vormen de&hellip;<\/p>","protected":false},"author":1,"featured_media":11443,"parent":0,"menu_order":0,"comment_status":"closed","ping_status":"closed","template":"","meta":{"footnotes":""},"class_list":["post-109","page","type-page","status-publish","has-post-thumbnail","hentry"],"yoast_head":"<!-- This site is optimized with the Yoast SEO plugin v27.4 - https:\/\/yoast.com\/product\/yoast-seo-wordpress\/ -->\n<title>Beleidsinformatie - Kinderopvang Little People<\/title>\n<meta name=\"robots\" content=\"index, follow, max-snippet:-1, max-image-preview:large, max-video-preview:-1\" \/>\n<link rel=\"canonical\" href=\"https:\/\/www.kinderopvanglittlepeople.nl\/de\/beleidsinformatie\/\" \/>\n<meta property=\"og:locale\" content=\"de_DE\" \/>\n<meta property=\"og:type\" content=\"article\" \/>\n<meta property=\"og:title\" content=\"Beleidsinformatie - Kinderopvang Little People\" \/>\n<meta property=\"og:description\" content=\"Beleidsinformatie Kwaliteitsbeleid Pedagogisch Beleid Klachtenprocedure Oudercommissie Kinderopvang Little People voldoet aan alle wettelijke eisen voor kinderopvang en we zijn opgenomen in het Landelijke Register Kinderopvang. Dat betekent dat we regelmatig (aangekondigd en onaangekondigd) controle krijgen van de GGD. In het menu hiernaast vindt u al onze beleidsinformatie. De stukken die u hier leest vormen de&hellip;\" \/>\n<meta property=\"og:url\" content=\"https:\/\/www.kinderopvanglittlepeople.nl\/de\/beleidsinformatie\/\" \/>\n<meta property=\"og:site_name\" content=\"Kinderopvang Little People\" \/>\n<meta property=\"article:publisher\" content=\"https:\/\/www.facebook.com\/KinderopvangLittlePeople\" \/>\n<meta property=\"article:modified_time\" content=\"2026-01-14T08:49:34+00:00\" \/>\n<meta property=\"og:image\" content=\"https:\/\/www.kinderopvanglittlepeople.nl\/wp-content\/uploads\/1_resultaat.webp\" \/>\n\t<meta property=\"og:image:width\" content=\"664\" \/>\n\t<meta property=\"og:image:height\" content=\"384\" \/>\n\t<meta property=\"og:image:type\" content=\"image\/webp\" \/>\n<meta name=\"twitter:label1\" content=\"Gesch\u00e4tzte Lesezeit\" \/>\n\t<meta name=\"twitter:data1\" content=\"1\u00a0Minute\" \/>\n<script type=\"application\/ld+json\" class=\"yoast-schema-graph\">{\"@context\":\"https:\\\/\\\/schema.org\",\"@graph\":[{\"@type\":\"WebPage\",\"@id\":\"https:\\\/\\\/www.kinderopvanglittlepeople.nl\\\/beleidsinformatie\\\/\",\"url\":\"https:\\\/\\\/www.kinderopvanglittlepeople.nl\\\/beleidsinformatie\\\/\",\"name\":\"Beleidsinformatie - Kinderopvang Little People\",\"isPartOf\":{\"@id\":\"https:\\\/\\\/www.kinderopvanglittlepeople.nl\\\/#website\"},\"primaryImageOfPage\":{\"@id\":\"https:\\\/\\\/www.kinderopvanglittlepeople.nl\\\/beleidsinformatie\\\/#primaryimage\"},\"image\":{\"@id\":\"https:\\\/\\\/www.kinderopvanglittlepeople.nl\\\/beleidsinformatie\\\/#primaryimage\"},\"thumbnailUrl\":\"https:\\\/\\\/www.kinderopvanglittlepeople.nl\\\/wp-content\\\/uploads\\\/1_resultaat.webp\",\"datePublished\":\"2015-07-10T11:07:40+00:00\",\"dateModified\":\"2026-01-14T08:49:34+00:00\",\"breadcrumb\":{\"@id\":\"https:\\\/\\\/www.kinderopvanglittlepeople.nl\\\/beleidsinformatie\\\/#breadcrumb\"},\"inLanguage\":\"de\",\"potentialAction\":[{\"@type\":\"ReadAction\",\"target\":[\"https:\\\/\\\/www.kinderopvanglittlepeople.nl\\\/beleidsinformatie\\\/\"]}]},{\"@type\":\"ImageObject\",\"inLanguage\":\"de\",\"@id\":\"https:\\\/\\\/www.kinderopvanglittlepeople.nl\\\/beleidsinformatie\\\/#primaryimage\",\"url\":\"https:\\\/\\\/www.kinderopvanglittlepeople.nl\\\/wp-content\\\/uploads\\\/1_resultaat.webp\",\"contentUrl\":\"https:\\\/\\\/www.kinderopvanglittlepeople.nl\\\/wp-content\\\/uploads\\\/1_resultaat.webp\",\"width\":664,\"height\":384},{\"@type\":\"BreadcrumbList\",\"@id\":\"https:\\\/\\\/www.kinderopvanglittlepeople.nl\\\/beleidsinformatie\\\/#breadcrumb\",\"itemListElement\":[{\"@type\":\"ListItem\",\"position\":1,\"name\":\"Home\",\"item\":\"https:\\\/\\\/www.kinderopvanglittlepeople.nl\\\/\"},{\"@type\":\"ListItem\",\"position\":2,\"name\":\"Beleidsinformatie\"}]},{\"@type\":\"WebSite\",\"@id\":\"https:\\\/\\\/www.kinderopvanglittlepeople.nl\\\/#website\",\"url\":\"https:\\\/\\\/www.kinderopvanglittlepeople.nl\\\/\",\"name\":\"Kinderopvang Little People\",\"description\":\"Een huiselijke sfeer, kleinschalig en v\u00e9\u00e9l persoonlijke aandacht voor ieder kind.\",\"publisher\":{\"@id\":\"https:\\\/\\\/www.kinderopvanglittlepeople.nl\\\/#organization\"},\"alternateName\":\"Een huiselijke sfeer, kleinschalig en v\u00e9\u00e9l persoonlijke aandacht voor ieder kind.\",\"potentialAction\":[{\"@type\":\"SearchAction\",\"target\":{\"@type\":\"EntryPoint\",\"urlTemplate\":\"https:\\\/\\\/www.kinderopvanglittlepeople.nl\\\/?s={search_term_string}\"},\"query-input\":{\"@type\":\"PropertyValueSpecification\",\"valueRequired\":true,\"valueName\":\"search_term_string\"}}],\"inLanguage\":\"de\"},{\"@type\":\"Organization\",\"@id\":\"https:\\\/\\\/www.kinderopvanglittlepeople.nl\\\/#organization\",\"name\":\"Kinderopvang Little People\",\"alternateName\":\"Een huiselijke sfeer, kleinschalig en v\u00e9\u00e9l persoonlijke aandacht voor ieder kind.\",\"url\":\"https:\\\/\\\/www.kinderopvanglittlepeople.nl\\\/\",\"logo\":{\"@type\":\"ImageObject\",\"inLanguage\":\"de\",\"@id\":\"https:\\\/\\\/www.kinderopvanglittlepeople.nl\\\/#\\\/schema\\\/logo\\\/image\\\/\",\"url\":\"https:\\\/\\\/www.kinderopvanglittlepeople.nl\\\/wp-content\\\/uploads\\\/logo-klp.svg\",\"contentUrl\":\"https:\\\/\\\/www.kinderopvanglittlepeople.nl\\\/wp-content\\\/uploads\\\/logo-klp.svg\",\"width\":1,\"height\":1,\"caption\":\"Kinderopvang Little People\"},\"image\":{\"@id\":\"https:\\\/\\\/www.kinderopvanglittlepeople.nl\\\/#\\\/schema\\\/logo\\\/image\\\/\"},\"sameAs\":[\"https:\\\/\\\/www.facebook.com\\\/KinderopvangLittlePeople\"]}]}<\/script>\n<!-- \/ Yoast SEO plugin. -->","yoast_head_json":{"title":"Beleidsinformatie - Kinderopvang Little People","robots":{"index":"index","follow":"follow","max-snippet":"max-snippet:-1","max-image-preview":"max-image-preview:large","max-video-preview":"max-video-preview:-1"},"canonical":"https:\/\/www.kinderopvanglittlepeople.nl\/de\/beleidsinformatie\/","og_locale":"de_DE","og_type":"article","og_title":"Beleidsinformatie - Kinderopvang Little People","og_description":"Beleidsinformatie Kwaliteitsbeleid Pedagogisch Beleid Klachtenprocedure Oudercommissie Kinderopvang Little People voldoet aan alle wettelijke eisen voor kinderopvang en we zijn opgenomen in het Landelijke Register Kinderopvang. Dat betekent dat we regelmatig (aangekondigd en onaangekondigd) controle krijgen van de GGD. In het menu hiernaast vindt u al onze beleidsinformatie. De stukken die u hier leest vormen de&hellip;","og_url":"https:\/\/www.kinderopvanglittlepeople.nl\/de\/beleidsinformatie\/","og_site_name":"Kinderopvang Little People","article_publisher":"https:\/\/www.facebook.com\/KinderopvangLittlePeople","article_modified_time":"2026-01-14T08:49:34+00:00","og_image":[{"width":664,"height":384,"url":"https:\/\/www.kinderopvanglittlepeople.nl\/wp-content\/uploads\/1_resultaat.webp","type":"image\/webp"}],"twitter_misc":{"Gesch\u00e4tzte Lesezeit":"1\u00a0Minute"},"schema":{"@context":"https:\/\/schema.org","@graph":[{"@type":"WebPage","@id":"https:\/\/www.kinderopvanglittlepeople.nl\/beleidsinformatie\/","url":"https:\/\/www.kinderopvanglittlepeople.nl\/beleidsinformatie\/","name":"Beleidsinformatie - Kinderopvang Little People","isPartOf":{"@id":"https:\/\/www.kinderopvanglittlepeople.nl\/#website"},"primaryImageOfPage":{"@id":"https:\/\/www.kinderopvanglittlepeople.nl\/beleidsinformatie\/#primaryimage"},"image":{"@id":"https:\/\/www.kinderopvanglittlepeople.nl\/beleidsinformatie\/#primaryimage"},"thumbnailUrl":"https:\/\/www.kinderopvanglittlepeople.nl\/wp-content\/uploads\/1_resultaat.webp","datePublished":"2015-07-10T11:07:40+00:00","dateModified":"2026-01-14T08:49:34+00:00","breadcrumb":{"@id":"https:\/\/www.kinderopvanglittlepeople.nl\/beleidsinformatie\/#breadcrumb"},"inLanguage":"de","potentialAction":[{"@type":"ReadAction","target":["https:\/\/www.kinderopvanglittlepeople.nl\/beleidsinformatie\/"]}]},{"@type":"ImageObject","inLanguage":"de","@id":"https:\/\/www.kinderopvanglittlepeople.nl\/beleidsinformatie\/#primaryimage","url":"https:\/\/www.kinderopvanglittlepeople.nl\/wp-content\/uploads\/1_resultaat.webp","contentUrl":"https:\/\/www.kinderopvanglittlepeople.nl\/wp-content\/uploads\/1_resultaat.webp","width":664,"height":384},{"@type":"BreadcrumbList","@id":"https:\/\/www.kinderopvanglittlepeople.nl\/beleidsinformatie\/#breadcrumb","itemListElement":[{"@type":"ListItem","position":1,"name":"Home","item":"https:\/\/www.kinderopvanglittlepeople.nl\/"},{"@type":"ListItem","position":2,"name":"Beleidsinformatie"}]},{"@type":"WebSite","@id":"https:\/\/www.kinderopvanglittlepeople.nl\/#website","url":"https:\/\/www.kinderopvanglittlepeople.nl\/","name":"Kinderbetreuung Little People","description":"Eine famili\u00e4re Atmosph\u00e4re, ein kleiner Rahmen und viel pers\u00f6nliche Aufmerksamkeit f\u00fcr jedes Kind.","publisher":{"@id":"https:\/\/www.kinderopvanglittlepeople.nl\/#organization"},"alternateName":"Een huiselijke sfeer, kleinschalig en v\u00e9\u00e9l persoonlijke aandacht voor ieder kind.","potentialAction":[{"@type":"SearchAction","target":{"@type":"EntryPoint","urlTemplate":"https:\/\/www.kinderopvanglittlepeople.nl\/?s={search_term_string}"},"query-input":{"@type":"PropertyValueSpecification","valueRequired":true,"valueName":"search_term_string"}}],"inLanguage":"de"},{"@type":"Organization","@id":"https:\/\/www.kinderopvanglittlepeople.nl\/#organization","name":"Kinderbetreuung Little People","alternateName":"Een huiselijke sfeer, kleinschalig en v\u00e9\u00e9l persoonlijke aandacht voor ieder kind.","url":"https:\/\/www.kinderopvanglittlepeople.nl\/","logo":{"@type":"ImageObject","inLanguage":"de","@id":"https:\/\/www.kinderopvanglittlepeople.nl\/#\/schema\/logo\/image\/","url":"https:\/\/www.kinderopvanglittlepeople.nl\/wp-content\/uploads\/logo-klp.svg","contentUrl":"https:\/\/www.kinderopvanglittlepeople.nl\/wp-content\/uploads\/logo-klp.svg","width":1,"height":1,"caption":"Kinderopvang Little People"},"image":{"@id":"https:\/\/www.kinderopvanglittlepeople.nl\/#\/schema\/logo\/image\/"},"sameAs":["https:\/\/www.facebook.com\/KinderopvangLittlePeople"]}]}},"_links":{"self":[{"href":"https:\/\/www.kinderopvanglittlepeople.nl\/de\/wp-json\/wp\/v2\/pages\/109","targetHints":{"allow":["GET"]}}],"collection":[{"href":"https:\/\/www.kinderopvanglittlepeople.nl\/de\/wp-json\/wp\/v2\/pages"}],"about":[{"href":"https:\/\/www.kinderopvanglittlepeople.nl\/de\/wp-json\/wp\/v2\/types\/page"}],"author":[{"embeddable":true,"href":"https:\/\/www.kinderopvanglittlepeople.nl\/de\/wp-json\/wp\/v2\/users\/1"}],"replies":[{"embeddable":true,"href":"https:\/\/www.kinderopvanglittlepeople.nl\/de\/wp-json\/wp\/v2\/comments?post=109"}],"version-history":[{"count":0,"href":"https:\/\/www.kinderopvanglittlepeople.nl\/de\/wp-json\/wp\/v2\/pages\/109\/revisions"}],"wp:featuredmedia":[{"embeddable":true,"href":"https:\/\/www.kinderopvanglittlepeople.nl\/de\/wp-json\/wp\/v2\/media\/11443"}],"wp:attachment":[{"href":"https:\/\/www.kinderopvanglittlepeople.nl\/de\/wp-json\/wp\/v2\/media?parent=109"}],"curies":[{"name":"wp","href":"https:\/\/api.w.org\/{rel}","templated":true}]}}